{"id":2573,"date":"2015-09-17T12:21:33","date_gmt":"2015-09-17T12:21:33","guid":{"rendered":"https:\/\/fundacionporlajusticia.accesia.info\/?page_id=1087"},"modified":"2022-03-21T16:03:53","modified_gmt":"2022-03-21T16:03:53","slug":"children-404-not-found","status":"publish","type":"page","link":"https:\/\/fundacionporlajusticia.org\/va\/humansfest\/2016-vii-edicion\/seccion-oficial-3\/children-404-not-found\/","title":{"rendered":"DETI 404 NOT FOUND"},"content":{"rendered":"<table>\n<tbody>\n<tr>\n<td width=\"206\">\u00a0<img loading=\"lazy\" decoding=\"async\" class=\"aligncenter size-full wp-image-1673\" src=\"https:\/\/fundacionporlajusticia.org\/wp-content\/uploads\/2015\/09\/descarga1.jpeg\" alt=\"descarga\" width=\"273\" height=\"185\" \/><\/td>\n<td width=\"376\">\n<h1><strong>HISTORY<\/strong><\/h1>\n<p style=\"text-align: justify;\">El 2013, Russian President Vladimir Putin passa a bill forbidding \u201cpromoci\u00f3 de nontraditional sexual relations to minors.\u201d LGBT youth, now defenseless contra insults and intimidation un this \u201cgai propaganda\u201d law, are considere sick, sinful and abnormal. Psychologists, teachers and event parents can be fined or imprisoned for supporting them. Forty-five Russian teens and tweens share their stories through anonymous interviews and video diaris. They detail their humiliations and discriminations, as well as their courageous estands against bullies. Aquests testimonis s\u00f3n recollits en l\u00ednia al projecte d&#039;infants 404, anomenat com a \u201cerror 404 \u2013 page not found\u201d web message. El suport de les companyies de fonaments de trossets amb el sistema per a donar atenci\u00f3 p\u00fablica i empatia a les v\u00edctimes d&#039;aquest government-endorsed hate, while activist Pasha decideixes he must leave his homeland altogether if he hopes to find a boyfriend i llegiu a normal life. Has new Stone Age arrived in R\u00fassia?<\/p>\n<\/td>\n<\/tr>\n<tr>\n<td rowspan=\"2\" width=\"206\">\n<h2><strong>Friday, 11 th december 20.00 h.<\/strong><\/h2>\n<h4><strong>R\u00fassia, 2014<\/strong><\/h4>\n<h4><strong>Director: <\/strong><\/h4>\n<h4>Pavel Loparev<\/h4>\n<h4>Askold Kurov<\/h4>\n<h4><strong>70 minuts.<\/strong><\/h4>\n<h4><strong>Language:\u00a0<\/strong><\/h4>\n<h4>Russian with subtitles in spanish<\/h4>\n<h4><strong>Co-Presenter:<\/strong><\/h4>\n<h4>Cinema Pol\u00edtica<\/h4>\n<h4><strong>Produir(s):<\/strong><\/h4>\n<h4>Pavel Loparev<\/h4>\n<h4>Askold Kurov<\/h4>\n<h4><strong>Editor(s):<\/strong><\/h4>\n<h4>Lena Rem<\/h4>\n<h4>Pavel Loparev<\/h4>\n<h4><strong>Writer(s):<\/strong><\/h4>\n<h4>Pavel Loparev<\/h4>\n<h4>Askold Kurov<\/h4>\n<h4><strong>Cinematographer(s):<\/strong><\/h4>\n<h4>Pavel Loparev<\/h4>\n<h4>Askold Kurov<\/h4>\n<h4><strong>Distributor<\/strong>:<\/h4>\n<h4>Rise and Shine World Sales WG<\/h4>\n<\/td>\n<td width=\"376\">\n<h1><strong>DIRECTOR<\/strong><\/h1>\n<p style=\"text-align: justify;\"><strong>Pavel Loparez <\/strong>is documentary filmmaker i animaci\u00f3 al stop-motion al Catout Animation Studio.<strong><br \/>\n<\/strong><\/p>\n<p style=\"text-align: justify;\"><img loading=\"lazy\" decoding=\"async\" class=\"aligncenter size-large wp-image-2317\" src=\"https:\/\/fundacionporlajusticia.org\/wp-content\/uploads\/2015\/09\/pavelloparov-1024x567.jpg\" alt=\"pavelloparov\" width=\"690\" height=\"382\" \/><\/p>\n<p style=\"text-align: justify;\"><strong>Askold Kurov<\/strong> born in Uzbekistan but lives in Russia since 1991. He studied Philology, Theatre and Theological Sciences. He treballat in the Russian Theatre i has fet performed duties com artistic designer. El 2010, he graduat from Moscow &#039;s Marina Razbezkina Film school.<\/p>\n<\/td>\n<\/tr>\n<tr>\n<td width=\"376\">\n<h1><strong>FESTIVALS &amp; AWARDS<\/strong><\/h1>\n<ul style=\"list-style-type: square;\">\n<li>World Premiere: Hot Docs, Toronto, 2014<\/li>\n<li>Hamburg Film Festival 2014: Won Political Film Award<\/li>\n<li>Jihlava International Documentary Film Festival 2014: Nominated Silver Eye Award Best Feature Documentary<\/li>\n<\/ul>\n<\/td>\n<\/tr>\n<tr>\n<td colspan=\"2\" width=\"581\"><iframe loading=\"lazy\" src=\"https:\/\/player.vimeo.com\/video\/79612402\" width=\"1040\" height=\"585\" frameborder=\"0\" allowfullscreen=\"allowfullscreen\"><\/iframe><\/td>\n<\/tr>\n<tr>\n<td colspan=\"2\" width=\"581\">\u00a0<img loading=\"lazy\" decoding=\"async\" class=\"alignleft wp-image-1684\" src=\"https:\/\/fundacionporlajusticia.org\/wp-content\/uploads\/2015\/10\/2014_Children_404_3-300x169.jpg\" alt=\"2014_Children_404_3\" width=\"315\" height=\"177\" \/> <img loading=\"lazy\" decoding=\"async\" class=\"alignleft wp-image-1683\" src=\"https:\/\/fundacionporlajusticia.org\/wp-content\/uploads\/2015\/10\/2014_Children_404_2-300x169.jpg\" alt=\"2014_Children_404_2\" width=\"315\" height=\"177\" \/> <img loading=\"lazy\" decoding=\"async\" class=\"alignleft wp-image-1676\" src=\"https:\/\/fundacionporlajusticia.org\/wp-content\/uploads\/2015\/09\/2014_Children_404_1-300x169.jpg\" alt=\"2014_Children_404_1\" width=\"315\" height=\"177\" \/><\/td>\n<\/tr>\n<\/tbody>\n<\/table>\n<p>&nbsp;<\/p>","protected":false},"excerpt":{"rendered":"<p>\u00a0 HISTORY In 2013, Russian President Vladimir Putin passed a bill forbidding the \u201cpromotion of nontraditional sexual relations to minors.\u201d LGBT youth, now defenseless against insults and intimidation under this \u201cgay propaganda\u201d law, are considered sick, sinful and abnormal. Psychologists, teachers and even parents can be fined or imprisoned for supporting them. Forty-five Russian teens [&hellip;]<\/p>\n","protected":false},"author":2,"featured_media":0,"parent":1040,"menu_order":5,"comment_status":"closed","ping_status":"closed","template":"","meta":{"_et_pb_use_builder":"","_et_pb_old_content":"","_et_gb_content_width":"","_uf_show_specific_survey":0,"_uf_disable_surveys":false,"footnotes":""},"class_list":["post-2573","page","type-page","status-publish","hentry"],"aioseo_notices":[],"_links":{"self":[{"href":"https:\/\/fundacionporlajusticia.org\/va\/wp-json\/wp\/v2\/pages\/2573","targetHints":{"allow":["GET"]}}],"collection":[{"href":"https:\/\/fundacionporlajusticia.org\/va\/wp-json\/wp\/v2\/pages"}],"about":[{"href":"https:\/\/fundacionporlajusticia.org\/va\/wp-json\/wp\/v2\/types\/page"}],"author":[{"embeddable":true,"href":"https:\/\/fundacionporlajusticia.org\/va\/wp-json\/wp\/v2\/users\/2"}],"replies":[{"embeddable":true,"href":"https:\/\/fundacionporlajusticia.org\/va\/wp-json\/wp\/v2\/comments?post=2573"}],"version-history":[{"count":5,"href":"https:\/\/fundacionporlajusticia.org\/va\/wp-json\/wp\/v2\/pages\/2573\/revisions"}],"predecessor-version":[{"id":3414,"href":"https:\/\/fundacionporlajusticia.org\/va\/wp-json\/wp\/v2\/pages\/2573\/revisions\/3414"}],"up":[{"embeddable":true,"href":"https:\/\/fundacionporlajusticia.org\/va\/wp-json\/wp\/v2\/pages\/1040"}],"wp:attachment":[{"href":"https:\/\/fundacionporlajusticia.org\/va\/wp-json\/wp\/v2\/media?parent=2573"}],"curies":[{"name":"wp","href":"https:\/\/api.w.org\/{rel}","templated":true}]}}