{"id":2567,"date":"2015-09-17T12:20:48","date_gmt":"2015-09-17T12:20:48","guid":{"rendered":"https:\/\/fundacionporlajusticia.accesia.info\/?page_id=1081"},"modified":"2022-03-21T16:03:51","modified_gmt":"2022-03-21T16:03:51","slug":"toto-and-his-sisters","status":"publish","type":"page","link":"https:\/\/fundacionporlajusticia.org\/va\/humansfest\/2016-vii-edicion\/seccion-oficial-3\/toto-and-his-sisters\/","title":{"rendered":"TOT AND HIS SISTERS"},"content":{"rendered":"<table>\n<tbody>\n<tr>\n<td width=\"206\">\u00a0<img loading=\"lazy\" decoding=\"async\" class=\"alignleft wp-image-1235\" src=\"https:\/\/fundacionporlajusticia.org\/wp-content\/uploads\/2015\/09\/Toto_Poster_small_poster_580.jpg\" alt=\"Toto_Poster_small_poster_580\" width=\"342\" height=\"488\" \/><\/td>\n<td width=\"376\">\n<h1><strong>HISTORY<\/strong><\/h1>\n<p style=\"text-align: justify;\"><em>Toto and His Sisters<\/em> focuses on 10-year-old Toto i les seves dues teenage sisters, Ana, 17 and Andreea, 14. The tres siblings live en run-down suburb Bucharest surrounded by rubble and desperation. In abs\u00e8ncia de parents both their apartment has become a drog donin per their uncles and various neighbors. Acomiada el surrounding misery els infants s\u00f3n smart and strong, helping each other and educating themselves while maintaining childish joy in life, is the wait for their mother to return from prison.<br \/>\nLes siglings&#039; ways coping pulls them in different directions, and it some dawns on Andreea that it&#039;s up to her to provide Toto with stable role model as Ana is sucked deeper into her uncles&#039; world. Director d&#039;Alexander Nanau&#039;s guanya el placing de la cambra en el childrens&#039; de la m\u00e0 de la c\u00e0mera de control, gaudeix d&#039;aquesta agenda per a la seva pr\u00f2pia opci\u00f3. Nanau blends la seva intimate footage with more traditional filmmaking techniques to provide well-rounded i immersive portr\u00e9t de droga-abuse, sense feeling exploitative or sentimental.<\/p>\n<\/td>\n<\/tr>\n<tr>\n<td rowspan=\"2\" width=\"206\">\n<h2><strong>Tuesday, 15 th december 18.00 h.<\/strong><\/h2>\n<h4><strong>Romania, 2014<\/strong><\/h4>\n<h4><strong>Director:<\/strong><\/h4>\n<h4>Alexander Nanau<\/h4>\n<h4>93 minuts.<\/h4>\n<h4><strong>Language:\u00a0<\/strong>Romanian with subtitles in spanish.<\/h4>\n<h4><strong>Screenwriter:<\/strong><\/h4>\n<h4>Alexander Nanau<\/h4>\n<h4><strong>Produir:<\/strong><\/h4>\n<h4>Hanka Kastelicova<\/h4>\n<h4>Valeriu Nicolae<\/h4>\n<h4>Alexander Nanau<\/h4>\n<h4>Catalin Mitulescu<\/h4>\n<h4><strong>Editor:<\/strong><\/h4>\n<h4>Alexander Nanau<\/h4>\n<h4>George Cragg<\/h4>\n<h4>Mircea Olteanu<\/h4>\n<h4><strong>Cinematographer:<\/strong><\/h4>\n<h4>Alexander Nanau<\/h4>\n<h4><strong>Executive Producer:<\/strong><\/h4>\n<h4>Antony Root, Bianca Oana<\/h4>\n<h4><strong>Cast:<\/strong><\/h4>\n<h4>Toto Gabriel Horvath<\/h4>\n<h4>Andreea Petre<\/h4>\n<h4>Ana Maria Badulescu<\/h4>\n<h4>Siminica Petre<\/h4>\n<\/td>\n<td width=\"376\">\n<h1><strong>DIRECTOR<\/strong><\/h1>\n<p style=\"text-align: justify;\"><img loading=\"lazy\" decoding=\"async\" class=\"alignright size-thumbnail wp-image-1655\" src=\"https:\/\/fundacionporlajusticia.org\/wp-content\/uploads\/2015\/09\/alexander-nanau-tot-and-his-sisters-150x150.jpg\" alt=\"alexander-nanau-tot-and-his-sisters\" width=\"150\" height=\"150\" \/>Alexander Nanau va ser born a Rumania i va dirigir el film a la Televisi\u00f3 Academy a Berl\u00edn. His documentary film, <em>The World According to Ion B<\/em>, received an International Emmy Award in 2010. He holds fellowship at the Sundance Institute.<\/p>\n<\/td>\n<\/tr>\n<tr>\n<td width=\"376\">\n<h1><strong>FESTIVALS I PREMIS<\/strong><\/h1>\n<ul style=\"list-style-type: square;\">\n<li>Angers European First Film Festival 2015 won Grand Jury Prize<\/li>\n<li>Budapest International Documentary Festival 2015<\/li>\n<li>Camden International Film Festival 2015<\/li>\n<li>DocAviv Film Festival 2015- Nominated Best International Film.<\/li>\n<li>Gopo Awards, Romania 2015<\/li>\n<li>Jihlava International Documentary Film Festival 2014<\/li>\n<li>Leipzig DOK Festival 2014Won Honorable Mention International Documentary Competition<\/li>\n<li>Melbourne International Film Festival 2015<\/li>\n<\/ul>\n<\/td>\n<\/tr>\n<tr>\n<td colspan=\"2\" width=\"581\"><iframe loading=\"lazy\" src=\"https:\/\/www.youtube.com\/embed\/MXtjJbB1Oh4\" width=\"1040\" height=\"585\" frameborder=\"0\" allowfullscreen=\"allowfullscreen\"><\/iframe><\/td>\n<\/tr>\n<tr>\n<td colspan=\"2\" width=\"581\"><a href=\"https:\/\/fundacionporlajusticia.org\/wp-content\/uploads\/2015\/09\/TOTO.jpg\"><img loading=\"lazy\" decoding=\"async\" class=\"alignleft wp-image-1665\" src=\"https:\/\/fundacionporlajusticia.org\/wp-content\/uploads\/2015\/09\/TOTO-300x168.jpg\" alt=\"TOTO\" width=\"322\" height=\"180\" \/><\/a> <a href=\"https:\/\/fundacionporlajusticia.org\/wp-content\/uploads\/2015\/09\/Snow1_press_1024.jpg\"><img loading=\"lazy\" decoding=\"async\" class=\"alignleft wp-image-1660\" src=\"https:\/\/fundacionporlajusticia.org\/wp-content\/uploads\/2015\/09\/Snow1_press_1024-300x188.jpg\" alt=\"Snow1_press_1024\" width=\"288\" height=\"180\" \/><\/a> <a href=\"https:\/\/fundacionporlajusticia.org\/wp-content\/uploads\/2015\/09\/toto_and_his_sisters_1.jpg\"><img loading=\"lazy\" decoding=\"async\" class=\"alignleft wp-image-1047\" src=\"https:\/\/fundacionporlajusticia.org\/wp-content\/uploads\/2015\/09\/toto_and_his_sisters_1-300x169.jpg\" alt=\"toto_and_his_sisters_1\" width=\"320\" height=\"180\" \/><\/a><\/td>\n<\/tr>\n<\/tbody>\n<\/table>","protected":false},"excerpt":{"rendered":"<p>\u00a0 HISTORY Toto and His Sisters focuses on 10-year-old Toto and his two teenage sisters, Ana, 17 and Andreea, 14. The three siblings live in a run-down suburb of Bucharest surrounded by rubble and desperation. In the absence of both parents their apartment has become a drug den for their uncles and various neighbors. Despite [&hellip;]<\/p>\n","protected":false},"author":2,"featured_media":0,"parent":1040,"menu_order":4,"comment_status":"closed","ping_status":"closed","template":"","meta":{"_et_pb_use_builder":"","_et_pb_old_content":"","_et_gb_content_width":"","_uf_show_specific_survey":0,"_uf_disable_surveys":false,"footnotes":""},"class_list":["post-2567","page","type-page","status-publish","hentry"],"aioseo_notices":[],"_links":{"self":[{"href":"https:\/\/fundacionporlajusticia.org\/va\/wp-json\/wp\/v2\/pages\/2567","targetHints":{"allow":["GET"]}}],"collection":[{"href":"https:\/\/fundacionporlajusticia.org\/va\/wp-json\/wp\/v2\/pages"}],"about":[{"href":"https:\/\/fundacionporlajusticia.org\/va\/wp-json\/wp\/v2\/types\/page"}],"author":[{"embeddable":true,"href":"https:\/\/fundacionporlajusticia.org\/va\/wp-json\/wp\/v2\/users\/2"}],"replies":[{"embeddable":true,"href":"https:\/\/fundacionporlajusticia.org\/va\/wp-json\/wp\/v2\/comments?post=2567"}],"version-history":[{"count":5,"href":"https:\/\/fundacionporlajusticia.org\/va\/wp-json\/wp\/v2\/pages\/2567\/revisions"}],"predecessor-version":[{"id":3413,"href":"https:\/\/fundacionporlajusticia.org\/va\/wp-json\/wp\/v2\/pages\/2567\/revisions\/3413"}],"up":[{"embeddable":true,"href":"https:\/\/fundacionporlajusticia.org\/va\/wp-json\/wp\/v2\/pages\/1040"}],"wp:attachment":[{"href":"https:\/\/fundacionporlajusticia.org\/va\/wp-json\/wp\/v2\/media?parent=2567"}],"curies":[{"name":"wp","href":"https:\/\/api.w.org\/{rel}","templated":true}]}}