{"id":2559,"date":"2015-09-17T12:20:30","date_gmt":"2015-09-17T12:20:30","guid":{"rendered":"https:\/\/fundacionporlajusticia.accesia.info\/?page_id=1078"},"modified":"2022-03-21T16:03:43","modified_gmt":"2022-03-21T16:03:43","slug":"a-quiet-inquisition","status":"publish","type":"page","link":"https:\/\/fundacionporlajusticia.org\/va\/humansfest\/2016-vii-edicion\/seccion-oficial-3\/a-quiet-inquisition\/","title":{"rendered":"A QUIET INQUISITION"},"content":{"rendered":"<table>\n<tbody>\n<tr>\n<td style=\"width: 206px; vertical-align: middle;\" width=\"206\">\u00a0<a href=\"https:\/\/fundacionporlajusticia.org\/wp-content\/uploads\/2015\/09\/516517888_1280.jpg\"><img loading=\"lazy\" decoding=\"async\" class=\"alignleft wp-image-1218\" src=\"https:\/\/fundacionporlajusticia.org\/wp-content\/uploads\/2015\/09\/516517888_1280-1024x576.jpg\" alt=\"516517888_1280\" width=\"360\" height=\"166\" \/><\/a><\/td>\n<td width=\"376\">\n<h1><strong>HISTORY<\/strong><\/h1>\n<p style=\"text-align: justify;\">Al p\u00fablic hospital a Managua, Nicaragua, a OBGYN Doctor gaudeix de la seva consci\u00e8ncia dels seus continguts i de harrowing implicacions de les noves teves que preveuen l&#039;acabament de l&#039;any pregnancy, fins i tot quan les dones s\u00f3n a l&#039;estaque. Per als doctors i les colleagues enviqui les lletres de prosecuci\u00f3 i totes les que utilitzen medical protocols que necessiten per a live, el dr\u00e1ma de deadly impact d&#039;aquesta emerg\u00e8ncia, iluminativa de la prohibici\u00f3 contra la pol\u00edtica i la religi\u00f3 historically complex national identity.<\/p>\n<\/td>\n<\/tr>\n<tr>\n<td rowspan=\"2\" width=\"206\">\n<h2><strong>Saturday, 12 th december 18.00 h.<\/strong><\/h2>\n<h4><strong>USA, 2014<\/strong><\/h4>\n<h4><strong>Director:<\/strong><\/h4>\n<h4>Alessandra Zeka<\/h4>\n<h4>Holen Kahn<\/h4>\n<h4><strong>65 minuts<\/strong><\/h4>\n<h4><strong>Language:\u00a0<\/strong><\/h4>\n<h4>In Spanish with subtitles<\/h4>\n<h4><\/h4>\n<h4><strong>Director, Producer, Cinematographer:<\/strong><\/h4>\n<h4>Alessandra Zeka<\/h4>\n<h4><strong>Director, Producer, Editor: <\/strong><\/h4>\n<h4>Holen Kahn<\/h4>\n<h4><a href=\"https:\/\/fundacionporlajusticia.org\/wp-content\/uploads\/2015\/09\/9bed5a_027d968491da4172bc65a72e70b569501.jpg_srb_p_1788_1006_75_22_0.50_1.20_0.00_jpg_srb.00_jpg_srb1.jpg\"><img loading=\"lazy\" decoding=\"async\" class=\"aligncenter size-medium wp-image-1625\" src=\"https:\/\/fundacionporlajusticia.org\/wp-content\/uploads\/2015\/09\/9bed5a_027d968491da4172bc65a72e70b569501.jpg_srb_p_1788_1006_75_22_0.50_1.20_0.00_jpg_srb.00_jpg_srb1-300x169.jpg\" alt=\"9bed5a_027d968491da4172bc65a72e70b56950.jpg_srb_p_1788_1006_75_22_0.50_1.20_0.00_jpg_srb.00_jpg_srb\" width=\"300\" height=\"169\" \/><\/a> <a href=\"https:\/\/fundacionporlajusticia.org\/wp-content\/uploads\/2015\/09\/9bed5a_815825b6e63a4a85b59a40a1743b1888.jpeg_srb_p_1788_1006_75_22_0.50_1.20_0.00_jpeg_srb.00_jpeg_srb.jpg\"><img loading=\"lazy\" decoding=\"async\" class=\"aligncenter size-medium wp-image-1612\" src=\"https:\/\/fundacionporlajusticia.org\/wp-content\/uploads\/2015\/09\/9bed5a_815825b6e63a4a85b59a40a1743b1888.jpeg_srb_p_1788_1006_75_22_0.50_1.20_0.00_jpeg_srb.00_jpeg_srb-300x169.jpg\" alt=\"9bed5a_815825b6e63a4a85b59a40a1743b1888.jpeg_srb_p_1788_1006_75_22_0.50_1.20_0.00_jpeg_srb.00_jpeg_srb\" width=\"300\" height=\"169\" \/><\/a> <a href=\"https:\/\/fundacionporlajusticia.org\/wp-content\/uploads\/2015\/09\/9bed5a_411d86b6c23c47f1aa6eff15865640cc.jpeg_srb_p_853_480_75_22_0.50_1.20_0.00_jpeg_srb.00_jpeg_srb.jpg\"><img loading=\"lazy\" decoding=\"async\" class=\"aligncenter size-medium wp-image-1611\" src=\"https:\/\/fundacionporlajusticia.org\/wp-content\/uploads\/2015\/09\/9bed5a_411d86b6c23c47f1aa6eff15865640cc.jpeg_srb_p_853_480_75_22_0.50_1.20_0.00_jpeg_srb.00_jpeg_srb-300x169.jpg\" alt=\"9bed5a_411d86b6c23c47f1aa6eff15865640cc.jpeg_srb_p_853_480_75_22_0.50_1.20_0.00_jpeg_srb.00_jpeg_srb\" width=\"300\" height=\"169\" \/><\/a> <a href=\"https:\/\/fundacionporlajusticia.org\/wp-content\/uploads\/2015\/09\/9bed5a_66f836876cce47ddaefa12b6430bf690.jpg_srb_p_1788_1006_75_22_0.50_1.20_0.00_jpg_srb.00_jpg_srb.jpg\"><img loading=\"lazy\" decoding=\"async\" class=\"aligncenter size-medium wp-image-1610\" src=\"https:\/\/fundacionporlajusticia.org\/wp-content\/uploads\/2015\/09\/9bed5a_66f836876cce47ddaefa12b6430bf690.jpg_srb_p_1788_1006_75_22_0.50_1.20_0.00_jpg_srb.00_jpg_srb-300x169.jpg\" alt=\"9bed5a_66f836876cce47ddaefa12b6430bf690.jpg_srb_p_1788_1006_75_22_0.50_1.20_0.00_jpg_srb.00_jpg_srb\" width=\"300\" height=\"169\" \/><\/a><\/h4>\n<h4><\/h4>\n<\/td>\n<td width=\"376\">\n<h1><strong>DIRECTOR<\/strong><\/h1>\n<p><strong>Alessandra Zeka<\/strong><\/p>\n<p style=\"text-align: justify;\"><img loading=\"lazy\" decoding=\"async\" class=\"alignright size-thumbnail wp-image-1615\" src=\"https:\/\/fundacionporlajusticia.org\/wp-content\/uploads\/2015\/09\/alessandra-150x150.jpg\" alt=\"alessandra\" width=\"150\" height=\"150\" \/>Since founding Adrenaline Films el 1998, Alessandra Zeka ha creat un dynamic cinematic style wherein her subjects tell their stories compellingly and intimately. La seva feina ofereix focus en l&#039;\u00e0mbit de les dones i la identitat identitat.<\/p>\n<p><strong>Holen Kahn<\/strong><\/p>\n<p style=\"text-align: justify;\"><img loading=\"lazy\" decoding=\"async\" class=\"alignright size-thumbnail wp-image-1616\" src=\"https:\/\/fundacionporlajusticia.org\/wp-content\/uploads\/2015\/09\/holen-150x150.png\" alt=\"holen\" width=\"150\" height=\"150\" \/>Since 1998 Holen has partnerat s Adrenaline Films per produir i direct human rights basat documentary films. Aquesta feina ha estat exhibida widely en festivals, galeries i broadcasts en els EUA i internationally.<\/p>\n<\/td>\n<\/tr>\n<tr>\n<td width=\"376\">\n<h1><strong>FESTIVALS &amp; AWARDS<\/strong><\/h1>\n<ul style=\"list-style-type: square;\">\n<li>Human Rights Watch Film Festival \u2013 Nova York 2014<\/li>\n<li>Human Rights Watch Film Festival \u2013 London 2015<\/li>\n<li>International Human Rights Documentary Film Festival \u2013 Winner Vaclay Havel \u2013 Praga 2015 \u2013 Rep\u00fablica Txeca 2015.<\/li>\n<li>XII Mostra de Documentaris sobre Drets Humans- Sintra, Portugal.<\/li>\n<li>Watch DOCS \u2013 Vars\u00f2via, Pol\u00f2nia 2014<\/li>\n<li>Docs DF 2014<\/li>\n<li>AFI Latin America 2014<\/li>\n<\/ul>\n<\/td>\n<\/tr>\n<tr>\n<td colspan=\"2\" width=\"581\">\u00a0<iframe loading=\"lazy\" src=\"https:\/\/player.vimeo.com\/video\/98122018?title=0&amp;byline=0&amp;portrait=0\" width=\"1040\" height=\"585\" frameborder=\"0\" allowfullscreen=\"allowfullscreen\"><\/iframe><\/td>\n<\/tr>\n<\/tbody>\n<\/table>\n<p>&nbsp;<\/p>","protected":false},"excerpt":{"rendered":"<p>\u00a0 HISTORY At a public hospital in Managua, Nicaragua, an OBGYN Doctor struggles with her conscience as she contends with the harrowing implications of a new law that prevents the termination of any pregnancy, even when a woman\u2019s life is at stake. As the Doctor and her colleagues navigate the fears of prosecution and whether [&hellip;]<\/p>\n","protected":false},"author":2,"featured_media":0,"parent":1040,"menu_order":3,"comment_status":"closed","ping_status":"closed","template":"","meta":{"_et_pb_use_builder":"","_et_pb_old_content":"","_et_gb_content_width":"","_uf_show_specific_survey":0,"_uf_disable_surveys":false,"footnotes":""},"class_list":["post-2559","page","type-page","status-publish","hentry"],"aioseo_notices":[],"_links":{"self":[{"href":"https:\/\/fundacionporlajusticia.org\/va\/wp-json\/wp\/v2\/pages\/2559","targetHints":{"allow":["GET"]}}],"collection":[{"href":"https:\/\/fundacionporlajusticia.org\/va\/wp-json\/wp\/v2\/pages"}],"about":[{"href":"https:\/\/fundacionporlajusticia.org\/va\/wp-json\/wp\/v2\/types\/page"}],"author":[{"embeddable":true,"href":"https:\/\/fundacionporlajusticia.org\/va\/wp-json\/wp\/v2\/users\/2"}],"replies":[{"embeddable":true,"href":"https:\/\/fundacionporlajusticia.org\/va\/wp-json\/wp\/v2\/comments?post=2559"}],"version-history":[{"count":5,"href":"https:\/\/fundacionporlajusticia.org\/va\/wp-json\/wp\/v2\/pages\/2559\/revisions"}],"predecessor-version":[{"id":3412,"href":"https:\/\/fundacionporlajusticia.org\/va\/wp-json\/wp\/v2\/pages\/2559\/revisions\/3412"}],"up":[{"embeddable":true,"href":"https:\/\/fundacionporlajusticia.org\/va\/wp-json\/wp\/v2\/pages\/1040"}],"wp:attachment":[{"href":"https:\/\/fundacionporlajusticia.org\/va\/wp-json\/wp\/v2\/media?parent=2559"}],"curies":[{"name":"wp","href":"https:\/\/api.w.org\/{rel}","templated":true}]}}