{"id":2552,"date":"2015-09-17T12:20:09","date_gmt":"2015-09-17T12:20:09","guid":{"rendered":"https:\/\/fundacionporlajusticia.accesia.info\/?page_id=1075"},"modified":"2022-03-21T15:58:20","modified_gmt":"2022-03-21T15:58:20","slug":"boxing-for-freedom","status":"publish","type":"page","link":"https:\/\/fundacionporlajusticia.org\/va\/humansfest\/2016-vii-edicion\/seccion-oficial-3\/boxing-for-freedom\/","title":{"rendered":"BOXING FOR FREEDOM"},"content":{"rendered":"<table>\n<tbody>\n<tr>\n<td style=\"width: 206px; text-align: center; vertical-align: middle;\" width=\"206\">\u00a0<img loading=\"lazy\" decoding=\"async\" class=\"aligncenter wp-image-1183 size-full\" src=\"https:\/\/fundacionporlajusticia.org\/wp-content\/uploads\/2015\/09\/20150515_cartel.jpg\" alt=\"20150515_cartel\" width=\"220\" height=\"330\" \/><\/td>\n<td width=\"376\">\n<h1><strong>LA HIST\u00d2RIA<\/strong><\/h1>\n<p style=\"text-align: justify;\">Saddaf Rahimi \u00e9s la millor boxejadora de l&#039;Afganistan per\u00f2 s&#039;ha d&#039;enfrontar a les tradicions del seu pa\u00eds, a la por i al seu propi dest\u00ed per ser una dona lliure. Ella i la seva germana Shabnam es van unir al recent creat equip de boxa femen\u00ed de l&#039;Afganistan amb 13 anys quan van tornar al seu pa\u00eds despr\u00e9s d&#039;estar refugiades a l&#039;Iran. Els seus \u00e8xits a la boxa i als estudis la convertiran en un referent per a moltes joves afganeses per\u00f2 el seu cam\u00ed no estar\u00e0 exempt d&#039;amenaces i dificultats.<\/p>\n<\/td>\n<\/tr>\n<tr>\n<td style=\"width: 206px; vertical-align: top; text-align: left;\" rowspan=\"2\" width=\"206\">\n<h2><strong>Diumenge 13 de desembre 18.00 h<\/strong><\/h2>\n<h4><strong>Espanya, 2015<\/strong><\/h4>\n<h4><strong>Direcci\u00f3, producci\u00f3 i gui\u00f3<\/strong>:<\/h4>\n<h4>Juan Antonio Moreno<\/h4>\n<h4>Silvia Venegas<\/h4>\n<h4><strong>53 minuts<\/strong><\/h4>\n<h4><strong>Director de fotografia:<\/strong><\/h4>\n<h4>Alberto Gonz\u00e1lez<\/h4>\n<h4><strong>Edici\u00f3:<\/strong><\/h4>\n<h4>Nacho Ruiz Capelles<\/h4>\n<h4><strong>Format:<\/strong>\u00a0DCP<\/h4>\n<h4><strong>Idioma:<\/strong>\u00a0Persa i angl\u00e8s<br class=\"autobr\" \/><strong>Subt\u00edtols a<\/strong>\u00a0espanyol<\/h4>\n<h4><strong>Distribuci\u00f3:<\/strong><\/h4>\n<h4>Ag\u00e8ncia Freak.<\/h4>\n<\/td>\n<td width=\"376\">\n<h1><strong>EL DIRECTOR<\/strong><\/h1>\n<p style=\"text-align: justify;\"><img loading=\"lazy\" decoding=\"async\" class=\"alignright size-medium wp-image-2687\" src=\"https:\/\/fundacionporlajusticia.org\/wp-content\/uploads\/2015\/09\/boxing-venegas-moreno-540x405-300x223.jpg\" alt=\"boxing-venegas-moreno-540x405\" width=\"300\" height=\"223\" \/>Silvia Venegas i Juan Antonio Moreno, tots dos llicenciats en Periodisme per la UC3M. Van fundar el 2010 la productora Making DOC i els seus treballs han estat seleccionats i premiats a festivals nacionals i internacionals.<\/p>\n<p style=\"text-align: justify;\">\n<\/td>\n<\/tr>\n<tr>\n<td width=\"376\">\n<h1><strong>FESTIVALS I PREMIS<\/strong><\/h1>\n<ul>\n<li>Seleccionat per als Premis de Cinema Europeu (EFA) a la secci\u00f3 de Documental Europeu 2015 . Acad\u00e8mia de Cinema Europeu.<\/li>\n<li>Biznaga de Plata. Secci\u00f3 Afirmant els drets de la dona. Festival de M\u00e0laga Cinema Espanyol. Espanya.<\/li>\n<li>The United Nations Refugee Agency (UNHCR) Film Festival. Jap\u00f3.<\/li>\n<li>Festival Internacional de Cinema i Drets Humans de Val\u00e8ncia. Espanya.<\/li>\n<li>Festival Alcine. Espanya.<\/li>\n<li>Festival Internacional de Documental Miradasdoc. Espanya.<\/li>\n<li>Mostra de Cinema Europeu de Seg\u00f2via.<\/li>\n<li>Mostra de Cinema realitzat per dones de Saragossa.<\/li>\n<li>Mostra de Cinebaix. Espanya.<\/li>\n<li>Women Make Waves Film Festival .Taiwan (Xina).<\/li>\n<li>Festival Cinema Invisible. Espanya.<\/li>\n<li>Xina Women&#039;s Film Festival) Xina.<\/li>\n<li>Festival de cinema espanyol de Tolosa (CINESPANYA) Fran\u00e7a.<\/li>\n<li>Festival Rizoma. Espanya.<\/li>\n<li>Human Rights Human Dignity International Film Festival. Myanmar.<\/li>\n<li>Festival Internacional de Cinema de Drets Humans de Buenos Aires. Argentina.<\/li>\n<li>Mostra Internacional de Cinema i Dones de Pamplona Espanya.<\/li>\n<li>Festival Internacional de Documentals de Madrid.. Documentamadrid. Espanya.<\/li>\n<li>Festival de M\u00e0laga Cinema Espanyol. Espanya.<\/li>\n<li>Festival Silk Road. Irlanda.<\/li>\n<li>Festival Internacional i F\u00f2rum de Drets Humans de Ginebra. FIFDH. Su\u00efssa.<\/li>\n<\/ul>\n<\/td>\n<\/tr>\n<tr>\n<td colspan=\"2\" width=\"581\"><iframe loading=\"lazy\" src=\"https:\/\/www.youtube.com\/embed\/G-U2rlrkm9w\" width=\"1040\" height=\"585\" frameborder=\"0\" allowfullscreen=\"allowfullscreen\"><\/iframe><\/td>\n<\/tr>\n<tr>\n<td colspan=\"2\" width=\"581\">\u00a0<img loading=\"lazy\" decoding=\"async\" class=\"alignleft wp-image-1562\" src=\"https:\/\/fundacionporlajusticia.org\/wp-content\/uploads\/2015\/09\/boxingforfreedom_12-300x200.jpg\" alt=\"boxingforfreedom_12\" width=\"270\" height=\"180\" \/><img loading=\"lazy\" decoding=\"async\" class=\"alignleft wp-image-1559\" src=\"https:\/\/fundacionporlajusticia.org\/wp-content\/uploads\/2015\/09\/boxingforfreedom_11-300x169.jpg\" alt=\"boxingforfreedom_1\" width=\"320\" height=\"180\" \/> <img loading=\"lazy\" decoding=\"async\" class=\"alignleft wp-image-1560\" src=\"https:\/\/fundacionporlajusticia.org\/wp-content\/uploads\/2015\/09\/boxingforfreedom_6-300x169.jpg\" alt=\"boxingforfreedom_6\" width=\"320\" height=\"180\" \/><\/td>\n<\/tr>\n<\/tbody>\n<\/table>\n<p>&nbsp;<\/p>","protected":false},"excerpt":{"rendered":"<p>\u00a0 LA HISTORIA Sadaf Rahimi es la mejor boxeadora de Afganist\u00e1n pero debe enfrentarse a las tradiciones de su pa\u00eds, al miedo y a su propio destino para ser una mujer libre. Ella y su hermana Shabnam se unieron al reci\u00e9n creado equipo de boxeo femenino de Afganist\u00e1n con 13 a\u00f1os cuando regresaron a su [&hellip;]<\/p>\n","protected":false},"author":2,"featured_media":0,"parent":1040,"menu_order":2,"comment_status":"closed","ping_status":"closed","template":"","meta":{"_et_pb_use_builder":"","_et_pb_old_content":"","_et_gb_content_width":"","_uf_show_specific_survey":0,"_uf_disable_surveys":false,"footnotes":""},"class_list":["post-2552","page","type-page","status-publish","hentry"],"aioseo_notices":[],"_links":{"self":[{"href":"https:\/\/fundacionporlajusticia.org\/va\/wp-json\/wp\/v2\/pages\/2552","targetHints":{"allow":["GET"]}}],"collection":[{"href":"https:\/\/fundacionporlajusticia.org\/va\/wp-json\/wp\/v2\/pages"}],"about":[{"href":"https:\/\/fundacionporlajusticia.org\/va\/wp-json\/wp\/v2\/types\/page"}],"author":[{"embeddable":true,"href":"https:\/\/fundacionporlajusticia.org\/va\/wp-json\/wp\/v2\/users\/2"}],"replies":[{"embeddable":true,"href":"https:\/\/fundacionporlajusticia.org\/va\/wp-json\/wp\/v2\/comments?post=2552"}],"version-history":[{"count":1,"href":"https:\/\/fundacionporlajusticia.org\/va\/wp-json\/wp\/v2\/pages\/2552\/revisions"}],"predecessor-version":[{"id":2844,"href":"https:\/\/fundacionporlajusticia.org\/va\/wp-json\/wp\/v2\/pages\/2552\/revisions\/2844"}],"up":[{"embeddable":true,"href":"https:\/\/fundacionporlajusticia.org\/va\/wp-json\/wp\/v2\/pages\/1040"}],"wp:attachment":[{"href":"https:\/\/fundacionporlajusticia.org\/va\/wp-json\/wp\/v2\/media?parent=2552"}],"curies":[{"name":"wp","href":"https:\/\/api.w.org\/{rel}","templated":true}]}}