{"id":2544,"date":"2015-09-17T12:19:47","date_gmt":"2015-09-17T12:19:47","guid":{"rendered":"https:\/\/fundacionporlajusticia.accesia.info\/?page_id=1072"},"modified":"2022-03-21T16:03:42","modified_gmt":"2022-03-21T16:03:42","slug":"bikes-vs-cars","status":"publish","type":"page","link":"https:\/\/fundacionporlajusticia.org\/va\/humansfest\/2016-vii-edicion\/seccion-oficial-3\/bikes-vs-cars\/","title":{"rendered":"BIKES VS CARS"},"content":{"rendered":"<table>\n<tbody>\n<tr>\n<td style=\"width: 206px; text-align: center; vertical-align: middle;\" width=\"206\">\u00a0<a href=\"http:\/\/www.bikes-vs-cars.com\/\"><img loading=\"lazy\" decoding=\"async\" class=\"size-medium wp-image-1132 aligncenter\" src=\"https:\/\/fundacionporlajusticia.org\/wp-content\/uploads\/2015\/09\/poster_cast_web1-211x300.jpg\" alt=\"poster_cast_web1\" width=\"211\" height=\"300\" \/><\/a><\/td>\n<td width=\"376\">\n<h1 style=\"text-align: left;\"><strong>HISTORY<\/strong><\/h1>\n<p style=\"text-align: justify;\">Est\u00e0 inmersat en una crisi global global, la qual eventualment ha fet: change de clima, exhausci\u00f3 de fossils, urban i ocean pollution. En aquest context, els bicycle stands s\u00f3n powerful tool for change. However, aquest \u00e9s David i Goliath boj, sense autom industry invests milions de d\u00f2lars per any iear per maintain its business. Car sals currently higher than ever before and there are more than one thousand million vehicles in the world.<\/p>\n<p style=\"text-align: justify;\">Activists i thinkers around the world, from S\u00e3o Paulo to Los Angeles, incloent-hi idyllic ubicaci\u00f3 in Copenhaguen, organitzat per a remenar el seu estat de things and make cities m\u00e9s sustainable. Alongside those citizens que refuse a l&#039;estri cycling acomiada el incr\u00e9s en el nombre de morts de tr\u00e0nsit accidents, el carry out de les males accions que li donen a grans canvis.<\/p>\n<\/td>\n<\/tr>\n<tr>\n<td rowspan=\"2\" width=\"206\">\n<h2><strong>Saturday, 12 th december 20.00 h.<\/strong><\/h2>\n<h4><strong style=\"font-family: inherit; font-size: inherit; line-height: 1.5;\">Su\u00e8cia, 2015<\/strong><\/h4>\n<h4><strong>Director: <\/strong><\/h4>\n<h4>Fredrik Gertten<\/h4>\n<h4><strong>91 minuts.<\/strong><\/h4>\n<h4><strong>Language:<\/strong>\u00a0english, portugu\u00e9s, espanyol<\/h4>\n<h4><strong>Executive producer:\u00a0<\/strong><\/h4>\n<h4>Alexandra Galvis<\/h4>\n<h4>Chris Paine<\/h4>\n<h4>Fredrik Gertten<\/h4>\n<h4>Maria Farinha Films<\/h4>\n<h4><strong>Photography:<\/strong><\/h4>\n<h4>Kiki Allegier<\/h4>\n<h4>Janice D&#039;Avila<\/h4>\n<h4><strong>Editing:<\/strong><\/h4>\n<h4>Benjamin Binderup<\/h4>\n<h4><strong>Sound:<\/strong><\/h4>\n<h4>Alexander Th\u00f6rnqvist<\/h4>\n<h4><strong>Music:<\/strong><\/h4>\n<h4>Flor\u00e8ncia Di Concili<\/h4>\n<h4><strong>Production companies:<\/strong><\/h4>\n<h4>WG Film<\/h4>\n<h4><strong>Distributor:<\/strong><\/h4>\n<h4>DocsBarcelona (Paral.lel 40)<\/h4>\n<p>&nbsp;<\/td>\n<td width=\"376\">\n<h1><strong>DIRECTOR<\/strong><\/h1>\n<p style=\"text-align: justify;\"><img loading=\"lazy\" decoding=\"async\" class=\"alignright size-thumbnail wp-image-1487\" src=\"https:\/\/fundacionporlajusticia.org\/wp-content\/uploads\/2015\/09\/director-Fredik-Gertten-150x150.jpg\" alt=\"director Fredik Gertten\" width=\"150\" height=\"150\" \/>Fredrik Gertten was born in Malmo (Sweden) el 1956. He anat award winning director i jornalista, fam\u00f3s per a local stories with global understanding. His latest works <em>Bananes!*<\/em> (2009) and <em>Big Boys Gone Bananes!*<\/em> (2011) have met audiences in over 100 countries, incloent leading festivals Sundance and Berlinale.<\/p>\n<\/td>\n<\/tr>\n<tr>\n<td width=\"376\">\n<h1><strong>FESTIVALS &amp; AWARDS<\/strong><\/h1>\n<ul style=\"list-style-type: square;\">\n<li>Tempo Documentary Festival (Temps Documentary Award) \u2013 Sweden, 2015<\/li>\n<li>SXSW \u2013 USA, 2015<\/li>\n<li>Full Frame Documentary Film Festival \u2013 USA, 2015<\/li>\n<li>Ambulant \u2013 M\u00e8xic, 2015<\/li>\n<li>Washington DC Film Festival \u2013 USA, 2015<\/li>\n<\/ul>\n<\/td>\n<\/tr>\n<tr>\n<td colspan=\"2\" width=\"206\"><iframe loading=\"lazy\" src=\"https:\/\/player.vimeo.com\/video\/116966445\" width=\"1040\" height=\"585\" frameborder=\"0\" allowfullscreen=\"allowfullscreen\"><\/iframe><\/td>\n<\/tr>\n<tr>\n<td colspan=\"2\" width=\"206\">\u00a0<a href=\"https:\/\/fundacionporlajusticia.org\/wp-content\/uploads\/2015\/09\/BIKESvsCARS_03-375x2101.jpg\"><img loading=\"lazy\" decoding=\"async\" class=\"alignleft wp-image-1495 size-medium\" src=\"https:\/\/fundacionporlajusticia.org\/wp-content\/uploads\/2015\/09\/BIKESvsCARS_03-375x2101-300x168.jpg\" alt=\"BIKESvsCARS_03-375x210\" width=\"300\" height=\"168\" \/><\/a> <a href=\"https:\/\/fundacionporlajusticia.org\/wp-content\/uploads\/2015\/09\/ALINE-3.jpg\"><img loading=\"lazy\" decoding=\"async\" class=\"alignleft wp-image-1485 size-medium\" src=\"https:\/\/fundacionporlajusticia.org\/wp-content\/uploads\/2015\/09\/ALINE-3-300x167.jpg\" alt=\"ALINE-3\" width=\"300\" height=\"167\" \/><\/a> <img loading=\"lazy\" decoding=\"async\" class=\"alignleft wp-image-1486 size-medium\" src=\"https:\/\/fundacionporlajusticia.org\/wp-content\/uploads\/2015\/09\/bikes-vs-cars-300x169.jpg\" alt=\"bikes-vs-cars\" width=\"300\" height=\"169\" \/><\/td>\n<\/tr>\n<\/tbody>\n<\/table>","protected":false},"excerpt":{"rendered":"<p>\u00a0 HISTORY We are immersed in a great global crisis that we will eventually have to face: climate change, the exhaustion of fossil resources, urban and ocean pollution. In this context, the bicycle stands as a powerful tool for change. However, this is a David and Goliath fight, since the automobile industry invests millions of [&hellip;]<\/p>\n","protected":false},"author":2,"featured_media":0,"parent":1040,"menu_order":1,"comment_status":"closed","ping_status":"closed","template":"","meta":{"_et_pb_use_builder":"","_et_pb_old_content":"","_et_gb_content_width":"","_uf_show_specific_survey":0,"_uf_disable_surveys":false,"footnotes":""},"class_list":["post-2544","page","type-page","status-publish","hentry"],"aioseo_notices":[],"_links":{"self":[{"href":"https:\/\/fundacionporlajusticia.org\/va\/wp-json\/wp\/v2\/pages\/2544","targetHints":{"allow":["GET"]}}],"collection":[{"href":"https:\/\/fundacionporlajusticia.org\/va\/wp-json\/wp\/v2\/pages"}],"about":[{"href":"https:\/\/fundacionporlajusticia.org\/va\/wp-json\/wp\/v2\/types\/page"}],"author":[{"embeddable":true,"href":"https:\/\/fundacionporlajusticia.org\/va\/wp-json\/wp\/v2\/users\/2"}],"replies":[{"embeddable":true,"href":"https:\/\/fundacionporlajusticia.org\/va\/wp-json\/wp\/v2\/comments?post=2544"}],"version-history":[{"count":5,"href":"https:\/\/fundacionporlajusticia.org\/va\/wp-json\/wp\/v2\/pages\/2544\/revisions"}],"predecessor-version":[{"id":3411,"href":"https:\/\/fundacionporlajusticia.org\/va\/wp-json\/wp\/v2\/pages\/2544\/revisions\/3411"}],"up":[{"embeddable":true,"href":"https:\/\/fundacionporlajusticia.org\/va\/wp-json\/wp\/v2\/pages\/1040"}],"wp:attachment":[{"href":"https:\/\/fundacionporlajusticia.org\/va\/wp-json\/wp\/v2\/media?parent=2544"}],"curies":[{"name":"wp","href":"https:\/\/api.w.org\/{rel}","templated":true}]}}