{"id":2374,"date":"2014-10-20T15:34:21","date_gmt":"2014-10-20T15:34:21","guid":{"rendered":"https:\/\/fundacionporlajusticia.accesia.info\/?page_id=607"},"modified":"2022-03-26T07:34:20","modified_gmt":"2022-03-26T07:34:20","slug":"1-minuto-1-derecho","status":"publish","type":"page","link":"https:\/\/fundacionporlajusticia.org\/va\/humansfest\/el_festival\/2015-edicion-vi\/1-minuto-1-derecho\/","title":{"rendered":"EDICI\u00d3 2015 \u00ab1 MINUT 1 DRET\u00bb"},"content":{"rendered":"<p style=\"text-align: JUSTIFY;\">El concurs \u00ab1 MINUT-1 DRET\u00bb, en el marc del VIII\u00e8 Festival de Cinema Documental i Drets Humans de Val\u00e8ncia presenta curtmetratges que hauran de versar sobre algun dels drets humans recollits a la Declaraci\u00f3 Universal de Drets Humans. La projecci\u00f3 ser\u00e0 als cinemes D\u00b4OR de Val\u00e8ncia.<\/p>\n<h1>Premi Concurs Micrometratges \u201c1 minut un dret\u201d<\/h1>\n<blockquote><p><strong>Humans Fest<\/strong> convoca dos premis per a aquesta categoria:<\/p>\n<ul>\n<li>Treballs realitzats a centres escolars<\/li>\n<li>Centres que atenen persones amb risc d&#039;exclusi\u00f3 social i penitenciaries i centres universitaris<\/li>\n<\/ul>\n<p>Dotats amb 250 euros cadascun.<br \/>\nLa convocat\u00f2ria \u00e9s oberta.<br \/>\nInscripcions a: prensa@humansfest.com<br \/>\nPots con\u00e8ixer les bases aqu\u00ed:\u00a0<a href=\"https:\/\/fundacionporlajusticia.org\/wp-content\/uploads\/2014\/10\/bases_micrometrajes.doc\">bases_micrometratges<\/a><\/p><\/blockquote>\n<p style=\"text-align: JUSTIFY;\">A sota, alguns dels curts d&#039;edicions anteriors<\/p>\n<p><strong>\u00a0<\/strong><strong>Llistat de Curtmetratges del Concurs \u201c1 minut- 1 Dret\u201d:<\/strong><\/p>\n<p><img loading=\"lazy\" decoding=\"async\" class=\"alignnone size-full wp-image-645\" src=\"https:\/\/fundacionporlajusticia.org\/wp-content\/uploads\/2014\/10\/1.-still.png\" alt=\"1. still\" width=\"400\" height=\"219\" \/><\/p>\n<p>Iran i la llibertat dexpressi\u00f3. Dir: Adri\u00e1n Vidal. EASD.<\/p>\n<p><img loading=\"lazy\" decoding=\"async\" class=\"alignnone size-full wp-image-646\" src=\"https:\/\/fundacionporlajusticia.org\/wp-content\/uploads\/2014\/10\/2.-Still.png\" alt=\"2. Still\" width=\"400\" height=\"218\" \/><\/p>\n<p><em>Tortura<\/em>. Dir: Isidoro Fern\u00e1ndez. EASD.\u00a0<strong>25\/10. 18:00h<\/strong><\/p>\n<p><img loading=\"lazy\" decoding=\"async\" class=\"alignnone size-full wp-image-647\" src=\"https:\/\/fundacionporlajusticia.org\/wp-content\/uploads\/2014\/10\/3.-Still.png\" alt=\"3. Still\" width=\"400\" height=\"218\" \/><\/p>\n<p><em>Gr\u00e0cies a la pressi\u00f3 internacional les Pussy Riot estan lliures<\/em>. Dir: Itziar Telletxea. EASD.<\/p>\n<p><img loading=\"lazy\" decoding=\"async\" class=\"alignnone size-full wp-image-648\" src=\"https:\/\/fundacionporlajusticia.org\/wp-content\/uploads\/2014\/10\/4.-Still.png\" alt=\"4. Still\" width=\"400\" height=\"228\" \/><\/p>\n<p><em>Hi havia una vegada a Cuba<\/em>\u2026 Dir: Jaume Navarro. EASD.<\/p>\n<p><img loading=\"lazy\" decoding=\"async\" class=\"alignnone size-full wp-image-649\" src=\"https:\/\/fundacionporlajusticia.org\/wp-content\/uploads\/2014\/10\/5.-Still.png\" alt=\"5. Still\" width=\"400\" height=\"226\" \/><\/p>\n<p>Joana d&#039;Arc<em>. <\/em>Dir: M\u00f2nica Monroy, Jaume Goberna, Jorge L\u00f3pez, Bruno Louro. EASD.<\/p>\n<p><img loading=\"lazy\" decoding=\"async\" class=\"alignnone size-full wp-image-650\" src=\"https:\/\/fundacionporlajusticia.org\/wp-content\/uploads\/2014\/10\/6.-Still.png\" alt=\"6. Still\" width=\"400\" height=\"226\" \/><\/p>\n<p><em>El silenci no \u00e9s llibertat<\/em>. Dir: Juliana Muir. EASD.<\/p>\n<p><img loading=\"lazy\" decoding=\"async\" class=\"alignnone size-full wp-image-631\" src=\"https:\/\/fundacionporlajusticia.org\/wp-content\/uploads\/2014\/10\/7.-Still.png\" alt=\"7. Still\" width=\"400\" height=\"224\" \/><\/p>\n<p><em>Declaraci\u00f3 universal<\/em>. Dir: Manuel Nadal. EASD.<\/p>\n<p><img loading=\"lazy\" decoding=\"async\" class=\"alignnone size-full wp-image-632\" src=\"https:\/\/fundacionporlajusticia.org\/wp-content\/uploads\/2014\/10\/8.-Still.png\" alt=\"8. Still\" width=\"400\" height=\"219\" \/><\/p>\n<p><em>Les dones a l&#039;Afganistan<\/em>. Dir: Melisa C\u00f2rdova. EASD.<\/p>\n<p><img loading=\"lazy\" decoding=\"async\" class=\"alignnone size-full wp-image-633\" src=\"https:\/\/fundacionporlajusticia.org\/wp-content\/uploads\/2014\/10\/9.-Still.png\" alt=\"9. Still\" width=\"400\" height=\"217\" \/><\/p>\n<p><em>V\u00eddeo censurat<\/em>. Dir: Mireia C\u00e1rdenas. EASD.<\/p>\n<p><img loading=\"lazy\" decoding=\"async\" class=\"alignnone size-full wp-image-634\" src=\"https:\/\/fundacionporlajusticia.org\/wp-content\/uploads\/2014\/10\/10.-Still.png\" alt=\"10. Still\" width=\"400\" height=\"218\" \/><\/p>\n<p><em>Presos de consci\u00e8ncia a Cuba<\/em>. Dir: Pilar Delgado. EASD.<\/p>\n<p><img loading=\"lazy\" decoding=\"async\" class=\"alignnone size-full wp-image-635\" src=\"https:\/\/fundacionporlajusticia.org\/wp-content\/uploads\/2014\/10\/11.-Still.png\" alt=\"11. Still\" width=\"400\" height=\"214\" \/><\/p>\n<p><em>Al m\u00f3n<\/em>. Dir: Sara Rey. EASD.<\/p>\n<p><img loading=\"lazy\" decoding=\"async\" class=\"alignnone size-full wp-image-636\" src=\"https:\/\/fundacionporlajusticia.org\/wp-content\/uploads\/2014\/10\/12.-Still.png\" alt=\"12. Still\" width=\"400\" height=\"223\" \/><\/p>\n<p><em>\u00a0No deixis que silenci\u00efn la teva veu<\/em>. Dir: Nadia P\u00e9res, \u00c1ngel Mart\u00ednez. EASD.<\/p>\n<p><img loading=\"lazy\" decoding=\"async\" class=\"alignnone size-full wp-image-637\" src=\"https:\/\/fundacionporlajusticia.org\/wp-content\/uploads\/2014\/10\/13.-Still.png\" alt=\"13. Still\" width=\"400\" height=\"224\" \/><\/p>\n<p><em>No tothom ho pot exercir<\/em>. Dir: \u00c1lvaro Justo. EASD.<\/p>\n<p><img loading=\"lazy\" decoding=\"async\" class=\"alignnone size-full wp-image-638\" src=\"https:\/\/fundacionporlajusticia.org\/wp-content\/uploads\/2014\/10\/14.-Still.png\" alt=\"14. Still\" width=\"400\" height=\"224\" \/><\/p>\n<p><em>Cartell Mur<\/em>. Dir: Patricia G\u00e1zquez. EASD.<\/p>\n<p><img loading=\"lazy\" decoding=\"async\" class=\"alignnone size-full wp-image-639\" src=\"https:\/\/fundacionporlajusticia.org\/wp-content\/uploads\/2014\/10\/15.-Still.png\" alt=\"15. Still\" width=\"400\" height=\"222\" \/><\/p>\n<p><em>No al racisme i al preconcepte d&#039;idees<\/em>. Dir: Penitenci\u00e0ria Picassent.<\/p>\n<p><img loading=\"lazy\" decoding=\"async\" class=\"alignnone size-full wp-image-640\" src=\"https:\/\/fundacionporlajusticia.org\/wp-content\/uploads\/2014\/10\/16.-Still.png\" alt=\"16. Still\" width=\"400\" height=\"224\" \/><\/p>\n<p><em>Maria<\/em>. Dir: Erica Sansil. Brasil.<\/p>\n<p><img loading=\"lazy\" decoding=\"async\" class=\"alignnone size-full wp-image-641\" src=\"https:\/\/fundacionporlajusticia.org\/wp-content\/uploads\/2014\/10\/17.-Still.png\" alt=\"17. Still\" width=\"400\" height=\"220\" \/><\/p>\n<p><em>Sense paraules<\/em>. Dir: Kike Rierol.<\/p>\n<p><img loading=\"lazy\" decoding=\"async\" class=\"alignnone size-full wp-image-642\" src=\"https:\/\/fundacionporlajusticia.org\/wp-content\/uploads\/2014\/10\/18.-Still.png\" alt=\"18. Still\" width=\"400\" height=\"221\" \/><\/p>\n<p><em>Jo decideixo<\/em>. El tren de la llibertat. Dir: Amparo Fortuny.\u00a0<strong><br \/>\n<\/strong><\/p>\n<p><img loading=\"lazy\" decoding=\"async\" class=\"alignnone size-full wp-image-643\" src=\"https:\/\/fundacionporlajusticia.org\/wp-content\/uploads\/2014\/10\/19.-Still.png\" alt=\"19. Still\" width=\"400\" height=\"222\" \/><\/p>\n<p><em>Es ven<\/em>. Dir: Jose Antonio Campos.<\/p>\n<p><img loading=\"lazy\" decoding=\"async\" class=\"alignnone size-full wp-image-644\" src=\"https:\/\/fundacionporlajusticia.org\/wp-content\/uploads\/2014\/10\/20.-Sill.png\" alt=\"20. Sill\" width=\"400\" height=\"224\" \/><\/p>\n<p><em>Sense distinci\u00f3 de sexe<\/em>. M\u00aa Jos\u00e9 Anrubia.<\/p>\n<p>&nbsp;<\/p>","protected":false},"excerpt":{"rendered":"<p>El concurso \u00ab1 MINUTO-1 DERECHO\u00bb, en el marco del VIII\u00ba Festival de Cine Documental y Derechos Humanos de Valencia presenta cortometrajes que deber\u00e1n versar sobre alguno de los derechos humanos recogidos en la Declaraci\u00f3n Universal de Derechos Humanos. La proyecci\u00f3n ser\u00e1 en los cines D\u00b4OR de Val\u00e8ncia. Premio Concurso Micrometrajes \u201c1 minuto un derecho\u201d Humans [&hellip;]<\/p>\n","protected":false},"author":2,"featured_media":0,"parent":2317,"menu_order":4,"comment_status":"closed","ping_status":"closed","template":"","meta":{"_et_pb_use_builder":"","_et_pb_old_content":"","_et_gb_content_width":"","_uf_show_specific_survey":0,"_uf_disable_surveys":false,"footnotes":""},"class_list":["post-2374","page","type-page","status-publish","hentry"],"aioseo_notices":[],"_links":{"self":[{"href":"https:\/\/fundacionporlajusticia.org\/va\/wp-json\/wp\/v2\/pages\/2374","targetHints":{"allow":["GET"]}}],"collection":[{"href":"https:\/\/fundacionporlajusticia.org\/va\/wp-json\/wp\/v2\/pages"}],"about":[{"href":"https:\/\/fundacionporlajusticia.org\/va\/wp-json\/wp\/v2\/types\/page"}],"author":[{"embeddable":true,"href":"https:\/\/fundacionporlajusticia.org\/va\/wp-json\/wp\/v2\/users\/2"}],"replies":[{"embeddable":true,"href":"https:\/\/fundacionporlajusticia.org\/va\/wp-json\/wp\/v2\/comments?post=2374"}],"version-history":[{"count":1,"href":"https:\/\/fundacionporlajusticia.org\/va\/wp-json\/wp\/v2\/pages\/2374\/revisions"}],"predecessor-version":[{"id":2838,"href":"https:\/\/fundacionporlajusticia.org\/va\/wp-json\/wp\/v2\/pages\/2374\/revisions\/2838"}],"up":[{"embeddable":true,"href":"https:\/\/fundacionporlajusticia.org\/va\/wp-json\/wp\/v2\/pages\/2317"}],"wp:attachment":[{"href":"https:\/\/fundacionporlajusticia.org\/va\/wp-json\/wp\/v2\/media?parent=2374"}],"curies":[{"name":"wp","href":"https:\/\/api.w.org\/{rel}","templated":true}]}}