{"id":2372,"date":"2014-10-06T09:19:31","date_gmt":"2014-10-06T09:19:31","guid":{"rendered":"https:\/\/fundacionporlajusticia.accesia.info\/?page_id=424"},"modified":"2022-03-26T08:09:46","modified_gmt":"2022-03-26T08:09:46","slug":"seccion-oficial","status":"publish","type":"page","link":"https:\/\/fundacionporlajusticia.org\/va\/humansfest\/el_festival\/2015-edicion-vi\/seccion-oficial\/","title":{"rendered":"EDICI\u00d3 2015 \u2013 SECCI\u00d3 OFICIAL descartat"},"content":{"rendered":"<h1>Llista dels 10 documentals seleccionats<\/h1>\n<p>Moltes gr\u00e0cies als m\u00e9s de 120 participants al Festival per\u00f2 despr\u00e9s d&#039;un dif\u00edcil proc\u00e9s de selecci\u00f3, el VI Festival Internacional de Cinema i Drets humans de Val\u00e8ncia ha seleccionat els documentals seg\u00fcents:<\/p>\n<p><strong>1) 475: Quan el matrimoni es converteix en c\u00e0stig<\/strong><br \/>\n<strong><a href=\"https:\/\/fundacionporlajusticia.org\/wp-content\/uploads\/2014\/09\/4b3328af11862ca4efcb6584a2eb0a2c_large1.jpg\"><img loading=\"lazy\" decoding=\"async\" class=\"alignleft wp-image-280 size-thumbnail\" src=\"https:\/\/fundacionporlajusticia.org\/wp-content\/uploads\/2014\/09\/4b3328af11862ca4efcb6584a2eb0a2c_large1-150x150.jpg\" alt=\"475\" width=\"150\" height=\"150\" \/><\/a><\/strong>L&#039;article 475 del codi penal Marroqu\u00ed diu que un home que hagi com\u00e8s un acte de violaci\u00f3 pot evitar la seva condemna si posteriorment es casa amb la v\u00edctima de la violaci\u00f3. Moltes dones al Marroc s\u00f3n for\u00e7ades cada any a contraure matrimoni amb els seus agressors, aquesta \u00e9s la seva hist\u00f2ria.<br \/>\nDirector \u2013 Nadir Bouhmouch<br \/>\nPa\u00eds \u2013 Marroc<br \/>\nDurada \u2013 60 mins.<br \/>\nAny de producci\u00f3 \u2013 2013. \u00a0<a href=\"https:\/\/www.kickstarter.com\/projects\/article475\/475-when-marriage-becomes-punishment\">https:\/\/www.kickstarter.com\/projects\/article475\/475-when-marriage-becomes-punishment<\/a><\/p>\n<p><strong>2) Ru\u00efna<\/strong><br \/>\n<a href=\"https:\/\/fundacionporlajusticia.org\/wp-content\/uploads\/2014\/09\/ruina.jpg\"><img loading=\"lazy\" decoding=\"async\" class=\"alignleft wp-image-305\" src=\"https:\/\/fundacionporlajusticia.org\/wp-content\/uploads\/2014\/09\/ruina-150x150.jpg\" alt=\"ruina\" width=\"150\" height=\"150\" \/><\/a>Ru\u00efna ens presenta als habitants de la Torre Confinanzas; l&#039;inacabat gratacels de m\u00e9s de 200 metres d&#039;al\u00e7ada abandonat al bell mig de Caracas (Vene\u00e7uela) despr\u00e9s d&#039;una pronunciada crisi financera \u00e9s ara refugi per a multitud de fam\u00edlies amb escassos recursos econ\u00f2mics.<br \/>\nDirector \u2013 Markus Lenz<br \/>\nPa\u00eds \u2013 Alemanya<br \/>\nDurada \u2013 73 mins.<br \/>\nAny de producci\u00f3 \u2013 2014 \u00a0 \u00a0<a href=\"http:\/\/www.oneworld.cz\/2014\/films-a-z\/25686-ruina\" target=\"_blank\" rel=\"noopener\">http:\/\/www.oneworld.cz\/2014\/films-a-z\/25686-ruina<\/a><\/p>\n<p><strong>3) Aigua Bene\u00efda<\/strong><br \/>\n<a href=\"https:\/\/fundacionporlajusticia.org\/wp-content\/uploads\/2014\/10\/cartel_espanolaguabendita.jpg\"><img loading=\"lazy\" decoding=\"async\" class=\"alignleft wp-image-369\" src=\"https:\/\/fundacionporlajusticia.org\/wp-content\/uploads\/2014\/10\/cartel_espanolaguabendita-150x150.jpg\" alt=\"cartel_espanolaguabendita\" width=\"150\" height=\"150\" \/><\/a>Aigua Bendita transcorre en un petit llogaret de Costa Rica. Els habitants d&#039;origen nicarag\u00fcenc pronostiquen una gran sequera per als mesos d&#039;estiu. Geiner, un nen d&#039;11 anys, creu que els esperits a trav\u00e9s dels xamans s\u00f3n els \u00fanics que poden fer que plogui.<br \/>\nDirector \u2013 Octavio Guerra.<br \/>\nPa\u00eds \u2013 Espanya.<br \/>\nDurada: 82 min.<br \/>\nAny de producci\u00f3: 2013.<br \/>\nTr\u00e0iler a:\u00a0<a href=\"http:\/\/vimeo.com\/53274364\" target=\"_blank\" rel=\"noopener\">http:\/\/vimeo.com\/53274364<\/a><\/p>\n<p><strong>4) Els anys salvatges<\/strong><br \/>\n<a href=\"https:\/\/fundacionporlajusticia.org\/wp-content\/uploads\/2014\/09\/los-an\u00a6\u00e2os-salvajes.jpg\"><img loading=\"lazy\" decoding=\"async\" class=\"alignleft wp-image-290\" src=\"https:\/\/fundacionporlajusticia.org\/wp-content\/uploads\/2014\/09\/los-an\u00a6\u00e2os-salvajes-150x150.jpg\" alt=\"los an\u00a6\u00e2os salvajes\" width=\"150\" height=\"150\" \/><\/a>Aquest \u00e9s el viatge personal de Daniel, Yohannes i Habtom, tres nens d&#039;entre 9 i 12 anys que malviuen als carrers d&#039;Addis Abeba, la capital d&#039;Eti\u00f2pia, on 270.000 nens m\u00e9s del carrer corren la mateixa sort. Durant el viatge descobrirem els seus secrets, els seus pensaments i el que esperen del futur.<br \/>\n<strong>\u00a0<\/strong>Director \u2013 Ventura Durall<br \/>\nPa\u00eds \u2013 Espanya \/ Eti\u00f2pia<br \/>\nDurada \u2013 73 mins.<br \/>\nAny de producci\u00f3 \u2013 2013.\u00a0<a href=\"http:\/\/www.taskovskifilms.com\/film\/the-wild-years\/\">http:\/\/www.taskovskifilms.com\/film\/the-wild-years\/<\/a><\/p>\n<p><strong>5) Gabor<\/strong><br \/>\n<a href=\"https:\/\/fundacionporlajusticia.org\/wp-content\/uploads\/2014\/09\/gabor.jpg\"><img loading=\"lazy\" decoding=\"async\" class=\"alignleft wp-image-288\" src=\"https:\/\/fundacionporlajusticia.org\/wp-content\/uploads\/2014\/09\/gabor-150x150.jpg\" alt=\"gabor\" width=\"150\" height=\"150\" \/><\/a>Gabor \u00e9s una hist\u00f2ria que ens parla de l&#039;autosuperaci\u00f3, dels avatars de la vida i de les oportunitats que ens brinda. Un experimentat director de fotografia que professa una aut\u00e8ntica passi\u00f3 per la seva feina s&#039;ha d&#039;enfrontar al repte m\u00e9s gran de la seva vida, dirigir la fotografia d&#039;un curtmetratge despr\u00e9s d&#039;haver perdut el sentit de la vista.<br \/>\nDirector \u2013 Sebasti\u00e0 Alfie<br \/>\nPa\u00eds \u2013 Espanya<br \/>\nDurada \u2013 80 mins.<br \/>\nAny de producci\u00f3 \u2013 2013. \u00a0<a href=\"http:\/\/www.gaborlapelicula.com\/\">http:\/\/www.gaborlapelicula.com\/<\/a><\/p>\n<p><strong>6) Van matar el meu germ\u00e0<\/strong><br \/>\n<a href=\"https:\/\/fundacionporlajusticia.org\/wp-content\/uploads\/2014\/09\/Foto-Cristiano-Burlan.jpg\"><img loading=\"lazy\" decoding=\"async\" class=\"alignleft wp-image-286 size-thumbnail\" src=\"https:\/\/fundacionporlajusticia.org\/wp-content\/uploads\/2014\/09\/Foto-Cristiano-Burlan-150x150.jpg\" alt=\"Foto Cristiano Burlan\" width=\"150\" height=\"150\" \/><\/a>El director Cristiano Burlan s&#039;embarca en una croada personal per intentar reconstruir els fets esdevinguts la fat\u00eddica nit del 5 d&#039;octubre del 2001, quan el seu germ\u00e0 Rafael va ser assassinat per l&#039;esquena despr\u00e9s de rebre 7 trets a boca de can\u00f3 en un barri de Sao Paulo.<br \/>\nDirector \u2013 Cristi\u00e0 Burlan<br \/>\nPa\u00eds \u2013 Brasil<br \/>\nDurada \u2013 77 mins.<br \/>\nAny de producci\u00f3 \u2013 2013.<br \/>\n<a href=\"http:\/\/www.belafilmes.com\/\" target=\"_blank\" rel=\"noopener\">http:\/\/www.belafilmes.com\/<\/a><\/p>\n<p><strong>7) D&#039;estels i fronteres<\/strong><br \/>\n<a href=\"https:\/\/fundacionporlajusticia.org\/wp-content\/uploads\/2014\/09\/ofkitesborders_cartel_completo_small.jpg\"><img loading=\"lazy\" decoding=\"async\" class=\"alignleft wp-image-291\" src=\"https:\/\/fundacionporlajusticia.org\/wp-content\/uploads\/2014\/09\/ofkitesborders_cartel_completo_small-150x150.jpg\" alt=\"K&amp;B_cartel_6_preview\" width=\"150\" height=\"150\" \/><\/a>A Tijuana, frontera entre M\u00e8xic i els Estats Units, els nens i adolescents parlen dels seus somnis i il\u00b7lusions, fantasiejant amb tot all\u00f2 que queda a l&#039;altra banda del mur, per\u00f2 sent conscients de la crua realitat a qu\u00e8 s&#039;han d&#039;enfrontar di\u00e0riament, quedant aix\u00ed gaireb\u00e9 dilu\u00efda la seva \u00abuna altra frontera\u00bb, la transici\u00f3 entre la inf\u00e0ncia i la vida adulta.<br \/>\nDirector \u2013 Yolanda Pividal<br \/>\nPa\u00eds \u2013 Estats Units \/ M\u00e8xic<br \/>\nDurada \u2013 58 mins.<br \/>\nAny de producci\u00f3 \u2013 2013. Tr\u00e0iler a:\u00a0<a href=\"https:\/\/www.youtube.com\/watch?v=EwZLsPLaEnY\" target=\"_blank\" rel=\"noopener\">https:\/\/www.youtube.com\/watch?v=EwZLsPLaEnY<\/a><\/p>\n<p><strong>8) Un lloro a l&#039;orxateria<\/strong><br \/>\n<a href=\"https:\/\/fundacionporlajusticia.org\/wp-content\/uploads\/2014\/09\/POSTER-UN-LORO-EN-LA-ORCHATERIA_CAST-LQ.jpg\"><img loading=\"lazy\" decoding=\"async\" class=\"alignleft wp-image-282\" src=\"https:\/\/fundacionporlajusticia.org\/wp-content\/uploads\/2014\/09\/POSTER-UN-LORO-EN-LA-ORCHATERIA_CAST-LQ-150x150.jpg\" alt=\"POSTER UN LORO EN LA ORCHATERIA_CAST LQ\" width=\"150\" height=\"150\" \/><\/a>Al tradicional barri del Raval de Barcelona les perruqueries s&#039;acumulen les unes al costat de les altres, totes ofereixen el mateix servei, per\u00f2 a cadascuna depenent de la nacionalitat del seu encarregat i de la clientela que les freq\u00fcenta trobem una visi\u00f3 totalment diferent de la mateixa realitat.<br \/>\nDirector \u2013 In\u00e9s Thomsen<br \/>\nPa\u00eds \u2013 Espanya<br \/>\nDurada \u2013 80 mins.<br \/>\nAny de producci\u00f3 \u2013 2014.<br \/>\n<a href=\"http:\/\/www.polarstarfilms.com\/es\/d_un-loro-en-la-horchateria.php\">http:\/\/www.polarstarfilms.com\/es\/d_un-loro-en-la-horchateria.php<\/a><\/p>\n<p><strong>9) De sentit com\u00fa<\/strong><br \/>\n<a href=\"https:\/\/fundacionporlajusticia.org\/wp-content\/uploads\/2014\/09\/logo-De-sentido-comu\u00a6\u00fcn.jpg\"><img loading=\"lazy\" decoding=\"async\" class=\"alignleft wp-image-289 size-thumbnail\" src=\"https:\/\/fundacionporlajusticia.org\/wp-content\/uploads\/2014\/09\/logo-De-sentido-comu\u00a6\u00fcn-150x150.jpg\" alt=\"logo-De-sentido-comu\u00a6\u00fcn\" width=\"150\" height=\"150\" \/><\/a>La crisi econ\u00f2mica \u00e9s cosa de tots, per aix\u00f2 deixant de banda els experts, les dades enrevessades i les xifres preocupants el film ens ofereix una visi\u00f3 m\u00e9s propera del problema i de les seves possibles solucions; mitjan\u00e7ant un programa de r\u00e0dio en un petit mitj\u00e0 local es d\u00f3na pas a l&#039;opini\u00f3 de professors, estudiants i treballadors.<br \/>\nDirector \u2013 Isabel S\u00e1ez P\u00e9rez \/ Blanca Soler Delgado<br \/>\nPa\u00eds \u2013 Espanya<br \/>\nDurada \u2013 68 mins.<br \/>\nAny de producci\u00f3 \u2013 2014.\u00a0<a href=\"http:\/\/desentidocomun.org\/\">http:\/\/desentidocomun.org\/<\/a><\/p>\n<p><strong>10) GURBA, La Condemna<\/strong><br \/>\n<a href=\"https:\/\/fundacionporlajusticia.org\/wp-content\/uploads\/2014\/09\/GURBA-LA-CONDENA-1.png\"><img loading=\"lazy\" decoding=\"async\" class=\"alignleft wp-image-295\" src=\"https:\/\/fundacionporlajusticia.org\/wp-content\/uploads\/2014\/09\/GURBA-LA-CONDENA-1-150x150.png\" alt=\"GURBA-LA-CONDENA (1)\" width=\"150\" height=\"150\" \/><\/a>Des de fa 40 anys el poble Saharaui viu en un exili imposat, les condicions de vida lluny de la seva terra s\u00f3n extremadament dures; GURBA analitza les causes i les conseq\u00fc\u00e8ncies de l&#039;ocupaci\u00f3 Marroquina als territoris del S\u00e0hara Occidental i recull el testimoni d&#039;alguns refugiats.<br \/>\nDirector \u2013 Miguel \u00c1ngel Tob\u00edas<br \/>\nPa\u00eds \u2013 Espanya<br \/>\nDurada \u2013 70 mins.<br \/>\nAny de producci\u00f3 \u2013 2014.\u00a0<a href=\"http:\/\/www.gurbathefilm.com\/\">http:\/\/www.gurbathefilm.com\/<\/a><\/p>\n<p>Paral\u00b7lelament a la secci\u00f3 oficial, es presenta la secci\u00f3 de curtmetratges, \u201c1 minut, 1 dret\u201d que exhibir\u00e0 una selecci\u00f3 de les millors peces rebudes. El cinema d&#039;animaci\u00f3 tamb\u00e9 tindr\u00e0 un espai propi amb t\u00edtols vinculats als drets humans. La programaci\u00f3 del festival preveu una s\u00e8rie d&#039;activitats i tallers que complementaran les projeccions, debats o concerts al voltant dels Drets Humans, tant a la seu oficial de La Filmoteca com a l&#039;IVAM o al Centre Penitenciari de Picassent.<\/p>\n<p>El Festival posseeix a m\u00e9s una dimensi\u00f3 internacional, ja que compta amb subseus a ciutats com Salamanca, Sao Paulo, El Salvador, Lima i San Jos\u00e9 entre d&#039;altres, amb la finalitat de promoure la creaci\u00f3 d&#039;audiovisuals de tem\u00e0tica social. Aquesta proposta, \u00fanica a la ciutat de Val\u00e8ncia, es caracteritza per la humilitat, el comprom\u00eds amb la societat civil i amb els drets humans i per la il\u00b7lusi\u00f3 de tots aquells que d&#039;alguna manera formen part d&#039;aquest projecte. Volem que tots els espectadors siguin testimonis de la realitat que ens envolta, creant sensacions als espectadors que promoguin l&#039;acci\u00f3 individual.<\/p>\n<p>El Festival \u00e9s una iniciativa de <a href=\"https:\/\/fundacionporlajusticia.org\/va\/\" target=\"_blank\" rel=\"noopener\">la Fundaci\u00f3 per la Just\u00edcia<\/a>, l&#039;objectiu del qual \u00e9s sensibilitzar i conscienciar en mat\u00e8ria de Drets Humans mitjan\u00e7ant l&#039;art i la cultura. La voluntat del festival, \u00e9s fer arribar un cinema m\u00e9s reflexiu i comprom\u00e8s a la societat, i per aix\u00f2 apostem per una selecci\u00f3 de films emmarcats dins del g\u00e8nere documental, proposant una mirada realista i en primera persona dels diferents temes tractats: Drets de la dona, dret a un habitatge digne, economia social, integraci\u00f3 de persones amb discapacitat o la immigraci\u00f3 entre altres.<\/p>","protected":false},"excerpt":{"rendered":"<p>Lista de los 10 documentales seleccionados Muchas gracias a los m\u00e1s de 120 participantes en el Festival pero despu\u00e9s de un dif\u00edcil proceso de selecci\u00f3n, el VI Festival Internacional de Cine y Derechos humanos de Valencia ha seleccionado los siguientes documentales: 1) 475: Cuando el matrimonio se convierte en castigo El art\u00edculo 475 del c\u00f3digo [&hellip;]<\/p>\n","protected":false},"author":2,"featured_media":0,"parent":2317,"menu_order":3,"comment_status":"closed","ping_status":"closed","template":"","meta":{"_et_pb_use_builder":"","_et_pb_old_content":"","_et_gb_content_width":"","_uf_show_specific_survey":0,"_uf_disable_surveys":false,"footnotes":""},"class_list":["post-2372","page","type-page","status-publish","hentry"],"aioseo_notices":[],"_links":{"self":[{"href":"https:\/\/fundacionporlajusticia.org\/va\/wp-json\/wp\/v2\/pages\/2372","targetHints":{"allow":["GET"]}}],"collection":[{"href":"https:\/\/fundacionporlajusticia.org\/va\/wp-json\/wp\/v2\/pages"}],"about":[{"href":"https:\/\/fundacionporlajusticia.org\/va\/wp-json\/wp\/v2\/types\/page"}],"author":[{"embeddable":true,"href":"https:\/\/fundacionporlajusticia.org\/va\/wp-json\/wp\/v2\/users\/2"}],"replies":[{"embeddable":true,"href":"https:\/\/fundacionporlajusticia.org\/va\/wp-json\/wp\/v2\/comments?post=2372"}],"version-history":[{"count":1,"href":"https:\/\/fundacionporlajusticia.org\/va\/wp-json\/wp\/v2\/pages\/2372\/revisions"}],"predecessor-version":[{"id":2837,"href":"https:\/\/fundacionporlajusticia.org\/va\/wp-json\/wp\/v2\/pages\/2372\/revisions\/2837"}],"up":[{"embeddable":true,"href":"https:\/\/fundacionporlajusticia.org\/va\/wp-json\/wp\/v2\/pages\/2317"}],"wp:attachment":[{"href":"https:\/\/fundacionporlajusticia.org\/va\/wp-json\/wp\/v2\/media?parent=2372"}],"curies":[{"name":"wp","href":"https:\/\/api.w.org\/{rel}","templated":true}]}}