{"id":2367,"date":"2014-10-07T10:08:55","date_gmt":"2014-10-07T10:08:55","guid":{"rendered":"https:\/\/fundacionporlajusticia.accesia.info\/?page_id=525"},"modified":"2022-03-21T15:55:37","modified_gmt":"2022-03-21T15:55:37","slug":"crulic","status":"publish","type":"page","link":"https:\/\/fundacionporlajusticia.org\/va\/humansfest\/el_festival\/2015-edicion-vi\/seccion-animacion-y-ddhh\/crulic\/","title":{"rendered":"CRULIC"},"content":{"rendered":"<p style=\"color: #48423f;\"><strong style=\"color: #1c1c1c;\"><a href=\"https:\/\/fundacionporlajusticia.org\/wp-content\/uploads\/2014\/10\/Crulic_camino_al_m_s_all-907076586-large.jpg\"><img loading=\"lazy\" decoding=\"async\" class=\"alignleft wp-image-453 size-medium\" src=\"https:\/\/fundacionporlajusticia.org\/wp-content\/uploads\/2014\/10\/Crulic_camino_al_m_s_all-907076586-large-214x300.jpg\" alt=\"\" width=\"214\" height=\"300\" \/><\/a>Crulic, cam\u00ed del m\u00e9s enll\u00e0.\u00a0<\/strong>CRULIC \u2013 DRUMUL SPRE DINCOL<\/p>\n<p>Anca Damian. Pol\u00f2nia, Romania \/ Pol\u00f2nia, Romania. 2011. VOSE. Color. 73\u2032. DCP.<br \/>\nLa hist\u00f2ria real de Claudiu Crulic, un ciutad\u00e0 roman\u00e8s que va ser arrestat a Pol\u00f2nia per un delicte que afirmava no haver com\u00e8s. Animaci\u00f3 i documental s&#039;alien en aquest film, guanyador del Festival d&#039;Annecy.<\/p>\n<p>&nbsp;<\/p>\n<p><iframe loading=\"lazy\" src=\"\/\/www.youtube.com\/embed\/5YoKyiemjYs\" width=\"560\" height=\"315\" frameborder=\"0\" allowfullscreen=\"allowfullscreen\"><\/iframe><\/p>","protected":false},"excerpt":{"rendered":"<p>Crulic, camino del m\u00e1s all\u00e1.\u00a0CRULIC \u2013 DRUMUL SPRE DINCOLO Anca Damian. Pol\u00f2nia, Romania \/ Polonia, Ruman\u00eda. 2011. VOSE. Color. 73\u2032. DCP. La historia real de Claudiu Crulic, un ciudadano rumano que fue arrestado en Polonia por un delito que afirmaba no haber cometido. Animaci\u00f3n y documental se al\u00edan en este film, ganador del Festival de [&hellip;]<\/p>\n","protected":false},"author":2,"featured_media":0,"parent":2352,"menu_order":1,"comment_status":"closed","ping_status":"closed","template":"","meta":{"_et_pb_use_builder":"","_et_pb_old_content":"","_et_gb_content_width":"","_uf_show_specific_survey":0,"_uf_disable_surveys":false,"footnotes":""},"class_list":["post-2367","page","type-page","status-publish","hentry"],"aioseo_notices":[],"_links":{"self":[{"href":"https:\/\/fundacionporlajusticia.org\/va\/wp-json\/wp\/v2\/pages\/2367","targetHints":{"allow":["GET"]}}],"collection":[{"href":"https:\/\/fundacionporlajusticia.org\/va\/wp-json\/wp\/v2\/pages"}],"about":[{"href":"https:\/\/fundacionporlajusticia.org\/va\/wp-json\/wp\/v2\/types\/page"}],"author":[{"embeddable":true,"href":"https:\/\/fundacionporlajusticia.org\/va\/wp-json\/wp\/v2\/users\/2"}],"replies":[{"embeddable":true,"href":"https:\/\/fundacionporlajusticia.org\/va\/wp-json\/wp\/v2\/comments?post=2367"}],"version-history":[{"count":1,"href":"https:\/\/fundacionporlajusticia.org\/va\/wp-json\/wp\/v2\/pages\/2367\/revisions"}],"predecessor-version":[{"id":2834,"href":"https:\/\/fundacionporlajusticia.org\/va\/wp-json\/wp\/v2\/pages\/2367\/revisions\/2834"}],"up":[{"embeddable":true,"href":"https:\/\/fundacionporlajusticia.org\/va\/wp-json\/wp\/v2\/pages\/2352"}],"wp:attachment":[{"href":"https:\/\/fundacionporlajusticia.org\/va\/wp-json\/wp\/v2\/media?parent=2367"}],"curies":[{"name":"wp","href":"https:\/\/api.w.org\/{rel}","templated":true}]}}