{"id":2350,"date":"2014-10-07T09:46:14","date_gmt":"2014-10-07T09:46:14","guid":{"rendered":"https:\/\/fundacionporlajusticia.accesia.info\/?page_id=512"},"modified":"2022-03-21T15:55:31","modified_gmt":"2022-03-21T15:55:31","slug":"de-sentido-comun","status":"publish","type":"page","link":"https:\/\/fundacionporlajusticia.org\/va\/humansfest\/el_festival\/2015-edicion-vi\/seccion-oficial-2\/de-sentido-comun\/","title":{"rendered":"De sentit com\u00fa"},"content":{"rendered":"<p style=\"color: #48423f; text-align: justify;\"><a href=\"https:\/\/fundacionporlajusticia.org\/wp-content\/uploads\/2014\/09\/logo-De-sentido-comu\u00a6\u00fcn.jpg\"><img loading=\"lazy\" decoding=\"async\" class=\"alignleft wp-image-289 size-thumbnail\" src=\"https:\/\/fundacionporlajusticia.org\/wp-content\/uploads\/2014\/09\/logo-De-sentido-comu\u00a6\u00fcn-150x150.jpg\" alt=\"logo-De-sentido-comu\u00a6\u00fcn\" width=\"150\" height=\"150\" \/><\/a>La crisi econ\u00f2mica \u00e9s cosa de tots, per aix\u00f2 deixant de banda els experts, les dades enrevessades i les xifres preocupants el film ens ofereix una visi\u00f3 m\u00e9s propera del problema i de les seves possibles solucions; mitjan\u00e7ant un programa de r\u00e0dio en un petit mitj\u00e0 local es d\u00f3na pas a l&#039;opini\u00f3 de professors, estudiants i treballadors.<\/p>\n<p>Director \u2013 Isabel S\u00e1ez P\u00e9rez \/ Blanca Soler Delgado<br \/>\nPa\u00eds \u2013 Espanya<br \/>\nDurada \u2013 68 mins.<br \/>\nAny de producci\u00f3 \u2013 2014.<\/p>\n<p><iframe loading=\"lazy\" src=\"\/\/player.vimeo.com\/video\/93155386\" width=\"500\" height=\"281\" frameborder=\"0\" allowfullscreen=\"allowfullscreen\"><\/iframe><\/p>","protected":false},"excerpt":{"rendered":"<p>La crisis econ\u00f3mica es cosa de todos, por ello dejando de lado a los expertos, los datos enrevesados y las cifras preocupantes el filme nos ofrece una visi\u00f3n m\u00e1s cercana del problema y de sus posibles soluciones; a trav\u00e9s de un programa de radio en un peque\u00f1o medio local se da paso a la opini\u00f3n [&hellip;]<\/p>\n","protected":false},"author":2,"featured_media":0,"parent":2319,"menu_order":10,"comment_status":"closed","ping_status":"closed","template":"","meta":{"_et_pb_use_builder":"","_et_pb_old_content":"","_et_gb_content_width":"","_uf_show_specific_survey":0,"_uf_disable_surveys":false,"footnotes":""},"class_list":["post-2350","page","type-page","status-publish","hentry"],"aioseo_notices":[],"_links":{"self":[{"href":"https:\/\/fundacionporlajusticia.org\/va\/wp-json\/wp\/v2\/pages\/2350","targetHints":{"allow":["GET"]}}],"collection":[{"href":"https:\/\/fundacionporlajusticia.org\/va\/wp-json\/wp\/v2\/pages"}],"about":[{"href":"https:\/\/fundacionporlajusticia.org\/va\/wp-json\/wp\/v2\/types\/page"}],"author":[{"embeddable":true,"href":"https:\/\/fundacionporlajusticia.org\/va\/wp-json\/wp\/v2\/users\/2"}],"replies":[{"embeddable":true,"href":"https:\/\/fundacionporlajusticia.org\/va\/wp-json\/wp\/v2\/comments?post=2350"}],"version-history":[{"count":1,"href":"https:\/\/fundacionporlajusticia.org\/va\/wp-json\/wp\/v2\/pages\/2350\/revisions"}],"predecessor-version":[{"id":2832,"href":"https:\/\/fundacionporlajusticia.org\/va\/wp-json\/wp\/v2\/pages\/2350\/revisions\/2832"}],"up":[{"embeddable":true,"href":"https:\/\/fundacionporlajusticia.org\/va\/wp-json\/wp\/v2\/pages\/2319"}],"wp:attachment":[{"href":"https:\/\/fundacionporlajusticia.org\/va\/wp-json\/wp\/v2\/media?parent=2350"}],"curies":[{"name":"wp","href":"https:\/\/api.w.org\/{rel}","templated":true}]}}