{"id":2346,"date":"2014-10-07T09:44:05","date_gmt":"2014-10-07T09:44:05","guid":{"rendered":"https:\/\/fundacionporlajusticia.accesia.info\/?page_id=510"},"modified":"2022-03-21T16:23:39","modified_gmt":"2022-03-21T16:23:39","slug":"un-loro-en-la-horchateria","status":"publish","type":"page","link":"https:\/\/fundacionporlajusticia.org\/va\/humansfest\/el_festival\/2015-edicion-vi\/seccion-oficial-2\/un-loro-en-la-horchateria\/","title":{"rendered":"Un lloro a l&#039;orxateria"},"content":{"rendered":"<p style=\"color: #48423f;\"><a href=\"https:\/\/fundacionporlajusticia.org\/wp-content\/uploads\/2014\/09\/POSTER-UN-LORO-EN-LA-ORCHATERIA_CAST-LQ.jpg\"><img loading=\"lazy\" decoding=\"async\" class=\"size-medium wp-image-282 alignleft\" src=\"https:\/\/fundacionporlajusticia.org\/wp-content\/uploads\/2014\/09\/POSTER-UN-LORO-EN-LA-ORCHATERIA_CAST-LQ-212x300.jpg\" alt=\"POSTER UN LORO EN LA ORCHATERIA_CAST LQ\" width=\"212\" height=\"300\" \/><\/a>Al tradicional barri del Raval de Barcelona les perruqueries s&#039;acumulen les unes al costat de les altres, totes ofereixen el mateix servei, per\u00f2 a cadascuna depenent de la nacionalitat del seu encarregat i de la clientela que les freq\u00fcenta trobem una visi\u00f3 totalment diferent de la mateixa realitat.<\/p>\n<p>Director \u2013 In\u00e9s Thomsen<br \/>\nPa\u00eds \u2013 Espanya<br \/>\nDurada \u2013 80 mins.<br \/>\nAny de producci\u00f3 \u2013 2014.<br \/>\n<a href=\"http:\/\/www.polarstarfilms.com\/es\/d_un-loro-en-la-horchateria.php#\" target=\"_blank\" rel=\"noopener\">WEB OFICIAL<\/a><\/p>","protected":false},"excerpt":{"rendered":"<p>En el tradicional barrio del Raval de Barcelona las peluquer\u00edas se acumulan las unas junto a las otras, todas ofrecen el mismo servicio, pero en cada una de ellas dependiendo de la nacionalidad de su encargado y de la clientela que las frecuenta encontramos una visi\u00f3n totalmente distinta de la misma realidad. Director \u2013 In\u00e9s [&hellip;]<\/p>\n","protected":false},"author":2,"featured_media":0,"parent":2319,"menu_order":9,"comment_status":"closed","ping_status":"closed","template":"","meta":{"_et_pb_use_builder":"","_et_pb_old_content":"","_et_gb_content_width":"","_uf_show_specific_survey":0,"_uf_disable_surveys":false,"footnotes":""},"class_list":["post-2346","page","type-page","status-publish","hentry"],"aioseo_notices":[],"_links":{"self":[{"href":"https:\/\/fundacionporlajusticia.org\/va\/wp-json\/wp\/v2\/pages\/2346","targetHints":{"allow":["GET"]}}],"collection":[{"href":"https:\/\/fundacionporlajusticia.org\/va\/wp-json\/wp\/v2\/pages"}],"about":[{"href":"https:\/\/fundacionporlajusticia.org\/va\/wp-json\/wp\/v2\/types\/page"}],"author":[{"embeddable":true,"href":"https:\/\/fundacionporlajusticia.org\/va\/wp-json\/wp\/v2\/users\/2"}],"replies":[{"embeddable":true,"href":"https:\/\/fundacionporlajusticia.org\/va\/wp-json\/wp\/v2\/comments?post=2346"}],"version-history":[{"count":1,"href":"https:\/\/fundacionporlajusticia.org\/va\/wp-json\/wp\/v2\/pages\/2346\/revisions"}],"predecessor-version":[{"id":3531,"href":"https:\/\/fundacionporlajusticia.org\/va\/wp-json\/wp\/v2\/pages\/2346\/revisions\/3531"}],"up":[{"embeddable":true,"href":"https:\/\/fundacionporlajusticia.org\/va\/wp-json\/wp\/v2\/pages\/2319"}],"wp:attachment":[{"href":"https:\/\/fundacionporlajusticia.org\/va\/wp-json\/wp\/v2\/media?parent=2346"}],"curies":[{"name":"wp","href":"https:\/\/api.w.org\/{rel}","templated":true}]}}