{"id":2342,"date":"2014-10-07T09:31:55","date_gmt":"2014-10-07T09:31:55","guid":{"rendered":"https:\/\/fundacionporlajusticia.accesia.info\/?page_id=502"},"modified":"2022-03-21T16:23:38","modified_gmt":"2022-03-21T16:23:38","slug":"gurba-la-condena","status":"publish","type":"page","link":"https:\/\/fundacionporlajusticia.org\/va\/humansfest\/el_festival\/2015-edicion-vi\/seccion-oficial-2\/gurba-la-condena\/","title":{"rendered":"\u00a0GURBA, La Condemna"},"content":{"rendered":"<p style=\"color: #48423f;\"><a href=\"https:\/\/fundacionporlajusticia.org\/wp-content\/uploads\/2014\/09\/GURBA-LA-CONDENA-1.png\"><img loading=\"lazy\" decoding=\"async\" class=\"alignleft wp-image-295\" src=\"https:\/\/fundacionporlajusticia.org\/wp-content\/uploads\/2014\/09\/GURBA-LA-CONDENA-1-300x167.png\" alt=\"GURBA-LA-CONDENA (1)\" width=\"290\" height=\"162\" \/><\/a><\/p>\n<p style=\"color: #48423f; text-align: justify;\">Des de fa 40 anys el poble Saharaui viu en un exili imposat, les condicions de vida lluny de la seva terra s\u00f3n extremadament dures; GURBA analitza les causes i les conseq\u00fc\u00e8ncies de l&#039;ocupaci\u00f3 Marroquina als territoris del S\u00e0hara Occidental i recull el testimoni d&#039;alguns refugiats.<\/p>\n<p>Director \u2013 Miguel \u00c1ngel Tob\u00edas<br \/>\nPa\u00eds \u2013 Espanya<br \/>\nDurada \u2013 70 mins.<br \/>\nAny de producci\u00f3 \u2013 2014.<\/p>\n<p><iframe loading=\"lazy\" src=\"\/\/player.vimeo.com\/video\/62359105\" width=\"500\" height=\"281\" frameborder=\"0\" allowfullscreen=\"allowfullscreen\"><\/iframe><\/p>","protected":false},"excerpt":{"rendered":"<p>Desde hace 40 a\u00f1os el pueblo Saharaui vive en un exilio impuesto, las condiciones de vida lejos de su tierra son adem\u00e1s extremadamente duras; GURBA analiza las causas y las consecuencias de la ocupaci\u00f3n Marroqu\u00ed en los territorios del S\u00e1hara Occidental y recoge el testimonio de algunos de estos refugiados. Director \u2013 Miguel \u00c1ngel Tob\u00edas [&hellip;]<\/p>\n","protected":false},"author":2,"featured_media":0,"parent":2319,"menu_order":7,"comment_status":"closed","ping_status":"closed","template":"","meta":{"_et_pb_use_builder":"","_et_pb_old_content":"","_et_gb_content_width":"","_uf_show_specific_survey":0,"_uf_disable_surveys":false,"footnotes":""},"class_list":["post-2342","page","type-page","status-publish","hentry"],"aioseo_notices":[],"_links":{"self":[{"href":"https:\/\/fundacionporlajusticia.org\/va\/wp-json\/wp\/v2\/pages\/2342","targetHints":{"allow":["GET"]}}],"collection":[{"href":"https:\/\/fundacionporlajusticia.org\/va\/wp-json\/wp\/v2\/pages"}],"about":[{"href":"https:\/\/fundacionporlajusticia.org\/va\/wp-json\/wp\/v2\/types\/page"}],"author":[{"embeddable":true,"href":"https:\/\/fundacionporlajusticia.org\/va\/wp-json\/wp\/v2\/users\/2"}],"replies":[{"embeddable":true,"href":"https:\/\/fundacionporlajusticia.org\/va\/wp-json\/wp\/v2\/comments?post=2342"}],"version-history":[{"count":1,"href":"https:\/\/fundacionporlajusticia.org\/va\/wp-json\/wp\/v2\/pages\/2342\/revisions"}],"predecessor-version":[{"id":3529,"href":"https:\/\/fundacionporlajusticia.org\/va\/wp-json\/wp\/v2\/pages\/2342\/revisions\/3529"}],"up":[{"embeddable":true,"href":"https:\/\/fundacionporlajusticia.org\/va\/wp-json\/wp\/v2\/pages\/2319"}],"wp:attachment":[{"href":"https:\/\/fundacionporlajusticia.org\/va\/wp-json\/wp\/v2\/media?parent=2342"}],"curies":[{"name":"wp","href":"https:\/\/api.w.org\/{rel}","templated":true}]}}