{"id":2340,"date":"2014-10-07T09:29:01","date_gmt":"2014-10-07T09:29:01","guid":{"rendered":"https:\/\/fundacionporlajusticia.accesia.info\/?page_id=499"},"modified":"2022-03-21T16:23:38","modified_gmt":"2022-03-21T16:23:38","slug":"de-cometas-y-fronteras","status":"publish","type":"page","link":"https:\/\/fundacionporlajusticia.org\/va\/humansfest\/el_festival\/2015-edicion-vi\/seccion-oficial-2\/de-cometas-y-fronteras\/","title":{"rendered":"D&#039;estels i fronteres"},"content":{"rendered":"<p style=\"color: #48423f;\"><a href=\"https:\/\/fundacionporlajusticia.org\/wp-content\/uploads\/2014\/09\/ofkitesborders_cartel_completo_small.jpg\"><img loading=\"lazy\" decoding=\"async\" class=\"alignleft wp-image-291 size-thumbnail\" src=\"https:\/\/fundacionporlajusticia.org\/wp-content\/uploads\/2014\/09\/ofkitesborders_cartel_completo_small-150x150.jpg\" alt=\"K&amp;B_cartel_6_preview\" width=\"150\" height=\"150\" \/><\/a><\/p>\n<p style=\"color: #48423f; text-align: justify;\">A Tijuana, frontera entre M\u00e8xic i els Estats Units, els nens i adolescents parlen dels seus somnis i il\u00b7lusions, fantasiejant amb tot all\u00f2 que queda a l&#039;altra banda del mur, per\u00f2 sent conscients de la crua realitat a qu\u00e8 s&#039;han d&#039;enfrontar di\u00e0riament, quedant aix\u00ed gaireb\u00e9 dilu\u00efda la seva \u201caltra frontera\u201d, la transici\u00f3 entre la inf\u00e0ncia i la vida adulta.<br \/>\nDirector \u2013 Yolanda Pividal<br \/>\nPa\u00eds \u2013 Estats Units \/ M\u00e8xic<br \/>\nDurada \u2013 58 mins.<br \/>\nAny de producci\u00f3 \u2013 2013.<\/p>\n<p><iframe loading=\"lazy\" src=\"\/\/www.youtube.com\/embed\/EwZLsPLaEnY\" width=\"560\" height=\"315\" frameborder=\"0\" allowfullscreen=\"allowfullscreen\"><\/iframe><\/p>","protected":false},"excerpt":{"rendered":"<p>En Tijuana, frontera entre M\u00e9xico y Estados Unidos, los ni\u00f1os y adolescentes hablan de sus sue\u00f1os e ilusiones, fantaseando con todo aquello que queda al otro lado del muro, pero siendo conscientes de la cruda realidad a la que deben enfrentarse diariamente, quedando as\u00ed casi diluida su \u201cotra frontera\u201d, la transici\u00f3n entre la infancia y [&hellip;]<\/p>\n","protected":false},"author":2,"featured_media":0,"parent":2319,"menu_order":6,"comment_status":"closed","ping_status":"closed","template":"","meta":{"_et_pb_use_builder":"","_et_pb_old_content":"","_et_gb_content_width":"","_uf_show_specific_survey":0,"_uf_disable_surveys":false,"footnotes":""},"class_list":["post-2340","page","type-page","status-publish","hentry"],"aioseo_notices":[],"_links":{"self":[{"href":"https:\/\/fundacionporlajusticia.org\/va\/wp-json\/wp\/v2\/pages\/2340","targetHints":{"allow":["GET"]}}],"collection":[{"href":"https:\/\/fundacionporlajusticia.org\/va\/wp-json\/wp\/v2\/pages"}],"about":[{"href":"https:\/\/fundacionporlajusticia.org\/va\/wp-json\/wp\/v2\/types\/page"}],"author":[{"embeddable":true,"href":"https:\/\/fundacionporlajusticia.org\/va\/wp-json\/wp\/v2\/users\/2"}],"replies":[{"embeddable":true,"href":"https:\/\/fundacionporlajusticia.org\/va\/wp-json\/wp\/v2\/comments?post=2340"}],"version-history":[{"count":1,"href":"https:\/\/fundacionporlajusticia.org\/va\/wp-json\/wp\/v2\/pages\/2340\/revisions"}],"predecessor-version":[{"id":3528,"href":"https:\/\/fundacionporlajusticia.org\/va\/wp-json\/wp\/v2\/pages\/2340\/revisions\/3528"}],"up":[{"embeddable":true,"href":"https:\/\/fundacionporlajusticia.org\/va\/wp-json\/wp\/v2\/pages\/2319"}],"wp:attachment":[{"href":"https:\/\/fundacionporlajusticia.org\/va\/wp-json\/wp\/v2\/media?parent=2340"}],"curies":[{"name":"wp","href":"https:\/\/api.w.org\/{rel}","templated":true}]}}