{"id":2338,"date":"2014-10-07T09:26:35","date_gmt":"2014-10-07T09:26:35","guid":{"rendered":"https:\/\/fundacionporlajusticia.accesia.info\/?page_id=496"},"modified":"2022-03-21T16:23:32","modified_gmt":"2022-03-21T16:23:32","slug":"gabor","status":"publish","type":"page","link":"https:\/\/fundacionporlajusticia.org\/va\/humansfest\/el_festival\/2015-edicion-vi\/seccion-oficial-2\/gabor\/","title":{"rendered":"Gabor"},"content":{"rendered":"<p style=\"color: #48423f;\"><a href=\"https:\/\/fundacionporlajusticia.org\/wp-content\/uploads\/2014\/09\/gabor.jpg\"><img loading=\"lazy\" decoding=\"async\" class=\"alignleft wp-image-288 size-thumbnail\" src=\"https:\/\/fundacionporlajusticia.org\/wp-content\/uploads\/2014\/09\/gabor-150x150.jpg\" alt=\"gabor\" width=\"150\" height=\"150\" \/><\/a><\/p>\n<p style=\"color: #48423f; text-align: justify;\">Gabor \u00e9s una hist\u00f2ria que ens parla de l&#039;autosuperaci\u00f3, dels avatars de la vida i de les oportunitats que ens brinda. Un experimentat director de fotografia que professa una aut\u00e8ntica passi\u00f3 per la seva feina s&#039;ha d&#039;enfrontar al repte m\u00e9s gran de la seva vida, dirigir la fotografia d&#039;un curtmetratge despr\u00e9s d&#039;haver perdut el sentit de la vista.<br \/>\nDirector \u2013 Sebasti\u00e0 Alfie<br \/>\nPa\u00eds \u2013 Espanya<br \/>\nDurada \u2013 80 mins.<br \/>\nAny de producci\u00f3 \u2013 2013.<\/p>\n<p><iframe loading=\"lazy\" src=\"\/\/player.vimeo.com\/video\/78895123\" width=\"500\" height=\"281\" frameborder=\"0\" allowfullscreen=\"allowfullscreen\"><\/iframe><br \/>\n<a href=\"http:\/\/vimeo.com\/78895123\">TRAILER GABOR<\/a> from <a href=\"http:\/\/vimeo.com\/sebastianalfie\">sebastian alfie<\/a> on <a href=\"https:\/\/vimeo.com\">Vimeo<\/a>.<\/p>","protected":false},"excerpt":{"rendered":"<p>Gabor es una historia que nos habla de la autosuperaci\u00f3n, de los avatares de la vida y de las oportunidades que esta nos brinda. Un experimentado director de fotograf\u00eda que profesa una aut\u00e9ntica pasi\u00f3n por su trabajo debe enfrentarse al mayor reto de su vida, dirigir la fotograf\u00eda de un cortometraje tras haber perdido el [&hellip;]<\/p>\n","protected":false},"author":2,"featured_media":0,"parent":2319,"menu_order":5,"comment_status":"closed","ping_status":"closed","template":"","meta":{"_et_pb_use_builder":"","_et_pb_old_content":"","_et_gb_content_width":"","_uf_show_specific_survey":0,"_uf_disable_surveys":false,"footnotes":""},"class_list":["post-2338","page","type-page","status-publish","hentry"],"aioseo_notices":[],"_links":{"self":[{"href":"https:\/\/fundacionporlajusticia.org\/va\/wp-json\/wp\/v2\/pages\/2338","targetHints":{"allow":["GET"]}}],"collection":[{"href":"https:\/\/fundacionporlajusticia.org\/va\/wp-json\/wp\/v2\/pages"}],"about":[{"href":"https:\/\/fundacionporlajusticia.org\/va\/wp-json\/wp\/v2\/types\/page"}],"author":[{"embeddable":true,"href":"https:\/\/fundacionporlajusticia.org\/va\/wp-json\/wp\/v2\/users\/2"}],"replies":[{"embeddable":true,"href":"https:\/\/fundacionporlajusticia.org\/va\/wp-json\/wp\/v2\/comments?post=2338"}],"version-history":[{"count":1,"href":"https:\/\/fundacionporlajusticia.org\/va\/wp-json\/wp\/v2\/pages\/2338\/revisions"}],"predecessor-version":[{"id":3527,"href":"https:\/\/fundacionporlajusticia.org\/va\/wp-json\/wp\/v2\/pages\/2338\/revisions\/3527"}],"up":[{"embeddable":true,"href":"https:\/\/fundacionporlajusticia.org\/va\/wp-json\/wp\/v2\/pages\/2319"}],"wp:attachment":[{"href":"https:\/\/fundacionporlajusticia.org\/va\/wp-json\/wp\/v2\/media?parent=2338"}],"curies":[{"name":"wp","href":"https:\/\/api.w.org\/{rel}","templated":true}]}}