{"id":2336,"date":"2014-10-07T09:24:07","date_gmt":"2014-10-07T09:24:07","guid":{"rendered":"https:\/\/fundacionporlajusticia.accesia.info\/?page_id=486"},"modified":"2022-03-21T16:23:31","modified_gmt":"2022-03-21T16:23:31","slug":"ruina","status":"publish","type":"page","link":"https:\/\/fundacionporlajusticia.org\/va\/humansfest\/el_festival\/2015-edicion-vi\/seccion-oficial-2\/ruina\/","title":{"rendered":"Ru\u00efna"},"content":{"rendered":"<p style=\"color: #48423f; text-align: justify;\"><a style=\"color: #00b7f3;\" href=\"https:\/\/fundacionporlajusticia.org\/wp-content\/uploads\/2014\/09\/ruina.jpg\"><img loading=\"lazy\" decoding=\"async\" class=\"alignleft wp-image-305 size-medium\" src=\"https:\/\/fundacionporlajusticia.org\/wp-content\/uploads\/2014\/09\/ruina-300x225.jpg\" alt=\"ruina\" width=\"300\" height=\"225\" \/><\/a>Ru\u00efna ens presenta als habitants de la Torre Confinanzas; l&#039;inacabat gratacels de m\u00e9s de 200 metres d&#039;al\u00e7ada abandonat al bell mig de Caracas (Vene\u00e7uela) despr\u00e9s d&#039;una pronunciada crisi financera \u00e9s ara refugi per a multitud de fam\u00edlies amb escassos recursos econ\u00f2mics.<\/p>\n<p>Director \u2013 Markus Lenz<br \/>\nPa\u00eds \u2013 Alemanya<br \/>\nDurada \u2013 73 mins.<br \/>\nAny de producci\u00f3 \u2013 2014<\/p>\n<p><embed src=\"http:\/\/jedensvet.cz\/2014\/extApps\/flvPlayer\/player.swf\" width=\"690\" height=\"380\"><\/embed><\/p>","protected":false},"excerpt":{"rendered":"<p>Ruina nos presenta a los habitantes de la Torre Confinanzas; el inacabado rascacielos de m\u00e1s de 200 metros de altura abandonado en pleno centro de Caracas (Venezuela) tras una pronunciada crisis financiera es ahora refugio para multitud de familias con escasos recursos econ\u00f3micos. Director \u2013 Markus Lenz Pa\u00eds \u2013 Alemania Duraci\u00f3n \u2013 73 mins. A\u00f1o [&hellip;]<\/p>\n","protected":false},"author":2,"featured_media":0,"parent":2319,"menu_order":4,"comment_status":"closed","ping_status":"closed","template":"","meta":{"_et_pb_use_builder":"","_et_pb_old_content":"","_et_gb_content_width":"","_uf_show_specific_survey":0,"_uf_disable_surveys":false,"footnotes":""},"class_list":["post-2336","page","type-page","status-publish","hentry"],"aioseo_notices":[],"_links":{"self":[{"href":"https:\/\/fundacionporlajusticia.org\/va\/wp-json\/wp\/v2\/pages\/2336","targetHints":{"allow":["GET"]}}],"collection":[{"href":"https:\/\/fundacionporlajusticia.org\/va\/wp-json\/wp\/v2\/pages"}],"about":[{"href":"https:\/\/fundacionporlajusticia.org\/va\/wp-json\/wp\/v2\/types\/page"}],"author":[{"embeddable":true,"href":"https:\/\/fundacionporlajusticia.org\/va\/wp-json\/wp\/v2\/users\/2"}],"replies":[{"embeddable":true,"href":"https:\/\/fundacionporlajusticia.org\/va\/wp-json\/wp\/v2\/comments?post=2336"}],"version-history":[{"count":1,"href":"https:\/\/fundacionporlajusticia.org\/va\/wp-json\/wp\/v2\/pages\/2336\/revisions"}],"predecessor-version":[{"id":3526,"href":"https:\/\/fundacionporlajusticia.org\/va\/wp-json\/wp\/v2\/pages\/2336\/revisions\/3526"}],"up":[{"embeddable":true,"href":"https:\/\/fundacionporlajusticia.org\/va\/wp-json\/wp\/v2\/pages\/2319"}],"wp:attachment":[{"href":"https:\/\/fundacionporlajusticia.org\/va\/wp-json\/wp\/v2\/media?parent=2336"}],"curies":[{"name":"wp","href":"https:\/\/api.w.org\/{rel}","templated":true}]}}