{"id":2334,"date":"2014-10-07T09:21:51","date_gmt":"2014-10-07T09:21:51","guid":{"rendered":"https:\/\/fundacionporlajusticia.accesia.info\/?page_id=483"},"modified":"2022-03-21T16:23:28","modified_gmt":"2022-03-21T16:23:28","slug":"los-anos-salvajes","status":"publish","type":"page","link":"https:\/\/fundacionporlajusticia.org\/va\/humansfest\/el_festival\/2015-edicion-vi\/seccion-oficial-2\/los-anos-salvajes\/","title":{"rendered":"\u00a0Els anys salvatges"},"content":{"rendered":"<div style=\"color: #000000;\"><a href=\"https:\/\/fundacionporlajusticia.org\/wp-content\/uploads\/2014\/09\/los-an\u00a6\u00e2os-salvajes.jpg\"><img loading=\"lazy\" decoding=\"async\" class=\"alignleft wp-image-290 size-thumbnail\" src=\"https:\/\/fundacionporlajusticia.org\/wp-content\/uploads\/2014\/09\/los-an\u00a6\u00e2os-salvajes-150x150.jpg\" alt=\"los an\u00a6\u00e2os salvajes\" width=\"150\" height=\"150\" \/><\/a><\/div>\n<p style=\"color: #48423f; text-align: justify;\">Aquest \u00e9s el viatge personal de Daniel, Yohannes i Habtom, tres nens d&#039;entre 9 i 12 anys que malviuen als carrers d&#039;Addis Abeba, la capital d&#039;Eti\u00f2pia, on 270.000 nens m\u00e9s del carrer corren la mateixa sort. Durant el viatge descobrirem els seus secrets, els seus pensaments i el que esperen del futur.<\/p>\n<p>Director \u2013 Ventura Durall<br \/>\nPa\u00eds \u2013 Espanya \/ Eti\u00f2pia<br \/>\nDurada \u2013 73 mins.<br \/>\nAny de producci\u00f3 \u2013 2013.<\/p>\n<p><iframe loading=\"lazy\" src=\"\/\/www.youtube.com\/embed\/wcz_nmb-tcE\" width=\"560\" height=\"315\" frameborder=\"0\" allowfullscreen=\"allowfullscreen\"><\/iframe><\/p>","protected":false},"excerpt":{"rendered":"<p>\u00c9ste es el viaje personal de Daniel, Yohannes y Habtom, tres ni\u00f1os de entre 9 y 12 a\u00f1os que malviven en las calles de Addis Abeba, la capital de Etiop\u00eda, donde otros 270.000 ni\u00f1os de la calle corren su misma suerte. Durante su viaje descubriremos sus secretos, sus pensamientos y lo que esperan del futuro. [&hellip;]<\/p>\n","protected":false},"author":2,"featured_media":0,"parent":2319,"menu_order":3,"comment_status":"closed","ping_status":"closed","template":"","meta":{"_et_pb_use_builder":"","_et_pb_old_content":"","_et_gb_content_width":"","_uf_show_specific_survey":0,"_uf_disable_surveys":false,"footnotes":""},"class_list":["post-2334","page","type-page","status-publish","hentry"],"aioseo_notices":[],"_links":{"self":[{"href":"https:\/\/fundacionporlajusticia.org\/va\/wp-json\/wp\/v2\/pages\/2334","targetHints":{"allow":["GET"]}}],"collection":[{"href":"https:\/\/fundacionporlajusticia.org\/va\/wp-json\/wp\/v2\/pages"}],"about":[{"href":"https:\/\/fundacionporlajusticia.org\/va\/wp-json\/wp\/v2\/types\/page"}],"author":[{"embeddable":true,"href":"https:\/\/fundacionporlajusticia.org\/va\/wp-json\/wp\/v2\/users\/2"}],"replies":[{"embeddable":true,"href":"https:\/\/fundacionporlajusticia.org\/va\/wp-json\/wp\/v2\/comments?post=2334"}],"version-history":[{"count":1,"href":"https:\/\/fundacionporlajusticia.org\/va\/wp-json\/wp\/v2\/pages\/2334\/revisions"}],"predecessor-version":[{"id":3525,"href":"https:\/\/fundacionporlajusticia.org\/va\/wp-json\/wp\/v2\/pages\/2334\/revisions\/3525"}],"up":[{"embeddable":true,"href":"https:\/\/fundacionporlajusticia.org\/va\/wp-json\/wp\/v2\/pages\/2319"}],"wp:attachment":[{"href":"https:\/\/fundacionporlajusticia.org\/va\/wp-json\/wp\/v2\/media?parent=2334"}],"curies":[{"name":"wp","href":"https:\/\/api.w.org\/{rel}","templated":true}]}}