{"id":2332,"date":"2014-10-07T09:17:15","date_gmt":"2014-10-07T09:17:15","guid":{"rendered":"https:\/\/fundacionporlajusticia.accesia.info\/?page_id=477"},"modified":"2022-03-21T16:23:20","modified_gmt":"2022-03-21T16:23:20","slug":"mataron-a-mi-hermano","status":"publish","type":"page","link":"https:\/\/fundacionporlajusticia.org\/va\/humansfest\/el_festival\/2015-edicion-vi\/seccion-oficial-2\/mataron-a-mi-hermano\/","title":{"rendered":"Van matar el meu germ\u00e0"},"content":{"rendered":"<p style=\"color: #48423f;\"><a href=\"https:\/\/fundacionporlajusticia.org\/wp-content\/uploads\/2014\/09\/Foto-Cristiano-Burlan.jpg\"><img loading=\"lazy\" decoding=\"async\" class=\"alignleft wp-image-286 size-thumbnail\" src=\"https:\/\/fundacionporlajusticia.org\/wp-content\/uploads\/2014\/09\/Foto-Cristiano-Burlan-150x150.jpg\" alt=\"Foto Cristiano Burlan\" width=\"150\" height=\"150\" \/><\/a><\/p>\n<p style=\"color: #48423f; text-align: justify;\">El director Cristiano Burlan s&#039;embarca en una croada personal per intentar reconstruir els fets esdevinguts la fat\u00eddica nit del 5 d&#039;octubre del 2001, quan el seu germ\u00e0 Rafael va ser assassinat per l&#039;esquena despr\u00e9s de rebre 7 trets a boca de can\u00f3 en un barri de Sao Paulo.<\/p>\n<p>Director \u2013 Cristi\u00e0 Burlan<br \/>\nPa\u00eds \u2013 Brasil<br \/>\nDurada \u2013 77 mins.<br \/>\nAny de producci\u00f3 \u2013 2013.<\/p>\n<p style=\"color: #48423f;\"><iframe loading=\"lazy\" src=\"\/\/www.youtube.com\/embed\/hSuv12slfNY\" width=\"560\" height=\"315\" frameborder=\"0\" allowfullscreen=\"allowfullscreen\"><\/iframe><\/p>","protected":false},"excerpt":{"rendered":"<p>El director Cristiano Burlan se embarca en una cruzada personal para tratar de reconstruir los hechos acaecidos en la fat\u00eddica noche del 5 de Octubre de 2001, cuando su hermano Rafael fue asesinado por la espalda tras recibir 7 disparos a quemarropa en un barrio de Sao Paulo. Director \u2013 Cristiano Burlan Pa\u00eds \u2013 Brasil [&hellip;]<\/p>\n","protected":false},"author":2,"featured_media":0,"parent":2319,"menu_order":2,"comment_status":"closed","ping_status":"closed","template":"","meta":{"_et_pb_use_builder":"","_et_pb_old_content":"","_et_gb_content_width":"","_uf_show_specific_survey":0,"_uf_disable_surveys":false,"footnotes":""},"class_list":["post-2332","page","type-page","status-publish","hentry"],"aioseo_notices":[],"_links":{"self":[{"href":"https:\/\/fundacionporlajusticia.org\/va\/wp-json\/wp\/v2\/pages\/2332","targetHints":{"allow":["GET"]}}],"collection":[{"href":"https:\/\/fundacionporlajusticia.org\/va\/wp-json\/wp\/v2\/pages"}],"about":[{"href":"https:\/\/fundacionporlajusticia.org\/va\/wp-json\/wp\/v2\/types\/page"}],"author":[{"embeddable":true,"href":"https:\/\/fundacionporlajusticia.org\/va\/wp-json\/wp\/v2\/users\/2"}],"replies":[{"embeddable":true,"href":"https:\/\/fundacionporlajusticia.org\/va\/wp-json\/wp\/v2\/comments?post=2332"}],"version-history":[{"count":1,"href":"https:\/\/fundacionporlajusticia.org\/va\/wp-json\/wp\/v2\/pages\/2332\/revisions"}],"predecessor-version":[{"id":3524,"href":"https:\/\/fundacionporlajusticia.org\/va\/wp-json\/wp\/v2\/pages\/2332\/revisions\/3524"}],"up":[{"embeddable":true,"href":"https:\/\/fundacionporlajusticia.org\/va\/wp-json\/wp\/v2\/pages\/2319"}],"wp:attachment":[{"href":"https:\/\/fundacionporlajusticia.org\/va\/wp-json\/wp\/v2\/media?parent=2332"}],"curies":[{"name":"wp","href":"https:\/\/api.w.org\/{rel}","templated":true}]}}