{"id":2330,"date":"2014-10-07T09:08:34","date_gmt":"2014-10-07T09:08:34","guid":{"rendered":"https:\/\/fundacionporlajusticia.accesia.info\/?page_id=466"},"modified":"2022-03-21T16:23:20","modified_gmt":"2022-03-21T16:23:20","slug":"475-cuando-el-matrimonio-se-convierte-en-castigo","status":"publish","type":"page","link":"https:\/\/fundacionporlajusticia.org\/va\/humansfest\/el_festival\/2015-edicion-vi\/seccion-oficial-2\/475-cuando-el-matrimonio-se-convierte-en-castigo\/","title":{"rendered":"475: Quan el matrimoni es converteix en c\u00e0stig"},"content":{"rendered":"<p style=\"color: #48423f;\"><strong style=\"color: #1c1c1c;\">\u00a0<\/strong><\/p>\n<p style=\"color: #48423f;\"><strong style=\"color: #1c1c1c;\"><a style=\"color: #00b7f3;\" href=\"https:\/\/fundacionporlajusticia.org\/wp-content\/uploads\/2014\/09\/4b3328af11862ca4efcb6584a2eb0a2c_large1.jpg\"><img loading=\"lazy\" decoding=\"async\" class=\"alignleft wp-image-280 size-thumbnail\" src=\"https:\/\/fundacionporlajusticia.org\/wp-content\/uploads\/2014\/09\/4b3328af11862ca4efcb6584a2eb0a2c_large1-150x150.jpg\" alt=\"475\" width=\"150\" height=\"150\" \/><\/a><\/strong><\/p>\n<p style=\"color: #48423f; text-align: justify;\">L&#039;article 475 del codi penal Marroqu\u00ed diu que un home que hagi com\u00e8s un acte de violaci\u00f3 pot evitar la seva condemna si posteriorment es casa amb la v\u00edctima de la violaci\u00f3. Moltes dones al Marroc s\u00f3n for\u00e7ades cada any a contraure matrimoni amb els seus agressors, aquesta \u00e9s la seva hist\u00f2ria.<\/p>\n<p>Director \u2013 Nadir Bouhmouch<br \/>\nPa\u00eds \u2013 Marroc<br \/>\nDurada \u2013 60 mins.<br \/>\nAny de producci\u00f3 \u2013 2013.<\/p>\n<p><iframe loading=\"lazy\" src=\"https:\/\/www.kickstarter.com\/projects\/article475\/475-when-marriage-becomes-punishment\/widget\/video.html\" width=\"480\" height=\"360\" frameborder=\"0\" scrolling=\"no\"> <\/iframe><\/p>","protected":false},"excerpt":{"rendered":"<p>\u00a0 El art\u00edculo 475 del c\u00f3digo penal Marroqu\u00ed dice que un hombre que haya cometido un acto de violaci\u00f3n puede evitar su condena si \u00e9ste posteriormente se casa con la v\u00edctima de la violaci\u00f3n. Muchas mujeres en Marruecos son forzadas cada a\u00f1o a contraer matrimonio con sus agresores, esta es su historia. Director \u2013 Nadir [&hellip;]<\/p>\n","protected":false},"author":2,"featured_media":0,"parent":2319,"menu_order":1,"comment_status":"closed","ping_status":"closed","template":"","meta":{"_et_pb_use_builder":"","_et_pb_old_content":"","_et_gb_content_width":"","_uf_show_specific_survey":0,"_uf_disable_surveys":false,"footnotes":""},"class_list":["post-2330","page","type-page","status-publish","hentry"],"aioseo_notices":[],"_links":{"self":[{"href":"https:\/\/fundacionporlajusticia.org\/va\/wp-json\/wp\/v2\/pages\/2330","targetHints":{"allow":["GET"]}}],"collection":[{"href":"https:\/\/fundacionporlajusticia.org\/va\/wp-json\/wp\/v2\/pages"}],"about":[{"href":"https:\/\/fundacionporlajusticia.org\/va\/wp-json\/wp\/v2\/types\/page"}],"author":[{"embeddable":true,"href":"https:\/\/fundacionporlajusticia.org\/va\/wp-json\/wp\/v2\/users\/2"}],"replies":[{"embeddable":true,"href":"https:\/\/fundacionporlajusticia.org\/va\/wp-json\/wp\/v2\/comments?post=2330"}],"version-history":[{"count":1,"href":"https:\/\/fundacionporlajusticia.org\/va\/wp-json\/wp\/v2\/pages\/2330\/revisions"}],"predecessor-version":[{"id":3523,"href":"https:\/\/fundacionporlajusticia.org\/va\/wp-json\/wp\/v2\/pages\/2330\/revisions\/3523"}],"up":[{"embeddable":true,"href":"https:\/\/fundacionporlajusticia.org\/va\/wp-json\/wp\/v2\/pages\/2319"}],"wp:attachment":[{"href":"https:\/\/fundacionporlajusticia.org\/va\/wp-json\/wp\/v2\/media?parent=2330"}],"curies":[{"name":"wp","href":"https:\/\/api.w.org\/{rel}","templated":true}]}}