{"id":2319,"date":"2014-10-07T08:39:25","date_gmt":"2014-10-07T08:39:25","guid":{"rendered":"https:\/\/fundacionporlajusticia.accesia.info\/?page_id=446"},"modified":"2022-03-21T17:06:34","modified_gmt":"2022-03-21T17:06:34","slug":"seccion-oficial-2","status":"publish","type":"page","link":"https:\/\/fundacionporlajusticia.org\/va\/humansfest\/el_festival\/2015-edicion-vi\/seccion-oficial-2\/","title":{"rendered":"EDICI\u00d3 2015 \u2013 SECCI\u00d3 OFICIAL"},"content":{"rendered":"<p><strong>Moltes gr\u00e0cies als m\u00e9s de 120 participants al Festival per\u00f2 despr\u00e9s d&#039;un dif\u00edcil proc\u00e9s de selecci\u00f3, el VI Festival Internacional de Cinema i Drets humans de Val\u00e8ncia ha seleccionat els documentals seg\u00fcents:<\/strong><\/p>\n<p style=\"text-align: justify;\">Paral\u00b7lelament a la secci\u00f3 oficial, es presenta la secci\u00f3 de curtmetratges, \u201c1 minut, 1 dret\u201d que exhibir\u00e0 una selecci\u00f3 de les millors peces rebudes. El cinema d&#039;animaci\u00f3 tamb\u00e9 tindr\u00e0 un espai propi amb t\u00edtols vinculats als drets humans. La programaci\u00f3 del festival preveu una s\u00e8rie d&#039;activitats i tallers que complementaran les projeccions, debats o concerts al voltant dels Drets Humans, tant a la seu oficial de La Filmoteca com a l&#039;IVAM o al Centre Penitenciari de Picassent.<br \/>\nEl Festival posseeix a m\u00e9s una dimensi\u00f3 internacional, ja que compta amb subseus a ciutats com Salamanca, Sao Paulo, El Salvador, Lima i San Jos\u00e9 entre d&#039;altres, amb la finalitat de promoure la creaci\u00f3 d&#039;audiovisuals de tem\u00e0tica social. Aquesta proposta, \u00fanica a la ciutat de Val\u00e8ncia, es caracteritza per la humilitat, el comprom\u00eds amb la societat civil i amb els drets humans i per la il\u00b7lusi\u00f3 de tots aquells que d&#039;alguna manera formen part d&#039;aquest projecte. Volem que tots els espectadors siguin testimonis de la realitat que ens envolta, creant sensacions als espectadors que promoguin l&#039;acci\u00f3 individual.<br \/>\nEl Festival \u00e9s una iniciativa de la Fundaci\u00f3 per la Just\u00edcia, l&#039;objectiu de la qual \u00e9s sensibilitzar i conscienciar en mat\u00e8ria de drets humans mitjan\u00e7ant l&#039;art i la cultura. La voluntat del festival, \u00e9s fer arribar un cinema m\u00e9s reflexiu i comprom\u00e8s a la societat, i per aix\u00f2 apostem per una selecci\u00f3 de films emmarcats dins del g\u00e8nere documental, proposant una mirada realista i en primera persona dels diferents temes tractats: Drets de la dona, dret a un habitatge digne, economia social, integraci\u00f3 de persones amb discapacitat o la immigraci\u00f3 entre d&#039;altres.<\/p>\n<p>&nbsp;<\/p>\n<p><a href=\"https:\/\/fundacionporlajusticia.org\/va\/475-cuando-el-matrimonio-se-convierte-en-castigo\/\"><img loading=\"lazy\" decoding=\"async\" class=\"alignleft wp-image-447 size-full\" src=\"https:\/\/fundacionporlajusticia.org\/wp-content\/uploads\/2014\/10\/cartel_1_475.png\" alt=\"cartel_1_475\" width=\"400\" height=\"709\" \/><\/a><\/p>\n<p><a href=\"https:\/\/fundacionporlajusticia.org\/va\/mataron-a-mi-hermano\/\"><img loading=\"lazy\" decoding=\"async\" class=\"wp-image-448 size-full alignright\" src=\"https:\/\/fundacionporlajusticia.org\/wp-content\/uploads\/2014\/10\/cartel_2_mataron.png\" alt=\"cartel_2_mataron\" width=\"400\" height=\"709\" \/><\/a><\/p>\n<p><a href=\"https:\/\/fundacionporlajusticia.org\/va\/los-anos-salvajes\/\"><img loading=\"lazy\" decoding=\"async\" class=\"size-full wp-image-456 alignleft\" src=\"https:\/\/fundacionporlajusticia.org\/wp-content\/uploads\/2014\/10\/cartel_3_ANYS.png\" alt=\"cartel_3_ANYS\" width=\"400\" height=\"709\" \/><\/a><\/p>\n<p><a href=\"https:\/\/fundacionporlajusticia.org\/va\/ruina\/\"><img loading=\"lazy\" decoding=\"async\" class=\"size-full wp-image-457 alignright\" src=\"https:\/\/fundacionporlajusticia.org\/wp-content\/uploads\/2014\/10\/cartel_4_ruina.png\" alt=\"cartel_4_ruina\" width=\"400\" height=\"709\" \/><\/a><\/p>\n<p><a href=\"https:\/\/fundacionporlajusticia.org\/va\/gabor\/\"><img loading=\"lazy\" decoding=\"async\" class=\"size-full wp-image-458 alignleft\" src=\"https:\/\/fundacionporlajusticia.org\/wp-content\/uploads\/2014\/10\/cartel_5_GABOR.png\" alt=\"cartel_5_GABOR\" width=\"400\" height=\"709\" \/><\/a><\/p>\n<p><a href=\"https:\/\/fundacionporlajusticia.org\/va\/de-cometas-y-fronteras\/\"><img loading=\"lazy\" decoding=\"async\" class=\"size-full wp-image-459 alignright\" src=\"https:\/\/fundacionporlajusticia.org\/wp-content\/uploads\/2014\/10\/cartel_6_cometas.png\" alt=\"cartel_6_cometas\" width=\"400\" height=\"709\" \/><\/a><\/p>\n<p><a href=\"https:\/\/fundacionporlajusticia.org\/va\/gurba-la-condena\/\"><img loading=\"lazy\" decoding=\"async\" class=\"size-full wp-image-460 alignleft\" src=\"https:\/\/fundacionporlajusticia.org\/wp-content\/uploads\/2014\/10\/cartel_7_GURBA.png\" alt=\"cartel_7_GURBA\" width=\"400\" height=\"709\" \/><\/a><\/p>\n<p><a href=\"https:\/\/fundacionporlajusticia.org\/va\/505-2\/\"><img loading=\"lazy\" decoding=\"async\" class=\"size-full wp-image-461 alignright\" src=\"https:\/\/fundacionporlajusticia.org\/wp-content\/uploads\/2014\/10\/cartel_8_BENDITA.png\" alt=\"cartel_8_BENDITA\" width=\"400\" height=\"709\" \/><\/a><\/p>\n<p><a href=\"https:\/\/fundacionporlajusticia.org\/va\/un-loro-en-la-horchateria\/\"><img loading=\"lazy\" decoding=\"async\" class=\"size-full wp-image-462 alignleft\" src=\"https:\/\/fundacionporlajusticia.org\/wp-content\/uploads\/2014\/10\/cartel_9_loro.png\" alt=\"cartel_9_loro\" width=\"400\" height=\"709\" \/><\/a><\/p>\n<p><a href=\"https:\/\/fundacionporlajusticia.org\/va\/de-sentido-comun\/\"><img loading=\"lazy\" decoding=\"async\" class=\"size-full wp-image-463 alignright\" src=\"https:\/\/fundacionporlajusticia.org\/wp-content\/uploads\/2014\/10\/cartel_10_sentido.png\" alt=\"cartel_10_sentido\" width=\"400\" height=\"709\" \/><\/a><\/p>\n<p>&nbsp;<\/p>\n<h4 style=\"text-align: justify;\"><\/h4>","protected":false},"excerpt":{"rendered":"<p>Muchas gracias a los m\u00e1s de 120 participantes en el Festival pero despu\u00e9s de un dif\u00edcil proceso de selecci\u00f3n, el VI Festival Internacional de Cine y Derechos humanos de Valencia ha seleccionado los siguientes documentales: Paralelamente a la secci\u00f3n oficial, se presenta la secci\u00f3n de cortometrajes, \u201c1 minuto, 1 derecho\u201d que exhibir\u00e1 una selecci\u00f3n de [&hellip;]<\/p>\n","protected":false},"author":2,"featured_media":0,"parent":2317,"menu_order":1,"comment_status":"closed","ping_status":"closed","template":"","meta":{"_et_pb_use_builder":"","_et_pb_old_content":"","_et_gb_content_width":"","_uf_show_specific_survey":0,"_uf_disable_surveys":false,"footnotes":""},"class_list":["post-2319","page","type-page","status-publish","hentry"],"aioseo_notices":[],"_links":{"self":[{"href":"https:\/\/fundacionporlajusticia.org\/va\/wp-json\/wp\/v2\/pages\/2319","targetHints":{"allow":["GET"]}}],"collection":[{"href":"https:\/\/fundacionporlajusticia.org\/va\/wp-json\/wp\/v2\/pages"}],"about":[{"href":"https:\/\/fundacionporlajusticia.org\/va\/wp-json\/wp\/v2\/types\/page"}],"author":[{"embeddable":true,"href":"https:\/\/fundacionporlajusticia.org\/va\/wp-json\/wp\/v2\/users\/2"}],"replies":[{"embeddable":true,"href":"https:\/\/fundacionporlajusticia.org\/va\/wp-json\/wp\/v2\/comments?post=2319"}],"version-history":[{"count":1,"href":"https:\/\/fundacionporlajusticia.org\/va\/wp-json\/wp\/v2\/pages\/2319\/revisions"}],"predecessor-version":[{"id":2349,"href":"https:\/\/fundacionporlajusticia.org\/va\/wp-json\/wp\/v2\/pages\/2319\/revisions\/2349"}],"up":[{"embeddable":true,"href":"https:\/\/fundacionporlajusticia.org\/va\/wp-json\/wp\/v2\/pages\/2317"}],"wp:attachment":[{"href":"https:\/\/fundacionporlajusticia.org\/va\/wp-json\/wp\/v2\/media?parent=2319"}],"curies":[{"name":"wp","href":"https:\/\/api.w.org\/{rel}","templated":true}]}}