{"id":2317,"date":"2019-01-23T16:46:30","date_gmt":"2019-01-23T16:46:30","guid":{"rendered":"https:\/\/fundacionporlajusticia.accesia.info\/es\/?page_id=5030"},"modified":"2022-03-26T07:33:36","modified_gmt":"2022-03-26T07:33:36","slug":"2015-edicion-vi","status":"publish","type":"page","link":"https:\/\/fundacionporlajusticia.org\/va\/humansfest\/el_festival\/2015-edicion-vi\/","title":{"rendered":"2015 \u2013 EDICI\u00d3 VI"},"content":{"rendered":"<p>[et_pb_section fb_built=\u00bb1&#8243; _builder_version=\u00bb4.15.1&#8243; _module_preset=\u00bbdefault\u00bb global_colors_info=\u00bb{}\u00bb locked=\u00bboff\u00bb][et_pb_row _builder_version=\u00bb4.15.1&#8243; _module_preset=\u00bbdefault\u00bb global_colors_info=\u00bb{}\u00bb][et_pb_column type=\u00bb4_4&#8243; _builder_version=\u00bb4.15.1&#8243; _module_preset=\u00bbdefault\u00bb global_colors_info=\u00bb{}\u00bb][et_pb_post_title meta=\u00bboff\u00bb featured_image=\u00bboff\u00bb _builder_version=\u00bb4.15.1&#8243; _module_preset=\u00bbdefault\u00bb border_width_bottom=\u00bb1px\u00bb border_color_bottom=\u00bb#635b54&#8243; global_colors_info=\u00bb{}\u00bb][\/et_pb_post_title][\/et_pb_column][\/et_pb_row][et_pb_row column_structure=\u00bb3_5,2_5&#8243; _builder_version=\u00bb4.15.1&#8243; _module_preset=\u00bbdefault\u00bb global_colors_info=\u00bb{}\u00bb][et_pb_column type=\u00bb3_5&#8243; _builder_version=\u00bb4.15.1&#8243; _module_preset=\u00bbdefault\u00bb global_colors_info=\u00bb{}\u00bb][et_pb_text _builder_version=\u00bb4.15.1&#8243; _module_preset=\u00bbdefault\u00bb link_font=\u00bb|700|||on|||#635b54|\u00bb link_text_color=\u00bb#635b54&#8243; link_font_size=\u00bb17px\u00bb link_letter_spacing=\u00bb4px\u00bb link_line_height=\u00bb2em\u00bb hover_enabled=\u00bb0&#8243; global_colors_info=\u00bb{}\u00bb sticky_enabled=\u00bb0&#8243;]<a href=\"https:\/\/fundacionporlajusticia.org\/seccion-oficial-2\/\">Secci\u00f3n Oficial<\/a><\/p>\n<p><a href=\"https:\/\/fundacionporlajusticia.org\/seccion-animacion-y-ddhh\/\">Secci\u00f3n Animaci\u00f3n y Derechos Humanos<\/a><\/p>\n<p><a href=\"https:\/\/fundacionporlajusticia.org\/seccion-oficial\/\">Secci\u00f3n Oficial Descartado<\/a><\/p>\n<p><a href=\"https:\/\/fundacionporlajusticia.org\/1-minuto-1-derecho\/\">1 Minuto 1 Derecho<\/a>[\/et_pb_text][\/et_pb_column][et_pb_column type=\u00bb2_5&#8243; _builder_version=\u00bb4.15.1&#8243; _module_preset=\u00bbdefault\u00bb global_colors_info=\u00bb{}\u00bb][et_pb_image src=\u00bbhttps:\/\/fundacionporlajusticia.org\/wp-content\/uploads\/2022\/03\/2015_cartel_humansfest.png\u00bb title_text=\u00bb2015_cartel_humansfest\u00bb _builder_version=\u00bb4.15.1&#8243; _module_preset=\u00bbdefault\u00bb hover_enabled=\u00bb0&#8243; global_colors_info=\u00bb{}\u00bb sticky_enabled=\u00bb0&#8243;][\/et_pb_image][\/et_pb_column][\/et_pb_row][\/et_pb_section]<\/p>\n","protected":false},"excerpt":{"rendered":"<p>Secci\u00f3 Oficial Secci\u00f3 Animaci\u00f3 i Drets Humans Secci\u00f3 Oficial Descartat 1 Minut 1 Dret<\/p>","protected":false},"author":2,"featured_media":0,"parent":874,"menu_order":4,"comment_status":"closed","ping_status":"closed","template":"","meta":{"_et_pb_use_builder":"on","_et_pb_old_content":"<h1>2015 - EDICI\u00d3N VI<\/h1>\r\n<blockquote><img class=\"wp-image-1209 size-medium alignright\" src=\"https:\/\/fundacionporlajusticia.org\/wp-content\/uploads\/2015\/09\/Captura-de-pantalla-2015-07-27-a-las-14.17.13-233x300.png\" alt=\"Captura de pantalla 2015-07-27 a las 14.17.13\" width=\"233\" height=\"300\">\r\n<a href=\"https:\/\/fundacionporlajusticia.org\/seccion-oficial-2\/\">Secci\u00f3n Oficial<\/a>\r\n\r\n<a href=\"https:\/\/fundacionporlajusticia.org\/seccion-animacion-y-ddhh\/\">Secci\u00f3n Animaci\u00f3n y Derechos Humanos<\/a>\r\n\r\n<a href=\"https:\/\/fundacionporlajusticia.org\/seccion-oficial\/\">Secci\u00f3n Oficial Descartado<\/a>\r\n\r\n<a href=\"https:\/\/fundacionporlajusticia.org\/1-minuto-1-derecho\/\">1 Minuto 1 Derecho<\/a><\/blockquote>","_et_gb_content_width":"","_uf_show_specific_survey":0,"_uf_disable_surveys":false,"footnotes":""},"class_list":["post-2317","page","type-page","status-publish","hentry"],"aioseo_notices":[],"_links":{"self":[{"href":"https:\/\/fundacionporlajusticia.org\/va\/wp-json\/wp\/v2\/pages\/2317","targetHints":{"allow":["GET"]}}],"collection":[{"href":"https:\/\/fundacionporlajusticia.org\/va\/wp-json\/wp\/v2\/pages"}],"about":[{"href":"https:\/\/fundacionporlajusticia.org\/va\/wp-json\/wp\/v2\/types\/page"}],"author":[{"embeddable":true,"href":"https:\/\/fundacionporlajusticia.org\/va\/wp-json\/wp\/v2\/users\/2"}],"replies":[{"embeddable":true,"href":"https:\/\/fundacionporlajusticia.org\/va\/wp-json\/wp\/v2\/comments?post=2317"}],"version-history":[{"count":3,"href":"https:\/\/fundacionporlajusticia.org\/va\/wp-json\/wp\/v2\/pages\/2317\/revisions"}],"predecessor-version":[{"id":4049,"href":"https:\/\/fundacionporlajusticia.org\/va\/wp-json\/wp\/v2\/pages\/2317\/revisions\/4049"}],"up":[{"embeddable":true,"href":"https:\/\/fundacionporlajusticia.org\/va\/wp-json\/wp\/v2\/pages\/874"}],"wp:attachment":[{"href":"https:\/\/fundacionporlajusticia.org\/va\/wp-json\/wp\/v2\/media?parent=2317"}],"curies":[{"name":"wp","href":"https:\/\/api.w.org\/{rel}","templated":true}]}}