{"id":2273,"date":"2020-10-01T11:15:53","date_gmt":"2020-10-01T11:15:53","guid":{"rendered":"https:\/\/fundacionporlajusticia.accesia.info\/?page_id=6336"},"modified":"2022-03-21T16:22:21","modified_gmt":"2022-03-21T16:22:21","slug":"resistencias","status":"publish","type":"page","link":"https:\/\/fundacionporlajusticia.org\/va\/resistencias\/","title":{"rendered":"Resist\u00e8ncies"},"content":{"rendered":"<p style=\"color: #6a6a6a; background: #efefef; padding: 30px;\">Des del mar\u00e7 del 2020, amb la situaci\u00f3 d&#039;emerg\u00e8ncia del Covid-19, vam decidir continuar denunciant la vulneraci\u00f3 dels Drets Humans amb la s\u00e8rie #HUMANSRESIST\u00c8NCIES que continuar\u00e0 vigent durant tot l&#039;any. Setmanalment compartim projeccions en l\u00ednia trucades <strong>Resist\u00e8ncies<\/strong>. Hi fem presentacions individualitzades de documentals de tot el m\u00f3n.<\/p>\n<p><a href=\"https:\/\/www.youtube.com\/playlist?list=PLji8FlmCEWqOVBckb3Zz6YKzxyxFHuein\" target=\"_blank\" rel=\"noopener noreferrer\">Fes clic aqu\u00ed per veure totes les projeccions<\/a>.<\/p>","protected":false},"excerpt":{"rendered":"<p>Des del mar\u00e7 del 2020, amb la situaci\u00f3 d&#039;emerg\u00e8ncia del Covid-19, vam decidir continuar denunciant la vulneraci\u00f3 dels Drets Humans amb la s\u00e8rie #HUMANSRESIST\u00c8NCIES que seguir\u00e0 vigent durant tot l&#039;any. Setmanalment compartim projeccions en l\u00ednia anomenades Resist\u00e8ncies. Hi fem presentacions individualitzades de documentals de tot el m\u00f3n. Fes clic aqu\u00ed per veure totes les projeccions.<\/p>","protected":false},"author":2,"featured_media":0,"parent":0,"menu_order":0,"comment_status":"closed","ping_status":"closed","template":"","meta":{"_et_pb_use_builder":"","_et_pb_old_content":"","_et_gb_content_width":"","_uf_show_specific_survey":0,"_uf_disable_surveys":false,"footnotes":""},"class_list":["post-2273","page","type-page","status-publish","hentry"],"aioseo_notices":[],"_links":{"self":[{"href":"https:\/\/fundacionporlajusticia.org\/va\/wp-json\/wp\/v2\/pages\/2273","targetHints":{"allow":["GET"]}}],"collection":[{"href":"https:\/\/fundacionporlajusticia.org\/va\/wp-json\/wp\/v2\/pages"}],"about":[{"href":"https:\/\/fundacionporlajusticia.org\/va\/wp-json\/wp\/v2\/types\/page"}],"author":[{"embeddable":true,"href":"https:\/\/fundacionporlajusticia.org\/va\/wp-json\/wp\/v2\/users\/2"}],"replies":[{"embeddable":true,"href":"https:\/\/fundacionporlajusticia.org\/va\/wp-json\/wp\/v2\/comments?post=2273"}],"version-history":[{"count":1,"href":"https:\/\/fundacionporlajusticia.org\/va\/wp-json\/wp\/v2\/pages\/2273\/revisions"}],"predecessor-version":[{"id":3512,"href":"https:\/\/fundacionporlajusticia.org\/va\/wp-json\/wp\/v2\/pages\/2273\/revisions\/3512"}],"wp:attachment":[{"href":"https:\/\/fundacionporlajusticia.org\/va\/wp-json\/wp\/v2\/media?parent=2273"}],"curies":[{"name":"wp","href":"https:\/\/api.w.org\/{rel}","templated":true}]}}