{"id":2272,"date":"2014-10-01T09:05:24","date_gmt":"2014-10-01T09:05:24","guid":{"rendered":"https:\/\/fundacionporlajusticia.accesia.info\/?page_id=347"},"modified":"2022-03-21T16:22:21","modified_gmt":"2022-03-21T16:22:21","slug":"programacion","status":"publish","type":"page","link":"https:\/\/fundacionporlajusticia.org\/va\/programacion\/","title":{"rendered":"PROGRAMACI\u00d3 2014"},"content":{"rendered":"<h5><span style=\"color: #3366ff;\"><a href=\"https:\/\/fundacionporlajusticia.org\/wp-content\/uploads\/2014\/10\/Programa-festival.pdf\"><span style=\"color: #3366ff;\"><strong>Descarregar: Programaci\u00f3 Festival Internacional de Cinema i DD HH Val\u00e8ncia\u00a0<\/strong><\/span><\/a><\/span><\/h5>\n<p>Filmoteca-IVAC<\/p>\n<p>-Dimecres, 22 d&#039;octubre del 2014<br \/>\n<strong>Curtmetratges animaci\u00f3 i drets humans DH 18:00<\/strong><br \/>\n2005 \u2013 2011. Color. 61&#039;. Digital.<\/p>\n<p>-Dijous, 23 d&#039;octubre del 2014<br \/>\n<strong>Crulic, cam\u00ed del m\u00e9s enll\u00e0 DH 20:15<\/strong><br \/>\n(Crulic \u2013 drumil spre dincol)<br \/>\nAnca Damian. Romania, Pol\u00f2nia. 2011. VOSE. Color. 73&#039;. DCP.<\/p>\n<p>-Divendres, 24 d&#039;octubre del 2014<br \/>\n<strong>Crulic, cam\u00ed del m\u00e9s enll\u00e0 DH 20:15<\/strong><br \/>\n(Crulic \u2013 drumil spre dincol)<br \/>\nAnca Damian. Romania, Pol\u00f2nia. 2011. VOSE. Color. 73&#039;. DCP.<\/p>\n<p>Inauguraci\u00f3 20:00*<br \/>\n<strong>Setembres \u00c9S<\/strong><br \/>\nCarles Bosch. Espanya. 2007. Color. 89&#039;.<\/p>\n<p>Inauguraci\u00f3 del Festival i entrega del premi Pau i Just\u00edcia al director Carles Bosch.<br \/>\n<strong>Concert de Seda Jazz al Caf\u00e8 Rialto.<\/strong><br \/>\nEntrada gratu\u00efta*<\/p>\n<p><strong>475 SOD 22:30<\/strong><br \/>\nNadir Bouhmouch. Marroc. 2013.<br \/>\nVOSE. Color. 60&#039;. Digital HD.<br \/>\nMoltes dones al Marroc s\u00f3n for\u00e7ades cada any a contreure<br \/>\nmatrimoni amb els seus agressors, aquesta \u00e9s la seva hist\u00f2ria.<\/p>\n<p>-Dissabte, 25 d&#039;octubre del 2014<\/p>\n<p><strong>Van matar el meu germ\u00e0 SOD 18:00<\/strong><br \/>\n(Mataram meu irm\u00e3o)<br \/>\nCristi\u00e0 Burlan. Brasil. 2013. VOSE. Color. 77&#039;. Digital HD.<br \/>\nEl director Cristiano Burlan intenta reconstruir l&#039;assassinat del seu<br \/>\ngerm\u00e0 Rafael en un barri de Sao Paulo.<\/p>\n<p><strong>Els anys salvatges SOD 20:15<\/strong><br \/>\nVentura Durall. Espanya, Eti\u00f2pia. 2013.<br \/>\nVOSE. Color. 76&#039;. DCP.<br \/>\n3 nens malviuen als carrers d&#039;Addis Abeba, capital d&#039;Eti\u00f2pia, on<br \/>\n270.000 nens m\u00e9s del carrer corren la seva mateixa sort.<\/p>\n<p><strong>Ru\u00efna SOD 22:30<\/strong><br \/>\nMarkus Lenz. Alemanya. 2014.<br \/>\nColor. 73&#039;. Digital HD.<br \/>\nLa Torre Confinanzas; gratacels de Caracas (Vene\u00e7uela) \u00e9s ara<br \/>\nrefugi per a fam\u00edlies amb escassos recursos econ\u00f2mics.<\/p>\n<p>-Diumenge, 26 d&#039;octubre del 2014<\/p>\n<p><strong>Projecci\u00f3 pel\u00b7l\u00edcula Vicente Ferrer a IVAM ES 12:00<\/strong><br \/>\nAgust\u00edn Crespi, \u00cdndia\/Espanya TVE. 104&#039;<br \/>\nPresentaci\u00f3 a c\u00e0rrec Sergio Morat\u00f3 Delegat de la Fundaci\u00f3<br \/>\nVicente Ferrer a la CV.<\/p>\n<p><strong>Gabor SOD 18:00<\/strong><br \/>\nSebasti\u00e0 Alfie. Espanya. 2013. Color. 80&#039;. DCP.<br \/>\nUn director de fotografia ha d&#039;enfrontar-se al repte m\u00e9s gran de la seva vida,<br \/>\ndirigir la fotografia d&#039;un curtmetratge despr\u00e9s d&#039;haver perdut el sentit<br \/>\nde la vista.<\/p>\n<p><strong>D&#039;estels i fronteres SOD 20:00<\/strong><br \/>\nYolanda Pividal. M\u00e8xic, EUA. 2013.<br \/>\nColor. 58&#039;. Digital HD.<br \/>\nA Tijuana, frontera entre M\u00e8xic i els EUA, nens i adolescents<br \/>\nfantasiegen amb el que queda a l&#039;altra banda, met\u00e0fora de la transici\u00f3<br \/>\nentre la inf\u00e0ncia i la vida adulta.<\/p>\n<p>-Dilluns, 27 d&#039;octubre del 2014<\/p>\n<p><strong>Taula rodona 18:00 \u2013 20:00<\/strong><\/p>\n<p>De l&#039;est\u00e8tica a l&#039;\u00e8tica: La representaci\u00f3 de la vulneraci\u00f3<br \/>\ndels drets humans a trav\u00e9s del cinema.\u201d a IVAM<br \/>\nPonents: Giovanna Ribes Garc\u00eda (directora i productora de cinema) i<br \/>\nJavier Moral Mart\u00edn (cr\u00edtic i historiador cinematogr\u00e0fica) i<\/p>\n<p>-Dimarts, 28 d&#039;octubre del 2014<\/p>\n<p><strong> Gurba (La condemna) SOD 18:00<\/strong><br \/>\nMiguel \u00c1ngel Tob\u00edas. Espanya. 2014.<br \/>\nColor. 70&#039;. Digital HD.<br \/>\nAnalitza les causes i les conseq\u00fc\u00e8ncies de l&#039;ocupaci\u00f3 Marroquina a<br \/>\nels territoris del S\u00e0hara Occidental i recull el testimoni d&#039;alguns<br \/>\nd&#039;aquests refugiats.<\/p>\n<p>-Dimecres, 29 d&#039;octubre del 2014<\/p>\n<p><strong>Aigua Bene\u00efda SOD 18:00<\/strong><br \/>\nVuit\u00e8 Guerra. Espanya. 2013. 82&#039;. Digital HD<br \/>\nEn un petit llogaret de Costa Rica, els habitants d&#039;origen nicarag\u00fcenc<br \/>\npronostiquen una gran sequera per als mesos destiu. Geiner,<br \/>\nun nen de 11 anys, creu que els esperits a trav\u00e9s dels xamans<br \/>\ns\u00f3n els \u00fanics que poden fer que plogui.<\/p>\n<p>-Dijous, 30 d&#039;octubre del 2014<\/p>\n<p><strong>Un lloro a l&#039;orxateria SOD 18:00<\/strong><br \/>\nIn\u00e9s Thomsen. Alemanya\/Espanya. 2014.<br \/>\nColor. 80&#039;. Digital HD.<br \/>\nAl Raval de Barcelona les perruqueries s&#039;acumulen, per\u00f2 segons la<br \/>\nnacionalitat del seu encarregat i de la clientela, hi trobem visions<br \/>\ndiferents de la mateixa realitat.<\/p>\n<p><strong>De sentit com\u00fa SOD 20:15<\/strong><br \/>\nIsabel S\u00e1ez P\u00e9rez, Blanca Soler Delgado.<br \/>\nEspanya. 2014. Color. 68&#039;. Digital HD.<br \/>\nA trav\u00e9s d&#039;un programa de r\u00e0dio local es d\u00f3na pas a l&#039;opini\u00f3 de<br \/>\nprofessors, estudiants i treballadors, sobre la crisi i els seus<br \/>\npossibles solucions.<\/p>\n<p><strong>Concert Festival Music Love &amp; Roots a IVAM** 22:00<\/strong><br \/>\nGrup Solana (Anglaterra)<\/p>\n<p>-Divendres, 31 d&#039;octubre del 2014<\/p>\n<p><strong>La tomba de les cuques de llum DH 18:00<\/strong><br \/>\n(Hotaru no haka)<br \/>\nIsao Takahata. Jap\u00f3. 1988. VOSE. Color. 93&#039;. Digital HD.<br \/>\ncloenda 20:00*<\/p>\n<p>Lliurament del Premi Festival Internacional de Cinema i Drets Humans de Val\u00e8ncia i del premi del concurs de curts 1 Minut\/1 Dret<br \/>\n<strong>Un lloc millor \u00c9S<\/strong><br \/>\nMois\u00e8s Romera i Marisa Crespo. Val\u00e8ncia, Espanya. 2012. Curtmetratge 4&#039;<br \/>\n<strong>The act of killing CA<\/strong><br \/>\nJoshua Oppenheimer, Christine Cynn. Dinamarca, Noruega, Regne Unit.<br \/>\n2012. VOSE. Color. 115&#039;. DCP.<\/p>\n<p>-Dissabte, 1 de novembre de 2014<br \/>\n<strong>L&#039;extraordinari viatge de Lucius Dumb DH, MF 18.00<\/strong><br \/>\nMaite Ruiz d&#039;Austri. Espanya. 2013. Color. DCP.<br \/>\nEntrada gratu\u00efta per a menors de 14 anys. Cada persona podr\u00e0 treure<br \/>\nun m\u00e0xim de sis entrades.<\/p>\n<p><strong>The act of killing ES 22:30<\/strong><br \/>\nJoshua Oppenheimer, Christine Cynn. Dinamarca, Noruega, Regne Unit<br \/>\n2012. VOSE. Color. 115&#039;. DCP.<\/p>\n<p>-Diumenge, 2 de novembre de 2014<br \/>\n<strong>L&#039;extraordinari viatge de Lucius Dumb DH, MF 18.00<\/strong><br \/>\nMaite Ruiz d&#039;Austri. Espanya. 2013. Color. DCP.<\/p>\n<p>Entrada gratu\u00efta per a menors de 14 anys. Cada persona podr\u00e0 treure<br \/>\nun m\u00e0xim de sis entrades.<\/p>\n<p><strong>La tomba de les cuques de llum DH 20:00<\/strong><br \/>\n(Hotaru no haka)<br \/>\nIsao Takahata. Jap\u00f3. 1988. VOSE. Color. 93&#039;. Digital HD.<\/p>\n<p>-Dimarts, 4 de novembre de 2014<br \/>\n<strong>La imatge perduda ES 20:15<\/strong><br \/>\n(L&#039;image manquante)<br \/>\nRithy Panh. Cambodja, Fran\u00e7a. 2013. VOSE. B\/N i color. 92&#039;<\/p>\n<p>-Dimecres, 5 de novembre de 2014<\/p>\n<p><strong>La imatge perduda ES 18:00<\/strong><br \/>\n(L&#039;image manquante)<br \/>\nRithy Panh. Cambodja, Fran\u00e7a. 2013. VOSE. B\/N i color. 92&#039;<\/p>\n<p>*Les entrades tenen un preu de 2 \u20ac (descompte jubilats i carnet Jove) i s&#039;adquireixen a les taquilles de la Filmoteca, la inauguraci\u00f3 (inclou concert Seda Jazz al Club Rialto) i la clausura s\u00f3n gratu\u00efts.<\/p>\n<p>** Les entrades del concert de Solana s\u00f3n 2\u20ac i s&#039;adquireixen 10 minuts abans de l&#039;actuaci\u00f3 a l&#039;IVAM.<\/p>\n<p>Filmoteca-IVAC<br \/>\nPl. Ajuntament, 17<br \/>\nwww.ivac.gva.es<br \/>\n\u2013<br \/>\nIVAM \u2013 Institut Valenci\u00e0<br \/>\nd&#039;Art Modern<br \/>\nCarrer de Guillem de Castro, 118<br \/>\nwww.ivam.es<br \/>\nFestival Internacional de Cinema i<br \/>\nDrets Humans Val\u00e8ncia<br \/>\nwww.festivalinternacionalcineydretshumans.com<br \/>\nSOD \u2013 Secci\u00f3 Oficial Documentals<br \/>\nDH - Cicle Cinema d&#039;animaci\u00f3 i drets humans<br \/>\nES \u2013 Sessions especials<br \/>\nMF \u2013 Quina Film<\/p>","protected":false},"excerpt":{"rendered":"<p>Descargar: Programaci\u00f3n Festival Internacional de Cine y DD HH Valencia\u00a0 Filmoteca-IVAC -Mi\u00e9rcoles, 22 de octubre de 2014 Cortometrajes animaci\u00f3n y derechos humanos DH 18:00 2005 \u2013 2011. Color. 61\u2019. Digital. -Jueves, 23 de octubre de 2014 Crulic, camino del m\u00e1s all\u00e1 DH 20:15 (Crulic \u2013 drumil spre dincolo) Anca Damian. Ruman\u00eda, Polonia. 2011. VOSE. Color. [&hellip;]<\/p>\n","protected":false},"author":2,"featured_media":0,"parent":0,"menu_order":0,"comment_status":"open","ping_status":"closed","template":"","meta":{"_et_pb_use_builder":"","_et_pb_old_content":"","_et_gb_content_width":"","_uf_show_specific_survey":0,"_uf_disable_surveys":false,"footnotes":""},"class_list":["post-2272","page","type-page","status-publish","hentry"],"aioseo_notices":[],"_links":{"self":[{"href":"https:\/\/fundacionporlajusticia.org\/va\/wp-json\/wp\/v2\/pages\/2272","targetHints":{"allow":["GET"]}}],"collection":[{"href":"https:\/\/fundacionporlajusticia.org\/va\/wp-json\/wp\/v2\/pages"}],"about":[{"href":"https:\/\/fundacionporlajusticia.org\/va\/wp-json\/wp\/v2\/types\/page"}],"author":[{"embeddable":true,"href":"https:\/\/fundacionporlajusticia.org\/va\/wp-json\/wp\/v2\/users\/2"}],"replies":[{"embeddable":true,"href":"https:\/\/fundacionporlajusticia.org\/va\/wp-json\/wp\/v2\/comments?post=2272"}],"version-history":[{"count":1,"href":"https:\/\/fundacionporlajusticia.org\/va\/wp-json\/wp\/v2\/pages\/2272\/revisions"}],"predecessor-version":[{"id":3511,"href":"https:\/\/fundacionporlajusticia.org\/va\/wp-json\/wp\/v2\/pages\/2272\/revisions\/3511"}],"wp:attachment":[{"href":"https:\/\/fundacionporlajusticia.org\/va\/wp-json\/wp\/v2\/media?parent=2272"}],"curies":[{"name":"wp","href":"https:\/\/api.w.org\/{rel}","templated":true}]}}