{"id":2271,"date":"2019-01-23T17:24:57","date_gmt":"2019-01-23T17:24:57","guid":{"rendered":"https:\/\/fundacionporlajusticia.accesia.info\/es\/?page_id=5046"},"modified":"2022-03-21T16:22:21","modified_gmt":"2022-03-21T16:22:21","slug":"programacion-3","status":"publish","type":"page","link":"https:\/\/fundacionporlajusticia.org\/va\/programacion-3\/","title":{"rendered":"PROGRAMACI\u00d3"},"content":{"rendered":"<p>El proper 30 de gener es far\u00e0 una roda de premsa a l&#039;Aula Magna de LA NAU on es presentaran totes les novetats de la X Edici\u00f3 del Festival Internacional de Cinema i Drets Humans de Val\u00e8ncia HUMANS FEST.<\/p>\n<p>Amb posterioritat a la roda de premsa es publicar\u00e0 a la web la PROGRAMACI\u00d3 del proper festival que se celebrar\u00e0 a Val\u00e8ncia entre el 14 i el 23 de febrer de 2019.<\/p>\n<p>&nbsp;<\/p>\n<p><img loading=\"lazy\" decoding=\"async\" class=\"aligncenter size-large wp-image-4968\" src=\"https:\/\/fundacionporlajusticia.org\/wp-content\/uploads\/2019\/01\/HumansFest_conlogos-593x1024.jpg\" alt=\"\" width=\"593\" height=\"1024\" \/><\/p>","protected":false},"excerpt":{"rendered":"<p>El pr\u00f3ximo 30 de enero se realizar\u00e1 una rueda de prensa en el Aula Magna de LA NAU donde se presentar\u00e1n todas las novedades de la X Edici\u00f3n del Festival Internacional de Cine y Derechos Humanos de Valencia HUMANS FEST. Con posterioridad a la rueda de prensa se publicar\u00e1 en la web la PROGRAMACI\u00d3N del [&hellip;]<\/p>\n","protected":false},"author":2,"featured_media":0,"parent":0,"menu_order":0,"comment_status":"closed","ping_status":"closed","template":"","meta":{"_et_pb_use_builder":"","_et_pb_old_content":"","_et_gb_content_width":"","_uf_show_specific_survey":0,"_uf_disable_surveys":false,"footnotes":""},"class_list":["post-2271","page","type-page","status-publish","hentry"],"aioseo_notices":[],"_links":{"self":[{"href":"https:\/\/fundacionporlajusticia.org\/va\/wp-json\/wp\/v2\/pages\/2271","targetHints":{"allow":["GET"]}}],"collection":[{"href":"https:\/\/fundacionporlajusticia.org\/va\/wp-json\/wp\/v2\/pages"}],"about":[{"href":"https:\/\/fundacionporlajusticia.org\/va\/wp-json\/wp\/v2\/types\/page"}],"author":[{"embeddable":true,"href":"https:\/\/fundacionporlajusticia.org\/va\/wp-json\/wp\/v2\/users\/2"}],"replies":[{"embeddable":true,"href":"https:\/\/fundacionporlajusticia.org\/va\/wp-json\/wp\/v2\/comments?post=2271"}],"version-history":[{"count":1,"href":"https:\/\/fundacionporlajusticia.org\/va\/wp-json\/wp\/v2\/pages\/2271\/revisions"}],"predecessor-version":[{"id":3510,"href":"https:\/\/fundacionporlajusticia.org\/va\/wp-json\/wp\/v2\/pages\/2271\/revisions\/3510"}],"wp:attachment":[{"href":"https:\/\/fundacionporlajusticia.org\/va\/wp-json\/wp\/v2\/media?parent=2271"}],"curies":[{"name":"wp","href":"https:\/\/api.w.org\/{rel}","templated":true}]}}