{"id":2265,"date":"2014-05-29T08:28:51","date_gmt":"2014-05-29T08:28:51","guid":{"rendered":"https:\/\/fundacionporlajusticia.accesia.info\/?page_id=16"},"modified":"2022-03-21T16:22:21","modified_gmt":"2022-03-21T16:22:21","slug":"premio-pau-i-justicia","status":"publish","type":"page","link":"https:\/\/fundacionporlajusticia.org\/va\/humansfest\/premio-pau-i-justicia\/","title":{"rendered":"PREMI PAU I JUST\u00cdCIA"},"content":{"rendered":"<p><a href=\"https:\/\/fundacionporlajusticia.org\/wp-content\/uploads\/2015\/09\/slide3.jpg\"><img loading=\"lazy\" decoding=\"async\" class=\"aligncenter size-full wp-image-1345\" src=\"https:\/\/fundacionporlajusticia.org\/wp-content\/uploads\/2015\/09\/slide3.jpg\" alt=\"slide3\" width=\"1140\" height=\"340\" \/><\/a><\/p>\n<p style=\"text-align: justify;\">\u00abPau i Just\u00edcia\u00bb Award d&#039;algunes ordres per arreplegar el career de filmmaker, produir o management film a Human Rights by the Foundation for Justice.<br \/>\nAwards que els focus de treball per a humans rights and justice s\u00f3n values i recollides per la feina, ara m\u00e9s guareixen que han estat, per\u00f2 committed per a trav\u00e9s de l&#039;audiovisual. Candidats s\u00f3n caracteritzades per la dedicaci\u00f3 dels seus professionals segurs a l&#039;arrel d&#039;awareness de Millennium Development Goals i light and give voice per a grups a les seves ordres eren violades systematically. A cinema committed per international cooperation, health, education, judicial system, prison system or advocacy.<\/p>\n<h4 style=\"text-align: justify;\">El 2014 the prize went to the director <strong>Carles Bosch<\/strong> for his career in defense of human rights. Carles Bosch ha dirigit reports i document\u00e0ries d&#039;events com a gulf war, wars a B\u00f2snia i Kosovo, ia Zapatista Revolution. He directed documentaries now and has covered several wars per Television news of TV3 a Afganistan, Iran, Txad, the Philippines, Mo\u00e7ambic, Cuba, Mexico, Uruguai, United States, Haiti, Nicaragua, Israel, etc., i altres informacions in different countries European.<\/h4>\n<h4 style=\"text-align: justify;\">L&#039;any 2002 he dirigit el seu documentary film first, \u00abBalsers\u00bb from the films made for television between 1994 and 1996. The film gets the same characters , five years later. He co-produ\u00eft per Bausan films i Televisi\u00f3 de Catalunya , Rafters received som del most important internacionals awards ( including the Peabody Award , 2004 ) , i que nominat per l&#039;Oscar per a Best Documentary al 2003. \u00bb Septembers\u00bb , amb la participaci\u00f3 de TVE i les awarden a festivals a Malaga , Miami, IDFA . El 2010 presents la seva feature documentary a Sant Sebasti\u00e0 International Film Festival . El 2010 presents la seva feature documentary a Sant Sebasti\u00e0 International Film Festival : \u00abBicycle , Spoon, Apple\u00bb would win the Goya award per a best documentary in the same year.<\/h4>\n<p>&nbsp;<\/p>","protected":false},"excerpt":{"rendered":"<p>\u00abPau i Justicia\u00bb\u00a0Award arises in order to recognize the career of a filmmaker, producer or manage film on Human Rights by the Foundation for Justice. An award that focuses on work for Human Rights and Justice as a value and recognize the work, now more courageous than ever, those committed by them through the audiovisual. [&hellip;]<\/p>\n","protected":false},"author":2,"featured_media":0,"parent":442,"menu_order":0,"comment_status":"open","ping_status":"closed","template":"","meta":{"_et_pb_use_builder":"","_et_pb_old_content":"","_et_gb_content_width":"","_uf_show_specific_survey":0,"_uf_disable_surveys":false,"footnotes":""},"class_list":["post-2265","page","type-page","status-publish","hentry"],"aioseo_notices":[],"_links":{"self":[{"href":"https:\/\/fundacionporlajusticia.org\/va\/wp-json\/wp\/v2\/pages\/2265","targetHints":{"allow":["GET"]}}],"collection":[{"href":"https:\/\/fundacionporlajusticia.org\/va\/wp-json\/wp\/v2\/pages"}],"about":[{"href":"https:\/\/fundacionporlajusticia.org\/va\/wp-json\/wp\/v2\/types\/page"}],"author":[{"embeddable":true,"href":"https:\/\/fundacionporlajusticia.org\/va\/wp-json\/wp\/v2\/users\/2"}],"replies":[{"embeddable":true,"href":"https:\/\/fundacionporlajusticia.org\/va\/wp-json\/wp\/v2\/comments?post=2265"}],"version-history":[{"count":3,"href":"https:\/\/fundacionporlajusticia.org\/va\/wp-json\/wp\/v2\/pages\/2265\/revisions"}],"predecessor-version":[{"id":3509,"href":"https:\/\/fundacionporlajusticia.org\/va\/wp-json\/wp\/v2\/pages\/2265\/revisions\/3509"}],"up":[{"embeddable":true,"href":"https:\/\/fundacionporlajusticia.org\/va\/wp-json\/wp\/v2\/pages\/442"}],"wp:attachment":[{"href":"https:\/\/fundacionporlajusticia.org\/va\/wp-json\/wp\/v2\/media?parent=2265"}],"curies":[{"name":"wp","href":"https:\/\/api.w.org\/{rel}","templated":true}]}}