{"id":2258,"date":"2014-06-03T10:18:11","date_gmt":"2014-06-03T10:18:11","guid":{"rendered":"https:\/\/fundacionporlajusticia.accesia.info\/?page_id=104"},"modified":"2022-03-21T16:22:16","modified_gmt":"2022-03-21T16:22:16","slug":"politica-de-cookies","status":"publish","type":"page","link":"https:\/\/fundacionporlajusticia.org\/va\/humansfest\/politica-de-cookies\/","title":{"rendered":"Pol\u00edtica de cookies"},"content":{"rendered":"<p style=\"text-align: justify;\">Cookie \u00e9s un fitxer que es descarrega al vostre ordinador en accedir a determinades p\u00e0gines web. Les galetes permeten a una p\u00e0gina web, entre altres coses, emmagatzemar i recuperar informaci\u00f3 sobre els h\u00e0bits de navegaci\u00f3 d&#039;un usuari o del seu equip i, depenent de la informaci\u00f3 que continguin i de la manera com utilitzi el seu equip, es poden utilitzar per recon\u00e8ixer a l&#039;usuari.. El navegador de l&#039;usuari memoritza cookies al disc dur nom\u00e9s durant la sessi\u00f3 actual ocupant un espai de mem\u00f2ria m\u00ednim i no perjudicant l&#039;ordinador. Les galetes no contenen cap tipus d&#039;informaci\u00f3 personal espec\u00edfica, i la majoria s&#039;esborren del disc dur en finalitzar la sessi\u00f3 de navegador (les anomenades galetes de sessi\u00f3).<\/p>\n<p style=\"text-align: justify;\">La majoria dels navegadors accepten com a est\u00e0ndard les galetes i, amb independ\u00e8ncia de les mateixes, permeten o impedeixen en els ajustaments de seguretat les galetes temporals o memoritzades.<\/p>\n<p style=\"text-align: justify;\">Sense el vostre expr\u00e9s consentiment \u2013mitjan\u00e7ant l&#039;activaci\u00f3 de les cookies al vostre navegador\u2013<strong>www.festivalinternacionalcineydretshumans.com <\/strong>no enlla\u00e7ar\u00e0 a les cookies les dades memoritzades amb les seves dades personals proporcionades en el moment del registre o la compra.<\/p>\n<h1><strong>Quins tipus de galetes utilitza aquesta p\u00e0gina web?<\/strong><\/h1>\n<ul style=\"list-style-type: square;\">\n<li style=\"text-align: justify;\">Cookies t\u00e8cniques: S\u00f3n aquelles que permeten a l&#039;usuari la navegaci\u00f3 a trav\u00e9s d&#039;una p\u00e0gina web, plataforma o aplicaci\u00f3 i la utilitzaci\u00f3 de les diferents opcions o serveis que hi hagi com, per exemple, controlar el tr\u00e0nsit i la comunicaci\u00f3 de dades, identificar la sessi\u00f3, accedir a parts d&#039;acc\u00e9s restringit, recordar els elements que integren una comanda, fer el proc\u00e9s de compra d&#039;una comanda, fer la sol\u00b7licitud d&#039;inscripci\u00f3 o participaci\u00f3 en un esdeveniment, utilitzar elements de seguretat durant la navegaci\u00f3, emmagatzemar continguts per a la difusi\u00f3 de v\u00eddeos o so o compartir continguts a trav\u00e9s de xarxes socials.<\/li>\n<li style=\"text-align: justify;\">\u00a0Galetes de personalitzaci\u00f3: S\u00f3n aquelles que permeten a l&#039;usuari accedir al servei amb algunes caracter\u00edstiques de car\u00e0cter general predefinides en funci\u00f3 d&#039;una s\u00e8rie de criteris al terminal de l&#039;usuari com ara serien l&#039;idioma, el tipus de navegador a trav\u00e9s del qual accedeix al servei , la configuraci\u00f3 regional des d&#039;on accedeix al servei, etc.<\/li>\n<li style=\"text-align: justify;\">\u00a0Cookies d&#039;an\u00e0lisi: S\u00f3n aquelles que ben tractades per nosaltres o per tercers, ens permeten quantificar el nombre d&#039;usuaris i aix\u00ed realitzar el mesurament i l&#039;an\u00e0lisi estad\u00edstica de la utilitzaci\u00f3 que fan els usuaris del servei ofert. Per aix\u00f2 s&#039;analitza la vostra navegaci\u00f3 a la nostra p\u00e0gina web per tal de millorar l&#039;oferta de productes o serveis que us oferim.<\/li>\n<li style=\"text-align: justify;\">\u00a0Cookies publicit\u00e0ries: S\u00f3n aquelles que, ben tractades per nosaltres o per tercers, ens permeten gestionar de la manera m\u00e9s efica\u00e7 possible l&#039;oferta dels espais publicitaris que hi ha a la p\u00e0gina web, adequant el contingut de l&#039;anunci al contingut del servei sol\u00b7licitat oa l&#039;\u00fas que realitzi de la nostra p\u00e0gina web. Per aix\u00f2 podem analitzar els seus h\u00e0bits de navegaci\u00f3 a Internet i podem mostrar publicitat relacionada amb el seu perfil de navegaci\u00f3.<\/li>\n<li style=\"text-align: justify;\">\u00a0Cookies de publicitat comportamental: S\u00f3n aquelles que permeten la gesti\u00f3, de la manera m\u00e9s efica\u00e7 possible, dels espais publicitaris que, si escau, l&#039;editor hagi incl\u00f2s en una p\u00e0gina web, aplicaci\u00f3 o plataforma des de la qual presta el servei sol\u00b7licitat. Aquestes cookies emmagatzemen informaci\u00f3 del comportament dels usuaris obtinguda a trav\u00e9s de l&#039;observaci\u00f3 continuada dels seus h\u00e0bits de navegaci\u00f3, cosa que permet desenvolupar un perfil espec\u00edfic per mostrar publicitat en funci\u00f3 del mateix.<\/li>\n<\/ul>\n<p><strong><em>Galetes de tercers<\/em><\/strong><em>:<\/em><\/p>\n<p style=\"text-align: justify;\">La Web de <strong>www.festivalinternacionalcineydretshumans.com<\/strong> pot utilitzar serveis de tercers que, per compte de<strong> www.festivalinternacionalcineydretshumans.com<\/strong>, recopilaran informaci\u00f3 amb finalitats estad\u00edstiques, d&#039;\u00fas del Site per part de l&#039;usuari i per a la prestaci\u00f3 d&#039;altres serveis relacionats amb l&#039;activitat del Website i altres serveis d&#039;Internet.<\/p>\n<p style=\"text-align: justify;\">En particular, aquest lloc web utilitza Google Analytics, un servei anal\u00edtic de web prestat per Google, Inc. amb domicili als Estats Units amb seu central el 1600 Amphitheatre Parkway, Mountain View, Calif\u00f2rnia 94043. Per a la prestaci\u00f3 d&#039;aquests serveis, aquests utilitzen galetes que recopilen la informaci\u00f3, inclosa l&#039;adre\u00e7a IP de l&#039;usuari, que ser\u00e0 transmesa, tractada i emmagatzemada per Google en els termes fixats a la Web Google.com. Incloent la possible transmissi\u00f3 de la informaci\u00f3 a tercers per raons d&#039;exig\u00e8ncia legal o quan aquests tercers processin la informaci\u00f3 per compte de Google.<\/p>\n<p style=\"text-align: justify;\">(En aquest punt l&#039;AGPD suggereix incloure cadascuna de les cookies de tercers utilitzades i les dades dels tercers. Per raons evidents en aquest model nom\u00e9s s&#039;ha incl\u00f2s la Google en l&#039;\u00fas d&#039;Analytics per ser la m\u00e9s estesa i comuna.)<\/p>\n<p style=\"text-align: justify;\"><strong>L&#039;Usuari accepta expressament, per la utilitzaci\u00f3 d&#039;aquest Site, el tractament de la informaci\u00f3 recollida en la forma i amb les finalitats anteriorment esmentades.<\/strong>\u00a0I tamb\u00e9 reconeix con\u00e8ixer la possibilitat de rebutjar el tractament d&#039;aquestes dades o informaci\u00f3 rebutjant l&#039;\u00fas de Cookies mitjan\u00e7ant la selecci\u00f3 de la configuraci\u00f3 apropiada amb aquesta finalitat al vostre navegador. Si b\u00e9 aquesta opci\u00f3 de bloqueig de Cookies al vostre navegador pot no permetre l&#039;\u00fas ple de totes les funcionalitats del Website.<\/p>\n<p style=\"text-align: justify;\">Podeu permetre, bloquejar o eliminar les cookies instal\u00b7lades al vostre equip mitjan\u00e7ant la configuraci\u00f3 de les opcions del navegador instal\u00b7lat al vostre ordinador:<\/p>\n<ul style=\"list-style-type: square;\">\n<li><em><a href=\"http:\/\/support.google.com\/chrome\/bin\/answer.py?hl=es&amp;answer=95647\">Chrome<\/a><\/em><\/li>\n<li><em><a href=\"http:\/\/windows.microsoft.com\/es-es\/windows7\/how-to-manage-cookies-in-internet-explorer-9\">Explorer<\/a><\/em><\/li>\n<li><em><a href=\"http:\/\/support.mozilla.org\/es\/kb\/habilitar-y-deshabilitar-cookies-que-los-sitios-we\">Firefox<\/a><\/em><\/li>\n<li><em><a href=\"http:\/\/support.apple.com\/kb\/ph5042\">Safari<\/a><\/em><\/li>\n<\/ul>\n<p style=\"text-align: justify;\"><em>Si teniu dubtes sobre aquesta pol\u00edtica de cookies, podeu contactar amb<strong> www.festivalinternacionalcineydretshumans.com<\/strong> a <strong>info@festivalinternacionalcineyderechoshumanos.com<\/strong><\/em><\/p>","protected":false},"excerpt":{"rendered":"<p>Cookie\u00a0es un fichero que se descarga en su ordenador al acceder a determinadas p\u00e1ginas web. Las cookies permiten a una p\u00e1gina web, entre otras cosas, almacenar y recuperar informaci\u00f3n sobre los h\u00e1bitos de navegaci\u00f3n de un usuario o de su equipo y, dependiendo de la informaci\u00f3n que contengan y de la forma en que utilice [&hellip;]<\/p>\n","protected":false},"author":2,"featured_media":0,"parent":442,"menu_order":0,"comment_status":"closed","ping_status":"closed","template":"","meta":{"_et_pb_use_builder":"","_et_pb_old_content":"","_et_gb_content_width":"","_uf_show_specific_survey":0,"_uf_disable_surveys":false,"footnotes":""},"class_list":["post-2258","page","type-page","status-publish","hentry"],"aioseo_notices":[],"_links":{"self":[{"href":"https:\/\/fundacionporlajusticia.org\/va\/wp-json\/wp\/v2\/pages\/2258","targetHints":{"allow":["GET"]}}],"collection":[{"href":"https:\/\/fundacionporlajusticia.org\/va\/wp-json\/wp\/v2\/pages"}],"about":[{"href":"https:\/\/fundacionporlajusticia.org\/va\/wp-json\/wp\/v2\/types\/page"}],"author":[{"embeddable":true,"href":"https:\/\/fundacionporlajusticia.org\/va\/wp-json\/wp\/v2\/users\/2"}],"replies":[{"embeddable":true,"href":"https:\/\/fundacionporlajusticia.org\/va\/wp-json\/wp\/v2\/comments?post=2258"}],"version-history":[{"count":1,"href":"https:\/\/fundacionporlajusticia.org\/va\/wp-json\/wp\/v2\/pages\/2258\/revisions"}],"predecessor-version":[{"id":3241,"href":"https:\/\/fundacionporlajusticia.org\/va\/wp-json\/wp\/v2\/pages\/2258\/revisions\/3241"}],"up":[{"embeddable":true,"href":"https:\/\/fundacionporlajusticia.org\/va\/wp-json\/wp\/v2\/pages\/442"}],"wp:attachment":[{"href":"https:\/\/fundacionporlajusticia.org\/va\/wp-json\/wp\/v2\/media?parent=2258"}],"curies":[{"name":"wp","href":"https:\/\/api.w.org\/{rel}","templated":true}]}}