{"id":2250,"date":"2015-10-27T12:10:15","date_gmt":"2015-10-27T12:10:15","guid":{"rendered":"https:\/\/fundacionporlajusticia.accesia.info\/en\/?page_id=2888"},"modified":"2022-03-21T16:22:14","modified_gmt":"2022-03-21T16:22:14","slug":"no-tengas-miedo","status":"publish","type":"page","link":"https:\/\/fundacionporlajusticia.org\/va\/no-tengas-miedo\/","title":{"rendered":"NO TINGUIS POR"},"content":{"rendered":"<table>\n<tbody>\n<tr>\n<td width=\"206\">\u00a0<img loading=\"lazy\" decoding=\"async\" class=\"aligncenter wp-image-2894 size-medium\" src=\"https:\/\/fundacionporlajusticia.org\/wp-content\/uploads\/2015\/10\/no-tengas-miedo-200x300.gif\" alt=\"no tengas miedo\" width=\"200\" height=\"300\" \/><\/td>\n<td width=\"376\">\n<h1><strong>HISTORY<\/strong><\/h1>\n<p>Silvia \u00e9s a young girl marked by a dark childhood. Perqu\u00e8 s&#039;ha fet twenty-five, es decideix a start over and to face people, feelings and emotions, que s&#039;esperen a la pasta. In her ight against adversity and against herself, she will learn al control d&#039;her fears and become an adult, responsable for her own actions.<\/td>\n<\/tr>\n<tr>\n<td rowspan=\"2\" width=\"206\">\n<h2><strong>Thursday, 10 th december 20.15 h.<\/strong><\/h2>\n<h4><strong style=\"font-family: inherit; font-size: inherit; line-height: 1.5;\">Original title:<\/strong><\/h4>\n<h4>No tinguis por<\/h4>\n<h4><strong>Director:<\/strong><\/h4>\n<h4>Montxo Armendaritz<\/h4>\n<h4><strong>Spain 2011<\/strong><\/h4>\n<h4><strong> 90 min.<\/strong><\/h4>\n<h4><strong> Gui\u00f3:<\/strong><\/h4>\n<h4>Montxo Armend\u00e1riz<\/h4>\n<h4>Maria Laura Gargarella<\/h4>\n<h4><strong>Photography:<\/strong><\/h4>\n<h4>Alex Catal\u00e0<\/h4>\n<h4><strong>Repartiment:<\/strong><\/h4>\n<h4>Michelle Jenner<\/h4>\n<h4>Llu\u00eds Homar<\/h4>\n<h4>Betlem Rueda<\/h4>\n<h4>Nuria Gago<\/h4>\n<h4>Rub\u00e9n Ochandiano<\/h4>\n<h4>Cristina Places<\/h4>\n<h4>Javier Pereira<\/h4>\n<h4>Irantzu Erro<\/h4>\n<h4>Ainhoa Quintana<\/h4>\n<h4>Irene Cervantes<\/h4>\n<h4>Maider Sales<\/h4>\n<h4><strong>Productora:<\/strong><\/h4>\n<h4>Oria Films<\/h4>\n<h4><strong>G\u00e8nere:<\/strong><\/h4>\n<h4>Drama | Abusos sexuals. Drama psicol\u00f2gic.<\/h4>\n<\/td>\n<td width=\"376\">\n<h1><strong>DIRECTOR<\/strong><\/h1>\n<p>Montxo Armend\u00e1riz va n\u00e9ixer el 27 de Gener de 1949 a Olleta, Navarra (Espanya.) \u00c9s el director i escriptor, conegut per <a href=\"http:\/\/www.imdb.com\/title\/tt0120090?ref_=nm_ov_bio_lk1\">Secrets del cor<\/a> (1997), <a href=\"http:\/\/www.imdb.com\/title\/tt1728174?ref_=nm_ov_bio_lk2\">No tinguis por<\/a> (2011) and <a href=\"http:\/\/www.imdb.com\/title\/tt0397582?ref_=nm_ov_bio_lk3\">Obava<\/a> (2005). <a href=\"http:\/\/www.imdb.com\/name\/nm0035404\/bio?ref_=nm_ov_bio_sm\">See full bio<\/a><\/td>\n<\/tr>\n<tr>\n<td width=\"376\">\n<h1><strong>FESTIVALS &amp; AWARDS<\/strong><\/h1>\n<ul style=\"list-style-type: square;\">\n<li>The film won the Prize of the Cinema Writers Circle of Spain (2012)- Best Actress for Michelle Jenner.<\/li>\n<li>The film was also nominated per Best Picture and Best Director (Cinema Writers Circle).<\/li>\n<li>\u00c9s nominat per a Best Supporting Actress, per a Belen Roda (Cinema Writers Circle).<\/li>\n<li>It was nominated for the 2012 Goya Awards for Best Actress Michelle Jenner.<\/li>\n<li>Monxo Armendariz va ser nominat al Crystal Globe al Karlovy Vary International Film Festival el 2011.<\/li>\n<li>The film was nominated in the San Jorge awards 2012 per Best Spanish Actress Michelle Jenner.<\/li>\n<\/ul>\n<\/td>\n<\/tr>\n<tr>\n<td colspan=\"2\" width=\"581\"><iframe loading=\"lazy\" src=\"https:\/\/www.youtube.com\/embed\/NySWdWYZWwY\" width=\"1040\" height=\"585\" frameborder=\"0\" allowfullscreen=\"allowfullscreen\"><\/iframe><\/td>\n<\/tr>\n<tr>\n<td colspan=\"2\" width=\"581\"><img loading=\"lazy\" decoding=\"async\" class=\"alignleft wp-image-2897\" src=\"https:\/\/fundacionporlajusticia.org\/wp-content\/uploads\/2015\/10\/4-300x162.jpg\" alt=\"4\" width=\"317\" height=\"171\" \/> <img loading=\"lazy\" decoding=\"async\" class=\"alignleft wp-image-2898\" src=\"https:\/\/fundacionporlajusticia.org\/wp-content\/uploads\/2015\/10\/10-300x162.jpg\" alt=\"10\" width=\"317\" height=\"171\" \/> <img loading=\"lazy\" decoding=\"async\" class=\"alignleft wp-image-2899\" src=\"https:\/\/fundacionporlajusticia.org\/wp-content\/uploads\/2015\/10\/19-300x162.jpg\" alt=\"19\" width=\"317\" height=\"171\" \/><\/td>\n<\/tr>\n<\/tbody>\n<\/table>\n<p>&nbsp;<\/p>","protected":false},"excerpt":{"rendered":"<p>\u00a0 HISTORY Silvia is a young girl marked by a dark childhood. When she is hardly twenty-five, she decides to start over and to face people, feelings and emotions that keep her bound to the past. In her fight against adversity and against herself, she will learn to control her fears and become an adult, [&hellip;]<\/p>\n","protected":false},"author":2,"featured_media":0,"parent":0,"menu_order":0,"comment_status":"closed","ping_status":"closed","template":"","meta":{"_et_pb_use_builder":"","_et_pb_old_content":"","_et_gb_content_width":"","_uf_show_specific_survey":0,"_uf_disable_surveys":false,"footnotes":""},"class_list":["post-2250","page","type-page","status-publish","hentry"],"aioseo_notices":[],"_links":{"self":[{"href":"https:\/\/fundacionporlajusticia.org\/va\/wp-json\/wp\/v2\/pages\/2250","targetHints":{"allow":["GET"]}}],"collection":[{"href":"https:\/\/fundacionporlajusticia.org\/va\/wp-json\/wp\/v2\/pages"}],"about":[{"href":"https:\/\/fundacionporlajusticia.org\/va\/wp-json\/wp\/v2\/types\/page"}],"author":[{"embeddable":true,"href":"https:\/\/fundacionporlajusticia.org\/va\/wp-json\/wp\/v2\/users\/2"}],"replies":[{"embeddable":true,"href":"https:\/\/fundacionporlajusticia.org\/va\/wp-json\/wp\/v2\/comments?post=2250"}],"version-history":[{"count":2,"href":"https:\/\/fundacionporlajusticia.org\/va\/wp-json\/wp\/v2\/pages\/2250\/revisions"}],"predecessor-version":[{"id":3505,"href":"https:\/\/fundacionporlajusticia.org\/va\/wp-json\/wp\/v2\/pages\/2250\/revisions\/3505"}],"wp:attachment":[{"href":"https:\/\/fundacionporlajusticia.org\/va\/wp-json\/wp\/v2\/media?parent=2250"}],"curies":[{"name":"wp","href":"https:\/\/api.w.org\/{rel}","templated":true}]}}