{"id":2228,"date":"2015-11-04T10:22:15","date_gmt":"2015-11-04T10:22:15","guid":{"rendered":"https:\/\/fundacionporlajusticia.accesia.info\/es\/?page_id=3127"},"modified":"2022-03-21T16:22:08","modified_gmt":"2022-03-21T16:22:08","slug":"hacia-una-primavera-rosa","status":"publish","type":"page","link":"https:\/\/fundacionporlajusticia.org\/va\/hacia-una-primavera-rosa\/","title":{"rendered":"CAP A UNA PRIMAVERA ROSA"},"content":{"rendered":"<table>\n<tbody>\n<tr>\n<td width=\"257\"><a href=\"https:\/\/fundacionporlajusticia.org\/wp-content\/uploads\/2015\/11\/cover225x225.jpeg\"><img loading=\"lazy\" decoding=\"async\" class=\"aligncenter size-full wp-image-3136\" src=\"https:\/\/fundacionporlajusticia.org\/wp-content\/uploads\/2015\/11\/cover225x225.jpeg\" alt=\"cover225x225\" width=\"172\" height=\"225\" \/><\/a><\/td>\n<td style=\"width: 470px; vertical-align: top;\" width=\"470\">\n<h1><strong>HISTORY<\/strong><\/h1>\n<p style=\"text-align: justify;\"><em>Young members of the Arab LGBT community have to live clandestinely. They feel frustrated after the Arab Spring, si will be the moment of Pink Spring?<\/em><\/p>\n<\/td>\n<\/tr>\n<tr>\n<td rowspan=\"2\" width=\"257\">\n<h4><strong>Director:<\/strong><\/h4>\n<h4>Mario de la Torre<\/h4>\n<h4><strong>Spain, Tun\u00edsia 2014<\/strong><\/h4>\n<h4><strong>17 min.<\/strong><\/h4>\n<h4><strong>Languages:<\/strong><\/h4>\n<h4>Spanish<\/h4>\n<p><strong>\u00a0<\/strong><\/td>\n<td width=\"470\">\n<h1><strong>DIRECTOR<\/strong><\/h1>\n<p style=\"text-align: justify;\"><img loading=\"lazy\" decoding=\"async\" class=\"alignright size-medium wp-image-2205\" src=\"https:\/\/fundacionporlajusticia.org\/wp-content\/uploads\/2015\/09\/mariodelatorre_director_-300x200.jpg\" alt=\"mariodelatorre_director_\" width=\"300\" height=\"200\" \/><\/p>\n<p style=\"text-align: justify;\">Mario de la Torre made el seu debut amb la shortfilm Xocolata amb Churros (2006), winner de les New Arrivals awards en el Rotterdam Film Festival. The documentary Harraga (2008) nominated to the Goya Awards. La Condemna (2009) va editar-se en la col\u00b7lecci\u00f3 Filmoteca FNAC i va crear en festivals per tot el m\u00f3n. Hunger (2012), les \u00faltim film, les selected als festivals a Sitges, Gij\u00f3n or Odense.<\/p>\n<\/td>\n<\/tr>\n<tr>\n<td width=\"470\">\n<h1><strong>FESTIVALS &amp; AWARDS<\/strong><\/h1>\n<h1><\/h1>\n<\/td>\n<\/tr>\n<tr>\n<td colspan=\"2\" width=\"727\"><iframe loading=\"lazy\" src=\"https:\/\/player.vimeo.com\/video\/90249808\" width=\"1140\" height=\"585\" frameborder=\"0\" allowfullscreen=\"allowfullscreen\"><\/iframe><a href=\"https:\/\/vimeo.com\/90249808\">Cap a una primavera rosa TRAILER<\/a> from <a href=\"https:\/\/vimeo.com\/cretaproducciones\">Creta Producciones SL<\/a> on <a href=\"https:\/\/vimeo.com\">Vimeo<\/a>.<\/td>\n<\/tr>\n<\/tbody>\n<\/table>","protected":false},"excerpt":{"rendered":"<p>HISTORY Young members of the Arab LGBT community have to live clandestinely. They feel frustrated after the Arab Spring, so will be the moment of a Pink Spring? Director: Mario de la Torre Spain, T\u00fanez 2014 17 min. Languages: Spanish \u00a0 DIRECTOR Mario de la Torre made his debut with the shortfilm Chocolate con Churros [&hellip;]<\/p>\n","protected":false},"author":2,"featured_media":0,"parent":0,"menu_order":0,"comment_status":"closed","ping_status":"closed","template":"","meta":{"_et_pb_use_builder":"","_et_pb_old_content":"","_et_gb_content_width":"","_uf_show_specific_survey":0,"_uf_disable_surveys":false,"footnotes":""},"class_list":["post-2228","page","type-page","status-publish","hentry"],"aioseo_notices":[],"_links":{"self":[{"href":"https:\/\/fundacionporlajusticia.org\/va\/wp-json\/wp\/v2\/pages\/2228","targetHints":{"allow":["GET"]}}],"collection":[{"href":"https:\/\/fundacionporlajusticia.org\/va\/wp-json\/wp\/v2\/pages"}],"about":[{"href":"https:\/\/fundacionporlajusticia.org\/va\/wp-json\/wp\/v2\/types\/page"}],"author":[{"embeddable":true,"href":"https:\/\/fundacionporlajusticia.org\/va\/wp-json\/wp\/v2\/users\/2"}],"replies":[{"embeddable":true,"href":"https:\/\/fundacionporlajusticia.org\/va\/wp-json\/wp\/v2\/comments?post=2228"}],"version-history":[{"count":3,"href":"https:\/\/fundacionporlajusticia.org\/va\/wp-json\/wp\/v2\/pages\/2228\/revisions"}],"predecessor-version":[{"id":3496,"href":"https:\/\/fundacionporlajusticia.org\/va\/wp-json\/wp\/v2\/pages\/2228\/revisions\/3496"}],"wp:attachment":[{"href":"https:\/\/fundacionporlajusticia.org\/va\/wp-json\/wp\/v2\/media?parent=2228"}],"curies":[{"name":"wp","href":"https:\/\/api.w.org\/{rel}","templated":true}]}}