{"id":2225,"date":"2014-06-06T08:22:11","date_gmt":"2014-06-06T08:22:11","guid":{"rendered":"https:\/\/fundacionporlajusticia.accesia.info\/?page_id=133"},"modified":"2022-03-21T16:22:08","modified_gmt":"2022-03-21T16:22:08","slug":"espacios","status":"publish","type":"page","link":"https:\/\/fundacionporlajusticia.org\/va\/humansfest\/espacios\/","title":{"rendered":"ESPAIS 2014"},"content":{"rendered":"<p>El Festival compta amb diferents seus:<\/p>\n<p><strong>SEU SECCI\u00d3 OFICIAL \u2013 FILMOTECA DE VAL\u00c8NCIA \u2013 IVAC<\/strong><\/p>\n<p>Inauguraci\u00f3 i clausura<\/p>\n<p>Projecci\u00f3 dels 10 documentals que opten al Premi del Festival i el Concurs \u201d1 minut 1 dret\u201d<\/p>\n<p><a href=\"https:\/\/fundacionporlajusticia.org\/wp-content\/uploads\/2014\/06\/Sin-t\u00edtulo-1.jpg\"><img loading=\"lazy\" decoding=\"async\" class=\"alignnone size-medium wp-image-136\" src=\"https:\/\/fundacionporlajusticia.org\/wp-content\/uploads\/2014\/06\/Sin-t\u00edtulo-1-300x168.jpg\" alt=\"Sin t\u00edtulo-1\" width=\"300\" height=\"168\" \/><\/a><\/p>\n<p><strong>Sala Luis G. Berlanga<\/strong><br \/>\nEdifici Rialto<br \/>\nPla\u00e7a de l&#039;Ajuntament, 17<br \/>\n46002 Val\u00e8ncia<\/p>\n<p>&nbsp;<\/p>\n<p><strong>SEU SECCI\u00d3 NO OFICIAL \u2013 IVAM <\/strong><\/p>\n<p>A l&#039;IVAM es projectaran les pel\u00b7l\u00edcules del Festival als centres educatius que participen del Festival als matins, la realitzaci\u00f3 de tallers i la secci\u00f3 no oficial.<\/p>\n<p><a href=\"https:\/\/fundacionporlajusticia.org\/wp-content\/uploads\/2014\/06\/Sin-t\u00edtulo-2.jpg\"><img loading=\"lazy\" decoding=\"async\" class=\"alignnone size-medium wp-image-135\" src=\"https:\/\/fundacionporlajusticia.org\/wp-content\/uploads\/2014\/06\/Sin-t\u00edtulo-2-300x91.jpg\" alt=\"Sin t\u00edtulo-2\" width=\"300\" height=\"91\" \/><\/a><\/p>\n<p>Carrer de Guillem de Castro, 118, 46003 Val\u00e8ncia<\/p>\n<p>&nbsp;<\/p>\n<p><strong>CENTRE PENITENCIARI DE PICASSENT<\/strong><\/p>\n<p>Projecci\u00f3 a Reclusos i recluses del Centre Penitenciari.<\/p>\n<p>CARRETERA N-340, KM. 225; 46220 <em>PICASSENT<\/em> (VAL\u00c8NCIA)<\/p>","protected":false},"excerpt":{"rendered":"<p>El Festival cuenta con diferentes sedes: SEDE SECCI\u00d3N OFICIAL \u2013 FILMOTECA DE VALENCIA \u2013 IVAC Inauguraci\u00f3n y Clausura Proyecci\u00f3n de los 10 documentales que optan al Premio del Festival y el Concurso \u201d 1 minuto 1 derecho\u201d Sala Luis G. Berlanga Edificio Rialto Plaza del Ayuntamiento, 17 46002 Valencia &nbsp; SEDE SECCI\u00d3N NO OFICIAL \u2013 [&hellip;]<\/p>\n","protected":false},"author":2,"featured_media":0,"parent":442,"menu_order":0,"comment_status":"open","ping_status":"closed","template":"","meta":{"_et_pb_use_builder":"","_et_pb_old_content":"","_et_gb_content_width":"","_uf_show_specific_survey":0,"_uf_disable_surveys":false,"footnotes":""},"class_list":["post-2225","page","type-page","status-publish","hentry"],"aioseo_notices":[],"_links":{"self":[{"href":"https:\/\/fundacionporlajusticia.org\/va\/wp-json\/wp\/v2\/pages\/2225","targetHints":{"allow":["GET"]}}],"collection":[{"href":"https:\/\/fundacionporlajusticia.org\/va\/wp-json\/wp\/v2\/pages"}],"about":[{"href":"https:\/\/fundacionporlajusticia.org\/va\/wp-json\/wp\/v2\/types\/page"}],"author":[{"embeddable":true,"href":"https:\/\/fundacionporlajusticia.org\/va\/wp-json\/wp\/v2\/users\/2"}],"replies":[{"embeddable":true,"href":"https:\/\/fundacionporlajusticia.org\/va\/wp-json\/wp\/v2\/comments?post=2225"}],"version-history":[{"count":1,"href":"https:\/\/fundacionporlajusticia.org\/va\/wp-json\/wp\/v2\/pages\/2225\/revisions"}],"predecessor-version":[{"id":3240,"href":"https:\/\/fundacionporlajusticia.org\/va\/wp-json\/wp\/v2\/pages\/2225\/revisions\/3240"}],"up":[{"embeddable":true,"href":"https:\/\/fundacionporlajusticia.org\/va\/wp-json\/wp\/v2\/pages\/442"}],"wp:attachment":[{"href":"https:\/\/fundacionporlajusticia.org\/va\/wp-json\/wp\/v2\/media?parent=2225"}],"curies":[{"name":"wp","href":"https:\/\/api.w.org\/{rel}","templated":true}]}}