{"id":2223,"date":"2014-10-01T09:10:07","date_gmt":"2014-10-01T09:10:07","guid":{"rendered":"https:\/\/fundacionporlajusticia.accesia.info\/?page_id=350"},"modified":"2022-03-21T16:22:08","modified_gmt":"2022-03-21T16:22:08","slug":"entradas","status":"publish","type":"page","link":"https:\/\/fundacionporlajusticia.org\/va\/entradas\/","title":{"rendered":"ENTRADES"},"content":{"rendered":"<p style=\"text-align: justify;\">LES ENTRADES A LA PREINAUGURACI\u00d3 DEL FIC VAL\u00c8NCIA EL 18 D&#039;OCTUBRE A LES 18.30 A NAZARET ES RECULLEN EN L&#039;ASSOCIACI\u00d3 JUVENIL DE NAZARET, ENTRADA GRATU\u00cfTA.<\/p>\n<p style=\"text-align: justify;\">LES ENTRADES DE LA SECCI\u00d3 OFICIAL I SECCI\u00d3 ANIMACI\u00d3 I DRETS HUMANS S&#039;ADQUIREIXEN A LES TAQUILLES DE LA FILMOTECA AL PREU DE 2 EUROS, A EXCEPCI\u00d3 DE LA INAUGURACI\u00d3 I LA CLAUSURA QUE S\u00d3N GRATU\u00cfTES ( L&#039;ENTRADA DE LA INU RIALT).  RECOLLIDA D&#039;ENTRADES 30 MINUTS ABANS DE LA PROJECCI\u00d3.<\/p>\n<p style=\"text-align: justify;\">L&#039;ENTRADA A LA PROJECCI\u00d3 DE LA PEL\u00b7L\u00cdCULA DE VICENT FERRER EL DIUMENGE 26 A L&#039;IVAM \u00c9S GRATU\u00cfTA I ENTRADA LLIURE.<\/p>\n<p style=\"text-align: justify;\">L&#039;ENTRADA AL CONCERT DEL GRUP SOLANA DEL DIA 30 A L&#039;IVAM A LES 22H S&#039;ADQUIREIX 30 MINUTS ABANS DEL CONCERT A L&#039;IVAM. PREU DONATIU 2 EUROS.<\/p>","protected":false},"excerpt":{"rendered":"<p>LAS ENTRADAS A LA PREINAUGURACI\u00d3N DEL FIC VALENCIA EL 18 DE OCTUBRE A LAS 18.30 EN NAZARET SE RECOGEN EN LA ASOCIACI\u00d3N JUVENIL DE NAZARET, ENTRADA GRATUITA. LAS ENTRADAS DE LA SECCI\u00d3N OFICIAL Y SECCI\u00d3N ANIMACI\u00d3N Y DERECHOS HUMANOS SE ADQUIEREN EN LAS TAQUILLAS DE LA FILMOTECA AL PRECIO DE 2 EUROS, A EXCEPCI\u00d3N DE [&hellip;]<\/p>\n","protected":false},"author":2,"featured_media":0,"parent":0,"menu_order":0,"comment_status":"open","ping_status":"closed","template":"","meta":{"_et_pb_use_builder":"","_et_pb_old_content":"","_et_gb_content_width":"","_uf_show_specific_survey":0,"_uf_disable_surveys":false,"footnotes":""},"class_list":["post-2223","page","type-page","status-publish","hentry"],"aioseo_notices":[],"_links":{"self":[{"href":"https:\/\/fundacionporlajusticia.org\/va\/wp-json\/wp\/v2\/pages\/2223","targetHints":{"allow":["GET"]}}],"collection":[{"href":"https:\/\/fundacionporlajusticia.org\/va\/wp-json\/wp\/v2\/pages"}],"about":[{"href":"https:\/\/fundacionporlajusticia.org\/va\/wp-json\/wp\/v2\/types\/page"}],"author":[{"embeddable":true,"href":"https:\/\/fundacionporlajusticia.org\/va\/wp-json\/wp\/v2\/users\/2"}],"replies":[{"embeddable":true,"href":"https:\/\/fundacionporlajusticia.org\/va\/wp-json\/wp\/v2\/comments?post=2223"}],"version-history":[{"count":1,"href":"https:\/\/fundacionporlajusticia.org\/va\/wp-json\/wp\/v2\/pages\/2223\/revisions"}],"predecessor-version":[{"id":3494,"href":"https:\/\/fundacionporlajusticia.org\/va\/wp-json\/wp\/v2\/pages\/2223\/revisions\/3494"}],"wp:attachment":[{"href":"https:\/\/fundacionporlajusticia.org\/va\/wp-json\/wp\/v2\/media?parent=2223"}],"curies":[{"name":"wp","href":"https:\/\/api.w.org\/{rel}","templated":true}]}}