{"id":2222,"date":"2022-03-25T18:03:44","date_gmt":"2022-03-25T18:03:44","guid":{"rendered":"https:\/\/fundacionporlajusticia.accesia.info\/?page_id=10"},"modified":"2026-02-02T13:02:02","modified_gmt":"2026-02-02T12:02:02","slug":"objetivos-2","status":"publish","type":"page","link":"https:\/\/fundacionporlajusticia.org\/va\/humansfest\/el-festival\/objetivos-2\/","title":{"rendered":"EL FESTIVAL"},"content":{"rendered":"[et_pb_section fb_built=\u00bb1&#8243; _builder_version=\u00bb4.16&#8243; custom_padding=\u00bb||0px|||\u00bb global_colors_info=\u00bb{}\u00bb][et_pb_row _builder_version=\u00bb4.16&#8243; background_size=\u00bbinitial\u00bb background_position=\u00bbtop_left\u00bb background_repeat=\u00bbrepeat\u00bb min_height=\u00bb166.6px\u00bb global_colors_info=\u00bb{}\u00bb][et_pb_column type=\u00bb4_4&#8243; _builder_version=\u00bb4.16&#8243; custom_padding=\u00bb|||\u00bb global_colors_info=\u00bb{}\u00bb custom_padding__hover=\u00bb|||\u00bb][et_pb_text _builder_version=\u00bb4.16&#8243; background_size=\u00bbinitial\u00bb background_position=\u00bbtop_left\u00bb background_repeat=\u00bbrepeat\u00bb global_colors_info=\u00bb{}\u00bb]<figure class=\"wp-block-image size-large\"><a href=\"http:\/\/humansfest.com\/wp-content\/uploads\/2022\/02\/Baner_negro_festival_2022.png\"><img decoding=\"async\" class=\"wp-image-6888\" src=\"http:\/\/humansfest.com\/wp-content\/uploads\/2022\/02\/Baner_negro_festival_2022-1024x404.png\" alt=\"\" \/><\/a><\/figure>\n<p style=\"text-align: justify;\"><\/p>\n<blockquote>\n<p style=\"text-align: justify;\">El <strong>FESTIVAL INTERNACIONAL DE CINE Y DERECHOS HUMANOS<\/strong> \u00abHumans Fest\u00bb es una de las principales actividades impulsadas por la\u00a0 <a href=\"https:\/\/fundacionporlajusticia.org\/\" target=\"_blank\" rel=\"noopener noreferrer\">Fundaci\u00f3n por la Justicia.<\/a><\/p>\n<p style=\"text-align: justify;\"><strong>Iniciado en 2008<\/strong>, el festival ha logrado un equilibrio entre la defensa de los derechos humanos y la denuncia de sus vulneraciones en todo el mundo y al mismo tiempo la realizaci\u00f3n de una serie de actividades de contenido social, que acercan la cultura audiovisual tanto al p\u00fablico general como a p\u00fablicos especialmente vulnerables.<\/p>\n<\/blockquote>[\/et_pb_text][\/et_pb_column][\/et_pb_row][\/et_pb_section][et_pb_section fb_built=\u00bb1&#8243; _builder_version=\u00bb4.16&#8243; _module_preset=\u00bbdefault\u00bb min_height=\u00bb953.9px\u00bb global_colors_info=\u00bb{}\u00bb][et_pb_row column_structure=\u00bb1_2,1_2&#8243; _builder_version=\u00bb4.16&#8243; _module_preset=\u00bbdefault\u00bb width=\u00bb85.5%\u00bb min_height=\u00bb604.3px\u00bb custom_margin=\u00bb|auto|-145px|auto||\u00bb global_colors_info=\u00bb{}\u00bb][et_pb_column type=\u00bb1_2&#8243; _builder_version=\u00bb4.16&#8243; _module_preset=\u00bbdefault\u00bb global_colors_info=\u00bb{}\u00bb][et_pb_image src=\u00bbhttps:\/\/fundacionporlajusticia.org\/wp-content\/uploads\/2022\/03\/Objetivos.png\u00bb title_text=\u00bbObjetivos\u00bb _builder_version=\u00bb4.16&#8243; _module_preset=\u00bbdefault\u00bb custom_margin=\u00bb|25px||||\u00bb custom_padding=\u00bb|14px||||\u00bb global_colors_info=\u00bb{}\u00bb][\/et_pb_image][\/et_pb_column][et_pb_column type=\u00bb1_2&#8243; _builder_version=\u00bb4.16&#8243; _module_preset=\u00bbdefault\u00bb global_colors_info=\u00bb{}\u00bb][et_pb_text _builder_version=\u00bb4.16&#8243; background_size=\u00bbinitial\u00bb background_position=\u00bbtop_left\u00bb background_repeat=\u00bbrepeat\u00bb width=\u00bb100%\u00bb global_colors_info=\u00bb{}\u00bb]<p style=\"text-align: justify;\"><!-- \/wp:post-content --><\/p>\n<blockquote>\n<p style=\"text-align: left;\">Entre sus <em><strong>objetivos<\/strong><\/em> se encuentran:<\/p>\n<\/blockquote>\n<ul>\n<li style=\"text-align: left;\">La <strong>promoci\u00f3n de la cultura,<\/strong> principalmente a trav\u00e9s del cine y las dem\u00e1s artes pl\u00e1sticas y visuales, con la intenci\u00f3n de llegar a una audiencia amplia y en particular a las personas m\u00e1s vulnerables con especial atenci\u00f3n a la perspectiva de g\u00e9nero y a la diversidad de las autoras y los autores.<\/li>\n<li style=\"text-align: left;\">P<strong>romover una reflexi\u00f3n cr\u00edtica sobre las causas de la desigualdad mundial<\/strong> para provocar cambios en las pautas de comportamiento y que repercutan en las sociedades de los pa\u00edses del Sur.<\/li>\n<li style=\"text-align: left;\">La <strong>promoci\u00f3n, difusi\u00f3n y formaci\u00f3n sobre los Derechos Humanos y la violaci\u00f3n de los mismos<\/strong>.<\/li>\n<li style=\"text-align: left;\"><strong>Fomento del voluntariado y la participaci\u00f3n de la sociedad<\/strong> como agentes de la educaci\u00f3n para el desarrollo.<\/li>\n<li style=\"text-align: left;\"><strong>Desarrollo de iniciativas y propuestas de car\u00e1cter innovador en el \u00e1mbito de la educaci\u00f3n para el desarrollo<\/strong> y la sensibilizaci\u00f3n social promoviendo la igualdad y el empoderamiento de los sectores mas desfavorecidos.<\/li>\n<\/ul>[\/et_pb_text][\/et_pb_column][\/et_pb_row][et_pb_row _builder_version=\u00bb4.16&#8243; background_size=\u00bbinitial\u00bb background_position=\u00bbtop_left\u00bb background_repeat=\u00bbrepeat\u00bb global_colors_info=\u00bb{}\u00bb][et_pb_column type=\u00bb4_4&#8243; _builder_version=\u00bb4.16&#8243; custom_padding=\u00bb|||\u00bb global_colors_info=\u00bb{}\u00bb custom_padding__hover=\u00bb|||\u00bb][et_pb_text _builder_version=\u00bb4.16&#8243; background_size=\u00bbinitial\u00bb background_position=\u00bbtop_left\u00bb background_repeat=\u00bbrepeat\u00bb global_colors_info=\u00bb{}\u00bb]<p>&nbsp;<\/p>\n<figure class=\"wp-block-image size-large\"><a href=\"http:\/\/humansfest.com\/wp-content\/uploads\/2022\/02\/Baner_negro_festival_2022.png\"><img decoding=\"async\" class=\"wp-image-6888\" src=\"http:\/\/humansfest.com\/wp-content\/uploads\/2022\/02\/Baner_negro_festival_2022-1024x404.png\" alt=\"\" \/><\/a><\/figure>\n<blockquote><p><strong><a href=\"https:\/\/www.humanrightsfilmnetwork.org\/\"><img loading=\"lazy\" decoding=\"async\" class=\"alignnone wp-image-2294 size-full\" src=\"https:\/\/fundacionporlajusticia.org\/wp-content\/uploads\/2015\/09\/logohrfn.jpg\" alt=\"\" width=\"158\" height=\"113\" \/><\/a>\u00a0 Humans Fest forma parte de la <a href=\"https:\/\/www.humanrightsfilmnetwork.org\/\">red internacional de Festivales de Cine de Derechos Humanos<\/a>.<\/strong><\/p>\n<\/blockquote>[\/et_pb_text][\/et_pb_column][\/et_pb_row][\/et_pb_section]<!-- \/wp:freeform -->","protected":false},"excerpt":{"rendered":"<p>El FESTIVAL INTERNACIONAL DE CINE Y DERECHOS HUMANOS \u00abHumans Fest\u00bb es una de las principales actividades impulsadas por la\u00a0 Fundaci\u00f3n por la Justicia. Iniciado en 2008, el festival ha logrado un equilibrio entre la defensa de los derechos humanos y la denuncia de sus vulneraciones en todo el mundo y al mismo tiempo la realizaci\u00f3n [&hellip;]<\/p>\n","protected":false},"author":2,"featured_media":0,"parent":2765,"menu_order":0,"comment_status":"open","ping_status":"closed","template":"","meta":{"_et_pb_use_builder":"on","_et_pb_old_content":"<p style=\"text-align: justify;\">El FESTIVAL INTERNACIONAL DE CINE Y DERECHOS HUMANOS es un proyecto de la \u00a0<strong>Fundaci\u00f3n por la Justicia<\/strong> en la ciudad de Valencia, que ofrece un espacio audiovisual \u00fanico para sensibilizar en materia de derechos humanos a nivel internacional con proyecci\u00f3n de perdurabilidad en la ciudad de Valencia y en otros espacios a nivel internacional gracias a las alianzas que estamos realizando. Es un programa cultural clave para ver las \u00faltimas novedades internacionales del cine documental en Derechos Humanos, en torno a los derechos humanos y a los Objetivos de Desarrollo del Milenio.<\/p><p><strong>OBJETIVOS<\/strong><\/p><p>- Promover una reflexi\u00f3n cr\u00edtica sobre las causas de la desigualdad mundial para\u00a0 provocar cambios en las pautas de comportamiento y que repercutan en las sociedades\u00a0 de los pa\u00edses del Sur.<\/p><p>- La promoci\u00f3n, difusi\u00f3n y formaci\u00f3n sobre los Derechos Humanos y la violaci\u00f3n de los mismos.<\/p><p>-Fomento del voluntariado y la participaci\u00f3n de la sociedad valenciana como agentes de la educaci\u00f3n para el desarrollo.<\/p><p>-Desarrollo de iniciativas y propuestas de car\u00e1cter innovador en el \u00e1mbito de la educaci\u00f3n para el desarrollo y la sensibilizaci\u00f3n social promoviendo\u00a0 la igualdad de g\u00e9nero y el empoderamiento de la mujer.<\/p><p><strong>PREMIOS<\/strong><\/p><p>- PREMIO PAU I JUST\u00cdCIA (A la carrera profesional cinematogr\u00e1fica dedicada a la defensa de los derechos humanos).<\/p><p>El Festival prev\u00e9 la entrega de tres premios Internacionales:<\/p><p>1.- \u00a0PREMIO CONCURSO LARGOMETRAJES CINE DOCUMENTAL ( dotado con 3.000 euros).<\/p><p>2.- PREMIO CONCURSO CORTOMETRAJES (dotado con 500 euros).<\/p><p>3.- PREMIO CONCURSO CORTOS \"1 MINUTO 1 DERECHO\" (Para centros escolares).<\/p><p>\u00a0<\/p><p>\u00a0<\/p>","_et_gb_content_width":"","_uf_show_specific_survey":0,"_uf_disable_surveys":false,"footnotes":""},"class_list":["post-2222","page","type-page","status-publish","hentry"],"aioseo_notices":[],"_links":{"self":[{"href":"https:\/\/fundacionporlajusticia.org\/va\/wp-json\/wp\/v2\/pages\/2222","targetHints":{"allow":["GET"]}}],"collection":[{"href":"https:\/\/fundacionporlajusticia.org\/va\/wp-json\/wp\/v2\/pages"}],"about":[{"href":"https:\/\/fundacionporlajusticia.org\/va\/wp-json\/wp\/v2\/types\/page"}],"author":[{"embeddable":true,"href":"https:\/\/fundacionporlajusticia.org\/va\/wp-json\/wp\/v2\/users\/2"}],"replies":[{"embeddable":true,"href":"https:\/\/fundacionporlajusticia.org\/va\/wp-json\/wp\/v2\/comments?post=2222"}],"version-history":[{"count":12,"href":"https:\/\/fundacionporlajusticia.org\/va\/wp-json\/wp\/v2\/pages\/2222\/revisions"}],"predecessor-version":[{"id":13871,"href":"https:\/\/fundacionporlajusticia.org\/va\/wp-json\/wp\/v2\/pages\/2222\/revisions\/13871"}],"up":[{"embeddable":true,"href":"https:\/\/fundacionporlajusticia.org\/va\/wp-json\/wp\/v2\/pages\/2765"}],"wp:attachment":[{"href":"https:\/\/fundacionporlajusticia.org\/va\/wp-json\/wp\/v2\/media?parent=2222"}],"curies":[{"name":"wp","href":"https:\/\/api.w.org\/{rel}","templated":true}]}}