{"id":2219,"date":"2015-04-10T08:40:24","date_gmt":"2015-04-10T08:40:24","guid":{"rendered":"https:\/\/fundacionporlajusticia.accesia.info\/?page_id=768"},"modified":"2022-03-21T16:22:08","modified_gmt":"2022-03-21T16:22:08","slug":"bases-cortometrajes","status":"publish","type":"page","link":"https:\/\/fundacionporlajusticia.org\/va\/humansfest\/programacion-2-2\/bases-cortometrajes\/","title":{"rendered":"EDICI\u00d3 2017 BASES CURTMETRATGES"},"content":{"rendered":"<p><strong><a href=\"https:\/\/fundacionporlajusticia.org\/wp-content\/uploads\/2015\/04\/logo-general-Humans-Face.png\"><img loading=\"lazy\" decoding=\"async\" class=\"alignleft size-full wp-image-3865\" src=\"https:\/\/fundacionporlajusticia.org\/wp-content\/uploads\/2015\/04\/logo-general-Humans-Face.png\" alt=\"logo-general-Humans-Face\" width=\"186\" height=\"200\" \/><\/a>\u00a0<\/strong><\/p>\n<p>&nbsp;<\/p>\n<p>&nbsp;<\/p>\n<p>&nbsp;<\/p>\n<p>&nbsp;<\/p>\n<p><strong>BASES CURTMETRATGES<\/strong><\/p>\n<p><strong>CONCURS INTERNACIONAL DE CURTMETRATGES SOBRE DRET D&#039;ASIL I REFUGIATS.<\/strong><\/p>\n<p><strong>VIII\u00e8 Festival Internacional de Cinema Documental i Drets Humans de Val\u00e8ncia.<\/strong><\/p>\n<p>La Fundaci\u00f3 per la Just\u00edcia, organitzaci\u00f3 dedicada a la defensa dels Drets Humans, convoca el CONCURS INTERNACIONAL DE CURTMETRATGES SOBRE DRET D&#039;ASIL I REFUGIATS, en el marc del VIII\u00e8 Festival Internacional de Cinema Documental i Drets Humans de Val\u00e8ncia, que tindr\u00e0 lloc a la ciutat de Val\u00e8ncia (Espanya), del 10 al 17 de febrer del 2017.<\/p>\n<p>El concurs \u00e9s competitiu i atorga un premi de 500 euros al millor curtmetratge, segons les seg\u00fcents normes de la convocat\u00f2ria:<\/p>\n<p>1.- Podran concursar els realitzadors individuals o col\u00b7lectius que ho desitgin.<\/p>\n<p>2.- Els treballs es podran presentar fins al 15 de novembre de 2016.<\/p>\n<p>3.- Els treballs han de ser originals i tractar el tema dels drets refugiats i drets d&#039;asil.<\/p>\n<p>4.- Els curtmetratges hauran de tindre una durada de fins a 30 minuts.<\/p>\n<p>5.- Els treballs presentats, hauran d&#039;estar realitzats a partir de l&#039;1 de gener de 2015. L&#039;organitzaci\u00f3 es reserva el dret d&#039;invitar, amb car\u00e0cter excepcional, algun curtmetratge presentat, l&#039;any de producci\u00f3 del qual sigui anterior a la data esmentada.<\/p>\n<p>6.- Si els treballs van acompanyats de m\u00fasica, els autors es responsabilitzaran de la m\u00fasica utilitzada.<\/p>\n<p>7.- Les obres hauran de presentar-se en versi\u00f3 original, subtitulada en castell\u00e0 o en angl\u00e8s, en cas que estiguin realitzades en una altra llengua.<\/p>\n<p>8.- Per participar-hi, els interessats hauran d&#039;enviar el formulari d&#039;inscripci\u00f3 a l&#039;adre\u00e7a de correu prensa@humansfest.com, o b\u00e9 indicant a l&#039;assumpte <strong>Inscripci\u00f3_curts_t\u00edtol_del_curt<\/strong>. Al formulari d&#039;inscripci\u00f3 s&#039;inclour\u00e0 la fitxa t\u00e8cnica completa, sinopsi, i l&#039;enlla\u00e7 per al visionat del curtmetratge. Si aquest enlla\u00e7 \u00e9s privat, tamb\u00e9 s&#039;indicar\u00e0 la clau corresponent. I a m\u00e9s, s&#039;hi adjuntaran dues imatges del curt en alta resoluci\u00f3. Es podr\u00e0 inscriure a trav\u00e9s del canal web www.festival.movibeta.com.<\/p>\n<p>9.- En cas que el curtmetratge quedi seleccionat, es notificar\u00e0 a la persona que va fer el registre i informar\u00e0 de les instruccions per a l&#039;enviament de la c\u00f2pia de projecci\u00f3.<\/p>\n<p>10.- El Festival comunicar\u00e0 posteriorment si el curtmetratge no va ser seleccionat.<\/p>\n<p>11.- El festival realitzar\u00e0 mostres itinerants dels curtmetratges seleccionats, a Espanya i internacionalment per a all\u00f2 que sol\u00b7licitar\u00e0 expressament el perm\u00eds de l&#039;autor o qui ostenti els drets d&#039;exhibici\u00f3. L&#039;acceptaci\u00f3 de les bases no implica, per tant, l&#039;autoritzaci\u00f3 per exhibir els curtmetratges a les mostres itinerants del festival.<\/p>\n<p>12.- El Comit\u00e8 de Selecci\u00f3 estar\u00e0 integrat per membres del festival i per experts en el g\u00e8nere cinematogr\u00e0fic, els qui realitzaran la seva feina segons els par\u00e0metres de qualitat i creativitat fixats pr\u00e8viament per la Direcci\u00f3 del festival.<\/p>\n<p>13.- Qualsevol despesa generada per l&#039;enviament dels materials anir\u00e0 a c\u00e0rrec del seleccionat. El festival no es fa responsable dels possibles danys que pateixin aquests materials durant el trasllat.<\/p>\n<p>14.- L&#039;organitzaci\u00f3 del festival pressuposa que els productors o realitzadors que s&#039;inscriuen a trav\u00e9s d&#039;aquesta convocat\u00f2ria compten amb els drets d&#039;exhibici\u00f3 de les obres que presenten, i eximeixen el festival de qualsevol responsabilitat civil o penal.<\/p>\n<p>15.- El jurat estar\u00e0 compost per reconegudes personalitats del medi audiovisual, la cultura i el voluntariat. Els membres s&#039;anunciaran oportunament abans de la celebraci\u00f3 del festival.<\/p>\n<p>16.- La decisi\u00f3 del jurat \u00e9s inapel\u00b7lable.<\/p>\n<p>El guanyador del concurs s&#039;anunciaran a la Gala de Clausura del VIII Festival Internacional de Cinema i Drets Humans de Val\u00e8ncia.<\/p>\n<p>17.- La presentaci\u00f3 dels treballs implica la total acceptaci\u00f3 d&#039;aquestes bases i la interpretaci\u00f3 i aplicaci\u00f3 de les mateixes correspon als organitzadors del festival.<\/p>\n<p>Per a qualsevol aclariment, dubte o informaci\u00f3 addicional a favor d&#039;escriure al correu prensa@humansfest.com o comunicar-vos al tel\u00e8fon 96 1047335<\/p>\n<p>&nbsp;<\/p>\n<p>&nbsp;<\/p>\n<p><a href=\"https:\/\/fundacionporlajusticia.org\/wp-content\/uploads\/2015\/04\/cortometrajes_inscripcion.doc\"><span style=\"text-decoration: underline;\"><strong>\u00a0Descarregar Fitxa d&#039;inscripci\u00f3 <\/strong><\/span><\/a><\/p>\n<p>&nbsp;<\/p>","protected":false},"excerpt":{"rendered":"<p>\u00a0 &nbsp; &nbsp; &nbsp; &nbsp; BASES CORTOMETRAJES CONCURSO INTERNACIONAL DE CORTOMETRAJES SOBRE DERECHO DE ASILO Y REFUGIADOS. VIII\u00ba Festival Internacional de Cine Documental y Derechos Humanos de Valencia. La Fundaci\u00f3n por la Justicia, organizaci\u00f3n dedicada a la defensa de los Derechos Humanos, convoca el CONCURSO INTERNACIONAL DE CORTOMETRAJES SOBRE DERECHO DE ASILO Y REFUGIADOS, en [&hellip;]<\/p>\n","protected":false},"author":2,"featured_media":0,"parent":868,"menu_order":0,"comment_status":"open","ping_status":"closed","template":"","meta":{"_et_pb_use_builder":"","_et_pb_old_content":"","_et_gb_content_width":"","_uf_show_specific_survey":0,"_uf_disable_surveys":false,"footnotes":""},"class_list":["post-2219","page","type-page","status-publish","hentry"],"aioseo_notices":[],"_links":{"self":[{"href":"https:\/\/fundacionporlajusticia.org\/va\/wp-json\/wp\/v2\/pages\/2219","targetHints":{"allow":["GET"]}}],"collection":[{"href":"https:\/\/fundacionporlajusticia.org\/va\/wp-json\/wp\/v2\/pages"}],"about":[{"href":"https:\/\/fundacionporlajusticia.org\/va\/wp-json\/wp\/v2\/types\/page"}],"author":[{"embeddable":true,"href":"https:\/\/fundacionporlajusticia.org\/va\/wp-json\/wp\/v2\/users\/2"}],"replies":[{"embeddable":true,"href":"https:\/\/fundacionporlajusticia.org\/va\/wp-json\/wp\/v2\/comments?post=2219"}],"version-history":[{"count":1,"href":"https:\/\/fundacionporlajusticia.org\/va\/wp-json\/wp\/v2\/pages\/2219\/revisions"}],"predecessor-version":[{"id":3251,"href":"https:\/\/fundacionporlajusticia.org\/va\/wp-json\/wp\/v2\/pages\/2219\/revisions\/3251"}],"up":[{"embeddable":true,"href":"https:\/\/fundacionporlajusticia.org\/va\/wp-json\/wp\/v2\/pages\/868"}],"wp:attachment":[{"href":"https:\/\/fundacionporlajusticia.org\/va\/wp-json\/wp\/v2\/media?parent=2219"}],"curies":[{"name":"wp","href":"https:\/\/api.w.org\/{rel}","templated":true}]}}