{"id":2216,"date":"2014-09-16T08:38:05","date_gmt":"2014-09-16T08:38:05","guid":{"rendered":"https:\/\/fundacionporlajusticia.accesia.info\/?page_id=297"},"modified":"2022-03-21T16:22:06","modified_gmt":"2022-03-21T16:22:06","slug":"colaboradores","status":"publish","type":"page","link":"https:\/\/fundacionporlajusticia.org\/va\/colaboradores\/","title":{"rendered":"COL\u00b7LABORADORS 2014"},"content":{"rendered":"<p><strong>COORGANITZA:<\/strong><\/p>\n<p><a href=\"http:\/\/quatrefilms.com\/\"><img loading=\"lazy\" decoding=\"async\" class=\"wp-image-808 alignleft\" src=\"https:\/\/fundacionporlajusticia.org\/wp-content\/uploads\/2014\/09\/LogoQuatrefilmsSmall-150x150.jpg\" alt=\"Quatre Films\" width=\"87\" height=\"87\" \/><\/a><\/p>\n<p>&nbsp;<\/p>\n<p>&nbsp;<\/p>\n<p>&nbsp;<\/p>\n<p>&nbsp;<\/p>\n<p>&nbsp;<\/p>\n<p>&nbsp;<\/p>\n<p><strong>PATROCINEN:<\/strong><\/p>\n<p>AJUNTAMENT DE VAL\u00c8NCIA<\/p>\n<p><strong>COL\u00b7LABOREN:<\/strong><\/p>\n<p>FILMOTECA VALENCIANA \u2013 IVAC<\/p>\n<p>UNIVERSITAT DE VAL\u00c8NCIA<\/p>\n<p>AECID AG\u00c8NCIA ESPANYOLA DE COOPERACI\u00d3 INTERNACIONAL<\/p>\n<p>AULA DE CINEMA DE CINEMA UNIVERSITAT DE VAL\u00c8NCIA<\/p>\n<p>CENTRE D&#039;ESTUDIS FILOS\u00d2FIC, POL\u00cdTICS I SOCIALS LOMBARDO TOLEDANO DE M\u00c8XIC<\/p>\n<p>SOME LIKE IT SHORT<\/p>\n<p>SGNS<\/p>\n<p>EASD ESCOLA D\u00b4ART I SUPERIOR DE DISSENY DE VAL\u00c8NCIA<\/p>\n<p>UNIVERSITAT DE SALAMANCA<\/p>\n<p><span style=\"color: #222222;\">UCA \u2013 UNIVERSITAT DE CENTRE AM\u00c8RICA (EL SALVADOR)<\/span><br style=\"color: #222222;\" \/><br style=\"color: #222222;\" \/><span style=\"color: #222222;\">IDHUCA \u2013 institut de Drets Humans del Salvador.<\/span><br style=\"color: #222222;\" \/><br style=\"color: #222222;\" \/><span style=\"color: #222222;\">Col\u00b7legi d&#039;advocats de Sao Paulo \u2013 Brasil<\/span><br style=\"color: #222222;\" \/><br style=\"color: #222222;\" \/><span style=\"color: #222222;\">Funda\u00e7\u00e3o Pare Anchieta Brasil<\/span><br style=\"color: #222222;\" \/><br style=\"color: #222222;\" \/><span style=\"color: #222222;\">TV CULTURA BRASIL<\/span><br style=\"color: #222222;\" \/><br style=\"color: #222222;\" \/>FESTIVAL DE CINEMA I DRETS HUMANS DE SANT SEBASTI\u00c0<\/p>\n<p>DOCUMENTA MADRID<\/p>\n<p>FESTIVAL DE CINEMA AFRIC\u00c0 DE C\u00d2RDOVA<br style=\"color: #222222;\" \/><br style=\"color: #222222;\" \/><span style=\"color: #222222;\">CENTRE UNESCO VAL\u00c8NCIA<\/span><\/p>\n<p><span style=\"color: #222222;\">AMNISTIA INTERNACIONAL<\/span><br style=\"color: #222222;\" \/><br style=\"color: #222222;\" \/><span style=\"color: #222222;\">CEAR<\/span><br style=\"color: #222222;\" \/><br style=\"color: #222222;\" \/><span style=\"color: #222222;\">CENTRE PENITENCIARI DE PICASSENT<\/span><\/p>\n<p><span style=\"color: #222222;\">10 IES (INSTITUTS D&#039;EDUCACI\u00d3 SECUND\u00c0RIA) DE VAL\u00c8NCIA<\/span><\/p>\n<p>ASSOCIACI\u00d3 HISP\u00c0 S\u00cdRIA<\/p>\n<p><span style=\"color: #222222;\">ASSOCIACI\u00d3 MEDICOS HISP\u00c0 S\u00cdRIA<\/span><\/p>","protected":false},"excerpt":{"rendered":"<p>COORGANIZA: &nbsp; &nbsp; &nbsp; &nbsp; &nbsp; &nbsp; PATROCINAN: AYUNTAMIENTO DE VALENCIA COLABORAN: FILMOTECA VALENCIANA &#8211; IVAC UNIVERSITAT DE VAL\u00c8NCIA AECID AGENCIA ESPA\u00d1OLA DE COOPERACI\u00d3N INTERNACIONAL AULA DE CINEMA DE CINEMA UNIVERSITAT DE VAL\u00c8NCIA CENTRO DE ESTUDIOS FILOS\u00d3FICO, POL\u00cdTICOS Y SOCIALES LOMBARDO TOLEDANO DE M\u00c9XICO SOME LIKE IT SHORT SGNS EASD ESCOLA D\u00b4ART I SUPERIOR DE [&hellip;]<\/p>\n","protected":false},"author":2,"featured_media":0,"parent":0,"menu_order":0,"comment_status":"open","ping_status":"closed","template":"","meta":{"_et_pb_use_builder":"","_et_pb_old_content":"","_et_gb_content_width":"","_uf_show_specific_survey":0,"_uf_disable_surveys":false,"footnotes":""},"class_list":["post-2216","page","type-page","status-publish","hentry"],"aioseo_notices":[],"_links":{"self":[{"href":"https:\/\/fundacionporlajusticia.org\/va\/wp-json\/wp\/v2\/pages\/2216","targetHints":{"allow":["GET"]}}],"collection":[{"href":"https:\/\/fundacionporlajusticia.org\/va\/wp-json\/wp\/v2\/pages"}],"about":[{"href":"https:\/\/fundacionporlajusticia.org\/va\/wp-json\/wp\/v2\/types\/page"}],"author":[{"embeddable":true,"href":"https:\/\/fundacionporlajusticia.org\/va\/wp-json\/wp\/v2\/users\/2"}],"replies":[{"embeddable":true,"href":"https:\/\/fundacionporlajusticia.org\/va\/wp-json\/wp\/v2\/comments?post=2216"}],"version-history":[{"count":1,"href":"https:\/\/fundacionporlajusticia.org\/va\/wp-json\/wp\/v2\/pages\/2216\/revisions"}],"predecessor-version":[{"id":3493,"href":"https:\/\/fundacionporlajusticia.org\/va\/wp-json\/wp\/v2\/pages\/2216\/revisions\/3493"}],"wp:attachment":[{"href":"https:\/\/fundacionporlajusticia.org\/va\/wp-json\/wp\/v2\/media?parent=2216"}],"curies":[{"name":"wp","href":"https:\/\/api.w.org\/{rel}","templated":true}]}}