{"id":2211,"date":"2015-10-14T10:27:31","date_gmt":"2015-10-14T10:27:31","guid":{"rendered":"https:\/\/fundacionporlajusticia.accesia.info\/es\/?page_id=2581"},"modified":"2025-07-31T18:12:10","modified_gmt":"2025-07-31T18:12:10","slug":"aviso-legal-y-politica-de-privacidad","status":"publish","type":"page","link":"https:\/\/fundacionporlajusticia.org\/va\/aviso-legal-y-politica-de-privacidad\/","title":{"rendered":"Av\u00eds Legal i Pol\u00edtica de Privadesa"},"content":{"rendered":"<p>[et_pb_section fb_built=\u00bb1&#8243; admin_label=\u00bbsection\u00bb _builder_version=\u00bb4.16&#8243; global_colors_info=\u00bb{}\u00bb][et_pb_row admin_label=\u00bbrow\u00bb _builder_version=\u00bb4.16&#8243; background_size=\u00bbinitial\u00bb background_position=\u00bbtop_left\u00bb background_repeat=\u00bbrepeat\u00bb global_colors_info=\u00bb{}\u00bb][et_pb_column type=\u00bb4_4&#8243; _builder_version=\u00bb4.16&#8243; custom_padding=\u00bb|||\u00bb global_colors_info=\u00bb{}\u00bb custom_padding__hover=\u00bb|||\u00bb][et_pb_text admin_label=\u00bbText\u00bb _builder_version=\u00bb4.27.4&#8243; background_size=\u00bbinitial\u00bb background_position=\u00bbtop_left\u00bb background_repeat=\u00bbrepeat\u00bb hover_enabled=\u00bb0&#8243; global_colors_info=\u00bb{}\u00bb sticky_enabled=\u00bb0&#8243;]<\/p>\n<h1>Condiciones generales de uso<\/h1>\n<p style=\"text-align: justify;\">La presente p\u00e1gina web, y el dominio <strong>https:\/\/fundacionporlajusticia.org<\/strong> pertenece y\/o est\u00e1n registrados a nombre de Humans Fest , con domicilio en Valencia, Calle Sueca, 5 . La utilizaci\u00f3n de esta p\u00e1gina Web est\u00e1 sujeta a las siguientes Condiciones Generales de Uso, por lo que le rogamos que las lea atentamente. El hecho de continuar navegando por esta p\u00e1gina Web o utilizar los materiales contenidos en ella implica que usted ha le\u00eddo y acepta, sin reserva alguna, estas Condiciones. Si no est\u00e1 de acuerdo con alguna de las Condiciones expuestas a continuaci\u00f3n, le agradecemos que abandone la p\u00e1gina Web desde su Explorador de Internet. Humans Fest se reserva expresamente el derecho a modificar sin previo aviso, total o parcialmente, las presentes Condiciones Generales, por lo que usted debe acceder peri\u00f3dicamente a las mismas para comprobar su redacci\u00f3n vigente y -por lo tanto- sus derechos y obligaciones como visitante de la misma. Con independencia de lo dispuesto en las Condiciones Generales,\u00a0Humans Fest podr\u00e1 dar por terminado, suspender o interrumpir, en cualquier momento sin necesidad de preaviso, el acceso a los contenidos de la p\u00e1gina Web, sin posibilidad por parte del usuario de exigir indemnizaci\u00f3n alguna. Tras dicha extinci\u00f3n, seguir\u00e1n vigentes las prohibiciones de uso de los contenidos expuestas en las presentes Condiciones Generales. Asimismo, le animamos a consultar el C\u00f3digo Deontol\u00f3gico del Ilustre Colegio de Abogados de Valencia, por el cual nos regimos.<\/p>\n<h1><strong>Condiciones de uso<\/strong><\/h1>\n<ol>\n<li style=\"text-align: justify;\"><span class=\"Apple-style-span\">Esta p\u00e1gina incluye diversos contenidos puestos a su disposici\u00f3n por\u00a0Humans Fest gratuitamente y con fines \u00fanicamente informativos. Debe tener en cuenta que tales materiales pudieran no reflejar la \u00faltima jurisprudencia o legislaci\u00f3n sobre las cuestiones analizadas. Asimismo, estos contenidos pueden ser modificados, desarrollados o actualizados sin notificaci\u00f3n previa.<\/span><\/li>\n<li style=\"text-align: justify;\"><span class=\"Apple-style-span\">La descarga de los contenidos que ponemos a su disposici\u00f3n siempre como usuario final no pretende constituir ni implica ning\u00fan tipo de relaci\u00f3n de confianza o profesional entre\u00a0Humans Fest y usted como usuario de esta p\u00e1gina.<\/span><\/li>\n<li style=\"text-align: justify;\"><span class=\"Apple-style-span\">Los enlaces o links que contiene esta p\u00e1gina pueden conducirle a p\u00e1ginas Web gestionadas por terceros, sobre las que Miguel Valls Marco no ejerce ning\u00fan tipo de control.\u00a0Humans Fest no responde ni de los contenidos ni de la efectiva accesibilidad de dichas p\u00e1ginas Web, y el acceso a las mismas a trav\u00e9s de esta p\u00e1gina tampoco implica que\u00a0Humans Fest est\u00e9 total o parcialmente de acuerdo con su contenido. Le rogamos ponga en nuestro conocimiento cualquier incidencia que pudiera advertir relativa a los citados v\u00ednculos a trav\u00e9s de la direcci\u00f3n de correo electr\u00f3nico info@humansfest.com<\/span><\/li>\n<li style=\"text-align: justify;\"><span class=\"Apple-style-span\">Queda prohibido colocar enlaces a esta p\u00e1gina Web desde otras p\u00e1ginas sin el consentimiento previo y por escrito de Humans Fest. En los casos en los que \u00e9ste se obtenga, el enlace deber\u00e1 serlo a la p\u00e1gina principal www.festivalinternacionalcineyderechoshumanos.com y no a cualquiera de sus subsecciones, y a pantalla completa, no estando permitida la integraci\u00f3n de la p\u00e1gina en frames ajenos o cualquier otra modificaci\u00f3n o adaptaci\u00f3n est\u00e9tica de la misma, como por ejemplo la inclusi\u00f3n en un browser. En todo caso, queda prohibido la inclusi\u00f3n de enlaces a esta p\u00e1gina desde otras p\u00e1ginas Web con contenidos que atenten contra la moral, las buenas costumbres, tengan contenido sexual expl\u00edcito o faciliten directa o indirectamente la violaci\u00f3n de derechos de propiedad intelectual de terceros.<\/span><\/li>\n<li style=\"text-align: justify;\"><span class=\"Apple-style-span\">En el caso de que usted env\u00ede informaci\u00f3n de cualquier tipo a Humans Fest, declara, garantiza y acepta que tiene derecho a hacerlo libremente, que dicha informaci\u00f3n no infringe ning\u00fan derecho de propiedad intelectual, de marca, de patente, secreto comercial, o cualquier otro derecho de tercero, que dicha informaci\u00f3n no tiene car\u00e1cter confidencial y que dicha informaci\u00f3n no es perjudicial para terceros.<\/span><\/li>\n<\/ol>\n<h1><strong>Limitaci\u00f3n de responsabilidad<\/strong><\/h1>\n<ol>\n<li style=\"text-align: justify;\"><span class=\"Apple-style-span\">Humans Fest no es responsable de los errores u omisiones de los que pudieran adolecer los contenidos esta p\u00e1gina Web u otros a los que se pueda acceder a trav\u00e9s de la misma, as\u00ed como tampoco responder\u00e1 en modo alguno por cualesquiera da\u00f1os directos o indirectos derivados de la utilizaci\u00f3n de esta p\u00e1gina Web ni por los causados por cualquier actuaci\u00f3n realizada sobre la base de la informaci\u00f3n que en ella se facilita.<\/span><\/li>\n<li style=\"text-align: justify;\"><span class=\"Apple-style-span\">En especial,\u00a0Humans Fest no garantiza la ausencia de virus, gusanos, troyanos u otros elementos que pudieran causar da\u00f1os o alteraciones en su sistema inform\u00e1tico, en los documentos electr\u00f3nicos o en los ficheros. Asimismo,\u00a0Humans Fest tampoco responde, por quedar t\u00e9cnicamente fuera de su control, de la hipot\u00e9tica utilizaci\u00f3n de la p\u00e1gina Web por terceros maliciosos como veh\u00edculo para instalar autom\u00e1ticamente programas, lanzar anuncios mediante ventanas emergentes o redirigir al usuario a otros sitios Web ajenos a\u00a0Humans Fest.<\/span><\/li>\n<li style=\"text-align: justify;\"><span class=\"Apple-style-span\">No obstante,\u00a0Humans Fest declara que ha adoptado todas las medidas necesarias, dentro de sus posibilidades y del estado de la tecnolog\u00eda, para garantizar el funcionamiento de www.festivalinternacionalcineyderechoshumanos.com y evitar la existencia y transmisi\u00f3n de virus y dem\u00e1s componentes da\u00f1inos a los usuarios.<\/span><\/li>\n<\/ol>\n<h1><strong>Derechos de Propiedad Intelectual<\/strong><\/h1>\n<ol>\n<li style=\"text-align: justify;\"><span class=\"Apple-style-span\">La totalidad del contenido de esta p\u00e1gina Web, ya sean textos, im\u00e1genes, sonido, ficheros, marcas, logotipos, combinaciones de colores, o cualquier otro elemento, su estructura y dise\u00f1o, la selecci\u00f3n y forma de presentaci\u00f3n de los materiales incluidos en la misma, y los programas de ordenador necesarios para su funcionamiento, acceso y utilizaci\u00f3n, est\u00e1n protegidos por derechos de propiedad industrial e intelectual, titularidad del propietario de la p\u00e1gina Web o, en su caso, de sus licenciantes. Por ello, usted est\u00e1 obligado a respetar los citados derechos.<\/span><\/li>\n<li style=\"text-align: justify;\"><span class=\"Apple-style-span\">En particular, pero sin limitar la generalidad de la sus obligaciones en esta materia, quedan prohibidas la reproducci\u00f3n o el almacenamiento temporal, excepto para uso privado, la transformaci\u00f3n, distribuci\u00f3n, comunicaci\u00f3n p\u00fablica, puesta a disposici\u00f3n del p\u00fablico y en general cualquier otra forma de explotaci\u00f3n, por cualquier procedimiento, de todo o parte de los contenidos de esta p\u00e1gina Web, as\u00ed como de su dise\u00f1o y la selecci\u00f3n y forma de presentaci\u00f3n de los materiales incluidos en la misma, salvo autorizaci\u00f3n expresa de su titular.<\/span><\/li>\n<li style=\"text-align: justify;\"><span class=\"Apple-style-span\">Queda asimismo prohibido descompilar, desensamblar, realizar ingenier\u00eda inversa, traducir o realizar obras derivadas de los programas de ordenador necesarios para el funcionamiento, acceso y utilizaci\u00f3n de esta p\u00e1gina y de los servicios en ella contenidos, as\u00ed como realizar, respecto a todo o parte de tales programas, cualesquiera de los actos de explotaci\u00f3n referidos en el p\u00e1rrafo anterior o suprimir, alterar, eludir o manipular cualquiera dispositivos de protecci\u00f3n o sistemas de seguridad que puedan estar instalados en la p\u00e1gina Web.<\/span><\/li>\n<\/ol>\n<h1><strong>Pol\u00edtica de Protecci\u00f3n de Datos Personales<\/strong><\/h1>\n<ol>\n<li style=\"text-align: justify;\"><span class=\"Apple-style-span\">Humans Fest cumple la legislaci\u00f3n relativa a Protecci\u00f3n de Datos de Car\u00e1cter Personal (Ley Org\u00e1nica 15\/1999, de 13 de diciembre, y legislaci\u00f3n complementaria). En su virtud, toda la informaci\u00f3n que se le solicite y preste voluntariamente ser\u00e1 tratada con la m\u00e1xima confidencialidad. En especial, datos que nos lleguen a trav\u00e9s del formulario de esta p\u00e1gina o por cualquier otro medio ser\u00e1n incorporados a un fichero automatizado y declarado ante la Agencia Espa\u00f1ola de Protecci\u00f3n de Datos denominado \u201cClientes-Proveedores\u201d, y utilizados para responder a su consulta. Ninguno de los datos que usted nos facilita es cedido a un tercero.<\/span><\/li>\n<li style=\"text-align: justify;\"><span class=\"Apple-style-span\">Para los casos en que\u00a0Humans Fest precisa recabar de usted determinados datos, intentamos no pedirle datos personales superfluos. En todo caso, la cumplimentaci\u00f3n de cualquier dato por su parte no es obligatoria, aunque si no nos facilita los datos que le pedimos no ser\u00e1 posible que le podamos prestar los servicios vinculados a sus datos de forma \u00f3ptima.<\/span><\/li>\n<li style=\"text-align: justify;\"><span class=\"Apple-style-span\">En relaci\u00f3n con los datos recabados en la forma prevista en los apartados anteriores, usted podr\u00e1 ejercitar los derechos reconocidos por la ley y, en particular, los derechos de acceso, rectificaci\u00f3n o cancelaci\u00f3n de datos y oposici\u00f3n, si resultase pertinente, as\u00ed como el derecho de revocar el consentimiento prestado para la cesi\u00f3n de sus datos. Tales derechos podr\u00e1n ser ejercitados por usted o, en su caso, por su representante, mediante solicitud escrita y firmada, adjuntando copia del Documento Nacional de Identidad, dirigida a la siguiente direcci\u00f3n:\u00a0Humans Fest, Valencia, Calle Sueca n.5<br \/><\/span><\/li>\n<\/ol>\n<h1><strong>Infracci\u00f3n de las Condiciones Generales<\/strong><\/h1>\n<p style=\"text-align: justify;\">Humans Fest perseguir\u00e1 cualquier infracci\u00f3n a las presentes Condiciones Generales por cualquier medio que a su Derecho corresponda. No obstante, el no ejercicio o ejecuci\u00f3n por parte de\u00a0Humans Fest de cualquier acci\u00f3n ante la infracci\u00f3n de un derecho o disposici\u00f3n contenida en estas Condiciones Generales no constituir\u00e1 una renuncia al mismo, salvo reconocimiento y acuerdo por escrito.<\/p>\n<p>[\/et_pb_text][\/et_pb_column][\/et_pb_row][\/et_pb_section]<\/p>\n","protected":false},"excerpt":{"rendered":"<p>Condiciones generales de uso La presente p\u00e1gina web, y el dominio https:\/\/fundacionporlajusticia.org pertenece y\/o est\u00e1n registrados a nombre de Humans Fest , con domicilio en Valencia, Calle Sueca, 5 . La utilizaci\u00f3n de esta p\u00e1gina Web est\u00e1 sujeta a las siguientes Condiciones Generales de Uso, por lo que le rogamos que las lea atentamente. El [&hellip;]<\/p>\n","protected":false},"author":2,"featured_media":0,"parent":0,"menu_order":0,"comment_status":"closed","ping_status":"closed","template":"","meta":{"_et_pb_use_builder":"on","_et_pb_old_content":"<h1>Condiciones generales de uso<\/h1>\r\n<p style=\"text-align: justify;\">La presente p\u00e1gina web, y el dominio <strong>www.festivalinternacionaldecineyderechoshumanos.com<\/strong> pertenece y\/o est\u00e1n registrados a nombre de Humans Fest , con domicilio en Valencia, Calle Sueca, 5 . La utilizaci\u00f3n de esta p\u00e1gina Web est\u00e1 sujeta a las siguientes Condiciones Generales de Uso, por lo que le rogamos que las lea atentamente. El hecho de continuar navegando por esta p\u00e1gina Web o utilizar los materiales contenidos en ella implica que usted ha le\u00eddo y acepta, sin reserva alguna, estas Condiciones. Si no est\u00e1 de acuerdo con alguna de las Condiciones expuestas a continuaci\u00f3n, le agradecemos que abandone la p\u00e1gina Web desde su Explorador de Internet. Humans Fest se reserva expresamente el derecho a modificar sin previo aviso, total o parcialmente, las presentes Condiciones Generales, por lo que usted debe acceder peri\u00f3dicamente a las mismas para comprobar su redacci\u00f3n vigente y -por lo tanto- sus derechos y obligaciones como visitante de la misma. Con independencia de lo dispuesto en las Condiciones Generales,\u00a0Humans Fest podr\u00e1 dar por terminado, suspender o interrumpir, en cualquier momento sin necesidad de preaviso, el acceso a los contenidos de la p\u00e1gina Web, sin posibilidad por parte del usuario de exigir indemnizaci\u00f3n alguna. Tras dicha extinci\u00f3n, seguir\u00e1n vigentes las prohibiciones de uso de los contenidos expuestas en las presentes Condiciones Generales. Asimismo, le animamos a consultar el C\u00f3digo Deontol\u00f3gico del Ilustre Colegio de Abogados de Valencia, por el cual nos regimos.<\/p>\r\n\r\n<h1><strong>Condiciones de uso<\/strong><\/h1>\r\n<ol>\r\n\t<li style=\"text-align: justify;\"><span class=\"Apple-style-span\">Esta p\u00e1gina incluye diversos contenidos puestos a su disposici\u00f3n por\u00a0Humans Fest gratuitamente y con fines \u00fanicamente informativos. Debe tener en cuenta que tales materiales pudieran no reflejar la \u00faltima jurisprudencia o legislaci\u00f3n sobre las cuestiones analizadas. Asimismo, estos contenidos pueden ser modificados, desarrollados o actualizados sin notificaci\u00f3n previa.<\/span><\/li>\r\n\t<li style=\"text-align: justify;\"><span class=\"Apple-style-span\">La descarga de los contenidos que ponemos a su disposici\u00f3n siempre como usuario final no pretende constituir ni implica ning\u00fan tipo de relaci\u00f3n de confianza o profesional entre\u00a0Humans Fest y usted como usuario de esta p\u00e1gina.<\/span><\/li>\r\n\t<li style=\"text-align: justify;\"><span class=\"Apple-style-span\">Los enlaces o links que contiene esta p\u00e1gina pueden conducirle a p\u00e1ginas Web gestionadas por terceros, sobre las que Miguel Valls Marco no ejerce ning\u00fan tipo de control.\u00a0Humans Fest no responde ni de los contenidos ni de la efectiva accesibilidad de dichas p\u00e1ginas Web, y el acceso a las mismas a trav\u00e9s de esta p\u00e1gina tampoco implica que\u00a0Humans Fest est\u00e9 total o parcialmente de acuerdo con su contenido. Le rogamos ponga en nuestro conocimiento cualquier incidencia que pudiera advertir relativa a los citados v\u00ednculos a trav\u00e9s de la direcci\u00f3n de correo electr\u00f3nico info@humansfest.com<\/span><\/li>\r\n\t<li style=\"text-align: justify;\"><span class=\"Apple-style-span\">Queda prohibido colocar enlaces a esta p\u00e1gina Web desde otras p\u00e1ginas sin el consentimiento previo y por escrito de Humans Fest. En los casos en los que \u00e9ste se obtenga, el enlace deber\u00e1 serlo a la p\u00e1gina principal www.festivalinternacionalcineyderechoshumanos.com y no a cualquiera de sus subsecciones, y a pantalla completa, no estando permitida la integraci\u00f3n de la p\u00e1gina en frames ajenos o cualquier otra modificaci\u00f3n o adaptaci\u00f3n est\u00e9tica de la misma, como por ejemplo la inclusi\u00f3n en un browser. En todo caso, queda prohibido la inclusi\u00f3n de enlaces a esta p\u00e1gina desde otras p\u00e1ginas Web con contenidos que atenten contra la moral, las buenas costumbres, tengan contenido sexual expl\u00edcito o faciliten directa o indirectamente la violaci\u00f3n de derechos de propiedad intelectual de terceros.<\/span><\/li>\r\n\t<li style=\"text-align: justify;\"><span class=\"Apple-style-span\">En el caso de que usted env\u00ede informaci\u00f3n de cualquier tipo a Humans Fest, declara, garantiza y acepta que tiene derecho a hacerlo libremente, que dicha informaci\u00f3n no infringe ning\u00fan derecho de propiedad intelectual, de marca, de patente, secreto comercial, o cualquier otro derecho de tercero, que dicha informaci\u00f3n no tiene car\u00e1cter confidencial y que dicha informaci\u00f3n no es perjudicial para terceros.<\/span><\/li>\r\n<\/ol>\r\n<h1><strong>Limitaci\u00f3n de responsabilidad<\/strong><\/h1>\r\n<ol>\r\n\t<li style=\"text-align: justify;\"><span class=\"Apple-style-span\">Humans Fest no es responsable de los errores u omisiones de los que pudieran adolecer los contenidos esta p\u00e1gina Web u otros a los que se pueda acceder a trav\u00e9s de la misma, as\u00ed como tampoco responder\u00e1 en modo alguno por cualesquiera da\u00f1os directos o indirectos derivados de la utilizaci\u00f3n de esta p\u00e1gina Web ni por los causados por cualquier actuaci\u00f3n realizada sobre la base de la informaci\u00f3n que en ella se facilita.<\/span><\/li>\r\n\t<li style=\"text-align: justify;\"><span class=\"Apple-style-span\">En especial,\u00a0Humans Fest no garantiza la ausencia de virus, gusanos, troyanos u otros elementos que pudieran causar da\u00f1os o alteraciones en su sistema inform\u00e1tico, en los documentos electr\u00f3nicos o en los ficheros. Asimismo,\u00a0Humans Fest tampoco responde, por quedar t\u00e9cnicamente fuera de su control, de la hipot\u00e9tica utilizaci\u00f3n de la p\u00e1gina Web por terceros maliciosos como veh\u00edculo para instalar autom\u00e1ticamente programas, lanzar anuncios mediante ventanas emergentes o redirigir al usuario a otros sitios Web ajenos a\u00a0Humans Fest.<\/span><\/li>\r\n\t<li style=\"text-align: justify;\"><span class=\"Apple-style-span\">No obstante,\u00a0Humans Fest declara que ha adoptado todas las medidas necesarias, dentro de sus posibilidades y del estado de la tecnolog\u00eda, para garantizar el funcionamiento de www.festivalinternacionalcineyderechoshumanos.com y evitar la existencia y transmisi\u00f3n de virus y dem\u00e1s componentes da\u00f1inos a los usuarios.<\/span><\/li>\r\n<\/ol>\r\n<h1><strong>Derechos de Propiedad Intelectual<\/strong><\/h1>\r\n<ol>\r\n\t<li style=\"text-align: justify;\"><span class=\"Apple-style-span\">La totalidad del contenido de esta p\u00e1gina Web, ya sean textos, im\u00e1genes, sonido, ficheros, marcas, logotipos, combinaciones de colores, o cualquier otro elemento, su estructura y dise\u00f1o, la selecci\u00f3n y forma de presentaci\u00f3n de los materiales incluidos en la misma, y los programas de ordenador necesarios para su funcionamiento, acceso y utilizaci\u00f3n, est\u00e1n protegidos por derechos de propiedad industrial e intelectual, titularidad del propietario de la p\u00e1gina Web o, en su caso, de sus licenciantes. Por ello, usted est\u00e1 obligado a respetar los citados derechos.<\/span><\/li>\r\n\t<li style=\"text-align: justify;\"><span class=\"Apple-style-span\">En particular, pero sin limitar la generalidad de la sus obligaciones en esta materia, quedan prohibidas la reproducci\u00f3n o el almacenamiento temporal, excepto para uso privado, la transformaci\u00f3n, distribuci\u00f3n, comunicaci\u00f3n p\u00fablica, puesta a disposici\u00f3n del p\u00fablico y en general cualquier otra forma de explotaci\u00f3n, por cualquier procedimiento, de todo o parte de los contenidos de esta p\u00e1gina Web, as\u00ed como de su dise\u00f1o y la selecci\u00f3n y forma de presentaci\u00f3n de los materiales incluidos en la misma, salvo autorizaci\u00f3n expresa de su titular.<\/span><\/li>\r\n\t<li style=\"text-align: justify;\"><span class=\"Apple-style-span\">Queda asimismo prohibido descompilar, desensamblar, realizar ingenier\u00eda inversa, traducir o realizar obras derivadas de los programas de ordenador necesarios para el funcionamiento, acceso y utilizaci\u00f3n de esta p\u00e1gina y de los servicios en ella contenidos, as\u00ed como realizar, respecto a todo o parte de tales programas, cualesquiera de los actos de explotaci\u00f3n referidos en el p\u00e1rrafo anterior o suprimir, alterar, eludir o manipular cualquiera dispositivos de protecci\u00f3n o sistemas de seguridad que puedan estar instalados en la p\u00e1gina Web.<\/span><\/li>\r\n<\/ol>\r\n<h1><strong>Pol\u00edtica de Protecci\u00f3n de Datos Personales<\/strong><\/h1>\r\n<ol>\r\n\t<li style=\"text-align: justify;\"><span class=\"Apple-style-span\">Humans Fest cumple la legislaci\u00f3n relativa a Protecci\u00f3n de Datos de Car\u00e1cter Personal (Ley Org\u00e1nica 15\/1999, de 13 de diciembre, y legislaci\u00f3n complementaria). En su virtud, toda la informaci\u00f3n que se le solicite y preste voluntariamente ser\u00e1 tratada con la m\u00e1xima confidencialidad. En especial, datos que nos lleguen a trav\u00e9s del formulario de esta p\u00e1gina o por cualquier otro medio ser\u00e1n incorporados a un fichero automatizado y declarado ante la Agencia Espa\u00f1ola de Protecci\u00f3n de Datos denominado \u201cClientes-Proveedores\u201d, y utilizados para responder a su consulta. Ninguno de los datos que usted nos facilita es cedido a un tercero.<\/span><\/li>\r\n\t<li style=\"text-align: justify;\"><span class=\"Apple-style-span\">Para los casos en que\u00a0Humans Fest precisa recabar de usted determinados datos, intentamos no pedirle datos personales superfluos. En todo caso, la cumplimentaci\u00f3n de cualquier dato por su parte no es obligatoria, aunque si no nos facilita los datos que le pedimos no ser\u00e1 posible que le podamos prestar los servicios vinculados a sus datos de forma \u00f3ptima.<\/span><\/li>\r\n\t<li style=\"text-align: justify;\"><span class=\"Apple-style-span\">En relaci\u00f3n con los datos recabados en la forma prevista en los apartados anteriores, usted podr\u00e1 ejercitar los derechos reconocidos por la ley y, en particular, los derechos de acceso, rectificaci\u00f3n o cancelaci\u00f3n de datos y oposici\u00f3n, si resultase pertinente, as\u00ed como el derecho de revocar el consentimiento prestado para la cesi\u00f3n de sus datos. Tales derechos podr\u00e1n ser ejercitados por usted o, en su caso, por su representante, mediante solicitud escrita y firmada, adjuntando copia del Documento Nacional de Identidad, dirigida a la siguiente direcci\u00f3n:\u00a0Humans Fest, Valencia, Calle Sueca n.5\r\n<\/span><\/li>\r\n<\/ol>\r\n<h1><strong>Infracci\u00f3n de las Condiciones Generales<\/strong><\/h1>\r\n<p style=\"text-align: justify;\">Humans Fest perseguir\u00e1 cualquier infracci\u00f3n a las presentes Condiciones Generales por cualquier medio que a su Derecho corresponda. No obstante, el no ejercicio o ejecuci\u00f3n por parte de\u00a0Humans Fest de cualquier acci\u00f3n ante la infracci\u00f3n de un derecho o disposici\u00f3n contenida en estas Condiciones Generales no constituir\u00e1 una renuncia al mismo, salvo reconocimiento y acuerdo por escrito.<\/p>","_et_gb_content_width":"","_uf_show_specific_survey":0,"_uf_disable_surveys":false,"footnotes":""},"class_list":["post-2211","page","type-page","status-publish","hentry"],"aioseo_notices":[],"_links":{"self":[{"href":"https:\/\/fundacionporlajusticia.org\/va\/wp-json\/wp\/v2\/pages\/2211","targetHints":{"allow":["GET"]}}],"collection":[{"href":"https:\/\/fundacionporlajusticia.org\/va\/wp-json\/wp\/v2\/pages"}],"about":[{"href":"https:\/\/fundacionporlajusticia.org\/va\/wp-json\/wp\/v2\/types\/page"}],"author":[{"embeddable":true,"href":"https:\/\/fundacionporlajusticia.org\/va\/wp-json\/wp\/v2\/users\/2"}],"replies":[{"embeddable":true,"href":"https:\/\/fundacionporlajusticia.org\/va\/wp-json\/wp\/v2\/comments?post=2211"}],"version-history":[{"count":3,"href":"https:\/\/fundacionporlajusticia.org\/va\/wp-json\/wp\/v2\/pages\/2211\/revisions"}],"predecessor-version":[{"id":13320,"href":"https:\/\/fundacionporlajusticia.org\/va\/wp-json\/wp\/v2\/pages\/2211\/revisions\/13320"}],"wp:attachment":[{"href":"https:\/\/fundacionporlajusticia.org\/va\/wp-json\/wp\/v2\/media?parent=2211"}],"curies":[{"name":"wp","href":"https:\/\/api.w.org\/{rel}","templated":true}]}}