{"id":2196,"date":"2021-01-21T18:13:16","date_gmt":"2021-01-21T18:13:16","guid":{"rendered":"https:\/\/fundacionporlajusticia.accesia.info\/?page_id=6422"},"modified":"2022-03-26T07:52:17","modified_gmt":"2022-03-26T07:52:17","slug":"2021-seccion-oficial-largometrajes","status":"publish","type":"page","link":"https:\/\/fundacionporlajusticia.org\/va\/humansfest\/2021-x-edicion\/2021-seccion-oficial-largometrajes\/","title":{"rendered":"2021 \u2013 Secci\u00f3 Oficial Llargmetratges"},"content":{"rendered":"<p><strong>Secci\u00f3 Oficial Llargmetratges 2021<\/strong><br>\ud83d\udccd <a rel=\"noreferrer noopener\" aria-label=\"Filmoteca (obriu en una nova pestanya)\" href=\"https:\/\/goo.gl\/maps\/NrgdFZU6NCAsLFnn9\" target=\"_blank\">LA FILMOTECA<\/a><br> \ud83d\udd52 18h.<\/p>\r\n\r\n\r\n\r\n<h2 class=\"wp-block-heading\"><strong>XICUAROTS<\/strong><\/h2>\r\n\r\n\r\n\r\n<p><strong>2019 \/ M\u00e8xic \/ Gael Garc\u00eda Bernal<\/strong><\/p>\r\n\r\n\r\n\r\n<div class=\"wp-block-columns has-2-columns is-layout-flex wp-container-core-columns-is-layout-9d6595d7 wp-block-columns-is-layout-flex\">\r\n<div class=\"wp-block-column is-layout-flow wp-block-column-is-layout-flow\">\r\n<p>\ud83d\uddd3 DIVENDRES 12.02.2021 <br> <br><img decoding=\"async\" class=\"wp-image-6468\" style=\"width: 300px;\" src=\"https:\/\/fundacionporlajusticia.org\/wp-content\/uploads\/2021\/01\/Poster-Oficial-Chicuarotes.jpg\" alt=\"Poster - Chicuarotes\"><\/p>\r\n<\/div>\r\n\r\n\r\n\r\n<div class=\"wp-block-column is-layout-flow wp-block-column-is-layout-flow\">\r\n<p>Chicuarotes tracta sobre &#039;el Cagalera&#039; i &#039;el Moloteco&#039;, dos nois que busquen desesperadament sortir de la situaci\u00f3 i del seu poble natal. La travessia inicia quan un amic els parla de la possibilitat de comprar una pla\u00e7a al sindicat d&#039;electricistes, per a aix\u00f2 ideen diferents maneres d&#039;ajuntar els diners i poder-se anar juntament amb Sugehili, la n\u00favia del Cagalera. Aix\u00f2 els porta per una aventura juvenil que desemboca a un tornado del m\u00f3n criminal.<\/p>\r\n<\/div>\r\n<\/div>\r\n\r\n\r\n\r\n<h2 class=\"wp-block-heading\"><strong>TRES ESTIU<\/strong><\/h2>\r\n\r\n\r\n\r\n<p><strong>2020 \/ Brasil \/ Sandra Kogut<\/strong><\/p>\r\n\r\n\r\n\r\n<div class=\"wp-block-columns has-2-columns is-layout-flex wp-container-core-columns-is-layout-9d6595d7 wp-block-columns-is-layout-flex\">\r\n<div class=\"wp-block-column is-layout-flow wp-block-column-is-layout-flow\">\r\n<p>\ud83d\uddd3 DISSABTE 13.02.2021<br><br><img decoding=\"async\" class=\"wp-image-6448\" style=\"width: 300px;\" src=\"https:\/\/fundacionporlajusticia.org\/wp-content\/uploads\/2021\/01\/Tres-Veranos.jpg\" alt=\"Poster - Tres Veranos\"><\/p>\r\n<\/div>\r\n\r\n\r\n\r\n<div class=\"wp-block-column is-layout-flow wp-block-column-is-layout-flow\">\r\n<p>Cada desembre, entre Nadal i Cap d&#039;Any, l&#039;Edgar i la Marta organitzen una celebraci\u00f3 familiar a la seva luxosa casa d&#039;estiu al costat de la platja. El 2015 tot sembla estar b\u00e9, malgrat algunes trucades telef\u00f2niques tenses. El 2016 la festa anual es cancel\u00b7la de sobte. El 2017, les seves vides estan de cap per avall. Qu\u00e8 passa amb aquelles persones invisibles que viuen a l&#039;\u00f2rbita dels rics i poderosos quan aquestes vides col\u00b7lapsen? A trav\u00e9s de la mirada d&#039;una empleada i un pare vell oblidat, tots dos v\u00edctimes del malson neoliberal, veiem un retrat del Brasil contemporani just abans de la trag\u00e8dia del 2018. Els senyals hi eren tots, per\u00f2 no sab\u00edem com llegir-los.<\/p>\r\n<\/div>\r\n<\/div>\r\n\r\n\r\n\r\n<h2 class=\"wp-block-heading\"><strong>EL OCELL PINTAT<\/strong><\/h2>\r\n\r\n\r\n\r\n<p><strong>2019 \/ Rep\u00fablica Txeca \/ V\u00e1clav Marhoul<\/strong><\/p>\r\n\r\n\r\n\r\n<div class=\"wp-block-columns has-2-columns is-layout-flex wp-container-core-columns-is-layout-9d6595d7 wp-block-columns-is-layout-flex\">\r\n<div class=\"wp-block-column is-layout-flow wp-block-column-is-layout-flow\">\r\n<p>\ud83d\uddd3 DIUMENGE 14.02.2021<br><br><img decoding=\"async\" class=\"wp-image-6460\" style=\"width: 300px;\" src=\"https:\/\/fundacionporlajusticia.org\/wp-content\/uploads\/2021\/01\/Poster_Pa\u0301jaroPintado_638X957px.png\" alt=\"Poster - El p\u00e1jaro pintado\"><\/p>\r\n<\/div>\r\n\r\n\r\n\r\n<div class=\"wp-block-column is-layout-flow wp-block-column-is-layout-flow\">\r\n<p>Basada en la novel\u00b7la de Jerzy Kosinski L&#039;ocell pintat \u00e9s una evocaci\u00f3 meticulosa de la salvatge i primitiva Europa de l&#039;Est, a finals de la segona guerra mundial.<br>La pel\u00b7l\u00edcula segueix el viatge d&#039;un nen durant la segona guerra mundial, el qual va ser deixat en adopci\u00f3 a la seva tia, ja que els seus pares estaven sent perseguits. L&#039;anciana mor al cap de poc temps i el nen es queda sol, passejant pel camp, des del poble fins a la granja. Mentre lluita per sobreviure, el nen pateix una viol\u00e8ncia brutal, imposada pels campesions ignorants i supersticiosos, A m\u00e9s \u00e9s testimoni de la viol\u00e8ncia aterridora dels soldats despietats russos i alemanys.&nbsp;<br>Quan s&#039;acaba la guerra, el nen ha canviat per sempre.<\/p>\r\n<\/div>\r\n<\/div>\r\n\r\n\r\n\r\n<h2 class=\"wp-block-heading\"><strong>QUO VADIS, AIDA?<\/strong><\/h2>\r\n\r\n\r\n\r\n<p><strong>2020 \/ B\u00f2snia i Hercegovina \/ Jasmila Zbanic<\/strong><\/p>\r\n\r\n\r\n\r\n<div class=\"wp-block-columns has-2-columns is-layout-flex wp-container-core-columns-is-layout-9d6595d7 wp-block-columns-is-layout-flex\">\r\n<div class=\"wp-block-column is-layout-flow wp-block-column-is-layout-flow\">\r\n<p>\ud83d\uddd3 DIMARTS 16.02.2021<br><br><img decoding=\"async\" class=\"wp-image-6470\" style=\"width: 300px;\" src=\"https:\/\/fundacionporlajusticia.org\/wp-content\/uploads\/2021\/01\/quo-vadis-aida_-poster.jpg\" alt=\"Poster - Quo Vadis, Aida?\"><\/p>\r\n<\/div>\r\n\r\n\r\n\r\n<div class=\"wp-block-column is-layout-flow wp-block-column-is-layout-flow\">\r\n<p>B\u00f2snia, juliol de 1995. Aida treballa de traductora per a l&#039;ONU a la petita ciutat de Srebrenica. Quan l&#039;ex\u00e8rcit serbi ocupa el poble, la seva fam\u00edlia \u00e9s entre els milers de persones que busquen refugi als camps de l&#039;ONU. Com participa a les negociacions, Aida t\u00e9 acc\u00e9s a informaci\u00f3 important. Qu\u00e8 passar\u00e0 a la fam\u00edlia i la gent? Seran rescatats o moriran? Qu\u00e8 hauria de fer ella?<\/p>\r\n<\/div>\r\n<\/div>\r\n\r\n\r\n\r\n<h2 class=\"wp-block-heading\"><strong>NOTTURN<\/strong><\/h2>\r\n\r\n\r\n\r\n<p><strong>2020 \/ It\u00e0lia \/ Gianfranco Rosi<\/strong><\/p>\r\n\r\n\r\n\r\n<div class=\"wp-block-columns has-2-columns is-layout-flex wp-container-core-columns-is-layout-9d6595d7 wp-block-columns-is-layout-flex\">\r\n<div class=\"wp-block-column is-layout-flow wp-block-column-is-layout-flow\">\r\n<p>\ud83d\uddd3 DIMECRES 17.02.2021<br><br><img decoding=\"async\" class=\"wp-image-6456\" style=\"width: 300px;\" src=\"https:\/\/fundacionporlajusticia.org\/wp-content\/uploads\/2021\/01\/notturno-poster.jpg\" alt=\"Poster - Notturno\"><\/p>\r\n<\/div>\r\n\r\n\r\n\r\n<div class=\"wp-block-column is-layout-flow wp-block-column-is-layout-flow\">\r\n<p>Gravat durant tres anys a l&#039;Orient Mitj\u00e0, en territori de l&#039;Iraq, el Kurdistan, S\u00edria i el L\u00edban, \u00abNotturn\u00bb mostra com \u00e9s la vida quotidiana del qui viu entre guerres civils, dictadures brutals, invasions estrangeres i interfer\u00e8ncies, fins a l&#039;apocalipsi homicida desfermat pel Estat Isl\u00e0mic.<\/p>\r\n<\/div>\r\n<\/div>\r\n\r\n\r\n\r\n<h2 class=\"wp-block-heading\"><strong>VIUS<\/strong><\/h2>\r\n\r\n\r\n\r\n<p><strong>2020 \/ Alemanya \/ Ai Weiwei<\/strong><\/p>\r\n\r\n\r\n\r\n<div class=\"wp-block-columns has-2-columns is-layout-flex wp-container-core-columns-is-layout-9d6595d7 wp-block-columns-is-layout-flex\">\r\n<div class=\"wp-block-column is-layout-flow wp-block-column-is-layout-flow\">\r\n<p>\ud83d\uddd3 DIJOUS 18.02.2021<br><br><img decoding=\"async\" class=\"wp-image-6478\" style=\"width: 300px;\" src=\"https:\/\/fundacionporlajusticia.org\/wp-content\/uploads\/2021\/01\/vivos-922213882-large.jpg\" alt=\"Poster - Vivos\"><\/p>\r\n<\/div>\r\n\r\n\r\n\r\n<div class=\"wp-block-column is-layout-flow wp-block-column-is-layout-flow\">\r\n<p>Des d&#039;un atac contra estudiants del Col\u00b7legi de Mestres Rurals d&#039;Ayotzinapa el 2014 que va causar sis morts i la desaparici\u00f3 for\u00e7ada de 43, les fam\u00edlies dels estudiants han estat vivint als llimbs amb les seves preguntes sense resposta; la seva lluita encarna el cost psicol\u00f2gic i emocional de la viol\u00e8ncia end\u00e8mica de la societat mexicana.<\/p>\r\n<\/div>\r\n<\/div>\r\n\r\n\r\n\r\n<h2 class=\"wp-block-heading\"><strong>L&#039;\u00daLTIMA PRIMAVERA<\/strong><\/h2>\r\n\r\n\r\n\r\n<p><strong>2020 \/ Espanya \/ Isabel Lamberti<\/strong><\/p>\r\n\r\n\r\n\r\n<div class=\"wp-block-columns has-2-columns is-layout-flex wp-container-core-columns-is-layout-9d6595d7 wp-block-columns-is-layout-flex\">\r\n<div class=\"wp-block-column is-layout-flow wp-block-column-is-layout-flow\">\r\n<p>\ud83d\uddd3 DIVENDRES 19.02.2021<br><br><img decoding=\"async\" class=\"wp-image-6429\" style=\"width: 300px;\" src=\"https:\/\/fundacionporlajusticia.org\/wp-content\/uploads\/2021\/01\/LUP_Poster_DEF_SOCIAL.jpg\" alt=\"Poster - La \u00daltima Primavera\"><\/p>\r\n<\/div>\r\n\r\n\r\n\r\n<div class=\"wp-block-column is-layout-flow wp-block-column-is-layout-flow\">\r\n<p>La fam\u00edlia Gabarre-Mendoza celebra l?aniversari del seu n\u00e9t quan una inspecci\u00f3 policial interromp el festeig. A la Ca\u00f1ada Real, un barri de barraques als afores de Madrid, sorgeixen tensions entre les autoritats i els ve\u00efns, ja que els terrenys han estat venuts i les fam\u00edlies s\u00f3n obligades a abandonar les cases que ells mateixos han constru\u00eft. Mentrestant, la mare, Agustina, passa de ser una dona molt alegre a viure turmentada per la por; el pare, David, un ferrovell molt treballador, intenta trobar una soluci\u00f3, per\u00f2 la burocr\u00e0cia del sistema els falla. Mentrestant, els membres m\u00e9s joves de la fam\u00edlia -David fill, la nora i mare adolescent Maria i el jove Alexandre- lluiten a la seva manera amb les seves vides a la corda fluixa.<\/p>\r\n<\/div>\r\n<\/div>\r\n\r\n\r\n\r\n<p><\/p>","protected":false},"excerpt":{"rendered":"<p>Secci\u00f3n Oficial Largometrajes 2021&#x1f4cd; LA FILMOTECA &#x1f552; 18h. CHICUAROTES 2019 \/ M\u00e9xico \/ Gael Garc\u00eda Bernal &#x1f5d3; VIERNES 12.02.2021 Chicuarotes trata acerca de \u2018el Cagalera\u2019 y \u2018el Moloteco\u2019, dos chicos que buscan desesperadamente salir de la situaci\u00f3n y de su pueblo natal. La traves\u00eda inicia cuando un amigo de ellos les habla de la posibilidad [&hellip;]<\/p>\n","protected":false},"author":2,"featured_media":0,"parent":2186,"menu_order":1,"comment_status":"closed","ping_status":"closed","template":"","meta":{"_et_pb_use_builder":"","_et_pb_old_content":"","_et_gb_content_width":"","_uf_show_specific_survey":0,"_uf_disable_surveys":false,"footnotes":""},"class_list":["post-2196","page","type-page","status-publish","hentry"],"aioseo_notices":[],"_links":{"self":[{"href":"https:\/\/fundacionporlajusticia.org\/va\/wp-json\/wp\/v2\/pages\/2196","targetHints":{"allow":["GET"]}}],"collection":[{"href":"https:\/\/fundacionporlajusticia.org\/va\/wp-json\/wp\/v2\/pages"}],"about":[{"href":"https:\/\/fundacionporlajusticia.org\/va\/wp-json\/wp\/v2\/types\/page"}],"author":[{"embeddable":true,"href":"https:\/\/fundacionporlajusticia.org\/va\/wp-json\/wp\/v2\/users\/2"}],"replies":[{"embeddable":true,"href":"https:\/\/fundacionporlajusticia.org\/va\/wp-json\/wp\/v2\/comments?post=2196"}],"version-history":[{"count":2,"href":"https:\/\/fundacionporlajusticia.org\/va\/wp-json\/wp\/v2\/pages\/2196\/revisions"}],"predecessor-version":[{"id":3484,"href":"https:\/\/fundacionporlajusticia.org\/va\/wp-json\/wp\/v2\/pages\/2196\/revisions\/3484"}],"up":[{"embeddable":true,"href":"https:\/\/fundacionporlajusticia.org\/va\/wp-json\/wp\/v2\/pages\/2186"}],"wp:attachment":[{"href":"https:\/\/fundacionporlajusticia.org\/va\/wp-json\/wp\/v2\/media?parent=2196"}],"curies":[{"name":"wp","href":"https:\/\/api.w.org\/{rel}","templated":true}]}}