{"id":2188,"date":"2020-10-06T09:07:51","date_gmt":"2020-10-06T09:07:51","guid":{"rendered":"https:\/\/fundacionporlajusticia.accesia.info\/?page_id=6372"},"modified":"2022-03-21T20:12:51","modified_gmt":"2022-03-21T20:12:51","slug":"calendario-2021","status":"publish","type":"page","link":"https:\/\/fundacionporlajusticia.org\/va\/humansfest\/2021-x-edicion\/calendario-2021\/","title":{"rendered":"Calendari 2021"},"content":{"rendered":"<p><span style=\"color: #002b9e;\"><b>16.10<\/b><\/span><br \/>\nRESIST\u00c8NCIES 18: One day yes<\/p>\n<hr \/>\n<p><span style=\"color: #002b9e;\"><b>19.10<\/b><\/span><br \/>\nProjecci\u00f3 AGA&#039;S HOUSE Oviedo, en col\u00b7laboraci\u00f3 amb la Coordinadora d&#039;ONGd del Principat d&#039;Ast\u00faries<\/p>\n<hr \/>\n<p><span style=\"color: #002b9e;\"><b>22.10<\/b><\/span><br \/>\nQuartmetratges, projecci\u00f3 Les flors que arrenques<\/p>\n<hr \/>\n<p><span style=\"color: #002b9e;\"><b>22\u201325.10<\/b><\/span><br \/>\nPRIME THE ANIMATION! Virtual<\/p>\n<hr \/>\n<p><span style=\"color: #002b9e;\"><b>23.10<\/b><\/span><br \/>\nRESIST\u00c8NCIES 19: Isabel Herguera, Animaci\u00f3<\/p>\n<hr \/>\n<p><span style=\"color: #002b9e;\"><b>23.10<\/b><\/span><br \/>\nInauguraci\u00f3 exposici\u00f3 polio, Casa del Rellotge<\/p>\n<hr \/>\n<p><span style=\"color: #002b9e;\"><b>24.10<\/b><\/span><br \/>\nDia de la p\u00f2lio.<\/p>\n<hr \/>\n<p><span style=\"color: #002b9e;\"><b>30.10<\/b><\/span><br \/>\nRESIST\u00c8NCIES 20:<\/p>\n<hr \/>\n<p><span style=\"color: #002b9e;\"><b>06.11<\/b><\/span><br \/>\nRESIST\u00c8NCIES 21:<\/p>\n<hr \/>\n<p><span style=\"color: #002b9e;\"><b>7-19-20-26.11<\/b><\/span><br \/>\nTaller podcasts amb dones refugiades colombianes<\/p>\n<hr \/>\n<p><span style=\"color: #002b9e;\"><b>13.11<\/b><\/span><br \/>\nRESIST\u00c8NCIES 22:<\/p>\n<hr \/>\n<p><span style=\"color: #002b9e;\"><b>18.11<\/b><\/span><br \/>\nSessi\u00f3 amb la Direcci\u00f3 General de Drets de la Inf\u00e0ncia<\/p>\n<hr \/>\n<p><span style=\"color: #002b9e;\"><b>MEITAT DE NOVEMBRE<\/b><\/span><br \/>\nInici cicle S\u00edria a la Filmoteca fins a final de desembre<\/p>\n<hr \/>\n<p><span style=\"color: #002b9e;\"><b>20.11<\/b><\/span><br \/>\nRESIST\u00c8NCIES 23:<\/p>\n<hr \/>\n<p><span style=\"color: #002b9e;\"><b>27.11<\/b><\/span><br \/>\nRESIST\u00c8NCIES 24:<\/p>\n<hr \/>\n<p><span style=\"color: #002b9e;\"><b>04.12<\/b><\/span><br \/>\nRESIST\u00c8NCIES 25:<\/p>\n<hr \/>\n<p><span style=\"color: #002b9e;\"><b>10.12<\/b><\/span><br \/>\nPresentaci\u00f3 Gamers<\/p>\n<hr \/>\n<p><span style=\"color: #002b9e;\"><b>10.12<\/b><\/span><br \/>\nProjecci\u00f3 Dones del M\u00f3n, Filmoteca Alacant. Dia dels drets humans.<\/p>\n<hr \/>\n<p><span style=\"color: #002b9e;\"><b>11.12<\/b><\/span><br \/>\nRESIST\u00c8NCIES 26:<\/p>\n<hr \/>\n<p><span style=\"color: #002b9e;\"><b>12.12<\/b><\/span><br \/>\nGala eMove<\/p>\n<hr \/>\n<p><span style=\"color: #002b9e;\"><b>18.12<\/b><\/span><br \/>\nRESIST\u00c8NCIES 27:<\/p>\n<hr \/>\n<p><span style=\"color: #002b9e;\"><b>8 \u2013 29.01<\/b><\/span><br \/>\nMUSOC, projecci\u00f3 Les flors que arrenques<\/p>\n<hr \/>\n<p><span style=\"color: #002b9e;\"><b>25-30.01<\/b><\/span><br \/>\nHUMANS FEST Presentaci\u00f3 a mitjans<\/p>\n<hr \/>\n<p><span style=\"color: #002b9e;\"><b>4.02<\/b><\/span><br \/>\nHUMANS FEST presentaci\u00f3 al p\u00fablic<\/p>\n<hr \/>\n<p><span style=\"color: #002b9e;\"><b>8 \u2013 22.02<\/b><\/span><br \/>\nHUMANS FEST<\/p>\n<hr \/>\n<p><span style=\"color: #002b9e;\"><b>24.02<\/b><\/span><br \/>\nProjecci\u00f3 antifrau UJI Castell\u00f3<\/p>","protected":false},"excerpt":{"rendered":"<p>16.10 RESISTENCIAS 18: One day yes 19.10 Proyecci\u00f3n AGA&#8217;S HOUSE Oviedo, en colaboraci\u00f3n con la Coordinadora de ONGd del Principado de Asturias 22.10 Quartmetratges, proyecci\u00f3n Las flores que arrancas 22\u201325.10 PRIME THE ANIMATION! Virtual 23.10 RESISTENCIAS 19: Isabel Herguera, Animaci\u00f3n 23.10 Inauguraci\u00f3n exposici\u00f3n polio, Casa del Rellotge 24.10 D\u00eda de la polio. 30.10 RESISTENCIAS 20: [&hellip;]<\/p>\n","protected":false},"author":2,"featured_media":0,"parent":2186,"menu_order":0,"comment_status":"closed","ping_status":"closed","template":"","meta":{"_et_pb_use_builder":"","_et_pb_old_content":"","_et_gb_content_width":"","_uf_show_specific_survey":0,"_uf_disable_surveys":false,"footnotes":""},"class_list":["post-2188","page","type-page","status-publish","hentry"],"aioseo_notices":[],"_links":{"self":[{"href":"https:\/\/fundacionporlajusticia.org\/va\/wp-json\/wp\/v2\/pages\/2188","targetHints":{"allow":["GET"]}}],"collection":[{"href":"https:\/\/fundacionporlajusticia.org\/va\/wp-json\/wp\/v2\/pages"}],"about":[{"href":"https:\/\/fundacionporlajusticia.org\/va\/wp-json\/wp\/v2\/types\/page"}],"author":[{"embeddable":true,"href":"https:\/\/fundacionporlajusticia.org\/va\/wp-json\/wp\/v2\/users\/2"}],"replies":[{"embeddable":true,"href":"https:\/\/fundacionporlajusticia.org\/va\/wp-json\/wp\/v2\/comments?post=2188"}],"version-history":[{"count":3,"href":"https:\/\/fundacionporlajusticia.org\/va\/wp-json\/wp\/v2\/pages\/2188\/revisions"}],"predecessor-version":[{"id":3482,"href":"https:\/\/fundacionporlajusticia.org\/va\/wp-json\/wp\/v2\/pages\/2188\/revisions\/3482"}],"up":[{"embeddable":true,"href":"https:\/\/fundacionporlajusticia.org\/va\/wp-json\/wp\/v2\/pages\/2186"}],"wp:attachment":[{"href":"https:\/\/fundacionporlajusticia.org\/va\/wp-json\/wp\/v2\/media?parent=2188"}],"curies":[{"name":"wp","href":"https:\/\/api.w.org\/{rel}","templated":true}]}}