{"id":2171,"date":"2019-10-02T19:57:14","date_gmt":"2019-10-02T19:57:14","guid":{"rendered":"https:\/\/fundacionporlajusticia.accesia.info\/?page_id=5696"},"modified":"2022-03-21T16:21:29","modified_gmt":"2022-03-21T16:21:29","slug":"2020-jurado","status":"publish","type":"page","link":"https:\/\/fundacionporlajusticia.org\/va\/humansfest\/2020-edicion\/2020-jurado\/","title":{"rendered":"2020 \u2013 Jurat"},"content":{"rendered":"<p><strong><span style=\"font-size: 24pt;\">Jurat Secci\u00f3 Llargmetratges Internacionals<\/span><\/strong><\/p>\n<div>\n<div><strong>Ll\u00facia Alemany<\/strong><\/div>\n<div>Directora del curt <i>14 anys i un dia<\/i>\u00a0i del llargmetratge <i>La innoc\u00e8ncia.<\/i><\/div>\n<div>\u00a0<\/div>\n<div><strong>Ann Hern\u00e1ndez<\/strong><\/div>\n<\/div>\n<div>Productora i gestora de Film Val\u00e8ncia.<\/div>\n<div>\u00a0<\/div>\n<div><strong>Abdelatif Hwidar<\/strong><\/div>\n<div>Actor i director. Guanyador d&#039;un Goya pel curt <i>Salvador<\/i>. Premi Pau i Just\u00edcia, 2019.<\/div>\n<div>\u00a0<\/div>\n<div><strong>Giovanna Ribes<\/strong><\/div>\n<div>Directora i productora. Autora de <i>Fam\u00edlia (Dementia) <\/i>i <i>Una suau olor de canyella.<\/i><\/div>\n<div>\u00a0<\/div>\n<div><strong>Ana Yturralde<\/strong><\/div>\n<div>Fot\u00f2grafa. La seva darrera exposici\u00f3 ha estat <i>Petjades de l&#039;\u00e0nima<\/i>\u00a0al CCCC.<\/div>\n<div>\u00a0<\/div>\n<div><strong><span style=\"font-size: 24pt;\">Jurat Secci\u00f3 Curtmetratges Internacionals<\/span><\/strong><\/div>\n<div>\u00a0<\/div>\n<div>\n<div><strong>Luc\u00eda Forner<\/strong><\/div>\n<div>Curtmetratgista. Directora de <i>Marta<\/i>\u00a0i <i>Crec que t&#039;estimo<\/i>.<\/div>\n<div>\u00a0<\/div>\n<\/div>\n<div><strong>Beatriz Garrote<\/strong><\/div>\n<div>Expresidenta de l&#039;AVM3J, associaci\u00f3 guanyadora del Premi Pel Canvi Social 2020.<\/div>\n<div>\u00a0<\/div>\n<div><strong>Eva Vizcarra<\/strong><\/div>\n<div>Propiet\u00e0ria d&#039;Endora Producciones i documentalista.<\/div>\n<div>\u00a0<\/div>\n<div><strong><span style=\"font-size: 24pt;\">Jurat Secci\u00f3 Humans VLC<\/span><\/strong><\/div>\n<div>\u00a0<\/div>\n<div><strong>Pilar Molina<\/strong><\/div>\n<div>Productora de Zeta Audiovisual.<\/div>\n<div>\u00a0<\/div>\n<div><strong>Marga Prior<\/strong><\/div>\n<div>Directora de l?ag\u00e8ncia Creati.<\/div>\n<div>\u00a0<\/div>\n<div><strong>Anna Rovira<\/strong><\/div>\n<div>Compositora digital.<\/div>\n<div>\u00a0<\/div>\n<div><strong><span style=\"font-size: 24pt;\">Jurat EDAV<\/span><\/strong><\/div>\n<div>\u00a0<\/div>\n<div>\n<div><strong>Antonia Montaner<\/strong><\/div>\n<div>Guionista de la s\u00e8rie <i>Parany<\/i>.<\/div>\n<div>\u00a0<\/div>\n<\/div>\n<div><strong>Pilar Parets<\/strong><\/div>\n<div>Guionista de <i>Ara torno <\/i>i <i>Feres<\/i>.<\/div>\n<div>\u00a0<\/div>\n<div><strong>Luis Eduardo P\u00e9rez Cuevas<\/strong><\/div>\n<div>Director i guionista de <i>Pedro Reyes for president.<\/i><\/div>\n\n\n<p><\/p>","protected":false},"excerpt":{"rendered":"<p>Jurado Secci\u00f3n Largometrajes Internacionales Luc\u00eda Alemany Directora del corto 14 anys i un dia\u00a0y del largometraje L&#8217;innoc\u00e9ncia. \u00a0 Ann Hern\u00e1ndez Productora y gestora de Film Val\u00e8ncia. \u00a0 Abdelatif Hwidar Actor y director. Ganador de un Goya por el corto Salvador. Premi Pau i Just\u00edcia, 2019. \u00a0 Giovanna Ribes Directora y productora. Autora de Familia (Dementia) [&hellip;]<\/p>\n","protected":false},"author":2,"featured_media":0,"parent":2079,"menu_order":3,"comment_status":"closed","ping_status":"closed","template":"","meta":{"_et_pb_use_builder":"","_et_pb_old_content":"","_et_gb_content_width":"","_uf_show_specific_survey":0,"_uf_disable_surveys":false,"footnotes":""},"class_list":["post-2171","page","type-page","status-publish","hentry"],"aioseo_notices":[],"_links":{"self":[{"href":"https:\/\/fundacionporlajusticia.org\/va\/wp-json\/wp\/v2\/pages\/2171","targetHints":{"allow":["GET"]}}],"collection":[{"href":"https:\/\/fundacionporlajusticia.org\/va\/wp-json\/wp\/v2\/pages"}],"about":[{"href":"https:\/\/fundacionporlajusticia.org\/va\/wp-json\/wp\/v2\/types\/page"}],"author":[{"embeddable":true,"href":"https:\/\/fundacionporlajusticia.org\/va\/wp-json\/wp\/v2\/users\/2"}],"replies":[{"embeddable":true,"href":"https:\/\/fundacionporlajusticia.org\/va\/wp-json\/wp\/v2\/comments?post=2171"}],"version-history":[{"count":1,"href":"https:\/\/fundacionporlajusticia.org\/va\/wp-json\/wp\/v2\/pages\/2171\/revisions"}],"predecessor-version":[{"id":3477,"href":"https:\/\/fundacionporlajusticia.org\/va\/wp-json\/wp\/v2\/pages\/2171\/revisions\/3477"}],"up":[{"embeddable":true,"href":"https:\/\/fundacionporlajusticia.org\/va\/wp-json\/wp\/v2\/pages\/2079"}],"wp:attachment":[{"href":"https:\/\/fundacionporlajusticia.org\/va\/wp-json\/wp\/v2\/media?parent=2171"}],"curies":[{"name":"wp","href":"https:\/\/api.w.org\/{rel}","templated":true}]}}