{"id":2160,"date":"2019-10-02T20:18:45","date_gmt":"2019-10-02T20:18:45","guid":{"rendered":"https:\/\/fundacionporlajusticia.accesia.info\/?page_id=5737"},"modified":"2022-03-26T07:51:37","modified_gmt":"2022-03-26T07:51:37","slug":"2020-mujeres-del-mundo","status":"publish","type":"page","link":"https:\/\/fundacionporlajusticia.org\/va\/humansfest\/2020-edicion\/2020-programacion\/2020-mujeres-del-mundo\/","title":{"rendered":"2020 \u2013 Dones del m\u00f3n"},"content":{"rendered":"<p style=\"color: #6a6a6a; background: #efefef; padding: 30px;\"> Un programa que promociona les obres de dones i que tinguin dones com a protagonistes. Va ser presentat a Tolosa (Fran\u00e7a) i des de llavors ha recorregut diversos pa\u00efsos i segueix expandint-se per tot el m\u00f3n.<\/p>","protected":false},"excerpt":{"rendered":"<p>Un programa que promociona les obres de dones i que tinguin dones com a protagonistes. Va ser presentat a Tolosa (Fran\u00e7a) i des de llavors ha recorregut diversos pa\u00efsos i segueix expandint-se per tot el m\u00f3n.<\/p>","protected":false},"author":2,"featured_media":0,"parent":2084,"menu_order":10,"comment_status":"closed","ping_status":"closed","template":"","meta":{"_et_pb_use_builder":"","_et_pb_old_content":"","_et_gb_content_width":"","_uf_show_specific_survey":0,"_uf_disable_surveys":false,"footnotes":""},"class_list":["post-2160","page","type-page","status-publish","hentry"],"aioseo_notices":[],"_links":{"self":[{"href":"https:\/\/fundacionporlajusticia.org\/va\/wp-json\/wp\/v2\/pages\/2160","targetHints":{"allow":["GET"]}}],"collection":[{"href":"https:\/\/fundacionporlajusticia.org\/va\/wp-json\/wp\/v2\/pages"}],"about":[{"href":"https:\/\/fundacionporlajusticia.org\/va\/wp-json\/wp\/v2\/types\/page"}],"author":[{"embeddable":true,"href":"https:\/\/fundacionporlajusticia.org\/va\/wp-json\/wp\/v2\/users\/2"}],"replies":[{"embeddable":true,"href":"https:\/\/fundacionporlajusticia.org\/va\/wp-json\/wp\/v2\/comments?post=2160"}],"version-history":[{"count":2,"href":"https:\/\/fundacionporlajusticia.org\/va\/wp-json\/wp\/v2\/pages\/2160\/revisions"}],"predecessor-version":[{"id":3475,"href":"https:\/\/fundacionporlajusticia.org\/va\/wp-json\/wp\/v2\/pages\/2160\/revisions\/3475"}],"up":[{"embeddable":true,"href":"https:\/\/fundacionporlajusticia.org\/va\/wp-json\/wp\/v2\/pages\/2084"}],"wp:attachment":[{"href":"https:\/\/fundacionporlajusticia.org\/va\/wp-json\/wp\/v2\/media?parent=2160"}],"curies":[{"name":"wp","href":"https:\/\/api.w.org\/{rel}","templated":true}]}}