{"id":2159,"date":"2019-10-02T12:51:57","date_gmt":"2019-10-02T12:51:57","guid":{"rendered":"https:\/\/fundacionporlajusticia.accesia.info\/?page_id=5499"},"modified":"2022-03-26T07:51:22","modified_gmt":"2022-03-26T07:51:22","slug":"2020-humans-films-zero","status":"publish","type":"page","link":"https:\/\/fundacionporlajusticia.org\/va\/humansfest\/2020-edicion\/2020-programacion\/2020-humans-films-zero\/","title":{"rendered":"2020 Humans Films \u2013 Zero"},"content":{"rendered":"<p style=\"color: #6a6a6a; background: #efefef; padding: 30px;\">La producci\u00f3 audiovisual t\u00e9 el seu espai anual a trav\u00e9s de <strong>produccions internacionals<\/strong>. Aquestes produccions tindran un recorregut internacional tant a festivals com a plataformes i es realitzaran mitjan\u00e7ant processos que respectin al m\u00e0xim el medi ambient. Actualment estem distribuint mundialment la nostra primera producci\u00f3 Les flors que arrenques i preparem un documental al voltant de la figura de Pepe M\u00fajica.<\/p>\n<p align=\"LEFT\">","protected":false},"excerpt":{"rendered":"<p>La producci\u00f3n audiovisual tiene su espacio anual a trav\u00e9s de producciones internacionales. Dichas producciones tendr\u00e1n un recorrido internacional tanto en festivales como en plataformas y se realizar\u00e1n mediante procesos que respeten al m\u00e1ximo el medio ambiente. En la actualidad estamos distribuyendo mundialmente nuestra primera producci\u00f3n Las flores que arrancas y preparamos un documental en torno [&hellip;]<\/p>\n","protected":false},"author":2,"featured_media":0,"parent":2084,"menu_order":9,"comment_status":"closed","ping_status":"closed","template":"","meta":{"_et_pb_use_builder":"","_et_pb_old_content":"","_et_gb_content_width":"","_uf_show_specific_survey":0,"_uf_disable_surveys":false,"footnotes":""},"class_list":["post-2159","page","type-page","status-publish","hentry"],"aioseo_notices":[],"_links":{"self":[{"href":"https:\/\/fundacionporlajusticia.org\/va\/wp-json\/wp\/v2\/pages\/2159","targetHints":{"allow":["GET"]}}],"collection":[{"href":"https:\/\/fundacionporlajusticia.org\/va\/wp-json\/wp\/v2\/pages"}],"about":[{"href":"https:\/\/fundacionporlajusticia.org\/va\/wp-json\/wp\/v2\/types\/page"}],"author":[{"embeddable":true,"href":"https:\/\/fundacionporlajusticia.org\/va\/wp-json\/wp\/v2\/users\/2"}],"replies":[{"embeddable":true,"href":"https:\/\/fundacionporlajusticia.org\/va\/wp-json\/wp\/v2\/comments?post=2159"}],"version-history":[{"count":1,"href":"https:\/\/fundacionporlajusticia.org\/va\/wp-json\/wp\/v2\/pages\/2159\/revisions"}],"predecessor-version":[{"id":3474,"href":"https:\/\/fundacionporlajusticia.org\/va\/wp-json\/wp\/v2\/pages\/2159\/revisions\/3474"}],"up":[{"embeddable":true,"href":"https:\/\/fundacionporlajusticia.org\/va\/wp-json\/wp\/v2\/pages\/2084"}],"wp:attachment":[{"href":"https:\/\/fundacionporlajusticia.org\/va\/wp-json\/wp\/v2\/media?parent=2159"}],"curies":[{"name":"wp","href":"https:\/\/api.w.org\/{rel}","templated":true}]}}