{"id":2158,"date":"2019-10-02T12:51:34","date_gmt":"2019-10-02T12:51:34","guid":{"rendered":"https:\/\/fundacionporlajusticia.accesia.info\/?page_id=5497"},"modified":"2022-03-26T07:51:04","modified_gmt":"2022-03-26T07:51:04","slug":"2020-seccion-un-minuto-un-derecho","status":"publish","type":"page","link":"https:\/\/fundacionporlajusticia.org\/va\/humansfest\/2020-edicion\/2020-programacion\/2020-seccion-un-minuto-un-derecho\/","title":{"rendered":"2020 \u2013 Secci\u00f3 Un minut, un dret"},"content":{"rendered":"<p style=\"color: #6a6a6a; background: #efefef; padding: 30px;\">En un minut pots explicar moltes coses\u2026<br \/>Una secci\u00f3 competitiva per <strong>centres educatius<\/strong> que ens mostra que en nom\u00e9s un minut es poden dir moltes coses sobre els <strong>drets humans.<\/strong><\/p>\r\n<p>Pots votar el curt guanyador a Facebook de Humans Fest indicant-ne el nom. El m\u00e9s esmenat guanyar\u00e0 el curt 1 minut, 1 dret dotat amb un premi de 400\u20ac.<\/p>\r\n<p>Pots veure tots els curts al seg\u00fcent enlla\u00e7:<\/p>\r\n<p><a href=\"https:\/\/bit.ly\/2wDv1Ux\">https:\/\/bit.ly\/2wDv1Ux<\/a><\/p>\r\n<p><strong>T\u00edtol: Ser\u00e0s capa\u00e7?<\/strong><\/p>\r\n<p><strong>Autor: Antoni Llorens Sell\u00e9s<\/strong><\/p>\r\n<p>L&#039;objectiu ha estat crear el disseny gr\u00e0fic audiovisual d&#039;una pe\u00e7a que informi, presenti, expliqueu i persuada de la import\u00e0ncia d&#039;un dels Objectius de Desenvolupament Sostenible, concretament l&#039;objectiu n\u00famero 5 \u201cObjectiu 5: Aconseguir la igualtat entre els g\u00e8neres i apoderar totes les dones i les nenes\u201d.<\/p>\r\n<p>El projecte s&#039;ha realitzat de forma coordinada entre les assignatures Projectes de Disseny Gr\u00e0fic Audiovisual i Taller d&#039;Animaci\u00f3 de la Titulaci\u00f3 Superior de Disseny a l&#039;especialitat de Gr\u00e0fic, a l&#039;Escola d&#039;Art i Superior de Val\u00e8ncia.<\/p>\r\n<p><strong>T\u00edtol: El malbaratament alimentari<\/strong><\/p>\r\n<p><strong>Autor: Eric Castillo<\/strong><\/p>\r\n<p>L&#039;objectiu plantejat ha estat una pe\u00e7a audiovisual que informi, presenti, expliqui i persuada de la import\u00e0ncia del Malbaratament alimentari, segons s&#039;ha treballat a l&#039;aula amb el Centre d&#039;Educaci\u00f3 Ambiental de la Comunitat Valenciana (CEACV). El resultat presentat \u00e9s un projecte desenvolupat a l&#039;aula. S&#039;ha pret\u00e8s captar l&#039;atenci\u00f3 de l&#039;espectador malgrat que la tem\u00e0tica podria resultar dif\u00edcil per a una societat de l&#039;entreteniment i la distracci\u00f3. El p\u00fablic objectiu: 14-35 anys, la difusi\u00f3: a trav\u00e9s de les xarxes socials (des de youtube i vimeo).<\/p>\r\n<p>El projecte s&#039;ha realitzat de forma coordinada entre les assignatures Projectes de Disseny Gr\u00e0fic Audiovisual i Taller d&#039;Animaci\u00f3 de la Titulaci\u00f3 Superior de Disseny a l&#039;especialitat de Gr\u00e0fic, a l&#039;Escola d&#039;Art i Superior de Val\u00e8ncia.<\/p>\r\n<p><strong>T\u00edtol: Vida Submarina<\/strong><\/p>\r\n<p><strong>Autor: \u00c9rika \u00c1vila Miguel<\/strong><\/p>\r\n<p>L&#039;objectiu ha estat crear el disseny gr\u00e0fic audiovisual d&#039;una pe\u00e7a que informi, presenti, expliqui i persuada de la import\u00e0ncia d&#039;un dels Objectius de Desenvolupament Sostenible, concretament l&#039;objectiu n\u00famero 14 \u201cObjectiu 14: Conservar i utilitzar sosteniblement els oceans, els mars i els recursos marins per al desenvolupament sostenible\u201d.<\/p>\r\n<p>El projecte s&#039;ha realitzat de forma coordinada entre les assignatures Projectes de Disseny Gr\u00e0fic Audiovisual i Taller d&#039;Animaci\u00f3 de la Titulaci\u00f3 Superior de Disseny a l&#039;especialitat de Gr\u00e0fic, a l&#039;Escola d&#039;Art i Superior de Val\u00e8ncia.<\/p>\r\n<p><strong>T\u00edtol: LA FRUITA \u00c9S FRUITA<\/strong><\/p>\r\n<p><strong>Autor: Laura Garc\u00eda Mut<\/strong><\/p>\r\n<p><strong>\u00a0<\/strong>L&#039;objectiu plantejat ha estat una pe\u00e7a audiovisual que informi, presenti, expliqui i persuada de la import\u00e0ncia del Malbaratament alimentari, segons s&#039;ha treballat a l&#039;aula amb el Centre d&#039;Educaci\u00f3 Ambiental de la Comunitat Valenciana (CEACV). El resultat presentat \u00e9s un projecte desenvolupat a l&#039;aula. S&#039;ha pret\u00e8s captar l&#039;atenci\u00f3 de l&#039;espectador malgrat que la tem\u00e0tica podria resultar dif\u00edcil per a una societat de l&#039;entreteniment i la distracci\u00f3. El p\u00fablic objectiu: 14-35 anys, la difusi\u00f3: a trav\u00e9s de les xarxes socials (des de youtube i vimeo).<\/p>\r\n<p>El projecte s&#039;ha realitzat de forma coordinada entre les assignatures Projectes de Disseny Gr\u00e0fic Audiovisual i Taller d&#039;Animaci\u00f3 de la Titulaci\u00f3 Superior de Disseny a l&#039;especialitat de Gr\u00e0fic, a l&#039;Escola d&#039;Art i Superior de Val\u00e8ncia.<\/p>\r\n<p><strong>T\u00edtol: Sostenibilitat<\/strong><\/p>\r\n<p><strong>Autor: Mar\u00eda Blasco Hurtado<\/strong><\/p>\r\n<p><strong>\u00a0<\/strong>L&#039;objectiu ha estat crear el disseny gr\u00e0fic audiovisual d&#039;una pe\u00e7a que informi, presenti, expliqueu i persuada de la import\u00e0ncia d&#039;un dels Objectius de Desenvolupament Sostenible, concretament l&#039;objectiu n\u00famero 5 \u201cObjectiu 5: Aconseguir la igualtat entre els g\u00e8neres i apoderar totes les dones i les nenes\u201d.<\/p>\r\n<p>El projecte s&#039;ha realitzat de forma coordinada entre les assignatures Projectes de Disseny Gr\u00e0fic Audiovisual i Taller d&#039;Animaci\u00f3 de la Titulaci\u00f3 Superior de Disseny a l&#039;especialitat de Gr\u00e0fic, a l&#039;Escola d&#039;Art i Superior de Val\u00e8ncia.<\/p>\r\n<p><strong>T\u00edtol: #FightIsJustPerfect <\/strong><\/p>\r\n<p><strong>Autor: Sergio Olmos<\/strong><\/p>\r\n<p><strong>\u00a0<\/strong>L&#039;objectiu ha estat crear el disseny gr\u00e0fic audiovisual d&#039;una pe\u00e7a que informi, presenti, expliqueu i persuada de la import\u00e0ncia d&#039;un dels Objectius de Desenvolupament Sostenible, concretament l&#039;objectiu n\u00famero 5 \u201cObjectiu 5: Aconseguir la igualtat entre els g\u00e8neres i apoderar totes les dones i les nenes\u201d.<\/p>\r\n<p>El projecte s&#039;ha realitzat de forma coordinada entre les assignatures Projectes de Disseny Gr\u00e0fic Audiovisual i Taller d&#039;Animaci\u00f3 de la Titulaci\u00f3 Superior de Disseny a l&#039;especialitat de Gr\u00e0fic, a l&#039;Escola d&#039;Art i Superior de Val\u00e8ncia.<\/p>\r\n\r\n\r\n<p>Els curts amb qu\u00e8 participa COMENIUS s\u00f3n els seg\u00fcents: <\/p>\r\n\r\n\r\n\r\n<p><\/p>\r\n\r\n\r\n\r\n<p><br><strong>- Q\u00fcesti\u00f3 d&#039;atzar<\/strong><\/p>\r\n\r\n\r\n\r\n<p><strong>\u2013 Esperan\u00e7a<\/strong><\/p>\r\n\r\n\r\n\r\n<p><strong>-Feli\u00e7os 18<\/strong><\/p>\r\n\r\n\r\n\r\n<p><strong>\u2013 Hamid<\/strong><\/p>\r\n\r\n\r\n\r\n<p><strong>\u2013 Ignor\u00e0ncia<\/strong><\/p>\r\n\r\n\r\n\r\n<p><strong>\u2013 La m\u00e0 de F\u00e0tima<\/strong><\/p>\r\n\r\n\r\n\r\n<p><strong>\u2013 Un altre llenguatge<\/strong><\/p>","protected":false},"excerpt":{"rendered":"<p>En un minuto puedes contar muchas cosas&#8230;Una secci\u00f3n competitiva para centros educativos que nos muestra que en solo un minuto se pueden decir muchas cosas sobre los derechos humanos. Puedes votar el corto ganador en Facebook de Humans Fest indicando su nombre. El m\u00e1s mencinado ganar\u00e1 el corto 1 minuto, 1 derecho dotado con un [&hellip;]<\/p>\n","protected":false},"author":2,"featured_media":0,"parent":2084,"menu_order":8,"comment_status":"closed","ping_status":"closed","template":"","meta":{"_et_pb_use_builder":"","_et_pb_old_content":"","_et_gb_content_width":"","_uf_show_specific_survey":0,"_uf_disable_surveys":false,"footnotes":""},"class_list":["post-2158","page","type-page","status-publish","hentry"],"aioseo_notices":[],"_links":{"self":[{"href":"https:\/\/fundacionporlajusticia.org\/va\/wp-json\/wp\/v2\/pages\/2158","targetHints":{"allow":["GET"]}}],"collection":[{"href":"https:\/\/fundacionporlajusticia.org\/va\/wp-json\/wp\/v2\/pages"}],"about":[{"href":"https:\/\/fundacionporlajusticia.org\/va\/wp-json\/wp\/v2\/types\/page"}],"author":[{"embeddable":true,"href":"https:\/\/fundacionporlajusticia.org\/va\/wp-json\/wp\/v2\/users\/2"}],"replies":[{"embeddable":true,"href":"https:\/\/fundacionporlajusticia.org\/va\/wp-json\/wp\/v2\/comments?post=2158"}],"version-history":[{"count":4,"href":"https:\/\/fundacionporlajusticia.org\/va\/wp-json\/wp\/v2\/pages\/2158\/revisions"}],"predecessor-version":[{"id":3473,"href":"https:\/\/fundacionporlajusticia.org\/va\/wp-json\/wp\/v2\/pages\/2158\/revisions\/3473"}],"up":[{"embeddable":true,"href":"https:\/\/fundacionporlajusticia.org\/va\/wp-json\/wp\/v2\/pages\/2084"}],"wp:attachment":[{"href":"https:\/\/fundacionporlajusticia.org\/va\/wp-json\/wp\/v2\/media?parent=2158"}],"curies":[{"name":"wp","href":"https:\/\/api.w.org\/{rel}","templated":true}]}}