{"id":2150,"date":"2019-01-30T16:55:04","date_gmt":"2019-01-30T16:55:04","guid":{"rendered":"https:\/\/fundacionporlajusticia.accesia.info\/es\/?page_id=5222"},"modified":"2022-03-26T07:50:23","modified_gmt":"2022-03-26T07:50:23","slug":"2020-premi-pau-i-justicia","status":"publish","type":"page","link":"https:\/\/fundacionporlajusticia.org\/va\/humansfest\/2020-edicion\/2020-programacion\/2020-premi-pau-i-justicia\/","title":{"rendered":"2020 \u2013 Premi Pau I Just\u00edcia"},"content":{"rendered":"<h2>Pepe Viyuela<\/h2>\n<p><img loading=\"lazy\" decoding=\"async\" class=\"aligncenter wp-image-6189 size-medium\" src=\"https:\/\/fundacionporlajusticia.org\/wp-content\/uploads\/2020\/02\/IMG-20200204-WA0048-200x300.jpg\" alt=\"\" width=\"200\" height=\"300\" \/><\/p>\n<p><strong>Pepe Viyuela<\/strong> rebr\u00e0 el premi Pau i Just\u00edcia per la seva carrera i el seu comprom\u00eds ferm pels drets humans des de l&#039;humor. l<\/p>\n<p>Va estar a les ordres de <a class=\"mw-redirect\" title=\"Juliol M\u00e9dem\" href=\"https:\/\/es.wikipedia.org\/wiki\/Julio_M%C3%A9dem\">Juliol M\u00e9dem<\/a> a <i><a class=\"mw-redirect\" title=\"Terra (pel\u00b7l\u00edcula)\" href=\"https:\/\/es.wikipedia.org\/wiki\/Tierra_(pel%C3%ADcula)\">Terra<\/a><\/i> (1995) i posteriorment ha interpretat a <i><a title=\"Filem\u00f3 Pi\" href=\"https:\/\/es.wikipedia.org\/wiki\/Filem%C3%B3n_Pi\">Filem\u00f3<\/a><\/i> a les dues pel\u00b7l\u00edcules \u2014dirigida la primera per <a title=\"Javier Fesser\" href=\"https:\/\/es.wikipedia.org\/wiki\/Javier_Fesser\">Javier Fesser<\/a> i la segona per <a title=\"Miguel Bardem\" href=\"https:\/\/es.wikipedia.org\/wiki\/Miguel_Bardem\">Miguel Bardem<\/a>\u2014 ambientades en aquests detectius privats: <i><a title=\"La gran aventura de Mortadel\u00b7lo i Filem\u00f3\" href=\"https:\/\/es.wikipedia.org\/wiki\/La_gran_aventura_de_Mortadelo_y_Filem%C3%B3n\">La gran aventura de Mortadel\u00b7lo i Filem\u00f3<\/a><\/i> (2003) i <i><a title=\"Mortadel\u00b7lo i Filem\u00f3. Missi\u00f3: salvar la Terra\" href=\"https:\/\/es.wikipedia.org\/wiki\/Mortadelo_y_Filem%C3%B3n._Misi%C3%B3n:_salvar_la_Tierra\">Mortadel\u00b7lo i Filem\u00f3. Missi\u00f3: salvar la Terra<\/a><\/i> (2008).<\/p>\n<p>En teatre ha participat al <a class=\"mw-redirect\" title=\"Festival de Teatre Cl\u00e0ssic de M\u00e8rida\" href=\"https:\/\/es.wikipedia.org\/wiki\/Festival_de_Teatro_Cl%C3%A1sico_de_M%C3%A9rida\">Festival de Teatre Cl\u00e0ssic de M\u00e8rida<\/a>, amb <i>Androcles i el lle\u00f3<\/i> (1999), de <a title=\"George Bernard Shaw\" href=\"https:\/\/es.wikipedia.org\/wiki\/George_Bernard_Shaw\">George Bernard Shaw<\/a>, <i>R\u00f2mul el gran<\/i>(2005), de <a title=\"Friedrich D\u00fcrrenmatt\" href=\"https:\/\/es.wikipedia.org\/wiki\/Friedrich_D%C3%BCrrenmatt\">Friedrich D\u00fcrrenmatt<\/a> i <i><a class=\"mw-redirect\" title=\"Milers Gloriosus\" href=\"https:\/\/es.wikipedia.org\/wiki\/Miles_Gloriosus\">Milers Gloriosus<\/a><\/i> (2008), de <a title=\"Plaute\" href=\"https:\/\/es.wikipedia.org\/wiki\/Plauto\">Plaute<\/a>. Entre 2009 i 2011 va protagonitzar, juntament amb <a title=\"Tet\u00e9 Delgado\" href=\"https:\/\/es.wikipedia.org\/wiki\/Tet%C3%A9_Delgado\">Tet\u00e9 Delgado<\/a> i <a title=\"Assumpci\u00f3 Balaguer\" href=\"https:\/\/es.wikipedia.org\/wiki\/Asunci%C3%B3n_Balaguer\">Assumpci\u00f3 Balaguer<\/a>, la versi\u00f3 teatral de <i><a title=\"El piset\" href=\"https:\/\/es.wikipedia.org\/wiki\/El_pisito\">El piset<\/a><\/i>, basada en el gui\u00f3 de <a title=\"Rafael Azcona\" href=\"https:\/\/es.wikipedia.org\/wiki\/Rafael_Azcona\">Rafael Azcona<\/a>.<\/p>\n<p>Encara que Viyuela \u00e9s conegut pel seu paper de <i><a class=\"mw-redirect\" title=\"Chema Mart\u00ednez (personatge)\" href=\"https:\/\/es.wikipedia.org\/wiki\/Chema_Mart%C3%ADnez_(personaje)\">Chema Mart\u00ednez<\/a><\/i> \u2014el botiguer de \u00abLa Colonial\u00bb, pare de <i><a class=\"mw-redirect\" title=\"Fidel Mart\u00ednez (personatge)\" href=\"https:\/\/es.wikipedia.org\/wiki\/Fidel_Mart%C3%ADnez_(personaje)\">Fidel Mart\u00ednez<\/a><\/i>\u2014 a la s\u00e8rie <i><a title=\"A\u00edda (s\u00e8rie de televisi\u00f3)\" href=\"https:\/\/es.wikipedia.org\/wiki\/A%C3%ADda_(serie_de_televisi%C3%B3n)\">Aida<\/a><\/i>(<a title=\"Telecinc\" href=\"https:\/\/es.wikipedia.org\/wiki\/Telecinco\">Telecinc<\/a>). Un cop finalitzada aquesta producci\u00f3, va protagonitzar la s\u00e8rie <i><a title=\"Olmos i Roures\" href=\"https:\/\/es.wikipedia.org\/wiki\/Olmos_y_Robles\">Olmos i Roures<\/a><\/i> a TVE.<sup id=\"cite_ref-9\" class=\"reference separada\"><a href=\"https:\/\/es.wikipedia.org\/wiki\/Pepe_Viyuela#cite_note-9\">9<\/a><\/sup><\/p>\n<p><a href=\"https:\/\/es.wikipedia.org\/wiki\/Pepe_Viyuela#cite_note-9\">Tamb\u00e9 ha doblat a <i>Elliot<\/i> a <i><\/i><\/a><i><a class=\"mw-redirect\" title=\"Col\u00b7legues al Bosc\" href=\"https:\/\/es.wikipedia.org\/wiki\/Colegas_en_el_Bosque\">Col\u00b7legues al Bosc<\/a><\/i>, al costat de <a title=\"Alexis Vald\u00e9s\" href=\"https:\/\/es.wikipedia.org\/wiki\/Alexis_Vald%C3%A9s\">Alexis Vald\u00e9s<\/a>, entre altres.<\/p>\n<p>Durant l&#039;any 2018 participa com a protagonista al rodatge de la s\u00e8rie <a title=\"Escorxador (s\u00e8rie de televisi\u00f3)\" href=\"https:\/\/es.wikipedia.org\/wiki\/Matadero_(serie_de_televisi%C3%B3n)\">Escorxador<\/a> emesa el 2019 a Antena 3, juntament amb l&#039;actriu <a title=\"Carmen Ruiz\" href=\"https:\/\/es.wikipedia.org\/wiki\/Carmen_Ruiz\">Carmen Ruiz<\/a>.<sup id=\"cite_ref-10\" class=\"reference separada\"><a href=\"https:\/\/es.wikipedia.org\/wiki\/Pepe_Viyuela#cite_note-10\">10<\/a><\/sup><\/p>\n<p>En <a title=\"2003\" href=\"https:\/\/es.wikipedia.org\/wiki\/2003\">2003<\/a> va publicar la <a title=\"Novel\u00b7la\" href=\"https:\/\/es.wikipedia.org\/wiki\/Novela\">novel\u00b7la<\/a> <i>Bestiari del circ: el ventre de la carpa<\/i>, amb un pr\u00f2leg de <a title=\"Andr\u00e9s Aberasturi\" href=\"https:\/\/es.wikipedia.org\/wiki\/Andr%C3%A9s_Aberasturi\">Andr\u00e9s Aberasturi<\/a>. A la seva faceta de <a title=\"Poeta\" href=\"https:\/\/es.wikipedia.org\/wiki\/Poeta\">poeta<\/a>, ha estat el guanyador de la Segona Edici\u00f3 del Premi Internacional de Poesia Margarita Hierro amb el seu primer poemari <i>I estimar-te sense saber<\/i>.<\/p>\n<p><span style=\"font-weight: 600;\">Pel\u00b7l\u00edcules<\/span><b><\/b><\/p>\n<ul>\n<li><i><a class=\"mw-redirect\" title=\"Terra (pel\u00b7l\u00edcula)\" href=\"https:\/\/es.wikipedia.org\/wiki\/Tierra_(pel%C3%ADcula)\">Terra<\/a><\/i>, dirigida per <a class=\"mw-redirect\" title=\"Juliol M\u00e9dem\" href=\"https:\/\/es.wikipedia.org\/wiki\/Julio_M%C3%A9dem\">Juliol M\u00e9dem<\/a> (1996)<\/li>\n<li><i><a title=\"El miracle de P. Negre\" href=\"https:\/\/es.wikipedia.org\/wiki\/El_milagro_de_P._Tinto\">El miracle de P. Negre<\/a><\/i>, dirigida per <a title=\"Javier Fesser\" href=\"https:\/\/es.wikipedia.org\/wiki\/Javier_Fesser\">Javier Fesser<\/a> (1998)<\/li>\n<li><i><a title=\"La gran aventura de Mortadel\u00b7lo i Filem\u00f3\" href=\"https:\/\/es.wikipedia.org\/wiki\/La_gran_aventura_de_Mortadelo_y_Filem%C3%B3n\">La gran aventura de Mortadel\u00b7lo i Filem\u00f3<\/a><\/i>, dirigida per <a title=\"Javier Fesser\" href=\"https:\/\/es.wikipedia.org\/wiki\/Javier_Fesser\">Javier Fesser<\/a> (2003)<\/li>\n<li><i><a title=\"Digues que s\u00ed (pel\u00b7l\u00edcula del 2004)\" href=\"https:\/\/es.wikipedia.org\/wiki\/Di_que_s%C3%AD_(pel%C3%ADcula_de_2004)\">Digues que s\u00ed<\/a><\/i>, dirigida per Juan Calvo (2004)<\/li>\n<li><i><a title=\"Escola de seducci\u00f3\" href=\"https:\/\/es.wikipedia.org\/wiki\/Escuela_de_seducci%C3%B3n\">Escola de seducci\u00f3<\/a><\/i>, dirigida per <a title=\"Javier Balaguer\" href=\"https:\/\/es.wikipedia.org\/wiki\/Javier_Balaguer\">Javier Balaguer<\/a> (2004)<\/li>\n<li><i><a class=\"mw-redirect\" title=\"Mortadel\u00b7lo i Filem\u00f3. Missi\u00f3: Salvar la Terra\" href=\"https:\/\/es.wikipedia.org\/wiki\/Mortadelo_y_Filem%C3%B3n._Misi%C3%B3n:_Salvar_la_Tierra\">Mortadel\u00b7lo i Filem\u00f3. Missi\u00f3: Salvar la Terra<\/a><\/i>, dirigida per <a title=\"Miguel Bardem\" href=\"https:\/\/es.wikipedia.org\/wiki\/Miguel_Bardem\">Miguel Bardem<\/a> (2008)<\/li>\n<\/ul>","protected":false},"excerpt":{"rendered":"<p>Pepe Viyuela Pepe Viyuela recibir\u00e1 el Premio Pau i Justicia por su carrera y su compromiso firme por los derechos humanos desde el humor. l Estuvo a las \u00f3rdenes de Julio M\u00e9dem en Tierra (1995) y posteriormente ha interpretado a Filem\u00f3n en las dos pel\u00edculas \u2014dirigida la primera por Javier Fesser y la segunda por [&hellip;]<\/p>\n","protected":false},"author":2,"featured_media":0,"parent":2084,"menu_order":5,"comment_status":"closed","ping_status":"closed","template":"","meta":{"_et_pb_use_builder":"","_et_pb_old_content":"","_et_gb_content_width":"","_uf_show_specific_survey":0,"_uf_disable_surveys":false,"footnotes":""},"class_list":["post-2150","page","type-page","status-publish","hentry"],"aioseo_notices":[],"_links":{"self":[{"href":"https:\/\/fundacionporlajusticia.org\/va\/wp-json\/wp\/v2\/pages\/2150","targetHints":{"allow":["GET"]}}],"collection":[{"href":"https:\/\/fundacionporlajusticia.org\/va\/wp-json\/wp\/v2\/pages"}],"about":[{"href":"https:\/\/fundacionporlajusticia.org\/va\/wp-json\/wp\/v2\/types\/page"}],"author":[{"embeddable":true,"href":"https:\/\/fundacionporlajusticia.org\/va\/wp-json\/wp\/v2\/users\/2"}],"replies":[{"embeddable":true,"href":"https:\/\/fundacionporlajusticia.org\/va\/wp-json\/wp\/v2\/comments?post=2150"}],"version-history":[{"count":1,"href":"https:\/\/fundacionporlajusticia.org\/va\/wp-json\/wp\/v2\/pages\/2150\/revisions"}],"predecessor-version":[{"id":3314,"href":"https:\/\/fundacionporlajusticia.org\/va\/wp-json\/wp\/v2\/pages\/2150\/revisions\/3314"}],"up":[{"embeddable":true,"href":"https:\/\/fundacionporlajusticia.org\/va\/wp-json\/wp\/v2\/pages\/2084"}],"wp:attachment":[{"href":"https:\/\/fundacionporlajusticia.org\/va\/wp-json\/wp\/v2\/media?parent=2150"}],"curies":[{"name":"wp","href":"https:\/\/api.w.org\/{rel}","templated":true}]}}