{"id":2127,"date":"2019-10-02T12:49:19","date_gmt":"2019-10-02T12:49:19","guid":{"rendered":"https:\/\/fundacionporlajusticia.accesia.info\/?page_id=5488"},"modified":"2022-03-26T07:49:51","modified_gmt":"2022-03-26T07:49:51","slug":"2020-seccion-especial","status":"publish","type":"page","link":"https:\/\/fundacionporlajusticia.org\/va\/humansfest\/2020-edicion\/2020-programacion\/2020-seccion-especial\/","title":{"rendered":"2020 \u2013 Secci\u00f3 Especial"},"content":{"rendered":"<p style=\"color: #6a6a6a; background: #efefef; padding: 30px;\">La <strong>Secci\u00f3 Especial<\/strong> \u00e9s l&#039;espai que a <strong>Humans Fest<\/strong> compartim amb les institucions i entitats col\u00b7laboradores amb la finalitat que donin a con\u00e8ixer les realitats amb qu\u00e8 treballen di\u00e0riament.<br \/>El <strong>Humans Fest<\/strong> treballa amb prop de 160 entitats socials, audiovisuals i culturals que participen activament a la creaci\u00f3 de la programaci\u00f3 del festival.<\/p>\r\n\r\n\r\n<p><strong>La nit de 12 anys<\/strong>\/ <\/p>\r\n\r\n\r\n\r\n<div class=\"wp-block-image\"><figure class=\"alignright is-resized\"><img loading=\"lazy\" decoding=\"async\" src=\"https:\/\/fundacionporlajusticia.org\/wp-content\/uploads\/2020\/02\/La-noche-de-12-a\u00f1os-1024x551.jpg\" alt=\"\" class=\"wp-image-6202\" width=\"372\" height=\"199\"\/><\/figure><\/div>\r\n\r\n\r\n\r\n<p>2018\/ \u00c1lvaro Brechner\/ 123 min.<\/p>\r\n\r\n\r\n\r\n<p>4 DE FEBRER, LA FILMOTECA<\/p>\r\n\r\n\r\n\r\n<p><strong>Ser\u00e0s home<\/strong>\/  <\/p>\r\n\r\n\r\n\r\n<div class=\"wp-block-image\"><figure class=\"alignright is-resized\"><img loading=\"lazy\" decoding=\"async\" src=\"https:\/\/fundacionporlajusticia.org\/wp-content\/uploads\/2020\/02\/Ser\u00e1s-hombre.jpg\" alt=\"\" class=\"wp-image-6203\" width=\"380\" height=\"213\"\/><\/figure><\/div>\r\n\r\n\r\n\r\n<p> 2019\/ Isabel d&#039;Ocampo\/ 90 min.<\/p>\r\n\r\n\r\n\r\n<p>19 DE FEBRER, SGAE<\/p>\r\n\r\n\r\n\r\n<p><\/p>\r\n\r\n\r\n\r\n<p><strong>Els subversius<\/strong>\/<\/p>\r\n\r\n\r\n\r\n<div class=\"wp-block-image\"><figure class=\"alignright is-resized\"><img loading=\"lazy\" decoding=\"async\" src=\"https:\/\/fundacionporlajusticia.org\/wp-content\/uploads\/2020\/02\/Los-subversivos-1024x623.jpg\" alt=\"\" class=\"wp-image-6204\" width=\"330\" height=\"200\"\/><\/figure><\/div>\r\n\r\n\r\n\r\n<p> 2019\/ Milers Roston\/ 100 min.<\/p>\r\n\r\n\r\n\r\n<p>22 DE FEBRER, Convent Carmen<\/p>\r\n\r\n\r\n\r\n<p><\/p>\r\n\r\n\r\n\r\n<p><strong>Corrupci\u00f3, organisme nociu avui \/<\/strong><\/p>\r\n\r\n\r\n\r\n<div class=\"wp-block-image\"><figure class=\"alignright is-resized\"><img loading=\"lazy\" decoding=\"async\" src=\"https:\/\/fundacionporlajusticia.org\/wp-content\/uploads\/2020\/02\/Corrupcion_organismonocivo-1024x574.gif\" alt=\"\" class=\"wp-image-6205\" width=\"331\" height=\"185\"\/><\/figure><\/div>\r\n\r\n\r\n\r\n<p> 2019\/ Albert Sanfeliu i Teresa Soler\/ 48 min.<\/p>\r\n\r\n\r\n\r\n<p>23 DE FEBRER, Col\u00b7legi Major Rector Peset<\/p>\r\n\r\n\r\n\r\n<p><\/p>\r\n\r\n\r\n\r\n<p><strong>We are not together\/<\/strong> <\/p>\r\n\r\n\r\n\r\n<div class=\"wp-block-image\"><figure class=\"alignright is-resized\"><img loading=\"lazy\" decoding=\"async\" src=\"https:\/\/fundacionporlajusticia.org\/wp-content\/uploads\/2020\/02\/We-are-not-together-1024x640.jpg\" alt=\"\" class=\"wp-image-6206\" width=\"306\" height=\"191\"\/><\/figure><\/div>\r\n\r\n\r\n\r\n<p>2019\/ Alex Nezam\/ 64 min.<\/p>\r\n\r\n\r\n\r\n<p>25 DE FEBRER, SGAE<\/p>\r\n\r\n\r\n\r\n<p><\/p>\r\n\r\n\r\n\r\n<p><strong>Viatge a l&#039;extrema dreta\/<\/strong><\/p>\r\n\r\n\r\n\r\n<div class=\"wp-block-image\"><figure class=\"alignright is-resized\"><img loading=\"lazy\" decoding=\"async\" src=\"https:\/\/fundacionporlajusticia.org\/wp-content\/uploads\/2020\/02\/Viatge-a-lextrema-dreta-1024x576.png\" alt=\"\" class=\"wp-image-6207\" width=\"305\" height=\"171\"\/><\/figure><\/div>\r\n\r\n\r\n\r\n<p>&nbsp;2019\/ Alexis Lara\/ 48 min.<\/p>\r\n\r\n\r\n\r\n<p>26 DE FEBRER, SGAE<\/p>\r\n\r\n\r\n\r\n<p><\/p>\r\n\r\n\r\n\r\n<p><strong>142 pulsacions\/<\/strong><\/p>\r\n\r\n\r\n\r\n<p>&nbsp;2019\/ Alberto Pla\/ 30 min.<\/p>\r\n\r\n\r\n\r\n<p>27 DE FEBRER, SGAE<\/p>\r\n\r\n\r\n\r\n<p><strong>Restoring Dignity\/ <\/strong><\/p>\r\n\r\n\r\n\r\n<p>2019\/ Claire Jeantet i Fabrice Cat\u00e9rini\/ 52 min.<\/p>\r\n\r\n\r\n\r\n<p>27 DE FEBRER, SGAE<\/p>\r\n\r\n\r\n\r\n<p><strong>Un mat\u00ed fred\/&nbsp;<\/strong><\/p>\r\n\r\n\r\n\r\n<p>2019\/ Raquel Troyano\/27 DE FEBRER, La Filmoteca<\/p>","protected":false},"excerpt":{"rendered":"<p>La Secci\u00f3n Especial es el espacio que en Humans Fest compartimos con las instituciones y entidades colaboradoras con la finalidad de que den a conocer las realidades con las que trabajan diariamente.El Humans Fest trabaja con cerca de 160 entidades sociales, audiovisuales y culturales que participan activamente en la creaci\u00f3n de la programaci\u00f3n del festival. [&hellip;]<\/p>\n","protected":false},"author":2,"featured_media":0,"parent":2084,"menu_order":3,"comment_status":"closed","ping_status":"closed","template":"","meta":{"_et_pb_use_builder":"","_et_pb_old_content":"","_et_gb_content_width":"","_uf_show_specific_survey":0,"_uf_disable_surveys":false,"footnotes":""},"class_list":["post-2127","page","type-page","status-publish","hentry"],"aioseo_notices":[],"_links":{"self":[{"href":"https:\/\/fundacionporlajusticia.org\/va\/wp-json\/wp\/v2\/pages\/2127","targetHints":{"allow":["GET"]}}],"collection":[{"href":"https:\/\/fundacionporlajusticia.org\/va\/wp-json\/wp\/v2\/pages"}],"about":[{"href":"https:\/\/fundacionporlajusticia.org\/va\/wp-json\/wp\/v2\/types\/page"}],"author":[{"embeddable":true,"href":"https:\/\/fundacionporlajusticia.org\/va\/wp-json\/wp\/v2\/users\/2"}],"replies":[{"embeddable":true,"href":"https:\/\/fundacionporlajusticia.org\/va\/wp-json\/wp\/v2\/comments?post=2127"}],"version-history":[{"count":4,"href":"https:\/\/fundacionporlajusticia.org\/va\/wp-json\/wp\/v2\/pages\/2127\/revisions"}],"predecessor-version":[{"id":3467,"href":"https:\/\/fundacionporlajusticia.org\/va\/wp-json\/wp\/v2\/pages\/2127\/revisions\/3467"}],"up":[{"embeddable":true,"href":"https:\/\/fundacionporlajusticia.org\/va\/wp-json\/wp\/v2\/pages\/2084"}],"wp:attachment":[{"href":"https:\/\/fundacionporlajusticia.org\/va\/wp-json\/wp\/v2\/media?parent=2127"}],"curies":[{"name":"wp","href":"https:\/\/api.w.org\/{rel}","templated":true}]}}