{"id":2086,"date":"2019-01-30T16:13:49","date_gmt":"2019-01-30T16:13:49","guid":{"rendered":"https:\/\/fundacionporlajusticia.accesia.info\/es\/?page_id=5115"},"modified":"2022-03-26T07:48:04","modified_gmt":"2022-03-26T07:48:04","slug":"2020-seccion-oficial-largometrajes","status":"publish","type":"page","link":"https:\/\/fundacionporlajusticia.org\/va\/humansfest\/2020-edicion\/2020-programacion\/2020-seccion-oficial-largometrajes\/","title":{"rendered":"2020 \u2013 Secci\u00f3 Oficial Llargmetratges"},"content":{"rendered":"<h2><b>\u00a0<\/b><\/h2>\r\n<h2><b>LA SERRA DELS SOMNIS<\/b><\/h2>\r\n<p><b>2019 \/ Documental \/ Patricio Guzm\u00e1n<\/b><\/p>\r\n<p>22 DE FEBER 20H<\/p>\r\n<div>Patricio Guzm\u00e1n va deixar Xile fa m\u00e9s de quaranta anys quan la dictadura militar va reempla\u00e7ar el Front Popular, per\u00f2 no va deixar de pensar en un pa\u00eds, una cultura, un espai geogr\u00e0fic que mai no va oblidar. Despr\u00e9s de filmar \u00abel nord\u00bb a \u00abNost\u00e0lgia de la llum\u00bb i \u00abel sud\u00bb a \u00abEl bot\u00f3 de nacre\u00bb, ara Guzm\u00e1n filma el que ell anomena \u00abla immensa columna vertebral que revela la hist\u00f2ria passada i recent de Xile\u00bb. La serralada dels somnis \u00e9s una investigaci\u00f3 hist\u00f2rica, un assaig cinematogr\u00e0fic i una introspecci\u00f3 \u00edntima i col\u00b7lectiva sobre Xile.<\/div>\r\n<h2><b><img loading=\"lazy\" decoding=\"async\" class=\"wp-image-6108 size-medium aligncenter\" src=\"https:\/\/fundacionporlajusticia.org\/wp-content\/uploads\/2020\/01\/La-cordillera-de-los-sue\u00c3\u00b1os-300x158.jpg\" alt=\"\" width=\"300\" height=\"158\" \/><\/b><\/h2>\r\n<p>\u00a0<\/p>\r\n<h2><b>SYSTEM CRASHER\u00a0<\/b><\/h2>\r\n<p><b>2019\/ Documental \/ Nora Fingscheidt<\/b><\/p>\r\n<p>23 DE FEBRER 20H<\/p>\r\n<p>En la seva salvatge recerca d&#039;amor, l&#039;en\u00e8rgica i indomable Benni, una nena de 9 anys abandonada per la seva mare i que viu en una fam\u00edlia d&#039;acollida, porta tothom al seu voltant a la desesperaci\u00f3.\u00a0<\/p>\r\n<h2><b><img loading=\"lazy\" decoding=\"async\" class=\"wp-image-6105 size-medium aligncenter\" src=\"https:\/\/fundacionporlajusticia.org\/wp-content\/uploads\/2020\/01\/System-crasher-300x169.jpg\" alt=\"\" width=\"300\" height=\"169\" \/><\/b><\/h2>\r\n<h2><b>TREMORS<\/b><\/h2>\r\n<p><b>2019 \/ Documental \/ Jayro Bustamante<\/b><\/p>\r\n<p>25 DE FEBRER 20H<\/p>\r\n<div>Pau s&#039;enamora de Francesc i deixa la seva devota fam\u00edlia evang\u00e8lica a la ciutat de Guatemala. Els seus familiars, per\u00f2, posen la seva fe i la fam\u00edlia per sobre de tot i s&#039;aferren a la idea de poder guarir Pau.<\/div>\r\n<h2><b><img loading=\"lazy\" decoding=\"async\" class=\"size-medium wp-image-6104 aligncenter\" src=\"https:\/\/fundacionporlajusticia.org\/wp-content\/uploads\/2020\/01\/Temblores-300x113.jpg\" alt=\"\" width=\"300\" height=\"113\" \/><\/b><\/h2>\r\n<h2><b>WOMAN<\/b><\/h2>\r\n<p><b>2019 \/ Documental \/ Yann Arthus-Bertrand<br \/>Anastasia Mikova<\/b><\/p>\r\n<p><b>ESTRENA ESPANYA<\/b><\/p>\r\n<p>26 DE FEBRER 20H<\/p>\r\n<p>Projecte a nivell mundial que d\u00f3na veu a m\u00e9s de 2000 dones de 50 pa\u00efsos diferents.<\/p>\r\n<h2><b><img loading=\"lazy\" decoding=\"async\" class=\"wp-image-6103 size-medium aligncenter\" src=\"https:\/\/fundacionporlajusticia.org\/wp-content\/uploads\/2020\/01\/Woman-300x200.jpg\" alt=\"\" width=\"300\" height=\"200\" \/><\/b><\/h2>\r\n<h2><b>AGA&#039;S HOUSE<\/b><\/h2>\r\n<p><b>2019 \/ Documental \/ Lendita Zeqiraj<\/b><\/p>\r\n<p><b>ESTRENA ESPANYA<\/b><\/p>\r\n<p>27 DE FEBRER 2OH<\/p>\r\n<div>Un nen que viu en una casa de dones ha d&#039;afanyar-se per salvar una dona que li est\u00e0 ensenyant serbi, perqu\u00e8 pugui continuar la recerca del seu pare desaparegut.<\/div>\r\n<h2><b><img loading=\"lazy\" decoding=\"async\" class=\"wp-image-6109 size-medium aligncenter\" src=\"https:\/\/fundacionporlajusticia.org\/wp-content\/uploads\/2020\/01\/Agas-house-300x126.jpg\" alt=\"\" width=\"300\" height=\"126\" \/><\/b><b><\/b><b><\/b><\/h2>\r\n<p>.<\/p>\r\n<h2><b>MADE IN BLANGLADESH<\/b><\/h2>\r\n<p><b>2019\/ Documental \/ Rubaiyat Hossain<\/b><\/p>\r\n<p>28 FEBRER 18H<\/p>\r\n<div>Shimu va abandonar el seu poble natal quan la seva madrastra la va amena\u00e7ar de casar-la amb un home de mitjana edat. Ara, amb 23 anys, viu a la capital, i treballa interminables hores per una m\u00edsera paga en una factoria t\u00e8xtil mentre el seu marit busca feina.<span style=\"color: #333333; font-family: Arial, sans-serif;\"><br \/><\/span><\/div>\r\n<h2><img loading=\"lazy\" decoding=\"async\" class=\"wp-image-6107 size-medium aligncenter\" src=\"https:\/\/fundacionporlajusticia.org\/wp-content\/uploads\/2020\/01\/made_in_bangladesh-300x168.jpg\" alt=\"\" width=\"300\" height=\"168\" \/><\/h2>\r\n<h2><b>MARIGHELLA<\/b><\/h2>\r\n<p><b>2019 \/ 155 mins \/ Documental \/ Wagner Moura<\/b><\/p>\r\n<p><b>ESTRENA ESPANYA<\/b><\/p>\r\n<p>28 FEBRER 20H<\/p>\r\n<p>Biopic sobre Carlos Marighella, pol\u00edtic, escriptor i guerriller brasiler assassinat el 1969, durant la dictadura militar al Brasil.<\/p>\r\n<h2><b><img loading=\"lazy\" decoding=\"async\" class=\"wp-image-6106 size-medium aligncenter\" src=\"https:\/\/fundacionporlajusticia.org\/wp-content\/uploads\/2020\/01\/Marighella-300x169.jpg\" alt=\"\" width=\"300\" height=\"169\" \/><\/b><\/h2>\r\n<p>\u00a0<\/p>\r\n\r\n\r\n<p><\/p>","protected":false},"excerpt":{"rendered":"<p>\u00a0 LA CORDILLERA DE LOS SUE\u00d1OS 2019 \/ Documental \/ Patricio Guzm\u00e1n 22 DE FEBERO 20H Patricio Guzm\u00e1n dej\u00f3 Chile hace m\u00e1s de cuarenta a\u00f1os cuando la dictadura militar reemplaz\u00f3 al Frente Popular, pero no dej\u00f3 de pensar en un pa\u00eds, una cultura, un espacio geogr\u00e1fico que nunca olvid\u00f3. Despu\u00e9s de filmar \u00abel norte\u00bb en [&hellip;]<\/p>\n","protected":false},"author":2,"featured_media":0,"parent":2084,"menu_order":1,"comment_status":"closed","ping_status":"closed","template":"","meta":{"_et_pb_use_builder":"","_et_pb_old_content":"","_et_gb_content_width":"","_uf_show_specific_survey":0,"_uf_disable_surveys":false,"footnotes":""},"class_list":["post-2086","page","type-page","status-publish","hentry"],"aioseo_notices":[],"_links":{"self":[{"href":"https:\/\/fundacionporlajusticia.org\/va\/wp-json\/wp\/v2\/pages\/2086","targetHints":{"allow":["GET"]}}],"collection":[{"href":"https:\/\/fundacionporlajusticia.org\/va\/wp-json\/wp\/v2\/pages"}],"about":[{"href":"https:\/\/fundacionporlajusticia.org\/va\/wp-json\/wp\/v2\/types\/page"}],"author":[{"embeddable":true,"href":"https:\/\/fundacionporlajusticia.org\/va\/wp-json\/wp\/v2\/users\/2"}],"replies":[{"embeddable":true,"href":"https:\/\/fundacionporlajusticia.org\/va\/wp-json\/wp\/v2\/comments?post=2086"}],"version-history":[{"count":5,"href":"https:\/\/fundacionporlajusticia.org\/va\/wp-json\/wp\/v2\/pages\/2086\/revisions"}],"predecessor-version":[{"id":3465,"href":"https:\/\/fundacionporlajusticia.org\/va\/wp-json\/wp\/v2\/pages\/2086\/revisions\/3465"}],"up":[{"embeddable":true,"href":"https:\/\/fundacionporlajusticia.org\/va\/wp-json\/wp\/v2\/pages\/2084"}],"wp:attachment":[{"href":"https:\/\/fundacionporlajusticia.org\/va\/wp-json\/wp\/v2\/media?parent=2086"}],"curies":[{"name":"wp","href":"https:\/\/api.w.org\/{rel}","templated":true}]}}