{"id":2085,"date":"2019-10-16T15:35:05","date_gmt":"2019-10-16T15:35:05","guid":{"rendered":"https:\/\/fundacionporlajusticia.accesia.info\/?page_id=5858"},"modified":"2022-03-21T16:19:08","modified_gmt":"2022-03-21T16:19:08","slug":"seleccion-de-filmes","status":"publish","type":"page","link":"https:\/\/fundacionporlajusticia.org\/va\/humansfest\/2020-edicion\/2020-programacion\/seleccion-de-filmes\/","title":{"rendered":"2020 \u2013 Programaci\u00f3"},"content":{"rendered":"<h1 style=\"text-align: center;\"><span style=\"color: #ff0000;\"><b>XI EDICI\u00d3 HUMANS FEST<\/b><\/span><br \/>\n<span style=\"color: #ff0000;\">FESTIVAL INTERNACIONAL DE CINEMA I DRETS HUMANS<\/span><\/h1>\n<p style=\"text-align: center; color: #663399;\"><span style=\"color: #ff0000;\">de <b>18.02<\/b> a <b>1.03<\/b> | <b>2020<\/b><\/span><\/p>\n<p style=\"color: #6a6a6a; background: #efefef; padding: 30px;\">El <strong>Festival Internacional de Cinema i Drets Humans de Val\u00e8ncia \u2013 HUMANS FEST<\/strong> \u00e9s una iniciativa de la <a href=\"https:\/\/fundacionporlajusticia.org\/va\/\" target=\"_blank\" rel=\"noopener noreferrer\">Fundaci\u00f3 per la Just\u00edcia<\/a>, en col\u00b7laboraci\u00f3 amb diverses organitzacions del tercer sector de la ciutat de Val\u00e8ncia, l&#039;objectiu del qual \u00e9s sensibilitzar i conscienciar en mat\u00e8ria de <strong>Drets Humans<\/strong> mitjan\u00e7ant l&#039;art i la cultura.<br \/>\nLa voluntat del festival \u00e9s fer arribar un cinema reflexiu i comprom\u00e8s a la societat.<\/p>\n<p><strong>30.01<\/strong><\/p>\n<p>19:00<\/p>\n<p>Presentaci\u00f3 al p\u00fablic de l&#039;Humans Fest<\/p>\n<p>Centre del Carme, Aula Capitular<\/p>\n<p>20:00 Humans Fest \u2013 25\u00e8 Aniversari Fundaci\u00f3 per la Just\u00edcia<\/p>\n<p>Exposici\u00f3 Petjades de l&#039;\u00e0nima d&#039;Ana Yturralde<\/p>\n<p>Centre del Carme, Sala Contraforts<\/p>\n<p><strong>4.02<\/strong><\/p>\n<p>20:00 Secci\u00f3 Especial<\/p>\n<p>La nit de 12 anys (2018, \u00c1lvaro Brechner)<\/p>\n<p>La Filmoteca<\/p>\n<p><strong>6.02<\/strong><\/p>\n<p>13:00 F\u00f2rum Drets Humans<\/p>\n<p>Debat amb Pepe Mujica, El futur dels drets humans<\/p>\n<p>Centre del Carme, Sala Ferreres<\/p>\n<p><strong>\u00a0<\/strong><strong>18.02<\/strong><\/p>\n<p>16:00 Futur(s)<\/p>\n<p>Tota aquesta sang a la muntanya (2018, Mart\u00edn C\u00e9spedes)<\/p>\n<p>Amb presentaci\u00f3 de Samuel Sebastian<\/p>\n<p>Sal\u00f3 d&#039;actes \u2013 Rectorat UPV<\/p>\n<p><strong>20:00<\/strong><\/p>\n<p>Sessi\u00f3 d&#039;inauguraci\u00f3: Gala HUMANS\u2026<\/p>\n<p>Premi Pau i Just\u00edcia: Pepe Viyuela<\/p>\n<p>Premi pel Canvi Social: AVM3J<\/p>\n<p>Amb l&#039;actuaci\u00f3 de Zahid Mohammed<\/p>\n<p>Convent Carmen<\/p>\n<p><strong>\u00a0<\/strong><strong>19.02<\/strong><\/p>\n<p><strong>18:00 Secci\u00f3 especial<\/strong><\/p>\n<p>Ser\u00e0s home (2019, Isabel d&#039;Ocampo)<\/p>\n<p>CIMA. Amb la pres\u00e8ncia d&#039;Abel Azcona.<\/p>\n<p>SGAE (carrer de la Blaqueria, 6)<\/p>\n<p><strong>20:30 Dones del m\u00f3n<\/strong><\/p>\n<p>Exposici\u00f3 Dones de Cluj de Loiola P\u00e9rez de Villegas Mu\u00f1iz<\/p>\n<p>Amb la pres\u00e8ncia de la fot\u00f2grafa<\/p>\n<p>La Primera Llibres (C\/ Guillem de Castro, 106)<\/p>\n<p><strong>20.02<\/strong><\/p>\n<p><strong>16:00 Futur(s)<\/strong><\/p>\n<p>Pluja de g\u00e0bies (2018, C\u00e9sar Gonz\u00e1lez)<\/p>\n<p>Amb presentaci\u00f3 de Samuel Sebastian i xerrada d&#039;Esteban Gal\u00e1n sobre projectes creatius socials<\/p>\n<p>Sal\u00f3 d&#039;actes \u2013 Rectorat UPV<\/p>\n<p>19:00 Secci\u00f3 Oficial de Curts Internacionals sobre Corrupci\u00f3<\/p>\n<p>Casa (2019, Alberto Evangelio)<\/p>\n<p>#Chiledespert\u00f3 (2019, Ricardo Ferreira O.)<\/p>\n<p>Free, fair and fearless (2019, Aarti Bagdi)<\/p>\n<p>Where we belong: Returning to Nineveh plains (2019, Maren Wickwire, Dario Bosio)<\/p>\n<p>Exiliada (2019, Leonor Z\u00fa\u00f1iga)<\/p>\n<p>Amb la pres\u00e8ncia d&#039;Alberto Evangelio i Nacho Gay<\/p>\n<p>Octubre Centre de Cultura Contempor\u00e0nia. (C\/ de Sant Ferran, 12)<\/p>\n<p>17.30h Presentaci\u00f3 del Llibre \u00abEls petits brots\u00bb a la Llibreria La Primera. C\/ Guillem de Castro, 106.<\/p>\n<p><strong>21.02<\/strong><\/p>\n<p><strong>19:00 Secci\u00f3 Oficial de Curts Internacionals sobre Corrupci\u00f3<\/strong><\/p>\n<p>Si us plau, arrest me (2019, Sameer Lukka)<\/p>\n<p>Maras (2019, Salvador Calvo)<\/p>\n<p>La nostra vida com a nens refugiats (2019, Silvia Venegas)<\/p>\n<p>Despr\u00e9s de Maria (2019, Nagore Eceiza)<\/p>\n<p>The hangman&#039;s place (2019, Julien Bertrand)<\/p>\n<p>Octubre Centre de Cultura Contempor\u00e0nia<\/p>\n<p><strong>22.02<\/strong><\/p>\n<p><strong>18:00 Secci\u00f3 Especial<\/strong><\/p>\n<p>Els subversius (2019, Miles Roston)<\/p>\n<p>Amb Moviment contra la Intoler\u00e0ncia<\/p>\n<p>Presentaci\u00f3 d&#039;\u00c0ngel Gal\u00e1n. Amb la pres\u00e8ncia de Miles Roston i Sergi Dies<\/p>\n<p>Convent Carmen. (C. Portal Nou, 6)<\/p>\n<p><strong>20:00 Secci\u00f3 Oficial de Llargmetratges<\/strong><\/p>\n<p>La serralada dels somnis (2019, Patricio Guzm\u00e1n)<\/p>\n<p>La Filmoteca. (Pla\u00e7a de l\u00b4Ajuntament, 17)<\/p>\n<p><strong>23.02<\/strong><\/p>\n<p><strong>18:00 F\u00f2rum DDHH \u2013 25\u00e8 aniversari Fundaci\u00f3 per la Just\u00edcia<\/strong><\/p>\n<p>Debat sobre corrupci\u00f3: L&#039;assetjament als denunciants<\/p>\n<p>Corrupci\u00f3, l&#039;organisme nociu avui (2019, d&#039;Albert Sanfeliu i Teresa Soler)<\/p>\n<p>Amb Joan Llinares, Teresa Soler, Joaquim Bosch i la directora d\u00b4assumptes jur\u00eddics de l\u00b4Ag\u00e8ncia Valenciana Antifrau Teresa Clemente Garcia.<\/p>\n<p>Modera Ana Mar\u00eda Fuertes Eugenio<\/p>\n<p>Col\u00b7legi Major Rector Peset<\/p>\n<p>20:00 Secci\u00f3 Oficial de Llargmetratges<\/p>\n<p>System crasher (2019, Nora Fingscheidt)<\/p>\n<p>La Filmoteca. (Pla\u00e7a de l\u00b4Ajuntament, 17)<\/p>\n<p><strong>25.02<\/strong><\/p>\n<p><strong>12:30<\/strong><\/p>\n<p>Bon dia, drets humans<\/p>\n<p>Amb la pres\u00e8ncia d&#039;Emilio Mart\u00ed, Samuel Sebastian i Raquel Zapater<\/p>\n<p>La Filmoteca. (Pla\u00e7a de l\u00b4Ajuntament, 17)<\/p>\n<p><strong>18:00 Secci\u00f3 Especial<\/strong><\/p>\n<p>We are not together (2019, Alex Nezam)<\/p>\n<p>Amb Balloona Matata i Alex Nezam<\/p>\n<p>SGAE. (C\/ de la Blanqueria, 6)<\/p>\n<p><strong>20:00 Secci\u00f3 Oficial de Llargmetratges<\/strong><\/p>\n<p>Tremolors (2019, Jayro Bustamante)<\/p>\n<p>La Filmoteca. (Pla\u00e7a de l\u00b4Ajuntament, 17)<\/p>\n<p><strong>26.02<\/strong><\/p>\n<p><strong>18:00 Secci\u00f3 Especial<\/strong><\/p>\n<p>Viatge a l&#039;extrema dreta (2019, Alexis Lara)<\/p>\n<p>Amb Crida contra el racisme i el feixisme.<\/p>\n<p>Presentaci\u00f3 i debat amb \u00c1ngela Pedraza, Alexis Lara, Rosa Roig i Juan Carlos Colomer<\/p>\n<p>SGAE. (C\/ de la Blanqueria, 6)<\/p>\n<p><strong>20:00 Secci\u00f3 Oficial de Llargmetratges<\/strong><\/p>\n<p>Woman (2019, Yann Arthus-Bertrand i Anastasia Mikova)<\/p>\n<p>La Filmoteca. (Pla\u00e7a de l\u00b4Ajuntament, 17)<\/p>\n<p><strong>\u00a0<\/strong><strong>27.02<\/strong><\/p>\n<p><strong>12:00h Masterclass UPV i documental animat al voltant de la viol\u00e8ncia de g\u00e8nere.<\/strong> \u00a0Durada de 12h a 14h.<\/p>\n<p>On eres tu? Documental animat de Maria Trenor.<\/p>\n<p>Masterclass aula B-3-12 Facultat de Belles Arts.<\/p>\n<p>Entrada lliure. M\u00e9s info materanimacion.upv.es<\/p>\n<p><strong>16:00 Futur(s)<\/strong><\/p>\n<p>Marta xou (2018, Malema Moffatt)<\/p>\n<p>Xerrada amb Jos\u00e9 Antonio Garc\u00eda S\u00e1ez, Drets humans i consci\u00e8ncia pol\u00edtica al cinema de Ken Loach<\/p>\n<p>Sal\u00f3 d&#039;actes \u2013 Rectorat UPV<\/p>\n<p><strong>18:00 Secci\u00f3 Especial<\/strong><\/p>\n<p>142 pulsacions (2019, Alberto Pla)<\/p>\n<p>Restoring Dignity (2019, Claire Jeantet i Fabrice Cat\u00e9rini)<\/p>\n<p>Amb Volunteer Map i Metges Sense Fronteres.<\/p>\n<p>Presentaci\u00f3 i debat amb Estrella Lasry, Alberto Pla i Claire Jeantet<\/p>\n<p>SGAE. ( C\/ de la Blanqueria, 6)<\/p>\n<p><strong>18:00 Secci\u00f3 Especial<\/strong><\/p>\n<p>Un mat\u00ed fred (2019, Raquel Troyano)<\/p>\n<p>Amb Stop Accidents i CIMA<\/p>\n<p>Presentaci\u00f3 i debat amb Raquel Troyano<\/p>\n<p>La Filmoteca. (Pla\u00e7a de l\u00b4Ajuntament, 17)<\/p>\n<p><strong>20:00 Secci\u00f3 Oficial de Llargmetratges<\/strong><\/p>\n<p>Aga&#039;s house (2019, Lendita Zeqiraj)<\/p>\n<p>La Filmoteca. (Pla\u00e7a de l\u00b4Ajuntament, 17)<\/p>\n<p><strong>28.02<\/strong><\/p>\n<p><strong>9:00 \u2013 14:00<\/strong><\/p>\n<p>Taller L&#039;audiovisual prosocial: una crida a l&#039;acci\u00f3<\/p>\n<p>Amb Bego\u00f1a Ivars Nicolau, Francisco Juli\u00e1n Mart\u00ednez Cano i Roc\u00edo Cifuentes Albeza de la Universitat Miguel Hern\u00e1ndez d&#039;Elx<\/p>\n<p>Mediateca, Facultat de Belles Arts \u2013 UPV<\/p>\n<p><b>\u00a0<\/b><strong>18:00 Humans VLC<\/strong><\/p>\n<p>Makun. No ploris (2019, Emilio Mart\u00ed)<\/p>\n<p>Branques trencades (2019, Roberto \u00c1lvarez)<\/p>\n<p>On vas Homer amb el teu abric vell (2019, Komando Revolucionari AntiKapitalista)<\/p>\n<p>Una vida, una bossa (2020, Patricia Marco)<\/p>\n<p>Mama (2019, Eduardo Vieitez)<\/p>\n<p>Empassant saliva (2019, Pablo Valverde)<\/p>\n<p>Obsolescence (2019, Jes\u00fas Mart\u00ednez Tormo)<\/p>\n<p>Carmen Valero: Cr\u00f2nica d&#039;una dona lluitadora (2020, Armando Zaragoz\u00e1 i Josep Aguado)<\/p>\n<p>Amb la pres\u00e8ncia dels directors i directors<\/p>\n<p>SGAE. (C\/ de la Blanqueria, 6)<\/p>\n<p><b>\u00a0<\/b><strong>18:00 Secci\u00f3 Oficial de Llargmetratges<\/strong><\/p>\n<p>Made in Bangla Desh (2019, Rubaiyat Hossain)<\/p>\n<p>La Filmoteca. (Pla\u00e7a de l\u00b4Ajuntament, 17)<\/p>\n<p><strong>20:00 Secci\u00f3 Oficial de Llargmetratges<\/strong><\/p>\n<p>Marighella (2019, Wagner Moura)<\/p>\n<p>La Filmoteca. (Pla\u00e7a de l\u00b4Ajuntament, 17)<\/p>\n<p><b>29.02<\/b><\/p>\n<p><strong>21:00<\/strong><\/p>\n<p>Cloenda del festival: Gala \u2026FEST<\/p>\n<p>Actuaci\u00f3 sorpresa<\/p>\n<p>Entrega dels premis del festival<\/p>\n<p>MYA. Av. del Professor L\u00f3pez Pi\u00f1ero, 5<\/p>\n<p><strong>01.03<\/strong><\/p>\n<p>18:00 F\u00f2rum DDHH<\/p>\n<p>Debat: La pres\u00e8ncia de la corrupci\u00f3 a l&#039;audiovisual valenci\u00e0<\/p>\n<p>Amb Beatriz Garrote, Vicent Tamarit i Marc Vigil<\/p>\n<p>Modera: Bego\u00f1a Machancoses<\/p>\n<p>Col\u00b7legi Major Rector Peset<\/p>\n<h2>Premis i qualificacions:<\/h2>\n<p>-. Premi <strong>Millor Llargmetratge<\/strong>: 3.000\u20ac<br \/>\n-. Premi <strong>Millor Curtmetratge sobre Corrupci\u00f3<\/strong>: 1.000\u20ac<br \/>\n-. Premi <strong>Millor Curtmetratge Valenci\u00e0<\/strong>: 750\u20ac<br \/>\n-. Premi <strong>Un Minut Un Dret<\/strong>: 400\u20ac<\/p>\n<p>Les <strong>plataformes d&#039;enviament d&#039;obres<\/strong> han estat:<br \/>\n<a href=\"https:\/\/festhome.com\/f\/humans-fest\" target=\"_blank\" rel=\"noopener noreferrer\">Festhome<\/a><br \/>\n<a href=\"http:\/\/festival.movibeta.com\/web\/controllers\/siteController.php\" target=\"_blank\" rel=\"noopener noreferrer\">Movibeta<\/a><br \/>\n<a href=\"https:\/\/filmfreeway.com\/InternationalFilmandHumanRightsFestivalofValencia-HUMANSFEST\" target=\"_blank\" rel=\"noopener noreferrer\">Filmfreeway<\/a><\/p>","protected":false},"excerpt":{"rendered":"<p>XI EDICI\u00d3N HUMANS FEST FESTIVAL INTERNACIONAL DE CINE Y DERECHOS HUMANOS de 18.02 a 1.03 | 2020 El Festival Internacional de Cine y Derechos Humanos de Valencia \u2013 HUMANS FEST es una iniciativa de la Fundaci\u00f3n por la Justicia, en colaboraci\u00f3n con varias organizaciones del tercer sector de la ciudad de Valencia, cuyo objetivo es [&hellip;]<\/p>\n","protected":false},"author":2,"featured_media":0,"parent":2084,"menu_order":0,"comment_status":"closed","ping_status":"closed","template":"","meta":{"_et_pb_use_builder":"","_et_pb_old_content":"","_et_gb_content_width":"","_uf_show_specific_survey":0,"_uf_disable_surveys":false,"footnotes":""},"class_list":["post-2085","page","type-page","status-publish","hentry"],"aioseo_notices":[],"_links":{"self":[{"href":"https:\/\/fundacionporlajusticia.org\/va\/wp-json\/wp\/v2\/pages\/2085","targetHints":{"allow":["GET"]}}],"collection":[{"href":"https:\/\/fundacionporlajusticia.org\/va\/wp-json\/wp\/v2\/pages"}],"about":[{"href":"https:\/\/fundacionporlajusticia.org\/va\/wp-json\/wp\/v2\/types\/page"}],"author":[{"embeddable":true,"href":"https:\/\/fundacionporlajusticia.org\/va\/wp-json\/wp\/v2\/users\/2"}],"replies":[{"embeddable":true,"href":"https:\/\/fundacionporlajusticia.org\/va\/wp-json\/wp\/v2\/comments?post=2085"}],"version-history":[{"count":1,"href":"https:\/\/fundacionporlajusticia.org\/va\/wp-json\/wp\/v2\/pages\/2085\/revisions"}],"predecessor-version":[{"id":3464,"href":"https:\/\/fundacionporlajusticia.org\/va\/wp-json\/wp\/v2\/pages\/2085\/revisions\/3464"}],"up":[{"embeddable":true,"href":"https:\/\/fundacionporlajusticia.org\/va\/wp-json\/wp\/v2\/pages\/2084"}],"wp:attachment":[{"href":"https:\/\/fundacionporlajusticia.org\/va\/wp-json\/wp\/v2\/media?parent=2085"}],"curies":[{"name":"wp","href":"https:\/\/api.w.org\/{rel}","templated":true}]}}