{"id":2079,"date":"2019-10-02T13:48:10","date_gmt":"2019-10-02T13:48:10","guid":{"rendered":"https:\/\/fundacionporlajusticia.accesia.info\/?page_id=5599"},"modified":"2022-05-17T07:57:37","modified_gmt":"2022-05-17T07:57:37","slug":"2020-edicion","status":"publish","type":"page","link":"https:\/\/fundacionporlajusticia.org\/va\/humansfest\/2020-edicion\/","title":{"rendered":"2020 \u2013 Edici\u00f3"},"content":{"rendered":"<p>[et_pb_section fb_built=\u00bb1&#8243; _builder_version=\u00bb4.16&#8243; _module_preset=\u00bbdefault\u00bb locked=\u00bboff\u00bb global_colors_info=\u00bb{}\u00bb][et_pb_row _builder_version=\u00bb4.16&#8243; _module_preset=\u00bbdefault\u00bb global_colors_info=\u00bb{}\u00bb][et_pb_column type=\u00bb4_4&#8243; _builder_version=\u00bb4.16&#8243; _module_preset=\u00bbdefault\u00bb global_colors_info=\u00bb{}\u00bb][et_pb_post_title meta=\u00bboff\u00bb featured_image=\u00bboff\u00bb _builder_version=\u00bb4.16&#8243; _module_preset=\u00bbdefault\u00bb border_width_bottom=\u00bb1px\u00bb border_color_bottom=\u00bb#635b54&#8243; global_colors_info=\u00bb{}\u00bb][\/et_pb_post_title][\/et_pb_column][\/et_pb_row][et_pb_row column_structure=\u00bb3_5,2_5&#8243; _builder_version=\u00bb4.16&#8243; _module_preset=\u00bbdefault\u00bb global_colors_info=\u00bb{}\u00bb][et_pb_column type=\u00bb3_5&#8243; _builder_version=\u00bb4.16&#8243; _module_preset=\u00bbdefault\u00bb global_colors_info=\u00bb{}\u00bb][et_pb_text _builder_version=\u00bb4.17.1&#8243; _module_preset=\u00bbdefault\u00bb link_font=\u00bb|700|||on|||#635b54|\u00bb link_text_color=\u00bb#635b54&#8243; link_font_size=\u00bb17px\u00bb link_letter_spacing=\u00bb4px\u00bb link_line_height=\u00bb2em\u00bb hover_enabled=\u00bb0&#8243; global_colors_info=\u00bb{}\u00bb sticky_enabled=\u00bb0&#8243;]<\/p>\n<p><a href=\"https:\/\/fundacionporlajusticia.org\/humansfest\/2020-edicion\/2020-programacion\/2020-seccion-oficial-largometrajes\/\"> Secci\u00f3n oficial largometrajes <\/a><br \/><a href=\"https:\/\/fundacionporlajusticia.org\/humansfest\/2020-edicion\/2020-programacion\/2020-seccion-cortometrajes-internacionales\/\"> Secci\u00f3n oficial de cortometrajes <\/a><br \/><a href=\"https:\/\/fundacionporlajusticia.org\/humansfest\/2020-edicion\/2020-programacion\/2020-seccion-especial\/\"> Secci\u00f3n especial <\/a><br \/><a href=\"https:\/\/fundacionporlajusticia.org\/humansfest\/2020-edicion\/2020-programacion\/2020-seccion-humans-vlc\/\"> Humans VLC <\/a><br \/><a href=\"https:\/\/fundacionporlajusticia.org\/humansfest\/2020-edicion\/2020-programacion\/2020-premi-pau-i-justicia\/\"> Premi Pau i Justicia <\/a><br \/><a href=\"https:\/\/fundacionporlajusticia.org\/humansfest\/2020-edicion\/2020-programacion\/2020-forum-ddhh\/\"> Forum DDHH <\/a><br \/><a href=\"https:\/\/fundacionporlajusticia.org\/humansfest\/2020-edicion\/2020-programacion\/2020-seccion-futurs\/\"> Secci\u00f3n Futura <\/a><br \/><a href=\"https:\/\/fundacionporlajusticia.org\/humansfest\/2020-edicion\/2020-programacion\/2020-seccion-un-minuto-un-derecho\/\"> Secci\u00f3n 1 minuto, 1 derecho <\/a><br \/><a href=\"https:\/\/fundacionporlajusticia.org\/humansfest\/2020-edicion\/2020-programacion\/2020-humans-films-zero\/\"> Humans film <\/a><br \/><a href=\"https:\/\/fundacionporlajusticia.org\/humansfest\/2020-edicion\/2020-programacion\/2020-mujeres-del-mundo\/\"> Mujeres en el mundo <\/a><\/p>\n<p>[\/et_pb_text][\/et_pb_column][et_pb_column type=\u00bb2_5&#8243; _builder_version=\u00bb4.16&#8243; _module_preset=\u00bbdefault\u00bb global_colors_info=\u00bb{}\u00bb][et_pb_image src=\u00bbhttps:\/\/fundacionporlajusticia.org\/wp-content\/uploads\/2020\/10\/Cartel_XI_Edicion_HumansFest_2020.png\u00bb title_text=\u00bbCartel_XI_Edicion_HumansFest_2020&#8243; _builder_version=\u00bb4.16&#8243; _module_preset=\u00bbdefault\u00bb global_colors_info=\u00bb{}\u00bb][\/et_pb_image][\/et_pb_column][\/et_pb_row][\/et_pb_section]<\/p>\n","protected":false},"excerpt":{"rendered":"<p>Secci\u00f3 oficial llargmetratges Secci\u00f3 oficial de curtmetratges Secci\u00f3 especial Humans VLC Premi Pau i Just\u00edcia Forum DDHH Secci\u00f3 Futura Secci\u00f3 1 minut, 1 dret Humans film Dones al m\u00f3n<\/p>","protected":false},"author":2,"featured_media":0,"parent":442,"menu_order":0,"comment_status":"closed","ping_status":"closed","template":"","meta":{"_et_pb_use_builder":"on","_et_pb_old_content":"<blockquote><p><img class=\"wp-image-1209 size-medium alignright\" src=\"https:\/\/fundacionporlajusticia.org\/wp-content\/uploads\/2020\/10\/Cartel_XI_Edicion_HumansFest_2020.png\" alt=\"\" width=\"233\" height=\"300\" \/><br \/><a href=\"https:\/\/fundacionporlajusticia.org\/seccion-oficial-2\/\">Secci\u00f3n Oficial<\/a><\/p><p><a href=\"https:\/\/fundacionporlajusticia.org\/2020-edicion\/2020-programacion\/2020-seccion-oficial-largometrajes\/\"> Secci\u00f3n oficial largometrajes <\/a><\/p><p><a href=\"https:\/\/fundacionporlajusticia.org\/2020-edicion\/2020-programacion\/2020-seccion-cortometrajes-internacionales\/\"> Secci\u00f3n oficial de cortometrajes <\/a><\/p><p><a href=\"https:\/\/fundacionporlajusticia.org\/2020-edicion\/2020-programacion\/2020-seccion-especial\/\"> Secci\u00f3n especial <\/a><\/p><p><a href=\"https:\/\/fundacionporlajusticia.org\/2020-edicion\/2020-programacion\/2020-seccion-humans-vlc\/\"> Humans VLC <\/a><\/p><p><a href=\"https:\/\/fundacionporlajusticia.org\/2020-edicion\/2020-programacion\/2020-premi-pau-i-justicia\/\"> Premi Pau i Justicia <\/a><\/p><p><a href=\"https:\/\/fundacionporlajusticia.org\/2020-edicion\/2020-programacion\/2020-forum-ddhh\/\"> Forum DDHH <\/a><\/p><p><a href=\"https:\/\/fundacionporlajusticia.org\/2020-edicion\/2020-programacion\/2020-seccion-futurs\/\"> Secci\u00f3n Futura <\/a><\/p><p><a href=\"https:\/\/fundacionporlajusticia.org\/2020-edicion\/2020-programacion\/2020-seccion-un-minuto-un-derecho\/\"> Secci\u00f3n 1 minuto, 1 derecho <\/a><\/p><p><a href=\"https:\/\/fundacionporlajusticia.org\/2020-edicion\/2020-programacion\/2020-humans-films-zero\/\"> Humans film <\/a><\/p><p><a href=\"https:\/\/fundacionporlajusticia.org\/2020-edicion\/2020-programacion\/2020-mujeres-del-mundo\/\"> Mujeres en el mundo <\/a><\/p><\/blockquote>","_et_gb_content_width":"","_uf_show_specific_survey":0,"_uf_disable_surveys":false,"footnotes":""},"class_list":["post-2079","page","type-page","status-publish","hentry"],"aioseo_notices":[],"_links":{"self":[{"href":"https:\/\/fundacionporlajusticia.org\/va\/wp-json\/wp\/v2\/pages\/2079","targetHints":{"allow":["GET"]}}],"collection":[{"href":"https:\/\/fundacionporlajusticia.org\/va\/wp-json\/wp\/v2\/pages"}],"about":[{"href":"https:\/\/fundacionporlajusticia.org\/va\/wp-json\/wp\/v2\/types\/page"}],"author":[{"embeddable":true,"href":"https:\/\/fundacionporlajusticia.org\/va\/wp-json\/wp\/v2\/users\/2"}],"replies":[{"embeddable":true,"href":"https:\/\/fundacionporlajusticia.org\/va\/wp-json\/wp\/v2\/comments?post=2079"}],"version-history":[{"count":10,"href":"https:\/\/fundacionporlajusticia.org\/va\/wp-json\/wp\/v2\/pages\/2079\/revisions"}],"predecessor-version":[{"id":5457,"href":"https:\/\/fundacionporlajusticia.org\/va\/wp-json\/wp\/v2\/pages\/2079\/revisions\/5457"}],"up":[{"embeddable":true,"href":"https:\/\/fundacionporlajusticia.org\/va\/wp-json\/wp\/v2\/pages\/442"}],"wp:attachment":[{"href":"https:\/\/fundacionporlajusticia.org\/va\/wp-json\/wp\/v2\/media?parent=2079"}],"curies":[{"name":"wp","href":"https:\/\/api.w.org\/{rel}","templated":true}]}}