{"id":2076,"date":"2019-10-02T13:45:41","date_gmt":"2019-10-02T13:45:41","guid":{"rendered":"https:\/\/fundacionporlajusticia.accesia.info\/?page_id=5596"},"modified":"2022-03-26T07:54:50","modified_gmt":"2022-03-26T07:54:50","slug":"2019-seccion-humans","status":"publish","type":"page","link":"https:\/\/fundacionporlajusticia.org\/va\/humansfest\/2019-x-edicion\/2019-seccion-humans\/","title":{"rendered":"2019 \u2013 Secci\u00f3 Humans"},"content":{"rendered":"<p>SECCI\u00d3 HUMANS \u2013 FESTIVAL CONVIDA<br \/>\n<strong>NUREMBERG INTERNATIONAL HUMAN RIGHTS FILM FESTIVAL<\/strong><\/p>\n<p>The Nuremberg International Human Rights Film Festival \u00e9s Germany&#039;s oldest and biggest human rights film festival.<\/p>\n<p>The biannual festival presenta international film art with a conscience from all around the world.<\/p>\n<p>NIHRFF features a International Competition (worth 2.500 Euros), a Audience Award (worth 1.000 Euros), and the Open Eyes Youth Jury Award (worth 1.000 Euros) and features an extensive youth programme called <strong>Open Eyes<\/strong>.<\/p>\n<p>&nbsp;<\/p>\n<div id=\"attachment_5155\" style=\"width: 284px\" class=\"wp-caption alignright\"><img loading=\"lazy\" decoding=\"async\" aria-describedby=\"caption-attachment-5155\" class=\"size-full wp-image-5155\" src=\"https:\/\/fundacionporlajusticia.org\/wp-content\/uploads\/2019\/01\/directoras-SILVANA.jpg\" alt=\"Directores SILVANA\" width=\"274\" height=\"184\"><p id=\"caption-attachment-5155\" class=\"wp-caption-text\">Directors SILVANA<\/p><\/div>\n<p><strong>DILLUNS 18 FEBRER | 18h | MUVIM<\/strong><\/p>\n<p>Projecci\u00f3 del documental SILVANA de Mika Gustafson, Olivia Kastebring &amp; Christina Tsiobanelis<\/p>\n<p>91&#039;, 2017, Su\u00e8cia<\/p>\n<p>SINOPSI<br \/>\nSilvana \u00e9s una rapera que ha conquerit Escandin\u00e0via amb les seves can\u00e7ons intransigents contra totes les formes d&#039;opressi\u00f3. Activista i icona de la comunitat queer, es defineix com a lesbiana, feminista i antiracista, i ha esdevingut la veu d&#039;una nova generaci\u00f3 de joves inconformistes. Un viatge des dels primers anys de la seva carrera, sent una artista underground fins a convertir-se en una veritable icona contemporani, sent el centre d&#039;atenci\u00f3 de centenars d&#039;adolescents i seguidors.<\/p>\n<div id=\"attachment_5158\" style=\"width: 198px\" class=\"wp-caption alignright\"><img loading=\"lazy\" decoding=\"async\" aria-describedby=\"caption-attachment-5158\" class=\"size-full wp-image-5158\" src=\"https:\/\/fundacionporlajusticia.org\/wp-content\/uploads\/2019\/01\/silvana-POSTER.jpg\" alt=\"\" width=\"188\" height=\"268\"><p id=\"caption-attachment-5158\" class=\"wp-caption-text\">Cartell SILVANA<\/p><\/div>\n<p>Alhora s&#039;enamora de la cantant Beatrice Eli, referent de la m\u00fasica pop a Su\u00e8cia. Una hist\u00f2ria d&#039;amor \u00edntima que ens descobreix, com diu la mateixa Silvana, que \u201cno hi ha superherois, nom\u00e9s \u00e9ssers humans\u201d.<\/p>\n<p>La hist\u00f2ria de Silvana \u00e9s universal i parla de la for\u00e7a per aconseguir ser un mateix. Un documental inspirador que explora noves formes narratives i que pret\u00e9n continuar empenyent una revoluci\u00f3 on les dones joves es converteixin en creadores, artistes i l\u00edders del dem\u00e0.<\/p>\n<p>DEBAT POSTERIOR AMB: BALLOONA MATATA<\/p>\n<p>&nbsp;<\/p>\n<div id=\"attachment_5154\" style=\"width: 310px\" class=\"wp-caption alignright\"><img loading=\"lazy\" decoding=\"async\" aria-describedby=\"caption-attachment-5154\" class=\"wp-image-5154 size-medium\" src=\"https:\/\/fundacionporlajusticia.org\/wp-content\/uploads\/2019\/01\/damien-onouri-300x210.jpg\" alt=\"Damien Onouri\" width=\"300\" height=\"210\"><p id=\"caption-attachment-5154\" class=\"wp-caption-text\">Damien Onouri<\/p><\/div>\n<p><strong>DIVENDRES 22 FEBRER |18h | MUVIM<\/strong><\/p>\n<p>Projecci\u00f3 del migmetratge KINDIL EL BAHR (LLANTERNA DEL MAR) de Damien Ounouri<\/p>\n<p>40&#039;, 2016, Alg\u00e8ria, Kuwait i els EUA<\/p>\n<p>&nbsp;<\/p>\n<div id=\"attachment_5156\" style=\"width: 310px\" class=\"wp-caption alignright\"><img loading=\"lazy\" decoding=\"async\" aria-describedby=\"caption-attachment-5156\" class=\"size-medium wp-image-5156\" src=\"https:\/\/fundacionporlajusticia.org\/wp-content\/uploads\/2019\/01\/KINDIL-EL-BAHR-1-1-300x146.jpg\" alt=\"\" width=\"300\" height=\"146\"><p id=\"caption-attachment-5156\" class=\"wp-caption-text\">Kindil el bahr<\/p><\/div>\n<p>\u201cEl que m&#039;interessa \u00e9s com reaccionen els homes davant de les dones. Com actuen els amics, els esposos, els parents, davant d&#039;una dona?\u201d, explica Damien Ounouri, el director. A trav\u00e9s d\u00b4un conte fant\u00e0stic, ens relata la hist\u00f2ria d\u00b4una dona que anant a la platja travessa una experi\u00e8ncia sensual pel soroll de les onades i de la sorra. Pensant en el seu home absent, es llen\u00e7a tota vestida a l&#039;aigua i acaba assaltada per la seva feminitat. Kindil el Bahr, literalment \u201cllanterna de mar\u201d, \u00e9s la hist\u00f2ria de la revenja d&#039;una dona en contra dels que la reprimeixin per existir.<\/p>\n<p>DEBAT POSTERIOR AMB ANDREA KUHN, DIRECTORA DE NIHRFF I ENTRECULTURES<\/p>","protected":false},"excerpt":{"rendered":"<p>SECCI\u00d3N HUMANS &#8211; FESTIVAL INVITADO NUREMBERG INTERNATIONAL HUMAN RIGHTS FILM FESTIVAL The Nuremberg International Human Rights Film Festival is Germany\u2019s oldest and biggest human rights film festival. The biannual festival presents international film art with a conscience from all around the world. NIHRFF features an International Competition (worth 2.500 Euros), an Audience Award (worth 1.000 [&hellip;]<\/p>\n","protected":false},"author":2,"featured_media":0,"parent":2067,"menu_order":3,"comment_status":"closed","ping_status":"closed","template":"","meta":{"_et_pb_use_builder":"","_et_pb_old_content":"","_et_gb_content_width":"","_uf_show_specific_survey":0,"_uf_disable_surveys":false,"footnotes":""},"class_list":["post-2076","page","type-page","status-publish","hentry"],"aioseo_notices":[],"_links":{"self":[{"href":"https:\/\/fundacionporlajusticia.org\/va\/wp-json\/wp\/v2\/pages\/2076","targetHints":{"allow":["GET"]}}],"collection":[{"href":"https:\/\/fundacionporlajusticia.org\/va\/wp-json\/wp\/v2\/pages"}],"about":[{"href":"https:\/\/fundacionporlajusticia.org\/va\/wp-json\/wp\/v2\/types\/page"}],"author":[{"embeddable":true,"href":"https:\/\/fundacionporlajusticia.org\/va\/wp-json\/wp\/v2\/users\/2"}],"replies":[{"embeddable":true,"href":"https:\/\/fundacionporlajusticia.org\/va\/wp-json\/wp\/v2\/comments?post=2076"}],"version-history":[{"count":1,"href":"https:\/\/fundacionporlajusticia.org\/va\/wp-json\/wp\/v2\/pages\/2076\/revisions"}],"predecessor-version":[{"id":3460,"href":"https:\/\/fundacionporlajusticia.org\/va\/wp-json\/wp\/v2\/pages\/2076\/revisions\/3460"}],"up":[{"embeddable":true,"href":"https:\/\/fundacionporlajusticia.org\/va\/wp-json\/wp\/v2\/pages\/2067"}],"wp:attachment":[{"href":"https:\/\/fundacionporlajusticia.org\/va\/wp-json\/wp\/v2\/media?parent=2076"}],"curies":[{"name":"wp","href":"https:\/\/api.w.org\/{rel}","templated":true}]}}