{"id":2075,"date":"2019-10-02T13:43:40","date_gmt":"2019-10-02T13:43:40","guid":{"rendered":"https:\/\/fundacionporlajusticia.accesia.info\/?page_id=5590"},"modified":"2022-03-26T07:53:08","modified_gmt":"2022-03-26T07:53:08","slug":"2019-seccion-cortometrajes","status":"publish","type":"page","link":"https:\/\/fundacionporlajusticia.org\/va\/humansfest\/2019-x-edicion\/2019-seccion-cortometrajes\/","title":{"rendered":"2019 \u2013 Secci\u00f3 curtmetratges"},"content":{"rendered":"<h2><b><img loading=\"lazy\" decoding=\"async\" class=\"alignright size-medium wp-image-5128\" src=\"https:\/\/fundacionporlajusticia.org\/wp-content\/uploads\/2019\/01\/the-village-300x169.jpg\" alt=\"\" width=\"300\" height=\"169\">The Village<\/b><\/h2>\n<p><b>2018 \/ 5 mins \/ Regne Unit \/ Documental \/ Rose Palmer, Laura Balfour<\/b><\/p>\n<p>Tres refugiats descriuen les seves experi\u00e8ncies d&#039;obtenir la llibertat a The Village, un refugi segur a la pintoresca ciutat de Darmstadt, Alemanya. El poble acull els refugiats m\u00e9s traumatitzats que arriben al pa\u00eds i els ofereix suport en salut mental per superar les seves experi\u00e8ncies i fer els primers passos de les seves noves vides a Alemanya.<\/p>\n<p>&nbsp;<\/p>\n<h2><b><img loading=\"lazy\" decoding=\"async\" class=\"alignright size-medium wp-image-5129\" src=\"https:\/\/fundacionporlajusticia.org\/wp-content\/uploads\/2019\/01\/CON-O-SIN-PAPELES-300x169.jpg\" alt=\"\" width=\"300\" height=\"169\">Amb papers o sense<\/b><\/h2>\n<p><b>2018 \/ 20 mins \/ Estats Units \/ Documental \/ Aria Zapata<\/b><\/p>\n<p>L&#039;activista de drets laborals Luis Maga\u00f1a fa recorreguts diaris a trav\u00e9s dels camps agr\u00edcoles de la Vall de Sant Joaqu\u00edn generant esperan\u00e7a. A trav\u00e9s dels seus ulls i les hist\u00f2ries dels treballadors migrants, la realitat de la for\u00e7a laboral migrant surt a la llum.<\/p>\n<p>&nbsp;<\/p>\n<h2><b><img loading=\"lazy\" decoding=\"async\" class=\"alignright size-medium wp-image-5130\" src=\"https:\/\/fundacionporlajusticia.org\/wp-content\/uploads\/2019\/01\/3-gramos-de-fe-300x169.jpg\" alt=\"\" width=\"300\" height=\"169\"><\/b><b>3 grams de fe<\/b><\/h2>\n<p><b>2017 \/ 14 mins \/ Espanya \/ Ficci\u00f3 \/ Jos\u00e9 A. Campos<\/b><\/p>\n<p>A Maria, una dona jubilada, un malson li turmenta a la rutina di\u00e0ria. Entre l&#039;espasa i la paret pren una decisi\u00f3 ins\u00f2lita.<\/p>\n<p>&nbsp;<\/p>\n<h2><img loading=\"lazy\" decoding=\"async\" class=\"alignright size-medium wp-image-5131\" src=\"https:\/\/fundacionporlajusticia.org\/wp-content\/uploads\/2019\/01\/8th-continent-300x125.jpg\" alt=\"\" width=\"300\" height=\"125\"><b>8th Continent<\/b><\/h2>\n<p><b>2018 \/ 11 mins \/ Gr\u00e8cia \/ Documental \/ Yorgos Zois<\/b><\/p>\n<p>A l&#039;illa de Lesbos, un vell abocador abandonat es troba en una muntanya amb dos grans cr\u00e0ters. Els cr\u00e0ters estan desbordats per milers de armilles salvavides de les onades de refugiats. Un treballador \u00e9s l\u00fanic habitant daquest lloc estrany que sassembla a un planeta estrany o un nou continent.<\/p>\n<p>&nbsp;<\/p>\n<h2><b><img loading=\"lazy\" decoding=\"async\" class=\"alignright size-medium wp-image-5132\" src=\"https:\/\/fundacionporlajusticia.org\/wp-content\/uploads\/2019\/01\/Testimonies-of-a-Massacre_-Tula-Toli-300x200.jpg\" alt=\"\" width=\"300\" height=\"200\">Testimonies of a Massacre: Tula Toli <\/b><\/h2>\n<p><b>2017 \/ 21 mins \/ Regne Unit \/ Documental \/ Shafiur Rahman<\/b><\/p>\n<p>Filmant a les zones frontereres entre Myanmar i Bangla Desh i tamb\u00e9 als camps de refugiats de Rohingya, Shafiur Rahman es va trobar amb supervivents de la que probablement sigui la pitjor massacre de la crisi de Rakhine el 2017: Tula Toli. Aquesta pel\u00b7l\u00edcula \u00e9s el primer documental que analitza l&#039;evid\u00e8ncia crucial de la planificaci\u00f3 pr\u00e8via de la matan\u00e7a per part del govern de Myanmar.<\/p>\n<p>&nbsp;<\/p>\n<h2><b><img loading=\"lazy\" decoding=\"async\" class=\"alignright size-medium wp-image-5134\" src=\"https:\/\/fundacionporlajusticia.org\/wp-content\/uploads\/2019\/01\/WICKED-GIRL-2-300x169.jpg\" alt=\"\" width=\"300\" height=\"169\">Wicked Girls<\/b><\/h2>\n<p><b>2017 \/ 8 mins \/ Fran\u00e7a \u2013 Turquia \/ Animaci\u00f3 \/ Ayce Kartal<\/b><\/p>\n<p>S., de 8 anys, \u00e9s una petita nena turca d&#039;imaginaci\u00f3 desbordant, interessada a la natura i als animals. Mentre \u00e9s a l&#039;hospital, es posa a recordar unes vacances felices al llogaret dels seus avis. Per\u00f2 de sobte sorgeixen records foscos i aterridors que, a poc a poc, comencen a tenir sentit.<\/p>\n<p>&nbsp;<\/p>\n<h2><b><img loading=\"lazy\" decoding=\"async\" class=\"alignright size-medium wp-image-5135\" src=\"https:\/\/fundacionporlajusticia.org\/wp-content\/uploads\/2019\/01\/la-fiebre-del-oro-300x169.jpg\" alt=\"\" width=\"300\" height=\"169\">La febre de l&#039;Or<\/b><\/h2>\n<p><b>2017 \/ 25 mins \/ Espanya \/ Documental \/ Ra\u00fal de la font <\/b><\/p>\n<p>A Cap Delgado, Mo\u00e7ambic, la pobresa de la poblaci\u00f3 i la riquesa del subs\u00f2l continuen sent inconciliables, portant-se per davant la vida de centenars de miners. Sabies que la teva salut tamb\u00e9 dep\u00e8n de la feina?<\/p>\n<p>&nbsp;<\/p>\n<h2><b><img loading=\"lazy\" decoding=\"async\" class=\"alignright size-medium wp-image-5136\" src=\"https:\/\/fundacionporlajusticia.org\/wp-content\/uploads\/2019\/01\/2nd-class-300x169.png\" alt=\"\" width=\"300\" height=\"169\">2nd Class<\/b><\/h2>\n<p><b>2018 \/ 14 mins \/ Su\u00e8cia \/ Ficci\u00f3 \/ Jimmy Olsson<\/b><\/p>\n<p>Charlotte t\u00e9 un nou treball com a mestra de segon grau. Una nit \u00e9s atacada per un nazi i est\u00e0 greument ferida. Quan torna amb els estudiants, descobreix que un dels seus estudiants \u00e9s el fill d&#039;aquest nazi.<\/p>\n<p>&nbsp;<\/p>\n<p>&nbsp;<\/p>\n<h2><b><img loading=\"lazy\" decoding=\"async\" class=\"alignright size-medium wp-image-5137\" src=\"https:\/\/fundacionporlajusticia.org\/wp-content\/uploads\/2019\/01\/derechos-y-humanos-300x213.jpg\" alt=\"\" width=\"300\" height=\"213\">Drets i humans<\/b><\/h2>\n<p><b>2018 \/ 23 mins\/ Argentina \/ Documental \/ Ignacio Ibarra <\/b><\/p>\n<p>Qu\u00e8 passava amb els reporters gr\u00e0fics durant la dictadura militar argentina, iniciada el 1976? La llibertat d&#039;expressi\u00f3 brillava per la seva abs\u00e8ncia, i una de les eines que tenien els fot\u00f2grafs per eludir la censura i l&#039;autocensura dels mitjans era la \u00abfotografia ir\u00f2nica\u00bb.<\/p>\n<p>&nbsp;<\/p>\n<h2><b><img loading=\"lazy\" decoding=\"async\" class=\"alignright size-medium wp-image-5138\" src=\"https:\/\/fundacionporlajusticia.org\/wp-content\/uploads\/2019\/01\/neetu-300x168.jpg\" alt=\"\" width=\"300\" height=\"168\">Neetu <\/b><\/h2>\n<p><b>2018 \/ 6 mins \/ Documental \/ Espanya \/ Carlos Caro<\/b><\/p>\n<p>Neetu \u00e9s un exemple de com sobreposar-se davant de qualsevol obstacle de la vida.<\/p>\n<p>&nbsp;<\/p>\n<h2><b><img loading=\"lazy\" decoding=\"async\" class=\"alignright size-medium wp-image-5139\" src=\"https:\/\/fundacionporlajusticia.org\/wp-content\/uploads\/2019\/01\/3stolencameras-300x169.jpg\" alt=\"\" width=\"300\" height=\"169\">3 stolen cameres \/ 3 c\u00e0meres robades <\/b><\/h2>\n<p><b>2017 \/ 17 mins \/ Documental \/ Western Sahara \/ Ahmed Ettanji <\/b><\/p>\n<p>Els membres d&#039;equip medi\u00e0tic de Sahara Occidental lluiten per mantenir les seves c\u00e0meres. Aix\u00f2 \u00e9s una hist\u00f2ria de trencar la censura amb imatges \u00faniques d&#039;una \u00e0rea on les autoritats marroquines han aconseguit implementar un bloqueig medi\u00e0tic gaireb\u00e9 total.<\/p>","protected":false},"excerpt":{"rendered":"<p>The Village 2018 \/ 5 mins \/ Reino Unido \/ Documental \/ Rose Palmer, Laura Balfour Tres refugiados describen sus experiencias de obtener su libertad en The Village, un refugio seguro en la pintoresca ciudad de Darmstadt, Alemania. El pueblo alberga a los refugiados m\u00e1s traumatizados que llegan al pa\u00eds y les ofrece apoyo en [&hellip;]<\/p>\n","protected":false},"author":2,"featured_media":0,"parent":2067,"menu_order":2,"comment_status":"closed","ping_status":"closed","template":"","meta":{"_et_pb_use_builder":"","_et_pb_old_content":"","_et_gb_content_width":"","_uf_show_specific_survey":0,"_uf_disable_surveys":false,"footnotes":""},"class_list":["post-2075","page","type-page","status-publish","hentry"],"aioseo_notices":[],"_links":{"self":[{"href":"https:\/\/fundacionporlajusticia.org\/va\/wp-json\/wp\/v2\/pages\/2075","targetHints":{"allow":["GET"]}}],"collection":[{"href":"https:\/\/fundacionporlajusticia.org\/va\/wp-json\/wp\/v2\/pages"}],"about":[{"href":"https:\/\/fundacionporlajusticia.org\/va\/wp-json\/wp\/v2\/types\/page"}],"author":[{"embeddable":true,"href":"https:\/\/fundacionporlajusticia.org\/va\/wp-json\/wp\/v2\/users\/2"}],"replies":[{"embeddable":true,"href":"https:\/\/fundacionporlajusticia.org\/va\/wp-json\/wp\/v2\/comments?post=2075"}],"version-history":[{"count":3,"href":"https:\/\/fundacionporlajusticia.org\/va\/wp-json\/wp\/v2\/pages\/2075\/revisions"}],"predecessor-version":[{"id":3459,"href":"https:\/\/fundacionporlajusticia.org\/va\/wp-json\/wp\/v2\/pages\/2075\/revisions\/3459"}],"up":[{"embeddable":true,"href":"https:\/\/fundacionporlajusticia.org\/va\/wp-json\/wp\/v2\/pages\/2067"}],"wp:attachment":[{"href":"https:\/\/fundacionporlajusticia.org\/va\/wp-json\/wp\/v2\/media?parent=2075"}],"curies":[{"name":"wp","href":"https:\/\/api.w.org\/{rel}","templated":true}]}}