{"id":2074,"date":"2019-10-02T13:39:45","date_gmt":"2019-10-02T13:39:45","guid":{"rendered":"https:\/\/fundacionporlajusticia.accesia.info\/?page_id=5584"},"modified":"2022-03-21T20:13:22","modified_gmt":"2022-03-21T20:13:22","slug":"2019-seccion-oficial-documentales","status":"publish","type":"page","link":"https:\/\/fundacionporlajusticia.org\/va\/humansfest\/2019-x-edicion\/2019-seccion-oficial-documentales\/","title":{"rendered":"2019 \u2013 Secci\u00f3 oficial documentals"},"content":{"rendered":"<h2><b><img loading=\"lazy\" decoding=\"async\" class=\"alignright wp-image-5113 size-medium\" src=\"https:\/\/fundacionporlajusticia.org\/wp-content\/uploads\/2019\/01\/El-pacto-de-Adriana-imagen-1-300x169.jpg\" alt=\"\" width=\"300\" height=\"169\" \/>EL PACTE D&#039;ADRIANA<\/b><\/h2>\n<p><b>2017 \/ 96 mins \/ Documental \/ Xile \/ Lissette Orozco<\/b><\/p>\n<p>Relata la visi\u00f3 de la realitzadora sobre la seva \u00e0via, Adriana Rivas, ex secret\u00e0ria personal de Manuel Contreras i membre de la DINA, per la qual cosa \u00e9s acusada judicialment de tortures, segrestos i assassinats.<\/p>\n<h2><b><img loading=\"lazy\" decoding=\"async\" class=\"alignright wp-image-5116 size-medium\" src=\"https:\/\/fundacionporlajusticia.org\/wp-content\/uploads\/2019\/01\/GoldenDawnGirls-Jenny-speak-300x159.jpg\" alt=\"\" width=\"300\" height=\"159\" \/>GOLDEN DOWN GIRLS \/ LES NOIES DE L&#039;ALUNER DAURAT <\/b><\/h2>\n<p><b>2017 \/ 95 mins \/ Documental \/ Noruega \/ H\u00e5vard Bustnes \/ <\/b><\/p>\n<p>\u00abQu\u00e8 ha passat amb Gr\u00e8cia?\u00bb \u00e9s el que es demana el director H\u00e5vard Bustnes al principi del documental. Recentment, la seva imatge de pa\u00eds assolellat i gent amable s&#039;han vist eclipsades per les ideologies pol\u00edtiques que s&#039;acosten al nazisme. Amb molts membres del moviment de dretes Golden Dawn ja entre reixes, una filla, una dona i una mare segueixen propagant el seu missatge, i s\u00f3n prou llestes per no cometre errors. Solen parar les entrevistes per comprovar que tot va quedar com elles volien, per\u00f2 aquest cop Bustnes deixa la c\u00e0mera encesa.<\/p>\n<h2><b> <img loading=\"lazy\" decoding=\"async\" class=\"alignright wp-image-5117 size-medium\" src=\"https:\/\/fundacionporlajusticia.org\/wp-content\/uploads\/2019\/01\/Hamada1_670-300x158.jpg\" alt=\"\" width=\"300\" height=\"158\" \/>FAMADA<\/b><\/h2>\n<p><b>2018 \/ 89 mins \/ Documental \/ Su\u00e8cia \/ Eloy Dom\u00ednguez Ser\u00e9n <\/b><\/p>\n<p>Enmig d&#039;aquest desert del no-res que \u00e9s el S\u00e0hara es crien les generacions a les quals el Marroc va negar el pa\u00eds el 1975. El temps present passa matant les hores per\u00f2 ets jove i hi ha amics, hi ha riure necessari, hi ha idees rebels i hi ha somnis inconformistes dites molt alt i clar. Lluny d&#039;humiliar el cap, arreglen cotxes que puguin c\u00f3rrer, encara que no vagin m\u00e9s enll\u00e0 dels filats i murs que els volen retinguts i invisibles. I fins i tot protegits si no molesten.<\/p>\n<h2><b><img loading=\"lazy\" decoding=\"async\" class=\"alignright size-medium wp-image-5118\" src=\"https:\/\/fundacionporlajusticia.org\/wp-content\/uploads\/2019\/01\/making-sense1-300x223.png\" alt=\"\" width=\"300\" height=\"223\" \/>M\u00c0KING SENS TOGETHER<\/b><\/h2>\n<p><b>2018 \/ 68 mins \/ Documental \/ Su\u00e8cia \/ Ellen Ugelstad<\/b><\/p>\n<p><b>ESTRENA ESPANYA <\/b><\/p>\n<p>A trav\u00e9s de cinc testimonis propers i personals, la pel\u00b7l\u00edcula destaca les estructures de poder al servei de salut que compten els usuaris, familiars i empleats. Qu\u00e8 fa el sentiment d&#039;impot\u00e8ncia en la salut mental i en el propi sentiment de si mateix? Com es pot viure amb la sensaci\u00f3 d&#039;impot\u00e8ncia durant un per\u00edode de temps m\u00e9s llarg? Com afecta les persones que exerceixen el poder?<\/p>\n<h2><b><img loading=\"lazy\" decoding=\"async\" class=\"alignright size-medium wp-image-5119\" src=\"https:\/\/fundacionporlajusticia.org\/wp-content\/uploads\/2019\/01\/ni-de-ad\u00e1n-ni-de-eva1-300x169.jpg\" alt=\"\" width=\"300\" height=\"169\" \/>NI ADAN NI EVA: UNA HIST\u00d2RIA INTERSEX<\/b><\/h2>\n<p><b>2018 \/ 58 mins \/ Documental \/ Fran\u00e7a \/ Floriane Devigne<\/b><\/p>\n<p><b>ESTRENA ESPANYA <\/b><\/p>\n<p>Com es pot viure amb un g\u00e8nere que va ser decidit amb cirurgia des del teu naixement per poder encaixar? M vol ser independent i comen\u00e7a a escriure&#039;s amb Deborah, tamb\u00e9 intersexual. A trav\u00e9s d\u00b4aquestes cartes i trobades, podem compartir les seves experi\u00e8ncies.<\/p>\n<h2><b><img loading=\"lazy\" decoding=\"async\" class=\"alignright size-medium wp-image-5120\" src=\"https:\/\/fundacionporlajusticia.org\/wp-content\/uploads\/2019\/01\/rage_lists-300x169.jpg\" alt=\"\" width=\"300\" height=\"169\" \/>RAGE LISTS <\/b><\/h2>\n<p><b>2017 \/ 110 mins \/ Documental \/ Israel \/ Yaron Ben-Haim<\/b><\/p>\n<p><b>ESTRENA ESPANYA<\/b><\/p>\n<p>El diari de protesta de Yaron Ben-Haim \u00e9s una odissea de dues parts i set anys de durada. Des de la protesta social de l&#039;estiu del 2011 fins a la manifestaci\u00f3 setmanal contra la barrera de separaci\u00f3 a Ni&#039;lin. La pel\u00b7l\u00edcula rastreja els canvis a la societat israeliana, juntament amb els costos personals de l&#039;activisme social en general, i particularment al llogaret palest\u00ed.<\/p>\n<h2><img loading=\"lazy\" decoding=\"async\" class=\"size-medium wp-image-5121 alignright\" src=\"https:\/\/fundacionporlajusticia.org\/wp-content\/uploads\/2019\/01\/strike-a-rock-300x169.jpg\" alt=\"\" width=\"300\" height=\"169\" \/><b>STRIKE A ROCK <\/b><\/h2>\n<p><b>2017 \/ 84 mins \/ Documental \/ Sud-\u00e0frica \/ Aliki Saragas <\/b><\/p>\n<p>Despr\u00e9s d&#039;una massacre que sacseja els fonaments de la seva comunitat minera afectada per la pobresa, Marikana, dues \u00e0vies s&#039;aixequen de casa seva i lideren la seva comunitat en una lluita hist\u00f2rica contra probabilitats aparentment insuperables de just\u00edcia i dignitat. En una hist\u00f2ria \u00edntima on el que \u00e9s personal es converteix en pol\u00edtic a trav\u00e9s de la lluita a terra fins als corredors del poder, com enfrontaran aquestes dones als enemics de Goliat i faran que les seves veus siguin escoltades?<\/p>\n<h2><b><img loading=\"lazy\" decoding=\"async\" class=\"alignright size-medium wp-image-5122\" src=\"https:\/\/fundacionporlajusticia.org\/wp-content\/uploads\/2019\/01\/recy-taylor-300x182.png\" alt=\"\" width=\"300\" height=\"182\" \/>THE RAPE OF RECY TAYLOR <\/b><\/h2>\n<p><b>2017 \/ 91 mins \/ Documental \/ Sud-\u00e0frica \/ Nancy Buirski \u00a0<\/b><\/p>\n<p>La senyora Recy Taylor va ser violada per colles per sis nens blancs el 1944 Alabama. Ininterrompuda, va parlar i va lluitar per la just\u00edcia amb l?ajuda de Rosa Parks i legions de dones.<\/p>\n<h2><img loading=\"lazy\" decoding=\"async\" class=\"alignright size-medium wp-image-5123\" src=\"https:\/\/fundacionporlajusticia.org\/wp-content\/uploads\/2019\/01\/police-killing-300x169.jpg\" alt=\"\" width=\"300\" height=\"169\" \/><b>POLICE KILLING <\/b><\/h2>\n<p><b>2018 \/ 105 mins \/ Documental \/ Brasil \/ Natasha Neri<\/b><b>, Lula Carvalho<\/b><\/p>\n<p><b>ESTRENA ESPANYA<\/b><\/p>\n<p>Documental sobre homicidis practicats per la policia contra civils, a Rio de Janeiro, en situacions inicialment classificades com a leg\u00edtima defensa. El mort \u00e9s acusat de ser traficant i haver intercanviat trets amb la policia per\u00f2 la versi\u00f3 policial \u00e9s posada en dubte pel sorgiment de v\u00eddeos i per la lluita de les mares que intenten provar la innoc\u00e8ncia dels seus fills.<\/p>\n<h2><b>SALUT SENSE PAPERS<\/b><\/h2>\n<p><b> 2018 \/ 84 mins \/Documental \/ EUA \/ Juan Freitez<\/b><\/p>\n<p><b>ESTRENA EUROPA<\/b><\/p>\n<p>Provocats per una manifestaci\u00f3 neonazi, un grup d&#039;activistes divers organitzen la comunitat per construir una cl\u00ednica gratu\u00efta dedicada a l&#039;atenci\u00f3 d&#039;immigrants indocumentats, trencant aix\u00ed el cicle d&#039;opressi\u00f3 perpetrat per les disparitats en el sistema d&#039;atenci\u00f3 m\u00e8dica nord-americana.<\/p>","protected":false},"excerpt":{"rendered":"<p>EL PACTO DE ADRIANA 2017 \/ 96 mins \/ Documental \/ Chile \/ Lissette Orozco Relata la visi\u00f3n de la realizadora sobre su abuela, Adriana Rivas, ex secretaria personal de Manuel Contreras y miembro de la DINA, por lo que es acusada judicialmente de torturas, secuestros y asesinatos. GOLDEN DOWN GIRLS \/ LAS CHICAS DEL [&hellip;]<\/p>\n","protected":false},"author":2,"featured_media":0,"parent":2067,"menu_order":1,"comment_status":"closed","ping_status":"closed","template":"","meta":{"_et_pb_use_builder":"","_et_pb_old_content":"","_et_gb_content_width":"","_uf_show_specific_survey":0,"_uf_disable_surveys":false,"footnotes":""},"class_list":["post-2074","page","type-page","status-publish","hentry"],"aioseo_notices":[],"_links":{"self":[{"href":"https:\/\/fundacionporlajusticia.org\/va\/wp-json\/wp\/v2\/pages\/2074","targetHints":{"allow":["GET"]}}],"collection":[{"href":"https:\/\/fundacionporlajusticia.org\/va\/wp-json\/wp\/v2\/pages"}],"about":[{"href":"https:\/\/fundacionporlajusticia.org\/va\/wp-json\/wp\/v2\/types\/page"}],"author":[{"embeddable":true,"href":"https:\/\/fundacionporlajusticia.org\/va\/wp-json\/wp\/v2\/users\/2"}],"replies":[{"embeddable":true,"href":"https:\/\/fundacionporlajusticia.org\/va\/wp-json\/wp\/v2\/comments?post=2074"}],"version-history":[{"count":5,"href":"https:\/\/fundacionporlajusticia.org\/va\/wp-json\/wp\/v2\/pages\/2074\/revisions"}],"predecessor-version":[{"id":3576,"href":"https:\/\/fundacionporlajusticia.org\/va\/wp-json\/wp\/v2\/pages\/2074\/revisions\/3576"}],"up":[{"embeddable":true,"href":"https:\/\/fundacionporlajusticia.org\/va\/wp-json\/wp\/v2\/pages\/2067"}],"wp:attachment":[{"href":"https:\/\/fundacionporlajusticia.org\/va\/wp-json\/wp\/v2\/media?parent=2074"}],"curies":[{"name":"wp","href":"https:\/\/api.w.org\/{rel}","templated":true}]}}