{"id":2068,"date":"2019-10-10T10:28:17","date_gmt":"2019-10-10T10:28:17","guid":{"rendered":"https:\/\/fundacionporlajusticia.accesia.info\/?page_id=5776"},"modified":"2022-03-21T16:19:05","modified_gmt":"2022-03-21T16:19:05","slug":"2019-jurado","status":"publish","type":"page","link":"https:\/\/fundacionporlajusticia.org\/va\/humansfest\/2019-x-edicion\/2019-jurado\/","title":{"rendered":"2019 \u2013 Jurat"},"content":{"rendered":"<table>\n<tbody>\n<tr>\n<td>\n<h2>Jurat Secci\u00f3 Oficial Llargmetratge Documental<\/h2>\n<\/td>\n<\/tr>\n<tr>\n<td>\n<h3><a href=\"https:\/\/fundacionporlajusticia.org\/wp-content\/uploads\/2019\/01\/image029.jpg\"><img loading=\"lazy\" decoding=\"async\" class=\"alignright size-full wp-image-5067\" src=\"https:\/\/fundacionporlajusticia.org\/wp-content\/uploads\/2019\/01\/image029.jpg\" alt=\"\" width=\"239\" height=\"239\"><\/a>Presidenta \u2013 Silvia Munt<\/h3>\n<p>Nascuda a Barcelona, el 24 de mar\u00e7 del 1957, Silvia Munt Quevedo va consagrar la seva inf\u00e0ncia al ball, disciplina art\u00edstica en qu\u00e8 es va iniciar als cinc anys. La seva vida va canviar quan Juanjo Puigcorb\u00e9 la va contractar, amb 19 anys, per interpretar el follet Puck, en un muntatge de \u201cEl somni d&#039;una nit d&#039;estiu\u201d, de William Shakespeare. Va descobrir que all\u00f2 que realment li agradava era l&#039;actuaci\u00f3. Va debutar tamb\u00e9 al cinema amb Puigcorb\u00e9 a La org\u00eda, de Francesc Bellmunt.<\/p>\n<p>Es va fer popular amb la interpretaci\u00f3 de la Colometa a La pla\u00e7a del diamant, una dona que intentava tirar endavant en els anys de la Guerra Civil.<\/p>\n<p>Des d&#039;aquell moment hi compten prestigiosos realitzadors, com Jos\u00e9 Luis Cuerda(Pares i nones), Pedro Olea (Akelarre), Fernando Trueba (Sal grossa), Ventura Pons (El perqu\u00e8 de les coses). Dos papers de mare sobresurten a la seva filmografia, la de Secrets del cor, de Montxo Armend\u00e1riz, i la dona obsessionada a tenir un home, despr\u00e9s d&#039;haver donat llum a una nena, a Ales de papallona, prometedor debut de Juanma Bajo Ulloa. Per aquest darrer paper Silvia Munt va guanyar el Goya a la millor actriu, un dels tres que va rebre la pel\u00b7l\u00edcula.<\/p>\n<p>A m\u00e9s, \u00e9s una directora prol\u00edfica. La seva commovedora obra Lalia \u2013sobre una nena sahrau\u00ed\u2013, va guanyar el Goya al millor curt. Tot seguit ha rodat diversos telefilms per a la televisi\u00f3 auton\u00f2mica catalana i la cinta Pretextos, on tamb\u00e9 encarnava la protagonista, una directora teatral en crisi matrimonial. Interpretava el marit l&#039;actor Ram\u00f3n Madaula, que tamb\u00e9 \u00e9s la seva parella a la vida real.<\/td>\n<\/tr>\n<tr>\n<td>\n<h3><a href=\"https:\/\/fundacionporlajusticia.org\/wp-content\/uploads\/2019\/01\/nuria.png\"><img loading=\"lazy\" decoding=\"async\" class=\"alignright size-medium wp-image-5257\" src=\"https:\/\/fundacionporlajusticia.org\/wp-content\/uploads\/2019\/01\/nuria-300x297.png\" alt=\"Nuria Castellote\" width=\"300\" height=\"297\"><\/a>Nuria Castellote<\/h3>\n<p>Nuria Castellote \u00e9s t\u00e8cnica de programaci\u00f3 de la Filmoteca de Val\u00e8ncia i professora de cursos monogr\u00e0fics sobre hist\u00f2ria del cinema a la Universitat Polit\u00e8cnica de Val\u00e8ncia. Llicenciada en Comunicaci\u00f3 Audiovisual per la Universitat de Val\u00e8ncia, realitza part dels seus estudis a la Universitat Paris VIII-Sorbonne Nouvelle de Par\u00eds i un M\u00e0ster en Subtitulaci\u00f3 i Doblatge a la Universitat de Sevilla. Ha estat membre de l&#039;equip t\u00e8cnic del seminari El cinema europeu del segle XXI el 2004, i de les I Jornades Internacionals sobre l&#039;Audiovisual Contemporani el 2007. \u00c9s una de les autores del Diccionari del Cinema Iberoameric\u00e0 (Espanya, Portugal i Am\u00e8rica) (Madrid, 2009).<\/td>\n<\/tr>\n<tr>\n<td>\n<h3>Andrea Kuhn<\/h3>\n<p>Andrea Kuhn (*1971) started her career as academic and researcher in Theater and Media Studies department and the American Studies department in FAU and is alumna of DFG research training group \u201cCultural Hermeneutics: Reflections on Difference and Transdifference\u201d University.<\/p>\n<p>El 2007 s&#039;ha acceptat el call per tal de fer full-time director del Nuremberg International Human Rights Film Festival where she has worked since. Kuhn serv\u00eds a les chairs de les humanes rights Film Network en 2008 and 2009, an international association currently consisting of 42 human rights film festivals from around the world. \u00c9s associat membre d&#039;ANHAR: Network per a Arab Human Rights Films and serves on the board of Dox Box eV, association que emerge out of the DOX BOX International Film Festival in Syria and ha transformat in no-traditional support organization focusing en el strengthening i empowerment documentars filmmakers en l&#039;Arab World while promoting values i principis de just\u00edcia, dignity, and human rights. Aquesta \u00e9s actualment el lligam de la Associaci\u00f3 de Bavarians Film Festivals, al membre de l&#039;European Film Academy ia l&#039;embarcaci\u00f3 i el director de la secci\u00f3 \u201cFestivalarbeit\u201d at ver.di. freelancers and employees at film festivals.<\/p>\n<p>Andrea Kuhn \u00e9s tamb\u00e9 a la taula de Stiftung medico international, aid and human right organization which focuses on health as human right and won the Nobel Peace Prize in 1999 for their International Campaign to Ban Landmines.<\/td>\n<\/tr>\n<tr>\n<td>\n<h3><a href=\"https:\/\/fundacionporlajusticia.org\/wp-content\/uploads\/2019\/01\/FB_IMG_1457559983763-1.jpg\"><img loading=\"lazy\" decoding=\"async\" class=\"alignright size-medium wp-image-5255\" src=\"https:\/\/fundacionporlajusticia.org\/wp-content\/uploads\/2019\/01\/FB_IMG_1457559983763-1-300x200.jpg\" alt=\"\" width=\"300\" height=\"200\"><\/a>Mariam Barouni<\/h3>\n<p>Mariam Barouni Barouni, responsable de relacions institucionals i portaveu del Centre cultural Isl\u00e0mic de Val\u00e8ncia, treballadora social a CEAR (Comissi\u00f3 Espanyola d&#039;ajuda al refugiat), activista pels drets humans, contra els delictes d&#039;odi i la islamof\u00f2bia.<\/p>\n<p>No s\u00e9 si aix\u00f2 \u00e9s suficient o necessites m\u00e9s detalls.<\/td>\n<\/tr>\n<tr>\n<td>\n<h3>Carlos Gars\u00e1n<\/h3>\n<p>Carlos Gars\u00e1n (Torrent, 1990). Redactor en cap del diari culturplaza, el germ\u00e0 cultureta del diari Valencia Plaza. Abans va batallar a la redacci\u00f3 de Las Provincias com a periodista d&#039;informaci\u00f3 local i web. Graduat en Periodisme per la Universitat de Val\u00e8ncia, va fer els seus primers passos en la comunicaci\u00f3 a Context i el gabinet de premsa de la Cin\u00e9math\u00e8que royale de Belgique.<\/td>\n<\/tr>\n<tr>\n<td>\n<h2>Jurat Oficial Secci\u00f3 Curtmetratges<\/h2>\n<\/td>\n<\/tr>\n<tr>\n<td>\n<h3>Adriana Cabezas<\/h3>\n<p>&nbsp;<\/td>\n<\/tr>\n<tr>\n<td>\n<h3><a href=\"https:\/\/fundacionporlajusticia.org\/wp-content\/uploads\/2019\/01\/MAR-ORTEGA.jpg\"><img loading=\"lazy\" decoding=\"async\" class=\"alignright size-medium wp-image-5256\" src=\"https:\/\/fundacionporlajusticia.org\/wp-content\/uploads\/2019\/01\/MAR-ORTEGA-298x300.jpg\" alt=\"\" width=\"298\" height=\"300\"><\/a>Mar Ortega<\/h3>\n<p>Gallega i activista. Es va implicar als 90 en la lluita pels drets de les persones VIH, posteriorment amb el col\u00b7lectiu LGTBI+ tant a nivell local com estatal i actualment lluita per la defensa dels drets de les dones i les nenes.<\/p>\n<p>Ha estat coordinadora general de lambda, i actualment compagina el seu treball com a educadora a \u00c0mbit, amb el de t\u00e8cnica d&#039;igualtat, realitzant serveis de consultoria i formaci\u00f3 en mat\u00e8ria d&#039;igualtat de g\u00e8nere en l&#039;\u00e0mbit de la cultura, les ONG i l&#039;administraci\u00f3 .<\/p>\n<p>La seva \u00e0mplia i diversa formaci\u00f3 deixa veure com \u00e9s ella, inquieta i tena\u00e7, sempre amb ganes de saber una mica m\u00e9s i gaudint, a cada moment, dels projectes en qu\u00e8 s&#039;implica<\/td>\n<\/tr>\n<tr>\n<td>\n<h3><a href=\"https:\/\/fundacionporlajusticia.org\/wp-content\/uploads\/2019\/01\/pauromero.jpg\"><img loading=\"lazy\" decoding=\"async\" class=\"alignright size-medium wp-image-5258\" src=\"https:\/\/fundacionporlajusticia.org\/wp-content\/uploads\/2019\/01\/pauromero-300x300.jpg\" alt=\"\" width=\"300\" height=\"300\"><\/a>Pau Romero<\/h3>\n<p>Pau Romero, Professor de Cicles Formatius de la fam\u00edlia d&#039;Imatge i So al Centre de Formaci\u00f3 Juan Comenius. President de l&#039;Associaci\u00f3 Cultural Juan Comenius i coordinador del Festival de Curtmetratges CORTOCOMENIUS, amb 12 edicions, entre les quals tamb\u00e9 ha exercit de jurat a la VI edici\u00f3. Co-director dels documentals \u00abCuba amb nosaltres\u00bb 2006 juntament amb Marisa Herr\u00e1iz, \u00abEloy una vida revolucionaria\u00bb 2009 i \u00abEssencia de revoluci\u00f3\u00bb 2010, juntament amb David Rodr\u00edguez. Durant els 16 anys de doc\u00e8ncia ha exercit de Coordinador de Projectes Audiovisuals paral\u00b7lels a la formaci\u00f3 reglada amb col\u00b7laboracions amb ONG com a \u00abM\u00fasics per la Salut\u00bb. T\u00e8cnic de so directe en diversos curtmetratges i locutor de r\u00e0dio durant 10 anys al programa Cuba va a radioklara, programa vinculat a l&#039;Associaci\u00f3 d&#039;Amistat amb Cuba Jos\u00e9 Mart\u00ed de Val\u00e8ncia.<\/td>\n<\/tr>\n<tr>\n<td>\n<h2>Jurat EDAV<\/h2>\n<\/td>\n<\/tr>\n<tr>\n<td>\n<h3>Almudena Verdes<\/h3>\n<p>DEA a Comunicaci\u00f3 i llicenciada en Ci\u00e8ncies de la Informaci\u00f3 per la Universitat Cardenal Herrera CEU. M\u00e0ster en Cinematografia per la London Film School on es gradua l&#039;any 2001.<\/p>\n<p>A Val\u00e8ncia treballa a prop de 100 projectes cinematogr\u00e0fics de llargmetratge, Video clips, documentals, s\u00e8ries de ficci\u00f3, publicitats i pel\u00b7l\u00edcules per a televisi\u00f3.<\/p>\n<p>L&#039;any 2005 crea l&#039;empresa productora Kaplan&amp;Kaplan amb qu\u00e8 dirigeix i escriu el curtmetratges i documentals. Destaquem TRACTE i el documental AMPARIT PORT I ELS FORATS DE GUS\u00c0.<\/p>\n<p>L&#039;any 2011 funda Silence Comunicaci\u00f3n majorit\u00e0riament destinada a treballs publicitaris i de creaci\u00f3 visual. Actualment treballa com a directora i guionista. A m\u00e9s, desenvolupa la seva activitat investigadora i docent a la Universitat Oberta de Catalunya.<\/td>\n<\/tr>\n<tr>\n<td>\n<h3>Pau Mart\u00ednez<\/h3>\n<p>Director, realitzador i guionista.<\/p>\n<p>Ha signat tota mena de treballs audiovisuals, com a realitzador, director o guionista: curts, llargs, documentals, tv-movies o videoclips.<\/p>\n<p>Com a guionista ha participat en l&#039;escriptura i el desenvolupament de curtmetratges, llargmetratges per a cinema, documentals o s\u00e8ries de TV.<\/p>\n<p>Ha desenvolupat la major part de la seva carrera com a director, on destaquen els films <strong>Bala perduda<\/strong> (2003) o <strong>El Kaser\u00f3n<\/strong> (2008), pel\u00b7l\u00edcules amb qu\u00e8 va obtenir el premi al millor director a la Mostra de Val\u00e8ncia en les seves edicions de 2003 i 2008, aix\u00ed com la tvmovie <strong>Omar Mart\u00ednez<\/strong> (2006), que va obtenir una desena de premis a diferents festivals.<\/p>\n<p>Ha treballat com a realitzador en diversos programes de televisi\u00f3 com <strong>Aquesta \u00e9s la meva hist\u00f2ria<\/strong>, per a TVE i <strong>Campus Universitari<\/strong>, <strong>Territoris de la ficci\u00f3<\/strong> o <strong>Hist\u00f2ries del cinema<\/strong>, per a RTVV.<\/p>\n<p>Ha dirigit programes com <strong>Gormandia<\/strong> o <strong>Tip&amp;Cia<\/strong>, per a RTVV.<\/p>\n<p>Ha participat al gui\u00f3 i la direcci\u00f3 de documentals com <strong>Polar: Home<\/strong> o <strong>L&#039;embaixador Vich<\/strong>.<\/p>\n<p>Va dirigir diversos cap\u00edtols de la sitcom <strong>Singles<\/strong>, per a RTVV i va codirigir la segona temporada de la s\u00e8rie <strong>Uni\u00f3 musical Da Capo<\/strong> per a RTVV.<\/p>\n<p>Des del 2010 fins al final del 2013 va formar part de l&#039;equip de directors de la s\u00e8rie <strong>L&#039;alqueria blanca<\/strong>, per a RTVV.<\/p>\n<p>Va dirigir el llargmetratge <strong>Reset<\/strong> (2013), que es va estrenar el 2014 i que va suposar la culminaci\u00f3 del taller de cinema Vivir rodando. El film es va estrenar en l\u00ednia el 2014 al festival de cinema Atl\u00e0ntida, obtenint el premi del p\u00fablic, organitzat per la plataforma Filmen, on encara es pot veure. S&#039;ha pogut veure tamb\u00e9 a FantBilbao i Cine Joven.<\/p>\n<p>Durant el gener del 2014 i el gener del 2017 va ser president de l&#039;associaci\u00f3 de guionistes valencians, <strong>EDAV<\/strong>.<\/p>\n<p>El seu darrer treball cinematogr\u00e0fic com a guionista i director ha estat el llargmetratge <strong>Innocent<\/strong> (2016), premi al millor actor protagonista per a Jaime Linares al Festival de cinema d&#039;Alacant 2017 i premi al millor actor de repartiment per a \u00c1lvaro Baguena als Premis de l&#039;Audiovisual Valenci\u00e0 2018.<\/p>\n<p>Durant el 2017 i principis del 2018 ha dirigit la s\u00e8rie documental <strong>Ciutats desaparegudes<\/strong> i ha guionitzat i dirigit dos cap\u00edtols de la s\u00e8rie documental <strong>Civil 80<\/strong>, ambdues produ\u00efdes per The fly Hunter per a la TV valenciana \u00c0punt media.<\/p>\n<p>El 2018 ha dirigit la primera temporada de la primera s\u00e8rie de ficci\u00f3 d&#039;\u00c0punt media: <strong>La Vall<\/strong>, produ\u00efda per Mediterrani Mitjana.<\/p>\n<p>Actualment est\u00e0 dirigint la segona temporada de la s\u00e8rie documental <strong>Ciutats desaparegudes<\/strong>, produ\u00efda per The Fly Hunter per a \u00c0 punt M\u00e8dia.<\/td>\n<\/tr>\n<tr>\n<td>\n<h3>Joana Ortueta<\/h3>\n<p>Joana Ortueta \u00e9s llicenciada en Comunicaci\u00f3 Audiovisual, amb m\u00e0ster de gui\u00f3 cinematogr\u00e0fic i de TV. Productora accidental amb Nakamura Films, adora el seu ofici de guionista. Es mou com a peix a l&#039;aigua en s\u00e8ries televisives (Servir i Protegir, Bon dia, bonica, L&#039;Alqueria blanca\u2026) encara que tamb\u00e9 ha fet les seves incursions al documental amb Les dues ribes i El home que va embotellar el sol\u00bb, la segona part del qual s?est\u00e0 cuinant actualment.<\/td>\n<\/tr>\n<\/tbody>\n<\/table>\n<p>&nbsp;<\/p>","protected":false},"excerpt":{"rendered":"<p>Jurado Secci\u00f3n Oficial Largometraje Documental Presidenta \u2013 Silvia Munt Nacida en Barcelona, el 24 de marzo de 1957, Silvia Munt Quevedo consagr\u00f3 su infancia al baile, disciplina art\u00edstica en la que se inici\u00f3 a los cinco a\u00f1os. Su vida cambi\u00f3 cuando Juanjo Puigcorb\u00e9 la contrat\u00f3, con 19 a\u00f1os, para interpretar al duende Puck, en un [&hellip;]<\/p>\n","protected":false},"author":2,"featured_media":0,"parent":2067,"menu_order":0,"comment_status":"closed","ping_status":"closed","template":"","meta":{"_et_pb_use_builder":"","_et_pb_old_content":"","_et_gb_content_width":"","_uf_show_specific_survey":0,"_uf_disable_surveys":false,"footnotes":""},"class_list":["post-2068","page","type-page","status-publish","hentry"],"aioseo_notices":[],"_links":{"self":[{"href":"https:\/\/fundacionporlajusticia.org\/va\/wp-json\/wp\/v2\/pages\/2068","targetHints":{"allow":["GET"]}}],"collection":[{"href":"https:\/\/fundacionporlajusticia.org\/va\/wp-json\/wp\/v2\/pages"}],"about":[{"href":"https:\/\/fundacionporlajusticia.org\/va\/wp-json\/wp\/v2\/types\/page"}],"author":[{"embeddable":true,"href":"https:\/\/fundacionporlajusticia.org\/va\/wp-json\/wp\/v2\/users\/2"}],"replies":[{"embeddable":true,"href":"https:\/\/fundacionporlajusticia.org\/va\/wp-json\/wp\/v2\/comments?post=2068"}],"version-history":[{"count":2,"href":"https:\/\/fundacionporlajusticia.org\/va\/wp-json\/wp\/v2\/pages\/2068\/revisions"}],"predecessor-version":[{"id":3457,"href":"https:\/\/fundacionporlajusticia.org\/va\/wp-json\/wp\/v2\/pages\/2068\/revisions\/3457"}],"up":[{"embeddable":true,"href":"https:\/\/fundacionporlajusticia.org\/va\/wp-json\/wp\/v2\/pages\/2067"}],"wp:attachment":[{"href":"https:\/\/fundacionporlajusticia.org\/va\/wp-json\/wp\/v2\/media?parent=2068"}],"curies":[{"name":"wp","href":"https:\/\/api.w.org\/{rel}","templated":true}]}}