{"id":2067,"date":"2019-01-30T16:13:23","date_gmt":"2019-01-30T16:13:23","guid":{"rendered":"https:\/\/fundacionporlajusticia.accesia.info\/es\/?page_id=5107"},"modified":"2022-04-04T14:17:59","modified_gmt":"2022-04-04T14:17:59","slug":"2019-x-edicion","status":"publish","type":"page","link":"https:\/\/fundacionporlajusticia.org\/va\/humansfest\/2019-x-edicion\/","title":{"rendered":"2019 \u2013 X EDICI\u00d3"},"content":{"rendered":"<p>[et_pb_section fb_built=\u00bb1&#8243; _builder_version=\u00bb4.16&#8243; _module_preset=\u00bbdefault\u00bb locked=\u00bboff\u00bb global_colors_info=\u00bb{}\u00bb][et_pb_row _builder_version=\u00bb4.16&#8243; _module_preset=\u00bbdefault\u00bb global_colors_info=\u00bb{}\u00bb][et_pb_column type=\u00bb4_4&#8243; _builder_version=\u00bb4.16&#8243; _module_preset=\u00bbdefault\u00bb global_colors_info=\u00bb{}\u00bb][et_pb_post_title meta=\u00bboff\u00bb featured_image=\u00bboff\u00bb _builder_version=\u00bb4.16&#8243; _module_preset=\u00bbdefault\u00bb border_width_bottom=\u00bb1px\u00bb border_color_bottom=\u00bb#635b54&#8243; global_colors_info=\u00bb{}\u00bb][\/et_pb_post_title][\/et_pb_column][\/et_pb_row][et_pb_row column_structure=\u00bb3_5,2_5&#8243; _builder_version=\u00bb4.16&#8243; _module_preset=\u00bbdefault\u00bb global_colors_info=\u00bb{}\u00bb][et_pb_column type=\u00bb3_5&#8243; _builder_version=\u00bb4.16&#8243; _module_preset=\u00bbdefault\u00bb global_colors_info=\u00bb{}\u00bb][et_pb_text _builder_version=\u00bb4.16&#8243; _module_preset=\u00bbdefault\u00bb link_font=\u00bb|700|||on|||#635b54|\u00bb link_text_color=\u00bb#635b54&#8243; link_font_size=\u00bb17px\u00bb link_letter_spacing=\u00bb4px\u00bb link_line_height=\u00bb2em\u00bb global_colors_info=\u00bb{}\u00bb]<a href=\"https:\/\/fundacionporlajusticia.org\/2019-x-edicion\/2019-seccion-oficial-documentales\/\">Secci\u00f3n Oficial Largometrajes<\/a><br \/>\n<a href=\"https:\/\/fundacionporlajusticia.org\/2019-x-edicion\/2019-seccion-cortometrajes\/\">Secci\u00f3n Cortometrajes<\/a><br \/>\n<a href=\"https:\/\/fundacionporlajusticia.org\/2019-x-edicion\/2019-seccion-humans\/\">Secci\u00f3n Humans<\/a>[\/et_pb_text][\/et_pb_column][et_pb_column type=\u00bb2_5&#8243; _builder_version=\u00bb4.16&#8243; _module_preset=\u00bbdefault\u00bb global_colors_info=\u00bb{}\u00bb][et_pb_image src=\u00bbhttps:\/\/fundacionporlajusticia.org\/wp-content\/uploads\/2022\/03\/X_Cartel_Humans_Fest_ricardo_cavolo.jpg\u00bb title_text=\u00bbX_Cartel_Humans_Fest_ricardo_cavolo\u00bb _builder_version=\u00bb4.16.0&#8243; _module_preset=\u00bbdefault\u00bb hover_enabled=\u00bb0&#8243; global_colors_info=\u00bb{}\u00bb sticky_enabled=\u00bb0&#8243;][\/et_pb_image][\/et_pb_column][\/et_pb_row][\/et_pb_section]<\/p>\n","protected":false},"excerpt":{"rendered":"<p>Secci\u00f3 Oficial Llargmetratges Secci\u00f3 Curtmetratges Secci\u00f3 Humans<\/p>","protected":false},"author":2,"featured_media":0,"parent":442,"menu_order":0,"comment_status":"closed","ping_status":"closed","template":"","meta":{"_et_pb_use_builder":"on","_et_pb_old_content":"<blockquote><img class=\"wp-image-4968 size-medium alignright\" src=\"https:\/\/fundacionporlajusticia.org\/wp-content\/uploads\/2019\/01\/HumansFest_conlogos-174x300.jpg\" alt=\"\" width=\"174\" height=\"300\" \/>\r\n<a href=\"https:\/\/fundacionporlajusticia.org\/2019-x-edicion\/2019-seccion-oficial-documentales\/\">Secci\u00f3n Oficial Largometrajes<\/a>\r\n<a href=\"https:\/\/fundacionporlajusticia.org\/2019-x-edicion\/2019-seccion-cortometrajes\/\">Secci\u00f3n Cortometrajes<\/a>\r\n<a href=\"https:\/\/fundacionporlajusticia.org\/es\/2019-x-edicion\/2019-seccion-humans\/\">Secci\u00f3n Humans<\/a><\/blockquote>","_et_gb_content_width":"","_uf_show_specific_survey":0,"_uf_disable_surveys":false,"footnotes":""},"class_list":["post-2067","page","type-page","status-publish","hentry"],"aioseo_notices":[],"_links":{"self":[{"href":"https:\/\/fundacionporlajusticia.org\/va\/wp-json\/wp\/v2\/pages\/2067","targetHints":{"allow":["GET"]}}],"collection":[{"href":"https:\/\/fundacionporlajusticia.org\/va\/wp-json\/wp\/v2\/pages"}],"about":[{"href":"https:\/\/fundacionporlajusticia.org\/va\/wp-json\/wp\/v2\/types\/page"}],"author":[{"embeddable":true,"href":"https:\/\/fundacionporlajusticia.org\/va\/wp-json\/wp\/v2\/users\/2"}],"replies":[{"embeddable":true,"href":"https:\/\/fundacionporlajusticia.org\/va\/wp-json\/wp\/v2\/comments?post=2067"}],"version-history":[{"count":13,"href":"https:\/\/fundacionporlajusticia.org\/va\/wp-json\/wp\/v2\/pages\/2067\/revisions"}],"predecessor-version":[{"id":4318,"href":"https:\/\/fundacionporlajusticia.org\/va\/wp-json\/wp\/v2\/pages\/2067\/revisions\/4318"}],"up":[{"embeddable":true,"href":"https:\/\/fundacionporlajusticia.org\/va\/wp-json\/wp\/v2\/pages\/442"}],"wp:attachment":[{"href":"https:\/\/fundacionporlajusticia.org\/va\/wp-json\/wp\/v2\/media?parent=2067"}],"curies":[{"name":"wp","href":"https:\/\/api.w.org\/{rel}","templated":true}]}}