{"id":2053,"date":"2019-01-23T18:20:24","date_gmt":"2019-01-23T18:20:24","guid":{"rendered":"https:\/\/fundacionporlajusticia.accesia.info\/es\/?page_id=5079"},"modified":"2022-03-26T07:57:55","modified_gmt":"2022-03-26T07:57:55","slug":"2018-seccion-oficial-largometrajes","status":"publish","type":"page","link":"https:\/\/fundacionporlajusticia.org\/va\/humansfest\/2018-iv-edicion\/2018-seccion-oficial-largometrajes\/","title":{"rendered":"2018 \u2013 SECCI\u00d3 OFICIAL LLARGMETRATGES"},"content":{"rendered":"<p><strong><img loading=\"lazy\" decoding=\"async\" class=\"size-full wp-image-5092 alignright\" src=\"https:\/\/fundacionporlajusticia.org\/wp-content\/uploads\/2019\/01\/image010.png\" alt=\"\" width=\"239\" height=\"237\" \/>ALA-KACHUU <\/strong><strong>(GRAB AND RUN)<\/strong><\/p>\n<p>Directora: Roser Corella<br \/>\nAlemanya, 2017<br \/>\n86 min<\/p>\n<p><em>M\u00e9s de la meitat de les dones del Kirguizistan estan casades amb els homes que les van segrestar. Algunes van aconseguir escapar-se despr\u00e9s de violentes escenes, per\u00f2 la majoria s\u00f3n persuadides a acceptar el matrimoni per tradici\u00f3 i por al rebuig social. Tot i que el rapte de n\u00favies est\u00e0 considerat un crim pel codi penal del Kirguizistan, la llei poques vegades s&#039;aplica per protegir les dones d&#039;aquesta violenta pr\u00e0ctica.<\/em><\/p>\n<p>&nbsp;<\/p>\n<p><strong><img loading=\"lazy\" decoding=\"async\" class=\"size-full wp-image-5093 alignright\" src=\"https:\/\/fundacionporlajusticia.org\/wp-content\/uploads\/2019\/01\/image011.png\" alt=\"\" width=\"245\" height=\"233\" \/>COMPLICIT<\/strong><\/p>\n<p>Directores: Heather White, Lynn Zhang<br \/>\nEstats Units, 2017<br \/>\n89 min<\/p>\n<p><em>Complicit. Estrenem en exclusiva el documental que destapa l&#039;explotaci\u00f3 laboral a qu\u00e8 es veuen sotmesos milers de treballadors xinesos per construir els nostres aparells electr\u00f2nics<\/em>.<\/p>\n<p>&nbsp;<\/p>\n<p>&nbsp;<\/p>\n<p><strong><img loading=\"lazy\" decoding=\"async\" class=\"size-full wp-image-5094 alignright\" src=\"https:\/\/fundacionporlajusticia.org\/wp-content\/uploads\/2019\/01\/image012.png\" alt=\"\" width=\"239\" height=\"237\" \/><\/strong><\/p>\n<p><strong>FORGOTTEN CHILDHOOD<\/strong><\/p>\n<p>Directora: Reza Farahmand<br \/>\nIran, 2017<br \/>\n73 min<\/p>\n<p><em>\u201c<\/em><em>Forgotten Childhood\u201d segueix les vides de nens refugiats de S\u00edria, l&#039;Iraq, el L\u00edban i l&#039;Afganistan de cam\u00ed a Europa lliurant-li la c\u00e0mera per filmar-se a si mateix. Tamb\u00e9 se&#039;ls ha donat la c\u00e0mera a nens europeus per filmar la seva opini\u00f3 sobre els nens refugiats. En realitat, tots els nens a &#039;Forgotten Childhood&#039; alliberen els seus sentiments, els seus somnis i els seus pensaments amb honestedat. <\/em><\/p>\n<p>&nbsp;<\/p>\n<p><strong><img loading=\"lazy\" decoding=\"async\" class=\"size-full wp-image-5095 alignright\" src=\"https:\/\/fundacionporlajusticia.org\/wp-content\/uploads\/2019\/01\/image013.png\" alt=\"\" width=\"239\" height=\"237\" \/>FREEDOM FOR THE WOLF<\/strong><\/p>\n<p>Director: Rupert Russell<br \/>\nAlemanya, 2017<br \/>\n89 min<\/p>\n<p><em>FREEDOM FOR THE WOLF \u00e9s una investigaci\u00f3 \u00e8pica sobre aquest nou r\u00e8gim. Des dels joves estudiants de Hong Kong, fins a un raper a la post-Primavera \u00c0rab de Tun\u00edsia i els comediants virals de Bollywood, descobrim com les persones de tots els racons del m\u00f3n lluiten per la mateixa causa. Estan lluitant contra els l\u00edders electes que trepitgen els drets humans, les minories i els seus oponents pol\u00edtics.\u201d.<\/em><\/p>\n<p>&nbsp;<\/p>\n<p><strong><img loading=\"lazy\" decoding=\"async\" class=\"size-full wp-image-5096 alignright\" src=\"https:\/\/fundacionporlajusticia.org\/wp-content\/uploads\/2019\/01\/image014.png\" alt=\"\" width=\"239\" height=\"237\" \/>GAS THE ARABS<\/strong><\/p>\n<p>Director: Julio P\u00e9rez del Campo<br \/>\nEspanya, 2016<br \/>\n64 min<\/p>\n<p><em>El documental \u00e9s un viatge a Gaza en qu\u00e8, a trav\u00e9s de diversos personatges, coneixem la vulneraci\u00f3 de drets humans que es viu di\u00e0riament als territoris ocupats de Cisjord\u00e0nia i la situaci\u00f3 de bloqueig i guerra en qu\u00e8 tracta de sobreviure la poblaci\u00f3 palestina a la Franja de Gaza. Un viatge a trav\u00e9s de les ciutats, la gent i tamb\u00e9, d&#039;alguna manera, de la seva hist\u00f2ria sota l&#039;ocupaci\u00f3 d&#039;Israel.<\/em><\/p>\n<p>&nbsp;<\/p>\n<p><strong><img loading=\"lazy\" decoding=\"async\" class=\"size-full wp-image-5097 alignright\" src=\"https:\/\/fundacionporlajusticia.org\/wp-content\/uploads\/2019\/01\/image015.png\" alt=\"\" width=\"241\" height=\"237\" \/>GENDERBENDE<\/strong><\/p>\n<p>Directora: Sophie Dros<br \/>\nPa\u00efsos Baixos, 2017<br \/>\n97 min<\/p>\n<p><em>Una hist\u00f2ria sobre cinc joves que no se senten ni homes ni dones, sin\u00f3 que s&#039;autoubiquen en algun lloc intermedi. Cada dia s&#039;enfronten a ser diferent per\u00f2, tot i aix\u00f2, se senten orgullosos de ser els qui s\u00f3n. Els joves en aquesta pel\u00b7l\u00edcula tenen totes les seves pr\u00f2pies batalles, per\u00f2 junts expliquen una hist\u00f2ria forta sobre l&#039;acceptaci\u00f3. La pel\u00b7l\u00edcula juga amb la curiositat, l&#039;inter\u00e8s i la incomprensi\u00f3 sobre qualsevol cosa fora de la normativa social de g\u00e8nere establerta.<\/em><\/p>\n<p>&nbsp;<\/p>\n<p><strong><img loading=\"lazy\" decoding=\"async\" class=\"size-full wp-image-5098 alignright\" src=\"https:\/\/fundacionporlajusticia.org\/wp-content\/uploads\/2019\/01\/image016.png\" alt=\"\" width=\"239\" height=\"237\" \/>JACKSON<\/strong><\/p>\n<p>Directora: Maisie Crow<br \/>\nEstats Units, 2016<br \/>\n93 min<\/p>\n<p><em>Amb l&#039;\u00fanica cl\u00ednica d&#039;avortament a l&#039;estat de Mississippi, la ciutat de Jackon s&#039;ha convertit a la zona zero a la batalla nacional sobre la salut reproductiva. Jackson \u00e9s un \u00edntim retrat de la vida de tres dones a la ciutat. Forjat amb els rerefons racials i religiosos del Deep South \u2013sud profund\u2013, la vida de dues dones es veu altament afectada pel director del centre local d&#039;embarassos pro vida i el moviment que ella representa.<\/em><\/p>\n<p>&nbsp;<\/p>\n<p><strong><br \/>\n<\/strong><strong><img loading=\"lazy\" decoding=\"async\" class=\"size-full wp-image-5099 alignright\" src=\"https:\/\/fundacionporlajusticia.org\/wp-content\/uploads\/2019\/01\/image017.png\" alt=\"\" width=\"239\" height=\"237\" \/>LESA HUMANITAT (LESA HUMANITAT)<\/strong><\/p>\n<p>Director: H\u00e9ctor Faver<br \/>\nEspanya 2017<br \/>\n98 min<\/p>\n<p><em>El documental \u00e9s una reflexi\u00f3 sobre la necessitat urgent duna actuaci\u00f3 sobre la Jurisdicci\u00f3 Universal que permeti actuar on fallen altres iniciatives. Tenim la intenci\u00f3 de donar veu a les oblidades v\u00edctimes de l&#039;Espanya franquista i ser catalitzadors per difondre diferents fets que han marcat la societat espanyola. Fets, avui dia, desconeguts per gran part de la nostra societat o que en el millor dels casos han conegut una versi\u00f3 manipulada dels fets.<\/em><\/p>\n<p>&nbsp;<\/p>\n<p><strong><img loading=\"lazy\" decoding=\"async\" class=\"size-full wp-image-5100 alignright\" src=\"https:\/\/fundacionporlajusticia.org\/wp-content\/uploads\/2019\/01\/image018.png\" alt=\"\" width=\"229\" height=\"237\" \/>EL BLAT DE MORE EN TEMPS DE GUERRA<\/strong><\/p>\n<p>Director: Alberto Cort\u00e9s<br \/>\nM\u00e8xic, 2016<br \/>\n88 min<\/p>\n<p><em>El llargmetratge il\u00b7lustra l&#039;excepcional proc\u00e9s del blat de moro. Una fam\u00edlia wix\u00e1rika (huichola) al nord de Jalisco, una altra m\u00e9s ayuujk (mixe) a Oaxaca, i dues fam\u00edlies tseltales a la selva de Chiapas ens parlen des de les seves milpes, els camins i les seves cases de la import\u00e0ncia de la sembra, dels coneixements pr\u00e0ctics que permeten l&#039;epopeia del blat de moro, els perills que l&#039;amenacen. <\/em><\/p>\n<p>&nbsp;<\/p>\n<p><strong><img loading=\"lazy\" decoding=\"async\" class=\"size-full wp-image-5101 alignright\" src=\"https:\/\/fundacionporlajusticia.org\/wp-content\/uploads\/2019\/01\/image019.png\" alt=\"\" width=\"239\" height=\"237\" \/>MR GAY SYRIA<\/strong><\/p>\n<p>Directora: Ayse Toprak<br \/>\nFran\u00e7a, Alemanya i Turquia, 2017<br \/>\n87 min<\/p>\n<p><em>Documental sobre com dos refugiats sirians viuen la crisi migrat\u00f2ria, sent gais, vivint a Turquia i esperant trobar un futur millor a Europa. Hussein \u00e9s perruquer a Istanbul, vivint una doble vida entre una fam\u00edlia conservadora i la seva identitat gai. Mahmoud \u00e9s refugiat a Berl\u00edn i fundador del moviment LGBTI siri\u00e0. El que els uneix \u00e9s un somni: participar en un concurs internacional de bellesa com una via d&#039;escapament a les seves vides atrapades i com a resposta a la seva invisibilitat.<\/em><\/p>","protected":false},"excerpt":{"rendered":"<p>ALA-KACHUU (GRAB AND RUN) Directora: Roser Corella Alemania, 2017 86 min M\u00e1s de la mitad de las mujeres de Kirguist\u00e1n est\u00e1n casadas con los hombres que las secuestraron. Algunas consiguieron escapar despu\u00e9s de violentas escenas, pero la mayor\u00eda son persuadidas a aceptar el matrimonio por tradici\u00f3n y miedo al rechazo social. A pesar que el [&hellip;]<\/p>\n","protected":false},"author":2,"featured_media":0,"parent":2051,"menu_order":1,"comment_status":"closed","ping_status":"closed","template":"","meta":{"_et_pb_use_builder":"","_et_pb_old_content":"","_et_gb_content_width":"","_uf_show_specific_survey":0,"_uf_disable_surveys":false,"footnotes":""},"class_list":["post-2053","page","type-page","status-publish","hentry"],"aioseo_notices":[],"_links":{"self":[{"href":"https:\/\/fundacionporlajusticia.org\/va\/wp-json\/wp\/v2\/pages\/2053","targetHints":{"allow":["GET"]}}],"collection":[{"href":"https:\/\/fundacionporlajusticia.org\/va\/wp-json\/wp\/v2\/pages"}],"about":[{"href":"https:\/\/fundacionporlajusticia.org\/va\/wp-json\/wp\/v2\/types\/page"}],"author":[{"embeddable":true,"href":"https:\/\/fundacionporlajusticia.org\/va\/wp-json\/wp\/v2\/users\/2"}],"replies":[{"embeddable":true,"href":"https:\/\/fundacionporlajusticia.org\/va\/wp-json\/wp\/v2\/comments?post=2053"}],"version-history":[{"count":4,"href":"https:\/\/fundacionporlajusticia.org\/va\/wp-json\/wp\/v2\/pages\/2053\/revisions"}],"predecessor-version":[{"id":3453,"href":"https:\/\/fundacionporlajusticia.org\/va\/wp-json\/wp\/v2\/pages\/2053\/revisions\/3453"}],"up":[{"embeddable":true,"href":"https:\/\/fundacionporlajusticia.org\/va\/wp-json\/wp\/v2\/pages\/2051"}],"wp:attachment":[{"href":"https:\/\/fundacionporlajusticia.org\/va\/wp-json\/wp\/v2\/media?parent=2053"}],"curies":[{"name":"wp","href":"https:\/\/api.w.org\/{rel}","templated":true}]}}