{"id":2051,"date":"2019-01-23T18:12:16","date_gmt":"2019-01-23T18:12:16","guid":{"rendered":"https:\/\/fundacionporlajusticia.accesia.info\/es\/?page_id=5059"},"modified":"2025-03-06T11:22:02","modified_gmt":"2025-03-06T11:22:02","slug":"2018-iv-edicion","status":"publish","type":"page","link":"https:\/\/fundacionporlajusticia.org\/va\/humansfest\/2018-iv-edicion\/","title":{"rendered":"2018 \u2013 IX EDICI\u00d3"},"content":{"rendered":"<p>[et_pb_section fb_built=\u00bb1&#8243; _builder_version=\u00bb4.16&#8243; _module_preset=\u00bbdefault\u00bb locked=\u00bboff\u00bb global_colors_info=\u00bb{}\u00bb][et_pb_row _builder_version=\u00bb4.16&#8243; _module_preset=\u00bbdefault\u00bb global_colors_info=\u00bb{}\u00bb][et_pb_column type=\u00bb4_4&#8243; _builder_version=\u00bb4.16&#8243; _module_preset=\u00bbdefault\u00bb global_colors_info=\u00bb{}\u00bb][et_pb_post_title meta=\u00bboff\u00bb featured_image=\u00bboff\u00bb _builder_version=\u00bb4.16&#8243; _module_preset=\u00bbdefault\u00bb border_width_bottom=\u00bb1px\u00bb border_color_bottom=\u00bb#635b54&#8243; global_colors_info=\u00bb{}\u00bb][\/et_pb_post_title][\/et_pb_column][\/et_pb_row][et_pb_row column_structure=\u00bb3_5,2_5&#8243; _builder_version=\u00bb4.16&#8243; _module_preset=\u00bbdefault\u00bb global_colors_info=\u00bb{}\u00bb][et_pb_column type=\u00bb3_5&#8243; _builder_version=\u00bb4.16&#8243; _module_preset=\u00bbdefault\u00bb global_colors_info=\u00bb{}\u00bb][et_pb_text _builder_version=\u00bb4.16&#8243; _module_preset=\u00bbdefault\u00bb link_font=\u00bb|700|||on|||#635b54|\u00bb link_text_color=\u00bb#635b54&#8243; link_font_size=\u00bb17px\u00bb link_letter_spacing=\u00bb4px\u00bb link_line_height=\u00bb2em\u00bb global_colors_info=\u00bb{}\u00bb]<a href=\"https:\/\/fundacionporlajusticia.org\/humansfest\/2018-iv-edicion\/2018-seccion-oficial-largometrajes\/\">Secci\u00f3n Oficial Largometrajes<\/a><br \/>\n<a href=\"https:\/\/fundacionporlajusticia.org\/humansfest\/2018-iv-edicion\/2018-seccion-oficial-cortometrajes\/\">Secci\u00f3n Cortometrajes<\/a><br \/>\n<a href=\"https:\/\/fundacionporlajusticia.org\/humansfest\/2018-iv-edicion\/2018-seccion-1-minuto-1-derecho\/\">Secci\u00f3n 1 minuto, 1 derecho<\/a>[\/et_pb_text][\/et_pb_column][et_pb_column type=\u00bb2_5&#8243; _builder_version=\u00bb4.16&#8243; _module_preset=\u00bbdefault\u00bb global_colors_info=\u00bb{}\u00bb][et_pb_image src=\u00bbhttps:\/\/fundacionporlajusticia.org\/wp-content\/uploads\/2019\/01\/1277_cartel-humans-.jpg\u00bb title_text=\u00bb1277_cartel-humans-\u00bb _builder_version=\u00bb4.16&#8243; _module_preset=\u00bbdefault\u00bb global_colors_info=\u00bb{}\u00bb][\/et_pb_image][\/et_pb_column][\/et_pb_row][\/et_pb_section]<\/p>\n","protected":false},"excerpt":{"rendered":"<p>Secci\u00f3 Oficial Llargmetratges Secci\u00f3 Curtmetratges Secci\u00f3 1 minut, 1 dret<\/p>","protected":false},"author":2,"featured_media":0,"parent":442,"menu_order":0,"comment_status":"closed","ping_status":"closed","template":"","meta":{"_et_pb_use_builder":"on","_et_pb_old_content":"<h1>\u00a0<\/h1><blockquote><p><img class=\"wp-image-5075 size-medium alignright\" src=\"https:\/\/fundacionporlajusticia.org\/wp-content\/uploads\/2019\/01\/1277_cartel-humans--213x300.jpg\" alt=\"\" width=\"213\" height=\"300\" \/><br \/><a href=\"https:\/\/fundacionporlajusticia.org\/es\/2018-iv-edicion\/2018-seccion-oficial-largometrajes\/\">Secci\u00f3n Oficial Largometrajes<\/a><br \/><a href=\"https:\/\/fundacionporlajusticia.org\/es\/2018-iv-edicion\/2018-seccion-oficial-cortometrajes\/\">Secci\u00f3n Cortometrajes<\/a><br \/><a href=\"https:\/\/fundacionporlajusticia.org\/es\/2018-iv-edicion\/2018-seccion-1-minuto-1-derecho\/\">Secci\u00f3n 1 minuto, 1 derecho<\/a><\/p><\/blockquote>","_et_gb_content_width":"","_uf_show_specific_survey":0,"_uf_disable_surveys":false,"footnotes":""},"class_list":["post-2051","page","type-page","status-publish","hentry"],"aioseo_notices":[],"_links":{"self":[{"href":"https:\/\/fundacionporlajusticia.org\/va\/wp-json\/wp\/v2\/pages\/2051","targetHints":{"allow":["GET"]}}],"collection":[{"href":"https:\/\/fundacionporlajusticia.org\/va\/wp-json\/wp\/v2\/pages"}],"about":[{"href":"https:\/\/fundacionporlajusticia.org\/va\/wp-json\/wp\/v2\/types\/page"}],"author":[{"embeddable":true,"href":"https:\/\/fundacionporlajusticia.org\/va\/wp-json\/wp\/v2\/users\/2"}],"replies":[{"embeddable":true,"href":"https:\/\/fundacionporlajusticia.org\/va\/wp-json\/wp\/v2\/comments?post=2051"}],"version-history":[{"count":12,"href":"https:\/\/fundacionporlajusticia.org\/va\/wp-json\/wp\/v2\/pages\/2051\/revisions"}],"predecessor-version":[{"id":12639,"href":"https:\/\/fundacionporlajusticia.org\/va\/wp-json\/wp\/v2\/pages\/2051\/revisions\/12639"}],"up":[{"embeddable":true,"href":"https:\/\/fundacionporlajusticia.org\/va\/wp-json\/wp\/v2\/pages\/442"}],"wp:attachment":[{"href":"https:\/\/fundacionporlajusticia.org\/va\/wp-json\/wp\/v2\/media?parent=2051"}],"curies":[{"name":"wp","href":"https:\/\/api.w.org\/{rel}","templated":true}]}}